{"id":11245,"date":"2020-06-18T13:41:08","date_gmt":"2020-06-18T13:41:08","guid":{"rendered":"http:\/\/ambic.co.uk\/image-gallery\/optirange\/optiflow\/optiflow-top-load\/"},"modified":"2022-12-09T10:48:16","modified_gmt":"2022-12-09T10:48:16","slug":"optiflow-top-load","status":"publish","type":"page","link":"https:\/\/ambic.co.uk\/de\/image-gallery\/optirange\/optiflow\/optiflow-top-load\/","title":{"rendered":"Image Gallery: OptiRange | OptiFlow &#8211; Top Load DE"},"content":{"rendered":"\n<style type=\"text\/css\" data-created_by=\"avia_inline_auto\" id=\"style-css-av-292ttqc-43ea873fa0a07bc6f0876f9d19561a1c\">\n.avia-section.av-292ttqc-43ea873fa0a07bc6f0876f9d19561a1c{\nbackground-color:#0067a5;\nbackground-image:unset;\n}\n<\/style>\n<div id='av_section_1'  class='avia-section av-292ttqc-43ea873fa0a07bc6f0876f9d19561a1c main_color avia-section-default avia-no-border-styling  avia-builder-el-0  el_before_av_one_full  avia-builder-el-first  avia-bg-style-scroll container_wrap sidebar_right'  ><div class='container av-section-cont-open' ><main  role=\"main\" itemprop=\"mainContentOfPage\"  class='template-page content  av-content-small alpha units'><div class='post-entry post-entry-type-page post-entry-11245'><div class='entry-content-wrapper clearfix'>\n\n<style type=\"text\/css\" data-created_by=\"avia_inline_auto\" id=\"style-css-av-kbrqdrsq-c9fc2b17a19e564f6f8273b9eac7c4c0\">\n#top .av-special-heading.av-kbrqdrsq-c9fc2b17a19e564f6f8273b9eac7c4c0{\npadding-bottom:0;\ncolor:#ffffff;\nfont-size:72px;\n}\nbody .av-special-heading.av-kbrqdrsq-c9fc2b17a19e564f6f8273b9eac7c4c0 .av-special-heading-tag .heading-char{\nfont-size:25px;\n}\n#top #wrap_all .av-special-heading.av-kbrqdrsq-c9fc2b17a19e564f6f8273b9eac7c4c0 .av-special-heading-tag{\nfont-size:72px;\n}\n.av-special-heading.av-kbrqdrsq-c9fc2b17a19e564f6f8273b9eac7c4c0 .special-heading-inner-border{\nborder-color:#ffffff;\n}\n.av-special-heading.av-kbrqdrsq-c9fc2b17a19e564f6f8273b9eac7c4c0 .av-subheading{\nfont-size:20px;\n}\n\n@media only screen and (min-width: 480px) and (max-width: 767px){ \n#top #wrap_all .av-special-heading.av-kbrqdrsq-c9fc2b17a19e564f6f8273b9eac7c4c0 .av-special-heading-tag{\nfont-size:0.8em;\n}\n}\n\n@media only screen and (max-width: 479px){ \n#top #wrap_all .av-special-heading.av-kbrqdrsq-c9fc2b17a19e564f6f8273b9eac7c4c0 .av-special-heading-tag{\nfont-size:0.8em;\n}\n}\n<\/style>\n<div  class='av-special-heading av-kbrqdrsq-c9fc2b17a19e564f6f8273b9eac7c4c0 av-special-heading-h2 custom-color-heading blockquote modern-quote  avia-builder-el-1  avia-builder-el-no-sibling  av-inherit-size'><h2 class='av-special-heading-tag '  itemprop=\"headline\"  >OptiFlow\u2122 &#8211; Anschluss oben<\/h2><div class='av_custom_color av-subheading av-subheading_below'><p>Fotogalerie<\/p>\n<\/div><div class=\"special-heading-border\"><div class=\"special-heading-inner-border\"><\/div><\/div><\/div>\n<\/div><\/div><\/main><!-- close content main element --><\/div><\/div><div id='after_section_1'  class='main_color av_default_container_wrap container_wrap sidebar_right'  ><div class='container av-section-cont-open' ><div class='template-page content  av-content-small alpha units'><div class='post-entry post-entry-type-page post-entry-11245'><div class='entry-content-wrapper clearfix'>\n\n<style type=\"text\/css\" data-created_by=\"avia_inline_auto\" id=\"style-css-av-1jjxeo4-b173de748f22a1863242b89462ee02bf\">\n.flex_column.av-1jjxeo4-b173de748f22a1863242b89462ee02bf{\nborder-radius:0px 0px 0px 0px;\npadding:0px 0px 0px 0px;\n}\n<\/style>\n<div  class='flex_column av-1jjxeo4-b173de748f22a1863242b89462ee02bf av_one_full  avia-builder-el-2  el_after_av_section  avia-builder-el-no-sibling  first flex_column_div av-zero-column-padding  '     ><p><section  class='av_textblock_section av-170t9lw-c09756af3cb2133d4002870303b1d7aa '   itemscope=\"itemscope\" itemtype=\"https:\/\/schema.org\/CreativeWork\" ><div class='avia_textblock'  itemprop=\"text\" ><p>Alle diese Bilder stehen Ihnen zur Verf\u00fcgung, als hochaufl\u00f6sende Bildnisse zu laden. Klicken Sie irgendein von den Bildern, warten Sie bis das hochaufl\u00f6sende Bildnis erschienen ist. Recht Klicken auf dem Bildnis (PC) oder Klicken und Halten (Mac), dann Laden oder Speichern ausw\u00e4hlen.<\/p>\n<\/div><\/section><br \/>\n<div  class='hr av-pj9ijo-dcb8d6cb268d048c17efe0d198b751ae hr-default  avia-builder-el-4  el_after_av_textblock  el_before_av_textblock '><span class='hr-inner '><span class=\"hr-inner-style\"><\/span><\/span><\/div><br \/>\n<section  class='av_textblock_section av-kbku1dju-bac18ca028b957f74dac7370f3309150 '   itemscope=\"itemscope\" itemtype=\"https:\/\/schema.org\/CreativeWork\" ><div class='avia_textblock'  itemprop=\"text\" >\n<\/div><\/section><\/p><\/div>\n","protected":false},"excerpt":{"rendered":"","protected":false},"author":2,"featured_media":0,"parent":11228,"menu_order":0,"comment_status":"closed","ping_status":"closed","template":"","meta":{"_acf_changed":false,"footnotes":""},"class_list":["post-11245","page","type-page","status-publish","hentry"],"acf":[],"yoast_head":"<!-- This site is optimized with the Yoast SEO plugin v27.4 - https:\/\/yoast.com\/product\/yoast-seo-wordpress\/ -->\n<title>Image Gallery: OptiRange | OptiFlow - Top Load DE | AMBIC Equipment Ltd UK<\/title>\n<meta name=\"robots\" content=\"index, follow, max-snippet:-1, max-image-preview:large, max-video-preview:-1\" \/>\n<link rel=\"canonical\" href=\"https:\/\/ambic.co.uk\/de\/image-gallery\/optirange\/optiflow\/optiflow-top-load\/\" \/>\n<meta property=\"og:locale\" content=\"de_DE\" \/>\n<meta property=\"og:type\" content=\"article\" \/>\n<meta property=\"og:title\" content=\"Image Gallery: OptiRange | OptiFlow - Top Load DE | AMBIC Equipment Ltd UK\" \/>\n<meta property=\"og:url\" content=\"https:\/\/ambic.co.uk\/de\/image-gallery\/optirange\/optiflow\/optiflow-top-load\/\" \/>\n<meta property=\"og:site_name\" content=\"AMBIC Equipment Ltd UK\" \/>\n<meta property=\"article:modified_time\" content=\"2022-12-09T10:48:16+00:00\" \/>\n<meta name=\"twitter:card\" content=\"summary_large_image\" \/>\n<meta name=\"twitter:site\" content=\"@ambicequipment\" \/>\n<meta name=\"twitter:label1\" content=\"Gesch\u00e4tzte Lesezeit\" \/>\n\t<meta name=\"twitter:data1\" content=\"1 Minute\" \/>\n<script type=\"application\/ld+json\" class=\"yoast-schema-graph\">{\"@context\":\"https:\\\/\\\/schema.org\",\"@graph\":[{\"@type\":\"WebPage\",\"@id\":\"https:\\\/\\\/ambic.co.uk\\\/de\\\/image-gallery\\\/optirange\\\/optiflow\\\/optiflow-top-load\\\/\",\"url\":\"https:\\\/\\\/ambic.co.uk\\\/de\\\/image-gallery\\\/optirange\\\/optiflow\\\/optiflow-top-load\\\/\",\"name\":\"Image Gallery: OptiRange | OptiFlow - Top Load DE | AMBIC Equipment Ltd UK\",\"isPartOf\":{\"@id\":\"https:\\\/\\\/ambic.co.uk\\\/#website\"},\"datePublished\":\"2020-06-18T13:41:08+00:00\",\"dateModified\":\"2022-12-09T10:48:16+00:00\",\"breadcrumb\":{\"@id\":\"https:\\\/\\\/ambic.co.uk\\\/de\\\/image-gallery\\\/optirange\\\/optiflow\\\/optiflow-top-load\\\/#breadcrumb\"},\"inLanguage\":\"de-DE\",\"potentialAction\":[{\"@type\":\"ReadAction\",\"target\":[\"https:\\\/\\\/ambic.co.uk\\\/de\\\/image-gallery\\\/optirange\\\/optiflow\\\/optiflow-top-load\\\/\"]}]},{\"@type\":\"BreadcrumbList\",\"@id\":\"https:\\\/\\\/ambic.co.uk\\\/de\\\/image-gallery\\\/optirange\\\/optiflow\\\/optiflow-top-load\\\/#breadcrumb\",\"itemListElement\":[{\"@type\":\"ListItem\",\"position\":1,\"name\":\"Home\",\"item\":\"https:\\\/\\\/ambic.co.uk\\\/de\\\/home\\\/\"},{\"@type\":\"ListItem\",\"position\":2,\"name\":\"Image Gallery\",\"item\":\"https:\\\/\\\/ambic.co.uk\\\/de\\\/image-gallery\\\/\"},{\"@type\":\"ListItem\",\"position\":3,\"name\":\"Image Gallery: OptiRange\",\"item\":\"https:\\\/\\\/ambic.co.uk\\\/de\\\/image-gallery\\\/optirange\\\/\"},{\"@type\":\"ListItem\",\"position\":4,\"name\":\"Image Gallery: OptiFlow DE\",\"item\":\"https:\\\/\\\/ambic.co.uk\\\/de\\\/image-gallery\\\/optirange\\\/optiflow\\\/\"},{\"@type\":\"ListItem\",\"position\":5,\"name\":\"Image Gallery: OptiRange | OptiFlow &#8211; Top Load DE\"}]},{\"@type\":\"WebSite\",\"@id\":\"https:\\\/\\\/ambic.co.uk\\\/#website\",\"url\":\"https:\\\/\\\/ambic.co.uk\\\/\",\"name\":\"AMBIC Equipment Ltd UK\",\"description\":\"AMBIC Equipment Ltd UK\",\"publisher\":{\"@id\":\"https:\\\/\\\/ambic.co.uk\\\/#organization\"},\"potentialAction\":[{\"@type\":\"SearchAction\",\"target\":{\"@type\":\"EntryPoint\",\"urlTemplate\":\"https:\\\/\\\/ambic.co.uk\\\/?s={search_term_string}\"},\"query-input\":{\"@type\":\"PropertyValueSpecification\",\"valueRequired\":true,\"valueName\":\"search_term_string\"}}],\"inLanguage\":\"de-DE\"},{\"@type\":\"Organization\",\"@id\":\"https:\\\/\\\/ambic.co.uk\\\/#organization\",\"name\":\"Ambic Equipment\",\"url\":\"https:\\\/\\\/ambic.co.uk\\\/\",\"logo\":{\"@type\":\"ImageObject\",\"inLanguage\":\"de-DE\",\"@id\":\"https:\\\/\\\/ambic.co.uk\\\/#\\\/schema\\\/logo\\\/image\\\/\",\"url\":\"https:\\\/\\\/ambic.co.uk\\\/wp-content\\\/uploads\\\/2016\\\/07\\\/ambic-logo-blue.png\",\"contentUrl\":\"https:\\\/\\\/ambic.co.uk\\\/wp-content\\\/uploads\\\/2016\\\/07\\\/ambic-logo-blue.png\",\"width\":803,\"height\":120,\"caption\":\"Ambic Equipment\"},\"image\":{\"@id\":\"https:\\\/\\\/ambic.co.uk\\\/#\\\/schema\\\/logo\\\/image\\\/\"},\"sameAs\":[\"https:\\\/\\\/x.com\\\/ambicequipment\",\"http:\\\/\\\/ambicequipment\"]}]}<\/script>\n<!-- \/ Yoast SEO plugin. -->","yoast_head_json":{"title":"Image Gallery: OptiRange | OptiFlow - Top Load DE | AMBIC Equipment Ltd UK","robots":{"index":"index","follow":"follow","max-snippet":"max-snippet:-1","max-image-preview":"max-image-preview:large","max-video-preview":"max-video-preview:-1"},"canonical":"https:\/\/ambic.co.uk\/de\/image-gallery\/optirange\/optiflow\/optiflow-top-load\/","og_locale":"de_DE","og_type":"article","og_title":"Image Gallery: OptiRange | OptiFlow - Top Load DE | AMBIC Equipment Ltd UK","og_url":"https:\/\/ambic.co.uk\/de\/image-gallery\/optirange\/optiflow\/optiflow-top-load\/","og_site_name":"AMBIC Equipment Ltd UK","article_modified_time":"2022-12-09T10:48:16+00:00","twitter_card":"summary_large_image","twitter_site":"@ambicequipment","twitter_misc":{"Gesch\u00e4tzte Lesezeit":"1 Minute"},"schema":{"@context":"https:\/\/schema.org","@graph":[{"@type":"WebPage","@id":"https:\/\/ambic.co.uk\/de\/image-gallery\/optirange\/optiflow\/optiflow-top-load\/","url":"https:\/\/ambic.co.uk\/de\/image-gallery\/optirange\/optiflow\/optiflow-top-load\/","name":"Image Gallery: OptiRange | OptiFlow - Top Load DE | AMBIC Equipment Ltd UK","isPartOf":{"@id":"https:\/\/ambic.co.uk\/#website"},"datePublished":"2020-06-18T13:41:08+00:00","dateModified":"2022-12-09T10:48:16+00:00","breadcrumb":{"@id":"https:\/\/ambic.co.uk\/de\/image-gallery\/optirange\/optiflow\/optiflow-top-load\/#breadcrumb"},"inLanguage":"de-DE","potentialAction":[{"@type":"ReadAction","target":["https:\/\/ambic.co.uk\/de\/image-gallery\/optirange\/optiflow\/optiflow-top-load\/"]}]},{"@type":"BreadcrumbList","@id":"https:\/\/ambic.co.uk\/de\/image-gallery\/optirange\/optiflow\/optiflow-top-load\/#breadcrumb","itemListElement":[{"@type":"ListItem","position":1,"name":"Home","item":"https:\/\/ambic.co.uk\/de\/home\/"},{"@type":"ListItem","position":2,"name":"Image Gallery","item":"https:\/\/ambic.co.uk\/de\/image-gallery\/"},{"@type":"ListItem","position":3,"name":"Image Gallery: OptiRange","item":"https:\/\/ambic.co.uk\/de\/image-gallery\/optirange\/"},{"@type":"ListItem","position":4,"name":"Image Gallery: OptiFlow DE","item":"https:\/\/ambic.co.uk\/de\/image-gallery\/optirange\/optiflow\/"},{"@type":"ListItem","position":5,"name":"Image Gallery: OptiRange | OptiFlow &#8211; Top Load DE"}]},{"@type":"WebSite","@id":"https:\/\/ambic.co.uk\/#website","url":"https:\/\/ambic.co.uk\/","name":"AMBIC Equipment Ltd UK","description":"AMBIC Equipment Ltd UK","publisher":{"@id":"https:\/\/ambic.co.uk\/#organization"},"potentialAction":[{"@type":"SearchAction","target":{"@type":"EntryPoint","urlTemplate":"https:\/\/ambic.co.uk\/?s={search_term_string}"},"query-input":{"@type":"PropertyValueSpecification","valueRequired":true,"valueName":"search_term_string"}}],"inLanguage":"de-DE"},{"@type":"Organization","@id":"https:\/\/ambic.co.uk\/#organization","name":"Ambic Equipment","url":"https:\/\/ambic.co.uk\/","logo":{"@type":"ImageObject","inLanguage":"de-DE","@id":"https:\/\/ambic.co.uk\/#\/schema\/logo\/image\/","url":"https:\/\/ambic.co.uk\/wp-content\/uploads\/2016\/07\/ambic-logo-blue.png","contentUrl":"https:\/\/ambic.co.uk\/wp-content\/uploads\/2016\/07\/ambic-logo-blue.png","width":803,"height":120,"caption":"Ambic Equipment"},"image":{"@id":"https:\/\/ambic.co.uk\/#\/schema\/logo\/image\/"},"sameAs":["https:\/\/x.com\/ambicequipment","http:\/\/ambicequipment"]}]}},"_links":{"self":[{"href":"https:\/\/ambic.co.uk\/de\/wp-json\/wp\/v2\/pages\/11245","targetHints":{"allow":["GET"]}}],"collection":[{"href":"https:\/\/ambic.co.uk\/de\/wp-json\/wp\/v2\/pages"}],"about":[{"href":"https:\/\/ambic.co.uk\/de\/wp-json\/wp\/v2\/types\/page"}],"author":[{"embeddable":true,"href":"https:\/\/ambic.co.uk\/de\/wp-json\/wp\/v2\/users\/2"}],"replies":[{"embeddable":true,"href":"https:\/\/ambic.co.uk\/de\/wp-json\/wp\/v2\/comments?post=11245"}],"version-history":[{"count":0,"href":"https:\/\/ambic.co.uk\/de\/wp-json\/wp\/v2\/pages\/11245\/revisions"}],"up":[{"embeddable":true,"href":"https:\/\/ambic.co.uk\/de\/wp-json\/wp\/v2\/pages\/11228"}],"wp:attachment":[{"href":"https:\/\/ambic.co.uk\/de\/wp-json\/wp\/v2\/media?parent=11245"}],"curies":[{"name":"wp","href":"https:\/\/api.w.org\/{rel}","templated":true}]}}