{"id":13763,"date":"2021-10-11T12:39:10","date_gmt":"2021-10-11T12:39:10","guid":{"rendered":"https:\/\/ambic.co.uk\/remote-delivery-system\/"},"modified":"2022-05-27T09:46:34","modified_gmt":"2022-05-27T09:46:34","slug":"remote-delivery-system","status":"publish","type":"page","link":"https:\/\/ambic.co.uk\/de\/remote-delivery-system\/","title":{"rendered":"Nachf\u00fcllsystem"},"content":{"rendered":"\n<style type=\"text\/css\" data-created_by=\"avia_inline_auto\" id=\"style-css-av-esmodl-dcdcb01e5f4851b7fe5d9f022daabb21\">\n.avia-section.av-esmodl-dcdcb01e5f4851b7fe5d9f022daabb21{\nbackground-color:#dc3c41;\nbackground-image:unset;\n}\n<\/style>\n<div id='av_section_1'  class='avia-section av-esmodl-dcdcb01e5f4851b7fe5d9f022daabb21 main_color avia-section-small avia-no-border-styling  avia-builder-el-0  el_before_av_section  avia-builder-el-first  avia-bg-style-scroll container_wrap sidebar_right'  ><div class='container av-section-cont-open' ><main  role=\"main\" itemprop=\"mainContentOfPage\"  class='template-page content  av-content-small alpha units'><div class='post-entry post-entry-type-page post-entry-13763'><div class='entry-content-wrapper clearfix'>\n\n<style type=\"text\/css\" data-created_by=\"avia_inline_auto\" id=\"style-css-av-kummmc3j-417c71983cd2c699e6736d38f2be1c5b\">\n#top .av-special-heading.av-kummmc3j-417c71983cd2c699e6736d38f2be1c5b{\npadding-bottom:0;\ncolor:#ffffff;\nfont-size:50px;\n}\nbody .av-special-heading.av-kummmc3j-417c71983cd2c699e6736d38f2be1c5b .av-special-heading-tag .heading-char{\nfont-size:25px;\n}\n#top #wrap_all .av-special-heading.av-kummmc3j-417c71983cd2c699e6736d38f2be1c5b .av-special-heading-tag{\nfont-size:50px;\n}\n.av-special-heading.av-kummmc3j-417c71983cd2c699e6736d38f2be1c5b .special-heading-inner-border{\nborder-color:#ffffff;\n}\n.av-special-heading.av-kummmc3j-417c71983cd2c699e6736d38f2be1c5b .av-subheading{\nfont-size:20px;\n}\n\n@media only screen and (min-width: 480px) and (max-width: 767px){ \n#top #wrap_all .av-special-heading.av-kummmc3j-417c71983cd2c699e6736d38f2be1c5b .av-special-heading-tag{\nfont-size:0.8em;\n}\n}\n\n@media only screen and (max-width: 479px){ \n#top #wrap_all .av-special-heading.av-kummmc3j-417c71983cd2c699e6736d38f2be1c5b .av-special-heading-tag{\nfont-size:0.8em;\n}\n}\n<\/style>\n<div  class='av-special-heading av-kummmc3j-417c71983cd2c699e6736d38f2be1c5b av-special-heading-h2 custom-color-heading blockquote modern-quote  avia-builder-el-1  avia-builder-el-no-sibling  av-inherit-size'><h2 class='av-special-heading-tag '  itemprop=\"headline\"  >Nachf\u00fcllsystem<\/h2><div class=\"special-heading-border\"><div class=\"special-heading-inner-border\"><\/div><\/div><\/div>\n\n<\/div><\/div><\/main><!-- close content main element --><\/div><\/div><div id='av_section_2'  class='avia-section av-1l2vrvt-9c88ca56a2502b0bf6b011c1259b5723 main_color avia-section-default avia-no-shadow  avia-builder-el-2  el_after_av_section  el_before_av_section  avia-bg-style-scroll container_wrap sidebar_right'  ><div class='container av-section-cont-open' ><div class='template-page content  av-content-small alpha units'><div class='post-entry post-entry-type-page post-entry-13763'><div class='entry-content-wrapper clearfix'>\n<div  class='tabcontainer av-kumn6cqa-02dec91c0b429041afb80be3766a4ef4 top_tab  avia-builder-el-3  avia-builder-el-no-sibling '>\n<section class='av_tab_section av_tab_section av-kumn48fw-df33643b75a8662fcb2a5c85efb78329'  itemscope=\"itemscope\" itemtype=\"https:\/\/schema.org\/CreativeWork\" ><div id='tab-id-1-tab' class='tab active_tab' role='tab' aria-selected=\"true\" tabindex=\"0\" data-fake-id='#tab-id-1' aria-controls='tab-id-1-content'  itemprop=\"headline\" ><span class='tab_icon avia-iconfont avia-font-entypo-fontello' data-av_icon='\ue80e' data-av_iconfont='entypo-fontello' ><\/span>Fotos<\/div><div id='tab-id-1-content' class='tab_content active_tab_content' role='tabpanel' aria-labelledby='tab-id-1-tab' aria-hidden=\"false\"><div class='tab_inner_content invers-color'  itemprop=\"text\" ><div  class='avia-button-wrap avia-button-center  avia-builder-el-4  el_before_av_font_icon  avia-builder-el-first '>\n<style type=\"text\/css\" data-created_by=\"avia_inline_auto\" id=\"style-css-av-phslwm-eb2ea3629e20b69d386b064b10ed497a\">\n#top #wrap_all .avia-button.av-phslwm-eb2ea3629e20b69d386b064b10ed497a{\ncolor:#ffffff;\ntransition:all 0.4s ease-in-out;\n}\n#top #wrap_all .avia-button.av-phslwm-eb2ea3629e20b69d386b064b10ed497a:hover{\nbackground-color:#444444;\ncolor:#ffffff;\ntransition:all 0.4s ease-in-out;\n}\n#top #wrap_all .avia-button.av-phslwm-eb2ea3629e20b69d386b064b10ed497a .avia-svg-icon svg:first-child{\nfill:#ffffff;\nstroke:#ffffff;\n}\n#top #wrap_all .avia-button.av-phslwm-eb2ea3629e20b69d386b064b10ed497a:hover .avia-svg-icon svg:first-child{\nfill:#ffffff;\nstroke:#ffffff;\n}\n<\/style>\n<a href='\/de\/image-gallery\/peristaltic-pumps\/remote-delivery-system\/' class='avia-color-theme-color avia-button avia-button-fullwidth av-phslwm-eb2ea3629e20b69d386b064b10ed497a avia-icon_select-yes-left-icon avia-color-theme-color'   aria-label=\"Fotogalerie\"><span class='avia_button_icon avia_button_icon_left avia-iconfont avia-font-entypo-fontello' data-av_icon='\ue80e' data-av_iconfont='entypo-fontello' ><\/span><span class='avia_iconbox_title' >Fotogalerie<\/span><\/a><\/div>\n<\/div><\/div><\/section>\n<section class='av_tab_section av_tab_section av-kumn4hgo-891c75d90ae3dfa42071cf8337d065a2'  itemscope=\"itemscope\" itemtype=\"https:\/\/schema.org\/CreativeWork\" ><div id='tab-id-2-tab' class='tab' role='tab' aria-selected=\"false\" tabindex=\"0\" data-fake-id='#tab-id-2' aria-controls='tab-id-2-content'  itemprop=\"headline\" ><span class='tab_icon avia-iconfont avia-font-entypo-fontello' data-av_icon='\ue84d' data-av_iconfont='entypo-fontello' ><\/span>Normeinhaltung<\/div><div id='tab-id-2-content' class='tab_content' role='tabpanel' aria-labelledby='tab-id-2-tab' aria-hidden=\"true\"><div class='tab_inner_content invers-color'  itemprop=\"text\" ><\/div><\/div><\/section>\n<section class='av_tab_section av_tab_section av-kumn4rlr-ec474d8182820fc7a8453d91ab795910'  itemscope=\"itemscope\" itemtype=\"https:\/\/schema.org\/CreativeWork\" ><div id='tab-id-3-tab' class='tab' role='tab' aria-selected=\"false\" tabindex=\"0\" data-fake-id='#tab-id-3' aria-controls='tab-id-3-content'  itemprop=\"headline\" ><span class='tab_icon avia-iconfont avia-font-entypo-fontello' data-av_icon='\ue84e' data-av_iconfont='entypo-fontello' ><\/span>Bedienungsanleitungen<\/div><div id='tab-id-3-content' class='tab_content' role='tabpanel' aria-labelledby='tab-id-3-tab' aria-hidden=\"true\"><div class='tab_inner_content invers-color'  itemprop=\"text\" ><p>\n<style type=\"text\/css\" data-created_by=\"avia_inline_auto\" id=\"style-css-av-5qt7fs-118371df77ad124e3e434516ed1fd5d4\">\n.av_font_icon.av-5qt7fs-118371df77ad124e3e434516ed1fd5d4 .av-icon-char{\nfont-size:20px;\nline-height:20px;\n}\n<\/style>\n<span  class='av_font_icon av-5qt7fs-118371df77ad124e3e434516ed1fd5d4 avia_animate_when_visible av-icon-style- avia-icon-pos-left avia-iconfont avia-font-entypo-fontello av-no-color avia-icon-animate'><span class='av-icon-char' data-av_icon='\ue82d' data-av_iconfont='entypo-fontello' aria-hidden=\"true\" ><\/span><\/span>\u00a0<a href=\"https:\/\/ambic.co.uk\/wp-content\/uploads\/2022\/05\/RFE7512-Remote-Delivery-System-OpNote-EN.pdf\">RFE7512 &#8211; Remote Delivery System OpNote<\/a><\/p>\n<\/div><\/div><\/section>\n<section class='av_tab_section av_tab_section av-kumn4y1y-f87cd41f31208941851820a814045fa1'  itemscope=\"itemscope\" itemtype=\"https:\/\/schema.org\/CreativeWork\" ><div id='tab-id-4-tab' class='tab' role='tab' aria-selected=\"false\" tabindex=\"0\" data-fake-id='#tab-id-4' aria-controls='tab-id-4-content'  itemprop=\"headline\" ><span class='tab_icon avia-iconfont avia-font-entypo-fontello' data-av_icon='\ue84e' data-av_iconfont='entypo-fontello' ><\/span>Prospektmaterial<\/div><div id='tab-id-4-content' class='tab_content' role='tabpanel' aria-labelledby='tab-id-4-tab' aria-hidden=\"true\"><div class='tab_inner_content invers-color'  itemprop=\"text\" ><\/div><\/div><\/section>\n<section class='av_tab_section av_tab_section av-kumn65xk-b529809eed42f332c59df00ab5c5473a'  itemscope=\"itemscope\" itemtype=\"https:\/\/schema.org\/CreativeWork\" ><div id='tab-id-5-tab' class='tab' role='tab' aria-selected=\"false\" tabindex=\"0\" data-fake-id='#tab-id-5' aria-controls='tab-id-5-content'  itemprop=\"headline\" ><span class='tab_icon avia-iconfont avia-font-entypo-fontello' data-av_icon='\ue84d' data-av_iconfont='entypo-fontello' ><\/span>Posters<\/div><div id='tab-id-5-content' class='tab_content' role='tabpanel' aria-labelledby='tab-id-5-tab' aria-hidden=\"true\"><div class='tab_inner_content invers-color'  itemprop=\"text\" ><\/div><\/div><\/section>\n<section class='av_tab_section av_tab_section av-kumn6b4o-bac3b0e4f8d703c6159998803a1d2a29'  itemscope=\"itemscope\" itemtype=\"https:\/\/schema.org\/CreativeWork\" ><div id='tab-id-6-tab' class='tab' role='tab' aria-selected=\"false\" tabindex=\"0\" data-fake-id='#tab-id-6' aria-controls='tab-id-6-content'  itemprop=\"headline\" ><span class='tab_icon avia-iconfont avia-font-entypo-fontello' data-av_icon='\ue81d' data-av_iconfont='entypo-fontello' ><\/span>H\u00e4ufig gestellte Fragen<\/div><div id='tab-id-6-content' class='tab_content' role='tabpanel' aria-labelledby='tab-id-6-tab' aria-hidden=\"true\"><div class='tab_inner_content invers-color'  itemprop=\"text\" ><\/div><\/div><\/section>\n<\/div>\n<\/div><\/div><\/div><!-- close content main div --><\/div><\/div><div id='av_section_3'  class='avia-section av-3jmv8vd-a741af83778e84d8e1e2c7adb5f5c418 main_color avia-section-default avia-no-border-styling  avia-builder-el-6  el_after_av_section  avia-builder-el-last  avia-bg-style-scroll container_wrap sidebar_right'  ><div class='container av-section-cont-open' ><div class='template-page content  av-content-small alpha units'><div class='post-entry post-entry-type-page post-entry-13763'><div class='entry-content-wrapper clearfix'>\n\n<style type=\"text\/css\" data-created_by=\"avia_inline_auto\" id=\"style-css-av-2xiqeqx-80f97ecfea7ced51125d9e40ca86b2ad\">\n.flex_column.av-2xiqeqx-80f97ecfea7ced51125d9e40ca86b2ad{\nborder-radius:0px 0px 0px 0px;\npadding:0px 0px 0px 0px;\n}\n<\/style>\n<div  class='flex_column av-2xiqeqx-80f97ecfea7ced51125d9e40ca86b2ad av_one_half  avia-builder-el-7  el_before_av_one_half  avia-builder-el-first  first flex_column_div av-zero-column-padding  '     ><section  class='av_textblock_section av-kummps6d-35d0aaa915c7049d79fef9ddeecda6ab '   itemscope=\"itemscope\" itemtype=\"https:\/\/schema.org\/CreativeWork\" ><div class='avia_textblock'  itemprop=\"text\" ><p>Die Nachf\u00fcllanlage Remote Delivery System\u2122 ist ein mikroprozessorgesteuertes automatisch\/manuelles Umf\u00fcllsystem, das zum Zweck des Auff\u00fcllens der Beh\u00e4lter, die die Reinigungs- und Desinfektionsmittel enthalten, bis zu vier Ultrahochvolumen-Schlauchpumpen ansteuern kann. \u00dcblicherweise wird es f\u00fcr saure, alkalische, Klauenbad- und Zitzendippmittel eingesetzt.<\/p>\n<p>Im manuellen Modus schaltet sich das Remote Delivery System\u2122 ein, wenn der F\u00fcllstand eines Beh\u00e4lters unter das voreingestellte Minimum f\u00e4llt. Eine Leuchte beginnt dann zu blinken und zeigt an, dass mindestens ein Beh\u00e4lter nicht mehr die Mindestmenge enth\u00e4lt und aufgef\u00fcllt werden muss. Eine LED weist auf den Beh\u00e4lter, der bef\u00fcllt werden muss, hin. Der Vorgang beginnt durch Bet\u00e4tigen des Tasters, der der LED entspricht, und l\u00e4uft so lange wie f\u00fcr das Auff\u00fcllen des Beh\u00e4lters voreingestellt.<\/p>\n<p>Im automatischen Modus kann die Einheit so programmiert werden, dass sie selbstt\u00e4tig startet. Die Pumpen werden dann f\u00fcr automatisches Anlaufen bei Unterschreiten des Minimums in einem Beh\u00e4lter programmiert und laufen sodann die voreingestellte Zeit lang.<\/p>\n<p>Sollte eine Pumpe sich aufgrund einer beliebigen Fehlfunktion nicht wieder ausschalten, sorgt eine Sicherheitsabschaltung daf\u00fcr, dass die Pumpe anh\u00e4lt.<\/p>\n<p><strong>Merkmale<\/strong><\/p>\n<ul>\n<li>\u00a0einstellbare Pumpenlaufzeit<\/li>\n<\/ul>\n<ul>\n<li>Option des automatischen Anlaufens zum Bef\u00fcllen, Signalleuchte und LED-Verschaltung nicht erforderlich<\/li>\n<\/ul>\n<ul>\n<li>zwei Anschlussstutzen-Durchmesser zur Wahl f\u00fcr verst\u00e4rkten PVC-Gewebeschlauch 1\/2\u201d (13 mm) oder 5\/8\u201d (16 mm)<\/li>\n<\/ul>\n<ul>\n<li>mit diversen Steckern gem\u00e4\u00df Netz vor Ort erh\u00e4ltlich<\/li>\n<\/ul>\n<p>Artikelnummern und Preis auf Anfrage.<\/p>\n<\/div><\/section><\/div>\n<style type=\"text\/css\" data-created_by=\"avia_inline_auto\" id=\"style-css-av-2nicqa1-8182e678d8611a0550ebe8f7740ffbd1\">\n.flex_column.av-2nicqa1-8182e678d8611a0550ebe8f7740ffbd1{\nborder-radius:0px 0px 0px 0px;\npadding:0px 0px 0px 0px;\n}\n<\/style>\n<div  class='flex_column av-2nicqa1-8182e678d8611a0550ebe8f7740ffbd1 av_one_half  avia-builder-el-9  el_after_av_one_half  el_before_av_hr  flex_column_div av-zero-column-padding  '     ><style type=\"text\/css\" data-created_by=\"avia_inline_auto\" id=\"style-css-av-kumn17do-c58c3ce2a671ec07c3bf499ddea5dc08\">\n#top .avia-gallery.av-kumn17do-c58c3ce2a671ec07c3bf499ddea5dc08 .avia-gallery-thumb a{\nwidth:33.3333%;\n}\n<\/style>\n<div  class='avia-gallery av-kumn17do-c58c3ce2a671ec07c3bf499ddea5dc08 avia_animate_when_visible  avia-builder-el-10  avia-builder-el-no-sibling  avia_lazyload av-slideshow-ui av-loop-manual-endless av-control-hidden av-navigate-arrows av-navigate-dots hover-effect av-control-hidden avia-gallery-animate avia-gallery-1'  itemprop=\"image\" itemscope=\"itemscope\" itemtype=\"https:\/\/schema.org\/ImageObject\" ><meta itemprop=\"contentURL\" content=\"https:\/\/ambic.co.uk\/de\/remote-delivery-system\/\"><div class='avia-gallery-big-wrapper'><a class='avia-gallery-big fakeLightbox lightbox avia-gallery-big-crop-thumb ' href=\"https:\/\/ambic.co.uk\/wp-content\/uploads\/2021\/10\/Remote-Delivery-System-German-1030x1030.jpg\" data-srcset=\"https:\/\/ambic.co.uk\/wp-content\/uploads\/2021\/10\/Remote-Delivery-System-German-1030x1030.jpg 1030w, https:\/\/ambic.co.uk\/wp-content\/uploads\/2021\/10\/Remote-Delivery-System-German-300x300.jpg 300w, https:\/\/ambic.co.uk\/wp-content\/uploads\/2021\/10\/Remote-Delivery-System-German-80x80.jpg 80w, https:\/\/ambic.co.uk\/wp-content\/uploads\/2021\/10\/Remote-Delivery-System-German-768x768.jpg 768w, https:\/\/ambic.co.uk\/wp-content\/uploads\/2021\/10\/Remote-Delivery-System-German-36x36.jpg 36w, https:\/\/ambic.co.uk\/wp-content\/uploads\/2021\/10\/Remote-Delivery-System-German-180x180.jpg 180w, https:\/\/ambic.co.uk\/wp-content\/uploads\/2021\/10\/Remote-Delivery-System-German-705x705.jpg 705w, https:\/\/ambic.co.uk\/wp-content\/uploads\/2021\/10\/Remote-Delivery-System-German.jpg 1250w\" data-sizes=\"(max-width: 1030px) 100vw, 1030px\"  data-onclick='1' title='Remote Delivery System - German' ><span class='avia-gallery-big-inner'  itemprop=\"thumbnailUrl\" ><img decoding=\"async\" fetchpriority=\"high\" class=\"wp-image-13844 avia-img-lazy-loading-not-13844\"  width=\"495\" height=\"400\" src=\"https:\/\/ambic.co.uk\/wp-content\/uploads\/2021\/10\/Remote-Delivery-System-German-495x400.jpg\" title='Remote Delivery System - German' alt='' srcset=\"https:\/\/ambic.co.uk\/wp-content\/uploads\/2021\/10\/Remote-Delivery-System-German-495x400.jpg 495w, https:\/\/ambic.co.uk\/wp-content\/uploads\/2021\/10\/Remote-Delivery-System-German-845x684.jpg 845w\" sizes=\"(max-width: 495px) 100vw, 495px\" \/><\/span><\/a><\/div><div class='avia-gallery-thumb'><a href=\"https:\/\/ambic.co.uk\/wp-content\/uploads\/2021\/10\/Remote-Delivery-System-German-1030x1030.jpg\" data-srcset=\"https:\/\/ambic.co.uk\/wp-content\/uploads\/2021\/10\/Remote-Delivery-System-German-1030x1030.jpg 1030w, https:\/\/ambic.co.uk\/wp-content\/uploads\/2021\/10\/Remote-Delivery-System-German-300x300.jpg 300w, https:\/\/ambic.co.uk\/wp-content\/uploads\/2021\/10\/Remote-Delivery-System-German-80x80.jpg 80w, https:\/\/ambic.co.uk\/wp-content\/uploads\/2021\/10\/Remote-Delivery-System-German-768x768.jpg 768w, https:\/\/ambic.co.uk\/wp-content\/uploads\/2021\/10\/Remote-Delivery-System-German-36x36.jpg 36w, https:\/\/ambic.co.uk\/wp-content\/uploads\/2021\/10\/Remote-Delivery-System-German-180x180.jpg 180w, https:\/\/ambic.co.uk\/wp-content\/uploads\/2021\/10\/Remote-Delivery-System-German-705x705.jpg 705w, https:\/\/ambic.co.uk\/wp-content\/uploads\/2021\/10\/Remote-Delivery-System-German.jpg 1250w\" data-sizes=\"(max-width: 1030px) 100vw, 1030px\" data-rel='gallery-1' data-prev-img='https:\/\/ambic.co.uk\/wp-content\/uploads\/2021\/10\/Remote-Delivery-System-German-495x400.jpg' class='first_thumb lightbox ' data-onclick='1' title='Remote Delivery System - German'  itemprop=\"thumbnailUrl\"  ><img decoding=\"async\" fetchpriority=\"high\" class=\"wp-image-13844 avia-img-lazy-loading-not-13844\"   src=\"https:\/\/ambic.co.uk\/wp-content\/uploads\/2021\/10\/Remote-Delivery-System-German-845x684.jpg\" width=\"845\" height=\"684\"  title='Remote Delivery System - German' alt='' srcset=\"https:\/\/ambic.co.uk\/wp-content\/uploads\/2021\/10\/Remote-Delivery-System-German-845x684.jpg 845w, https:\/\/ambic.co.uk\/wp-content\/uploads\/2021\/10\/Remote-Delivery-System-German-495x400.jpg 495w\" sizes=\"(max-width: 845px) 100vw, 845px\" \/><div class='big-prev-fake'><img decoding=\"async\" loading=\"lazy\" class=\"wp-image-13844 avia-img-lazy-loading-13844\"  width=\"495\" height=\"400\" src=\"https:\/\/ambic.co.uk\/wp-content\/uploads\/2021\/10\/Remote-Delivery-System-German-495x400.jpg\" title='Remote Delivery System - German' alt='' srcset=\"https:\/\/ambic.co.uk\/wp-content\/uploads\/2021\/10\/Remote-Delivery-System-German-495x400.jpg 495w, https:\/\/ambic.co.uk\/wp-content\/uploads\/2021\/10\/Remote-Delivery-System-German-845x684.jpg 845w\" sizes=\"auto, (max-width: 495px) 100vw, 495px\" \/><\/div><\/a><\/div><\/div><\/div><div  class='hr av-29l86eh-dd95d5f1710b027e76734e2835125049 hr-default  avia-builder-el-11  el_after_av_one_half  avia-builder-el-last '><span class='hr-inner '><span class=\"hr-inner-style\"><\/span><\/span><\/div>\n<\/div><\/div><\/div><!-- close content main div --><\/div><\/div><div id='after_section_3'  class='main_color av_default_container_wrap container_wrap sidebar_right'  ><div class='container av-section-cont-open' ><div class='template-page content  av-content-small alpha units'><div class='post-entry post-entry-type-page post-entry-13763'><div class='entry-content-wrapper clearfix'><\/p>\n","protected":false},"excerpt":{"rendered":"","protected":false},"author":3,"featured_media":0,"parent":0,"menu_order":0,"comment_status":"closed","ping_status":"closed","template":"","meta":{"_acf_changed":false,"footnotes":""},"class_list":["post-13763","page","type-page","status-publish","hentry"],"acf":[],"yoast_head":"<!-- This site is optimized with the Yoast SEO plugin v26.9 - https:\/\/yoast.com\/product\/yoast-seo-wordpress\/ -->\n<title>Nachf\u00fcllsystem | AMBIC Equipment Ltd UK<\/title>\n<meta name=\"robots\" content=\"index, follow, max-snippet:-1, max-image-preview:large, max-video-preview:-1\" \/>\n<link rel=\"canonical\" href=\"https:\/\/ambic.co.uk\/de\/remote-delivery-system\/\" \/>\n<meta property=\"og:locale\" content=\"de_DE\" \/>\n<meta property=\"og:type\" content=\"article\" \/>\n<meta property=\"og:title\" content=\"Nachf\u00fcllsystem | AMBIC Equipment Ltd UK\" \/>\n<meta property=\"og:url\" content=\"https:\/\/ambic.co.uk\/de\/remote-delivery-system\/\" \/>\n<meta property=\"og:site_name\" content=\"AMBIC Equipment Ltd UK\" \/>\n<meta property=\"article:modified_time\" content=\"2022-05-27T09:46:34+00:00\" \/>\n<meta name=\"twitter:card\" content=\"summary_large_image\" \/>\n<meta name=\"twitter:site\" content=\"@ambicequipment\" \/>\n<meta name=\"twitter:label1\" content=\"Gesch\u00e4tzte Lesezeit\" \/>\n\t<meta name=\"twitter:data1\" content=\"5 Minuten\" \/>\n<script type=\"application\/ld+json\" class=\"yoast-schema-graph\">{\"@context\":\"https:\/\/schema.org\",\"@graph\":[{\"@type\":\"WebPage\",\"@id\":\"https:\/\/ambic.co.uk\/de\/remote-delivery-system\/\",\"url\":\"https:\/\/ambic.co.uk\/de\/remote-delivery-system\/\",\"name\":\"Nachf\u00fcllsystem | AMBIC Equipment Ltd UK\",\"isPartOf\":{\"@id\":\"https:\/\/ambic.co.uk\/#website\"},\"datePublished\":\"2021-10-11T12:39:10+00:00\",\"dateModified\":\"2022-05-27T09:46:34+00:00\",\"breadcrumb\":{\"@id\":\"https:\/\/ambic.co.uk\/de\/remote-delivery-system\/#breadcrumb\"},\"inLanguage\":\"de-DE\",\"potentialAction\":[{\"@type\":\"ReadAction\",\"target\":[\"https:\/\/ambic.co.uk\/de\/remote-delivery-system\/\"]}]},{\"@type\":\"BreadcrumbList\",\"@id\":\"https:\/\/ambic.co.uk\/de\/remote-delivery-system\/#breadcrumb\",\"itemListElement\":[{\"@type\":\"ListItem\",\"position\":1,\"name\":\"Home\",\"item\":\"https:\/\/ambic.co.uk\/de\/home\/\"},{\"@type\":\"ListItem\",\"position\":2,\"name\":\"Nachf\u00fcllsystem\"}]},{\"@type\":\"WebSite\",\"@id\":\"https:\/\/ambic.co.uk\/#website\",\"url\":\"https:\/\/ambic.co.uk\/\",\"name\":\"AMBIC Equipment Ltd UK\",\"description\":\"AMBIC Equipment Ltd UK\",\"publisher\":{\"@id\":\"https:\/\/ambic.co.uk\/#organization\"},\"potentialAction\":[{\"@type\":\"SearchAction\",\"target\":{\"@type\":\"EntryPoint\",\"urlTemplate\":\"https:\/\/ambic.co.uk\/?s={search_term_string}\"},\"query-input\":{\"@type\":\"PropertyValueSpecification\",\"valueRequired\":true,\"valueName\":\"search_term_string\"}}],\"inLanguage\":\"de-DE\"},{\"@type\":\"Organization\",\"@id\":\"https:\/\/ambic.co.uk\/#organization\",\"name\":\"Ambic Equipment\",\"url\":\"https:\/\/ambic.co.uk\/\",\"logo\":{\"@type\":\"ImageObject\",\"inLanguage\":\"de-DE\",\"@id\":\"https:\/\/ambic.co.uk\/#\/schema\/logo\/image\/\",\"url\":\"https:\/\/ambic.co.uk\/wp-content\/uploads\/2016\/07\/ambic-logo-blue.png\",\"contentUrl\":\"https:\/\/ambic.co.uk\/wp-content\/uploads\/2016\/07\/ambic-logo-blue.png\",\"width\":803,\"height\":120,\"caption\":\"Ambic Equipment\"},\"image\":{\"@id\":\"https:\/\/ambic.co.uk\/#\/schema\/logo\/image\/\"},\"sameAs\":[\"https:\/\/x.com\/ambicequipment\",\"http:\/\/ambicequipment\"]}]}<\/script>\n<!-- \/ Yoast SEO plugin. -->","yoast_head_json":{"title":"Nachf\u00fcllsystem | AMBIC Equipment Ltd UK","robots":{"index":"index","follow":"follow","max-snippet":"max-snippet:-1","max-image-preview":"max-image-preview:large","max-video-preview":"max-video-preview:-1"},"canonical":"https:\/\/ambic.co.uk\/de\/remote-delivery-system\/","og_locale":"de_DE","og_type":"article","og_title":"Nachf\u00fcllsystem | AMBIC Equipment Ltd UK","og_url":"https:\/\/ambic.co.uk\/de\/remote-delivery-system\/","og_site_name":"AMBIC Equipment Ltd UK","article_modified_time":"2022-05-27T09:46:34+00:00","twitter_card":"summary_large_image","twitter_site":"@ambicequipment","twitter_misc":{"Gesch\u00e4tzte Lesezeit":"5 Minuten"},"schema":{"@context":"https:\/\/schema.org","@graph":[{"@type":"WebPage","@id":"https:\/\/ambic.co.uk\/de\/remote-delivery-system\/","url":"https:\/\/ambic.co.uk\/de\/remote-delivery-system\/","name":"Nachf\u00fcllsystem | AMBIC Equipment Ltd UK","isPartOf":{"@id":"https:\/\/ambic.co.uk\/#website"},"datePublished":"2021-10-11T12:39:10+00:00","dateModified":"2022-05-27T09:46:34+00:00","breadcrumb":{"@id":"https:\/\/ambic.co.uk\/de\/remote-delivery-system\/#breadcrumb"},"inLanguage":"de-DE","potentialAction":[{"@type":"ReadAction","target":["https:\/\/ambic.co.uk\/de\/remote-delivery-system\/"]}]},{"@type":"BreadcrumbList","@id":"https:\/\/ambic.co.uk\/de\/remote-delivery-system\/#breadcrumb","itemListElement":[{"@type":"ListItem","position":1,"name":"Home","item":"https:\/\/ambic.co.uk\/de\/home\/"},{"@type":"ListItem","position":2,"name":"Nachf\u00fcllsystem"}]},{"@type":"WebSite","@id":"https:\/\/ambic.co.uk\/#website","url":"https:\/\/ambic.co.uk\/","name":"AMBIC Equipment Ltd UK","description":"AMBIC Equipment Ltd UK","publisher":{"@id":"https:\/\/ambic.co.uk\/#organization"},"potentialAction":[{"@type":"SearchAction","target":{"@type":"EntryPoint","urlTemplate":"https:\/\/ambic.co.uk\/?s={search_term_string}"},"query-input":{"@type":"PropertyValueSpecification","valueRequired":true,"valueName":"search_term_string"}}],"inLanguage":"de-DE"},{"@type":"Organization","@id":"https:\/\/ambic.co.uk\/#organization","name":"Ambic Equipment","url":"https:\/\/ambic.co.uk\/","logo":{"@type":"ImageObject","inLanguage":"de-DE","@id":"https:\/\/ambic.co.uk\/#\/schema\/logo\/image\/","url":"https:\/\/ambic.co.uk\/wp-content\/uploads\/2016\/07\/ambic-logo-blue.png","contentUrl":"https:\/\/ambic.co.uk\/wp-content\/uploads\/2016\/07\/ambic-logo-blue.png","width":803,"height":120,"caption":"Ambic Equipment"},"image":{"@id":"https:\/\/ambic.co.uk\/#\/schema\/logo\/image\/"},"sameAs":["https:\/\/x.com\/ambicequipment","http:\/\/ambicequipment"]}]}},"_links":{"self":[{"href":"https:\/\/ambic.co.uk\/de\/wp-json\/wp\/v2\/pages\/13763","targetHints":{"allow":["GET"]}}],"collection":[{"href":"https:\/\/ambic.co.uk\/de\/wp-json\/wp\/v2\/pages"}],"about":[{"href":"https:\/\/ambic.co.uk\/de\/wp-json\/wp\/v2\/types\/page"}],"author":[{"embeddable":true,"href":"https:\/\/ambic.co.uk\/de\/wp-json\/wp\/v2\/users\/3"}],"replies":[{"embeddable":true,"href":"https:\/\/ambic.co.uk\/de\/wp-json\/wp\/v2\/comments?post=13763"}],"version-history":[{"count":0,"href":"https:\/\/ambic.co.uk\/de\/wp-json\/wp\/v2\/pages\/13763\/revisions"}],"wp:attachment":[{"href":"https:\/\/ambic.co.uk\/de\/wp-json\/wp\/v2\/media?parent=13763"}],"curies":[{"name":"wp","href":"https:\/\/api.w.org\/{rel}","templated":true}]}}