{"id":2663,"date":"2016-10-24T10:50:26","date_gmt":"2016-10-24T10:50:26","guid":{"rendered":"http:\/\/ambicmain.wpengine.com\/image-gallery\/teat-spraying\/easyspray-gun\/"},"modified":"2022-12-09T10:52:04","modified_gmt":"2022-12-09T10:52:04","slug":"easyspray-gun","status":"publish","type":"page","link":"https:\/\/ambic.co.uk\/de\/image-gallery\/teat-spraying\/easyspray-gun\/","title":{"rendered":"Image Gallery: Teat Spraying | EasySpray Gun"},"content":{"rendered":"\n<style type=\"text\/css\" data-created_by=\"avia_inline_auto\" id=\"style-css-av-av_section-4f564077d15b429ddb3fc4a5e4f8defe\">\n.avia-section.av-av_section-4f564077d15b429ddb3fc4a5e4f8defe{\nbackground-color:#0067a5;\nbackground-image:unset;\n}\n<\/style>\n<div id='av_section_1'  class='avia-section av-av_section-4f564077d15b429ddb3fc4a5e4f8defe main_color avia-section-default avia-no-border-styling  avia-builder-el-0  el_before_av_one_full  avia-builder-el-first  avia-bg-style-scroll container_wrap sidebar_right'  ><div class='container av-section-cont-open' ><main  role=\"main\" itemprop=\"mainContentOfPage\"  class='template-page content  av-content-small alpha units'><div class='post-entry post-entry-type-page post-entry-2663'><div class='entry-content-wrapper clearfix'>\n\n<style type=\"text\/css\" data-created_by=\"avia_inline_auto\" id=\"style-css-av-av_heading-62c4808c663fa9b26f72e4ff7583d2d8\">\n#top .av-special-heading.av-av_heading-62c4808c663fa9b26f72e4ff7583d2d8{\npadding-bottom:0;\ncolor:#ffffff;\nfont-size:72px;\n}\nbody .av-special-heading.av-av_heading-62c4808c663fa9b26f72e4ff7583d2d8 .av-special-heading-tag .heading-char{\nfont-size:25px;\n}\n#top #wrap_all .av-special-heading.av-av_heading-62c4808c663fa9b26f72e4ff7583d2d8 .av-special-heading-tag{\nfont-size:72px;\n}\n.av-special-heading.av-av_heading-62c4808c663fa9b26f72e4ff7583d2d8 .special-heading-inner-border{\nborder-color:#ffffff;\n}\n.av-special-heading.av-av_heading-62c4808c663fa9b26f72e4ff7583d2d8 .av-subheading{\nfont-size:20px;\n}\n\n@media only screen and (min-width: 480px) and (max-width: 767px){ \n#top #wrap_all .av-special-heading.av-av_heading-62c4808c663fa9b26f72e4ff7583d2d8 .av-special-heading-tag{\nfont-size:0.8em;\n}\n}\n\n@media only screen and (max-width: 479px){ \n#top #wrap_all .av-special-heading.av-av_heading-62c4808c663fa9b26f72e4ff7583d2d8 .av-special-heading-tag{\nfont-size:0.8em;\n}\n}\n<\/style>\n<div  class='av-special-heading av-av_heading-62c4808c663fa9b26f72e4ff7583d2d8 av-special-heading-h2 custom-color-heading blockquote modern-quote  avia-builder-el-1  avia-builder-el-no-sibling  av-inherit-size'><h2 class='av-special-heading-tag '  itemprop=\"headline\"  >Spr\u00fchlanze EasySpray<\/h2><div class='av_custom_color av-subheading av-subheading_below'><p>Fotogalerie<\/p>\n<\/div><div class=\"special-heading-border\"><div class=\"special-heading-inner-border\"><\/div><\/div><\/div>\n<\/div><\/div><\/main><!-- close content main element --><\/div><\/div><div id='after_section_1'  class='main_color av_default_container_wrap container_wrap sidebar_right'  ><div class='container av-section-cont-open' ><div class='template-page content  av-content-small alpha units'><div class='post-entry post-entry-type-page post-entry-2663'><div class='entry-content-wrapper clearfix'>\n\n<style type=\"text\/css\" data-created_by=\"avia_inline_auto\" id=\"style-css-av-av_one_full-6126cab7d8fab8d08143dd2dacdf673c\">\n.flex_column.av-av_one_full-6126cab7d8fab8d08143dd2dacdf673c{\nborder-radius:0px 0px 0px 0px;\npadding:0px 0px 0px 0px;\n}\n<\/style>\n<div  class='flex_column av-av_one_full-6126cab7d8fab8d08143dd2dacdf673c av_one_full  avia-builder-el-2  el_after_av_section  avia-builder-el-no-sibling  first flex_column_div av-zero-column-padding  '     ><p><section  class='av_textblock_section av-av_textblock-0366cc7376be6c9e82a3e9cc8987b64f '   itemscope=\"itemscope\" itemtype=\"https:\/\/schema.org\/CreativeWork\" ><div class='avia_textblock'  itemprop=\"text\" ><p>Alle diese Bilder stehen Ihnen zur Verf\u00fcgung, als hochaufl\u00f6sende Bildnisse zu laden. Klicken Sie irgendein von den Bildern, warten Sie bis das hochaufl\u00f6sende Bildnis erschienen ist. Recht Klicken auf dem Bildnis (PC) oder Klicken und Halten (Mac), dann Laden oder Speichern ausw\u00e4hlen.<\/p>\n<\/div><\/section><br \/>\n<div  class='hr av-av_hr-dcd2069817a0e3d34ae04cad8f3443c7 hr-default  avia-builder-el-4  el_after_av_textblock  el_before_av_textblock '><span class='hr-inner '><span class=\"hr-inner-style\"><\/span><\/span><\/div><br \/>\n<section  class='av_textblock_section av-lbge2386-0e0a3243e397cb59c23cd835e9d73a7d '   itemscope=\"itemscope\" itemtype=\"https:\/\/schema.org\/CreativeWork\" ><div class='avia_textblock'  itemprop=\"text\" ><style type='text\/css'>\r\n\t#mla_gallery-1 {\r\n\t\tmargin: auto;\r\n\t\twidth: 100%;\r\n\t}\r\n\t#mla_gallery-1 .gallery-item {\r\n\t\tfloat: none;\r\n\t\tmargin: 1.5%;\r\n\t\tdisplay: inline-block;\r\n\t\ttext-align: center;\r\n\t\twidth: 200px;\r\n\t}\r\n\t#mla_gallery-1 .gallery-item .gallery-icon img {\r\n\t\tborder: 2px solid #cfcfcf;\r\n\t}\r\n\t#mla_gallery-1 .gallery-caption {\r\n\t\tmargin-left: 0;\r\n\t\tvertical-align: top;\r\n\t}\r\n<\/style>\r\n<div id='mla_gallery-1' class='gallery galleryid-2663 gallery-columns-3 gallery-size-portfolio'>\r\n<!-- row-open -->\r\n<dl class='gallery-item '>\r\n\t<dt class='gallery-icon landscape'>\r\n\t\t<a target=\"_blank\" href='https:\/\/ambic.co.uk\/wp-content\/uploads\/2016\/10\/ATS514-Y-Yellow-Extension-Kit-with-ATS502-EasySpray-Gun-with-Extended-Plastic-Lance-and-Solid-Cone-Nozzle.jpg'><img loading=\"lazy\" decoding=\"async\" aria-describedby=\"mla_gallery-1-4984\" width=\"495\" height=\"400\" src=\"https:\/\/ambic.co.uk\/wp-content\/uploads\/2016\/10\/ATS514-Y-Yellow-Extension-Kit-with-ATS502-EasySpray-Gun-with-Extended-Plastic-Lance-and-Solid-Cone-Nozzle-495x400.jpg\" class=\"attachment-portfolio size-portfolio\" alt=\"\" srcset=\"https:\/\/ambic.co.uk\/wp-content\/uploads\/2016\/10\/ATS514-Y-Yellow-Extension-Kit-with-ATS502-EasySpray-Gun-with-Extended-Plastic-Lance-and-Solid-Cone-Nozzle-495x400.jpg 495w, https:\/\/ambic.co.uk\/wp-content\/uploads\/2016\/10\/ATS514-Y-Yellow-Extension-Kit-with-ATS502-EasySpray-Gun-with-Extended-Plastic-Lance-and-Solid-Cone-Nozzle-845x684.jpg 845w\" sizes=\"auto, (max-width: 495px) 100vw, 495px\" \/><\/a>\r\n\t<\/dt>\r\n\t<dd class='wp-caption-text gallery-caption' id='mla_gallery-1-4984'>\n\tATS514-Y Yellow Extension Kit with ATS502 EasySpray Gun with Extended Plastic Lance and Solid Cone Nozzle<br>Size: 1.667 MB\n\t<\/dd><\/dl><dl class='gallery-item '>\r\n\t<dt class='gallery-icon landscape'>\r\n\t\t<a target=\"_blank\" href='https:\/\/ambic.co.uk\/wp-content\/uploads\/2016\/10\/ATS514-Blue-Extension-Kit-with-ATS502-EasySpray-Gun.jpg'><img loading=\"lazy\" decoding=\"async\" aria-describedby=\"mla_gallery-1-4981\" width=\"495\" height=\"400\" src=\"https:\/\/ambic.co.uk\/wp-content\/uploads\/2016\/10\/ATS514-Blue-Extension-Kit-with-ATS502-EasySpray-Gun-495x400.jpg\" class=\"attachment-portfolio size-portfolio\" alt=\"\" srcset=\"https:\/\/ambic.co.uk\/wp-content\/uploads\/2016\/10\/ATS514-Blue-Extension-Kit-with-ATS502-EasySpray-Gun-495x400.jpg 495w, https:\/\/ambic.co.uk\/wp-content\/uploads\/2016\/10\/ATS514-Blue-Extension-Kit-with-ATS502-EasySpray-Gun-845x684.jpg 845w\" sizes=\"auto, (max-width: 495px) 100vw, 495px\" \/><\/a>\r\n\t<\/dt>\r\n\t<dd class='wp-caption-text gallery-caption' id='mla_gallery-1-4981'>\n\tATS514 Blue Extension Kit with ATS502 EasySpray Gun<br>Size: 1.188 MB\n\t<\/dd><\/dl><dl class='gallery-item last_in_row'>\r\n\t<dt class='gallery-icon landscape'>\r\n\t\t<a target=\"_blank\" href='https:\/\/ambic.co.uk\/wp-content\/uploads\/2016\/10\/ATS504-Extended-Plastic-Lance-with-Solid-Cone-Nozzle.jpg'><img loading=\"lazy\" decoding=\"async\" aria-describedby=\"mla_gallery-1-4978\" width=\"495\" height=\"400\" src=\"https:\/\/ambic.co.uk\/wp-content\/uploads\/2016\/10\/ATS504-Extended-Plastic-Lance-with-Solid-Cone-Nozzle-495x400.jpg\" class=\"attachment-portfolio size-portfolio\" alt=\"\" srcset=\"https:\/\/ambic.co.uk\/wp-content\/uploads\/2016\/10\/ATS504-Extended-Plastic-Lance-with-Solid-Cone-Nozzle-495x400.jpg 495w, https:\/\/ambic.co.uk\/wp-content\/uploads\/2016\/10\/ATS504-Extended-Plastic-Lance-with-Solid-Cone-Nozzle-845x684.jpg 845w\" sizes=\"auto, (max-width: 495px) 100vw, 495px\" \/><\/a>\r\n\t<\/dt>\r\n\t<dd class='wp-caption-text gallery-caption' id='mla_gallery-1-4978'>\n\tATS504 Extended Plastic Lance with Solid Cone Nozzle<br>Size: 1.048 MB\n\t<\/dd><\/dl><br style=\"clear: both\" \/>\r\n<!-- row-open -->\r\n<dl class='gallery-item '>\r\n\t<dt class='gallery-icon landscape'>\r\n\t\t<a target=\"_blank\" href='https:\/\/ambic.co.uk\/wp-content\/uploads\/2016\/10\/ATS502-Y-2-Yellow-Extended-Lever-Gun-with-Solid-Cone-Nozzle.jpg'><img loading=\"lazy\" decoding=\"async\" aria-describedby=\"mla_gallery-1-4975\" width=\"495\" height=\"400\" src=\"https:\/\/ambic.co.uk\/wp-content\/uploads\/2016\/10\/ATS502-Y-2-Yellow-Extended-Lever-Gun-with-Solid-Cone-Nozzle-495x400.jpg\" class=\"attachment-portfolio size-portfolio\" alt=\"\" srcset=\"https:\/\/ambic.co.uk\/wp-content\/uploads\/2016\/10\/ATS502-Y-2-Yellow-Extended-Lever-Gun-with-Solid-Cone-Nozzle-495x400.jpg 495w, https:\/\/ambic.co.uk\/wp-content\/uploads\/2016\/10\/ATS502-Y-2-Yellow-Extended-Lever-Gun-with-Solid-Cone-Nozzle-845x684.jpg 845w\" sizes=\"auto, (max-width: 495px) 100vw, 495px\" \/><\/a>\r\n\t<\/dt>\r\n\t<dd class='wp-caption-text gallery-caption' id='mla_gallery-1-4975'>\n\tATS502-Y-2 Yellow Extended Lever Gun with Solid Cone Nozzle<br>Size: 1.670 MB\n\t<\/dd><\/dl><dl class='gallery-item '>\r\n\t<dt class='gallery-icon landscape'>\r\n\t\t<a target=\"_blank\" href='https:\/\/ambic.co.uk\/wp-content\/uploads\/2016\/10\/ATS502-Y-Yellow-Extended-Lever-Gun-with-Solid-Cone-Nozzle.jpg'><img loading=\"lazy\" decoding=\"async\" aria-describedby=\"mla_gallery-1-4972\" width=\"495\" height=\"400\" src=\"https:\/\/ambic.co.uk\/wp-content\/uploads\/2016\/10\/ATS502-Y-Yellow-Extended-Lever-Gun-with-Solid-Cone-Nozzle-495x400.jpg\" class=\"attachment-portfolio size-portfolio\" alt=\"\" srcset=\"https:\/\/ambic.co.uk\/wp-content\/uploads\/2016\/10\/ATS502-Y-Yellow-Extended-Lever-Gun-with-Solid-Cone-Nozzle-495x400.jpg 495w, https:\/\/ambic.co.uk\/wp-content\/uploads\/2016\/10\/ATS502-Y-Yellow-Extended-Lever-Gun-with-Solid-Cone-Nozzle-845x684.jpg 845w\" sizes=\"auto, (max-width: 495px) 100vw, 495px\" \/><\/a>\r\n\t<\/dt>\r\n\t<dd class='wp-caption-text gallery-caption' id='mla_gallery-1-4972'>\n\tATS502-Y Yellow Extended Lever Gun with Solid Cone Nozzle<br>Size: 1.038 MB\n\t<\/dd><\/dl><dl class='gallery-item last_in_row'>\r\n\t<dt class='gallery-icon landscape'>\r\n\t\t<a target=\"_blank\" href='https:\/\/ambic.co.uk\/wp-content\/uploads\/2016\/10\/ATS502-Y-Yellow-Easyspray-Upgrade-Kit.jpg'><img loading=\"lazy\" decoding=\"async\" aria-describedby=\"mla_gallery-1-4969\" width=\"495\" height=\"400\" src=\"https:\/\/ambic.co.uk\/wp-content\/uploads\/2016\/10\/ATS502-Y-Yellow-Easyspray-Upgrade-Kit-495x400.jpg\" class=\"attachment-portfolio size-portfolio\" alt=\"\" srcset=\"https:\/\/ambic.co.uk\/wp-content\/uploads\/2016\/10\/ATS502-Y-Yellow-Easyspray-Upgrade-Kit-495x400.jpg 495w, https:\/\/ambic.co.uk\/wp-content\/uploads\/2016\/10\/ATS502-Y-Yellow-Easyspray-Upgrade-Kit-845x684.jpg 845w\" sizes=\"auto, (max-width: 495px) 100vw, 495px\" \/><\/a>\r\n\t<\/dt>\r\n\t<dd class='wp-caption-text gallery-caption' id='mla_gallery-1-4969'>\n\tATS502-Y Yellow EasySpray Upgrade Kit<br>Size: 1.690 MB\n\t<\/dd><\/dl><br style=\"clear: both\" \/>\r\n<!-- row-open -->\r\n<dl class='gallery-item '>\r\n\t<dt class='gallery-icon landscape'>\r\n\t\t<a target=\"_blank\" href='https:\/\/ambic.co.uk\/wp-content\/uploads\/2016\/10\/ATS502-3SP-Easyspray-Upgrade-Kit.jpg'><img loading=\"lazy\" decoding=\"async\" aria-describedby=\"mla_gallery-1-4966\" width=\"495\" height=\"400\" src=\"https:\/\/ambic.co.uk\/wp-content\/uploads\/2016\/10\/ATS502-3SP-Easyspray-Upgrade-Kit-495x400.jpg\" class=\"attachment-portfolio size-portfolio\" alt=\"\" srcset=\"https:\/\/ambic.co.uk\/wp-content\/uploads\/2016\/10\/ATS502-3SP-Easyspray-Upgrade-Kit-495x400.jpg 495w, https:\/\/ambic.co.uk\/wp-content\/uploads\/2016\/10\/ATS502-3SP-Easyspray-Upgrade-Kit-845x684.jpg 845w\" sizes=\"auto, (max-width: 495px) 100vw, 495px\" \/><\/a>\r\n\t<\/dt>\r\n\t<dd class='wp-caption-text gallery-caption' id='mla_gallery-1-4966'>\n\tATS502-3SP EasySpray Upgrade Kit<br>Size: 1.149 MB\n\t<\/dd><\/dl><dl class='gallery-item '>\r\n\t<dt class='gallery-icon landscape'>\r\n\t\t<a target=\"_blank\" href='https:\/\/ambic.co.uk\/wp-content\/uploads\/2016\/10\/ATS502-2-Extended-Lever-Gun-with-Solid-Cone-Nozzle.jpg'><img loading=\"lazy\" decoding=\"async\" aria-describedby=\"mla_gallery-1-4963\" width=\"495\" height=\"400\" src=\"https:\/\/ambic.co.uk\/wp-content\/uploads\/2016\/10\/ATS502-2-Extended-Lever-Gun-with-Solid-Cone-Nozzle-495x400.jpg\" class=\"attachment-portfolio size-portfolio\" alt=\"\" srcset=\"https:\/\/ambic.co.uk\/wp-content\/uploads\/2016\/10\/ATS502-2-Extended-Lever-Gun-with-Solid-Cone-Nozzle-495x400.jpg 495w, https:\/\/ambic.co.uk\/wp-content\/uploads\/2016\/10\/ATS502-2-Extended-Lever-Gun-with-Solid-Cone-Nozzle-845x684.jpg 845w\" sizes=\"auto, (max-width: 495px) 100vw, 495px\" \/><\/a>\r\n\t<\/dt>\r\n\t<dd class='wp-caption-text gallery-caption' id='mla_gallery-1-4963'>\n\tATS502-2 Extended Lever Gun with Solid Cone Nozzle<br>Size: 1.308 MB\n\t<\/dd><\/dl><dl class='gallery-item last_in_row'>\r\n\t<dt class='gallery-icon landscape'>\r\n\t\t<a target=\"_blank\" href='https:\/\/ambic.co.uk\/wp-content\/uploads\/2016\/10\/ATS502-Extended-Lever-Gun-with-Solid-Cone-Nozzle.jpg'><img loading=\"lazy\" decoding=\"async\" aria-describedby=\"mla_gallery-1-4960\" width=\"495\" height=\"400\" src=\"https:\/\/ambic.co.uk\/wp-content\/uploads\/2016\/10\/ATS502-Extended-Lever-Gun-with-Solid-Cone-Nozzle-495x400.jpg\" class=\"attachment-portfolio size-portfolio\" alt=\"\" srcset=\"https:\/\/ambic.co.uk\/wp-content\/uploads\/2016\/10\/ATS502-Extended-Lever-Gun-with-Solid-Cone-Nozzle-495x400.jpg 495w, https:\/\/ambic.co.uk\/wp-content\/uploads\/2016\/10\/ATS502-Extended-Lever-Gun-with-Solid-Cone-Nozzle-845x684.jpg 845w\" sizes=\"auto, (max-width: 495px) 100vw, 495px\" \/><\/a>\r\n\t<\/dt>\r\n\t<dd class='wp-caption-text gallery-caption' id='mla_gallery-1-4960'>\n\tATS502 Extended Lever Gun with Solid Cone Nozzle<br>Size: 1.079 MB\n\t<\/dd><\/dl><br style=\"clear: both\" \/>\r\n<!-- row-open -->\r\n<dl class='gallery-item '>\r\n\t<dt class='gallery-icon landscape'>\r\n\t\t<a target=\"_blank\" href='https:\/\/ambic.co.uk\/wp-content\/uploads\/2016\/10\/ATS439-Classic-Gun-Lever-Trigger-Ambic.jpg'><img loading=\"lazy\" decoding=\"async\" aria-describedby=\"mla_gallery-1-4906\" width=\"495\" height=\"400\" src=\"https:\/\/ambic.co.uk\/wp-content\/uploads\/2016\/10\/ATS439-Classic-Gun-Lever-Trigger-Ambic-495x400.jpg\" class=\"attachment-portfolio size-portfolio\" alt=\"\" srcset=\"https:\/\/ambic.co.uk\/wp-content\/uploads\/2016\/10\/ATS439-Classic-Gun-Lever-Trigger-Ambic-495x400.jpg 495w, https:\/\/ambic.co.uk\/wp-content\/uploads\/2016\/10\/ATS439-Classic-Gun-Lever-Trigger-Ambic-845x684.jpg 845w\" sizes=\"auto, (max-width: 495px) 100vw, 495px\" \/><\/a>\r\n\t<\/dt>\r\n\t<dd class='wp-caption-text gallery-caption' id='mla_gallery-1-4906'>\n\tATS439 Classic Gun Lever Trigger Ambic<br>Size: 1.006 MB\n\t<\/dd><\/dl><dl class='gallery-item '>\r\n\t<dt class='gallery-icon landscape'>\r\n\t\t<a target=\"_blank\" href='https:\/\/ambic.co.uk\/wp-content\/uploads\/2016\/10\/AJS2415-5-Solid-Cone-Nozzle-pack-of-5.jpg'><img loading=\"lazy\" decoding=\"async\" aria-describedby=\"mla_gallery-1-4759\" width=\"495\" height=\"400\" src=\"https:\/\/ambic.co.uk\/wp-content\/uploads\/2016\/10\/AJS2415-5-Solid-Cone-Nozzle-pack-of-5-495x400.jpg\" class=\"attachment-portfolio size-portfolio\" alt=\"\" srcset=\"https:\/\/ambic.co.uk\/wp-content\/uploads\/2016\/10\/AJS2415-5-Solid-Cone-Nozzle-pack-of-5-495x400.jpg 495w, https:\/\/ambic.co.uk\/wp-content\/uploads\/2016\/10\/AJS2415-5-Solid-Cone-Nozzle-pack-of-5-845x684.jpg 845w\" sizes=\"auto, (max-width: 495px) 100vw, 495px\" \/><\/a>\r\n\t<\/dt>\r\n\t<dd class='wp-caption-text gallery-caption' id='mla_gallery-1-4759'>\n\tAJS2415-5 Solid Cone Nozzle Pack of 5<br>Size: 1.242 MB\n\t<\/dd><\/dl><dl class='gallery-item last_in_row'>\r\n\t<dt class='gallery-icon portrait'>\r\n\t\t<a target=\"_blank\" href='https:\/\/ambic.co.uk\/wp-content\/uploads\/2016\/10\/AJS2415-Solid-Cone-Nozzle.jpg'><img loading=\"lazy\" decoding=\"async\" aria-describedby=\"mla_gallery-1-4756\" width=\"495\" height=\"400\" src=\"https:\/\/ambic.co.uk\/wp-content\/uploads\/2016\/10\/AJS2415-Solid-Cone-Nozzle-495x400.jpg\" class=\"attachment-portfolio size-portfolio\" alt=\"\" srcset=\"https:\/\/ambic.co.uk\/wp-content\/uploads\/2016\/10\/AJS2415-Solid-Cone-Nozzle-495x400.jpg 495w, https:\/\/ambic.co.uk\/wp-content\/uploads\/2016\/10\/AJS2415-Solid-Cone-Nozzle-845x684.jpg 845w\" sizes=\"auto, (max-width: 495px) 100vw, 495px\" \/><\/a>\r\n\t<\/dt>\r\n\t<dd class='wp-caption-text gallery-caption' id='mla_gallery-1-4756'>\n\tAJS2415 Solid Cone Nozzle<br>Size: 1.196 MB\n\t<\/dd><\/dl><br style=\"clear: both\" \/>\r\n<\/div>\r\n\n<\/div><\/section><\/p><\/div>\n","protected":false},"excerpt":{"rendered":"","protected":false},"author":2,"featured_media":0,"parent":2557,"menu_order":0,"comment_status":"closed","ping_status":"closed","template":"","meta":{"_acf_changed":false,"footnotes":""},"class_list":["post-2663","page","type-page","status-publish","hentry"],"acf":[],"yoast_head":"<!-- This site is optimized with the Yoast SEO plugin v27.4 - https:\/\/yoast.com\/product\/yoast-seo-wordpress\/ -->\n<title>Image Gallery: Teat Spraying | EasySpray Gun | AMBIC Equipment Ltd UK<\/title>\n<meta name=\"robots\" content=\"index, follow, max-snippet:-1, max-image-preview:large, max-video-preview:-1\" \/>\n<link rel=\"canonical\" href=\"https:\/\/ambic.co.uk\/de\/image-gallery\/teat-spraying\/easyspray-gun\/\" \/>\n<meta property=\"og:locale\" content=\"de_DE\" \/>\n<meta property=\"og:type\" content=\"article\" \/>\n<meta property=\"og:title\" content=\"Image Gallery: Teat Spraying | EasySpray Gun | AMBIC Equipment Ltd UK\" \/>\n<meta property=\"og:url\" content=\"https:\/\/ambic.co.uk\/de\/image-gallery\/teat-spraying\/easyspray-gun\/\" \/>\n<meta property=\"og:site_name\" content=\"AMBIC Equipment Ltd UK\" \/>\n<meta property=\"article:modified_time\" content=\"2022-12-09T10:52:04+00:00\" \/>\n<meta name=\"twitter:card\" content=\"summary_large_image\" \/>\n<meta name=\"twitter:site\" content=\"@ambicequipment\" \/>\n<meta name=\"twitter:label1\" content=\"Gesch\u00e4tzte Lesezeit\" \/>\n\t<meta name=\"twitter:data1\" content=\"1 Minute\" \/>\n<script type=\"application\/ld+json\" class=\"yoast-schema-graph\">{\"@context\":\"https:\\\/\\\/schema.org\",\"@graph\":[{\"@type\":\"WebPage\",\"@id\":\"https:\\\/\\\/ambic.co.uk\\\/de\\\/image-gallery\\\/teat-spraying\\\/easyspray-gun\\\/\",\"url\":\"https:\\\/\\\/ambic.co.uk\\\/de\\\/image-gallery\\\/teat-spraying\\\/easyspray-gun\\\/\",\"name\":\"Image Gallery: Teat Spraying | EasySpray Gun | AMBIC Equipment Ltd UK\",\"isPartOf\":{\"@id\":\"https:\\\/\\\/ambic.co.uk\\\/#website\"},\"datePublished\":\"2016-10-24T10:50:26+00:00\",\"dateModified\":\"2022-12-09T10:52:04+00:00\",\"breadcrumb\":{\"@id\":\"https:\\\/\\\/ambic.co.uk\\\/de\\\/image-gallery\\\/teat-spraying\\\/easyspray-gun\\\/#breadcrumb\"},\"inLanguage\":\"de-DE\",\"potentialAction\":[{\"@type\":\"ReadAction\",\"target\":[\"https:\\\/\\\/ambic.co.uk\\\/de\\\/image-gallery\\\/teat-spraying\\\/easyspray-gun\\\/\"]}]},{\"@type\":\"BreadcrumbList\",\"@id\":\"https:\\\/\\\/ambic.co.uk\\\/de\\\/image-gallery\\\/teat-spraying\\\/easyspray-gun\\\/#breadcrumb\",\"itemListElement\":[{\"@type\":\"ListItem\",\"position\":1,\"name\":\"Home\",\"item\":\"https:\\\/\\\/ambic.co.uk\\\/de\\\/home\\\/\"},{\"@type\":\"ListItem\",\"position\":2,\"name\":\"Image Gallery\",\"item\":\"https:\\\/\\\/ambic.co.uk\\\/de\\\/image-gallery\\\/\"},{\"@type\":\"ListItem\",\"position\":3,\"name\":\"Image Gallery: Teat Spraying\",\"item\":\"https:\\\/\\\/ambic.co.uk\\\/de\\\/image-gallery\\\/teat-spraying\\\/\"},{\"@type\":\"ListItem\",\"position\":4,\"name\":\"Image Gallery: Teat Spraying | EasySpray Gun\"}]},{\"@type\":\"WebSite\",\"@id\":\"https:\\\/\\\/ambic.co.uk\\\/#website\",\"url\":\"https:\\\/\\\/ambic.co.uk\\\/\",\"name\":\"AMBIC Equipment Ltd UK\",\"description\":\"AMBIC Equipment Ltd UK\",\"publisher\":{\"@id\":\"https:\\\/\\\/ambic.co.uk\\\/#organization\"},\"potentialAction\":[{\"@type\":\"SearchAction\",\"target\":{\"@type\":\"EntryPoint\",\"urlTemplate\":\"https:\\\/\\\/ambic.co.uk\\\/?s={search_term_string}\"},\"query-input\":{\"@type\":\"PropertyValueSpecification\",\"valueRequired\":true,\"valueName\":\"search_term_string\"}}],\"inLanguage\":\"de-DE\"},{\"@type\":\"Organization\",\"@id\":\"https:\\\/\\\/ambic.co.uk\\\/#organization\",\"name\":\"Ambic Equipment\",\"url\":\"https:\\\/\\\/ambic.co.uk\\\/\",\"logo\":{\"@type\":\"ImageObject\",\"inLanguage\":\"de-DE\",\"@id\":\"https:\\\/\\\/ambic.co.uk\\\/#\\\/schema\\\/logo\\\/image\\\/\",\"url\":\"https:\\\/\\\/ambic.co.uk\\\/wp-content\\\/uploads\\\/2016\\\/07\\\/ambic-logo-blue.png\",\"contentUrl\":\"https:\\\/\\\/ambic.co.uk\\\/wp-content\\\/uploads\\\/2016\\\/07\\\/ambic-logo-blue.png\",\"width\":803,\"height\":120,\"caption\":\"Ambic Equipment\"},\"image\":{\"@id\":\"https:\\\/\\\/ambic.co.uk\\\/#\\\/schema\\\/logo\\\/image\\\/\"},\"sameAs\":[\"https:\\\/\\\/x.com\\\/ambicequipment\",\"http:\\\/\\\/ambicequipment\"]}]}<\/script>\n<!-- \/ Yoast SEO plugin. -->","yoast_head_json":{"title":"Image Gallery: Teat Spraying | EasySpray Gun | AMBIC Equipment Ltd UK","robots":{"index":"index","follow":"follow","max-snippet":"max-snippet:-1","max-image-preview":"max-image-preview:large","max-video-preview":"max-video-preview:-1"},"canonical":"https:\/\/ambic.co.uk\/de\/image-gallery\/teat-spraying\/easyspray-gun\/","og_locale":"de_DE","og_type":"article","og_title":"Image Gallery: Teat Spraying | EasySpray Gun | AMBIC Equipment Ltd UK","og_url":"https:\/\/ambic.co.uk\/de\/image-gallery\/teat-spraying\/easyspray-gun\/","og_site_name":"AMBIC Equipment Ltd UK","article_modified_time":"2022-12-09T10:52:04+00:00","twitter_card":"summary_large_image","twitter_site":"@ambicequipment","twitter_misc":{"Gesch\u00e4tzte Lesezeit":"1 Minute"},"schema":{"@context":"https:\/\/schema.org","@graph":[{"@type":"WebPage","@id":"https:\/\/ambic.co.uk\/de\/image-gallery\/teat-spraying\/easyspray-gun\/","url":"https:\/\/ambic.co.uk\/de\/image-gallery\/teat-spraying\/easyspray-gun\/","name":"Image Gallery: Teat Spraying | EasySpray Gun | AMBIC Equipment Ltd UK","isPartOf":{"@id":"https:\/\/ambic.co.uk\/#website"},"datePublished":"2016-10-24T10:50:26+00:00","dateModified":"2022-12-09T10:52:04+00:00","breadcrumb":{"@id":"https:\/\/ambic.co.uk\/de\/image-gallery\/teat-spraying\/easyspray-gun\/#breadcrumb"},"inLanguage":"de-DE","potentialAction":[{"@type":"ReadAction","target":["https:\/\/ambic.co.uk\/de\/image-gallery\/teat-spraying\/easyspray-gun\/"]}]},{"@type":"BreadcrumbList","@id":"https:\/\/ambic.co.uk\/de\/image-gallery\/teat-spraying\/easyspray-gun\/#breadcrumb","itemListElement":[{"@type":"ListItem","position":1,"name":"Home","item":"https:\/\/ambic.co.uk\/de\/home\/"},{"@type":"ListItem","position":2,"name":"Image Gallery","item":"https:\/\/ambic.co.uk\/de\/image-gallery\/"},{"@type":"ListItem","position":3,"name":"Image Gallery: Teat Spraying","item":"https:\/\/ambic.co.uk\/de\/image-gallery\/teat-spraying\/"},{"@type":"ListItem","position":4,"name":"Image Gallery: Teat Spraying | EasySpray Gun"}]},{"@type":"WebSite","@id":"https:\/\/ambic.co.uk\/#website","url":"https:\/\/ambic.co.uk\/","name":"AMBIC Equipment Ltd UK","description":"AMBIC Equipment Ltd UK","publisher":{"@id":"https:\/\/ambic.co.uk\/#organization"},"potentialAction":[{"@type":"SearchAction","target":{"@type":"EntryPoint","urlTemplate":"https:\/\/ambic.co.uk\/?s={search_term_string}"},"query-input":{"@type":"PropertyValueSpecification","valueRequired":true,"valueName":"search_term_string"}}],"inLanguage":"de-DE"},{"@type":"Organization","@id":"https:\/\/ambic.co.uk\/#organization","name":"Ambic Equipment","url":"https:\/\/ambic.co.uk\/","logo":{"@type":"ImageObject","inLanguage":"de-DE","@id":"https:\/\/ambic.co.uk\/#\/schema\/logo\/image\/","url":"https:\/\/ambic.co.uk\/wp-content\/uploads\/2016\/07\/ambic-logo-blue.png","contentUrl":"https:\/\/ambic.co.uk\/wp-content\/uploads\/2016\/07\/ambic-logo-blue.png","width":803,"height":120,"caption":"Ambic Equipment"},"image":{"@id":"https:\/\/ambic.co.uk\/#\/schema\/logo\/image\/"},"sameAs":["https:\/\/x.com\/ambicequipment","http:\/\/ambicequipment"]}]}},"_links":{"self":[{"href":"https:\/\/ambic.co.uk\/de\/wp-json\/wp\/v2\/pages\/2663","targetHints":{"allow":["GET"]}}],"collection":[{"href":"https:\/\/ambic.co.uk\/de\/wp-json\/wp\/v2\/pages"}],"about":[{"href":"https:\/\/ambic.co.uk\/de\/wp-json\/wp\/v2\/types\/page"}],"author":[{"embeddable":true,"href":"https:\/\/ambic.co.uk\/de\/wp-json\/wp\/v2\/users\/2"}],"replies":[{"embeddable":true,"href":"https:\/\/ambic.co.uk\/de\/wp-json\/wp\/v2\/comments?post=2663"}],"version-history":[{"count":0,"href":"https:\/\/ambic.co.uk\/de\/wp-json\/wp\/v2\/pages\/2663\/revisions"}],"up":[{"embeddable":true,"href":"https:\/\/ambic.co.uk\/de\/wp-json\/wp\/v2\/pages\/2557"}],"wp:attachment":[{"href":"https:\/\/ambic.co.uk\/de\/wp-json\/wp\/v2\/media?parent=2663"}],"curies":[{"name":"wp","href":"https:\/\/api.w.org\/{rel}","templated":true}]}}