{"id":2748,"date":"2016-10-25T09:06:52","date_gmt":"2016-10-25T09:06:52","guid":{"rendered":"http:\/\/ambicmain.wpengine.com\/vision-16-mastitis-detection\/"},"modified":"2022-12-09T11:02:15","modified_gmt":"2022-12-09T11:02:15","slug":"vision-16-mastitis-detection","status":"publish","type":"page","link":"https:\/\/ambic.co.uk\/de\/image-gallery\/mastitis-detection\/vision-16-mastitis-detection\/","title":{"rendered":"Image Gallery: Mastitis Detection | Vision 16 Mastitis Detection"},"content":{"rendered":"\n<style type=\"text\/css\" data-created_by=\"avia_inline_auto\" id=\"style-css-av-av_section-4f564077d15b429ddb3fc4a5e4f8defe\">\n.avia-section.av-av_section-4f564077d15b429ddb3fc4a5e4f8defe{\nbackground-color:#0067a5;\nbackground-image:unset;\n}\n<\/style>\n<div id='av_section_1'  class='avia-section av-av_section-4f564077d15b429ddb3fc4a5e4f8defe main_color avia-section-default avia-no-border-styling  avia-builder-el-0  el_before_av_one_full  avia-builder-el-first  avia-bg-style-scroll container_wrap sidebar_right'  ><div class='container av-section-cont-open' ><main  role=\"main\" itemprop=\"mainContentOfPage\"  class='template-page content  av-content-small alpha units'><div class='post-entry post-entry-type-page post-entry-2748'><div class='entry-content-wrapper clearfix'>\n\n<style type=\"text\/css\" data-created_by=\"avia_inline_auto\" id=\"style-css-av-av_heading-22a089ecd548e53e544030916f9a10ad\">\n#top .av-special-heading.av-av_heading-22a089ecd548e53e544030916f9a10ad{\npadding-bottom:0;\ncolor:#ffffff;\nfont-size:72px;\n}\nbody .av-special-heading.av-av_heading-22a089ecd548e53e544030916f9a10ad .av-special-heading-tag .heading-char{\nfont-size:25px;\n}\n#top #wrap_all .av-special-heading.av-av_heading-22a089ecd548e53e544030916f9a10ad .av-special-heading-tag{\nfont-size:72px;\n}\n.av-special-heading.av-av_heading-22a089ecd548e53e544030916f9a10ad .special-heading-inner-border{\nborder-color:#ffffff;\n}\n.av-special-heading.av-av_heading-22a089ecd548e53e544030916f9a10ad .av-subheading{\nfont-size:20px;\n}\n\n@media only screen and (min-width: 480px) and (max-width: 767px){ \n#top #wrap_all .av-special-heading.av-av_heading-22a089ecd548e53e544030916f9a10ad .av-special-heading-tag{\nfont-size:0.8em;\n}\n}\n\n@media only screen and (max-width: 479px){ \n#top #wrap_all .av-special-heading.av-av_heading-22a089ecd548e53e544030916f9a10ad .av-special-heading-tag{\nfont-size:0.8em;\n}\n}\n<\/style>\n<div  class='av-special-heading av-av_heading-22a089ecd548e53e544030916f9a10ad av-special-heading-h2 custom-color-heading blockquote modern-quote  avia-builder-el-1  avia-builder-el-no-sibling  av-inherit-size'><h2 class='av-special-heading-tag '  itemprop=\"headline\"  >Vision 16 Mastitis Kontrolle<\/h2><div class='av_custom_color av-subheading av-subheading_below'><p>Fotogalerie<\/p>\n<\/div><div class=\"special-heading-border\"><div class=\"special-heading-inner-border\"><\/div><\/div><\/div>\n<\/div><\/div><\/main><!-- close content main element --><\/div><\/div><div id='after_section_1'  class='main_color av_default_container_wrap container_wrap sidebar_right'  ><div class='container av-section-cont-open' ><div class='template-page content  av-content-small alpha units'><div class='post-entry post-entry-type-page post-entry-2748'><div class='entry-content-wrapper clearfix'>\n\n<style type=\"text\/css\" data-created_by=\"avia_inline_auto\" id=\"style-css-av-av_one_full-6126cab7d8fab8d08143dd2dacdf673c\">\n.flex_column.av-av_one_full-6126cab7d8fab8d08143dd2dacdf673c{\nborder-radius:0px 0px 0px 0px;\npadding:0px 0px 0px 0px;\n}\n<\/style>\n<div  class='flex_column av-av_one_full-6126cab7d8fab8d08143dd2dacdf673c av_one_full  avia-builder-el-2  el_after_av_section  avia-builder-el-no-sibling  first flex_column_div av-zero-column-padding  '     ><p><section  class='av_textblock_section av-av_textblock-0366cc7376be6c9e82a3e9cc8987b64f '   itemscope=\"itemscope\" itemtype=\"https:\/\/schema.org\/CreativeWork\" ><div class='avia_textblock'  itemprop=\"text\" ><p>Alle diese Bilder stehen Ihnen zur Verf\u00fcgung, als hochaufl\u00f6sende Bildnisse zu laden. Klicken Sie irgendein von den Bildern, warten Sie bis das hochaufl\u00f6sende Bildnis erschienen ist. Recht Klicken auf dem Bildnis (PC) oder Klicken und Halten (Mac), dann Laden oder Speichern ausw\u00e4hlen.<\/p>\n<\/div><\/section><br \/>\n<div  class='hr av-av_hr-dcd2069817a0e3d34ae04cad8f3443c7 hr-default  avia-builder-el-4  el_after_av_textblock  el_before_av_textblock '><span class='hr-inner '><span class=\"hr-inner-style\"><\/span><\/span><\/div><br \/>\n<section  class='av_textblock_section av-lbgef6vd-76963b85af75800d694b7bfb6e155dc6 '   itemscope=\"itemscope\" itemtype=\"https:\/\/schema.org\/CreativeWork\" ><div class='avia_textblock'  itemprop=\"text\" ><style type='text\/css'>\r\n\t#mla_gallery-1 {\r\n\t\tmargin: auto;\r\n\t\twidth: 100%;\r\n\t}\r\n\t#mla_gallery-1 .gallery-item {\r\n\t\tfloat: none;\r\n\t\tmargin: 1.5%;\r\n\t\tdisplay: inline-block;\r\n\t\ttext-align: center;\r\n\t\twidth: 200px;\r\n\t}\r\n\t#mla_gallery-1 .gallery-item .gallery-icon img {\r\n\t\tborder: 2px solid #cfcfcf;\r\n\t}\r\n\t#mla_gallery-1 .gallery-caption {\r\n\t\tmargin-left: 0;\r\n\t\tvertical-align: top;\r\n\t}\r\n<\/style>\r\n<div id='mla_gallery-1' class='gallery galleryid-2748 gallery-columns-3 gallery-size-portfolio'>\r\n<!-- row-open -->\r\n<dl class='gallery-item '>\r\n\t<dt class='gallery-icon landscape'>\r\n\t\t<a target=\"_blank\" href='https:\/\/ambic.co.uk\/wp-content\/uploads\/2016\/10\/Mastitis-Detector-in-Milk-Line.jpg'><img loading=\"lazy\" decoding=\"async\" aria-describedby=\"mla_gallery-1-5827\" width=\"495\" height=\"400\" src=\"https:\/\/ambic.co.uk\/wp-content\/uploads\/2016\/10\/Mastitis-Detector-in-Milk-Line-495x400.jpg\" class=\"attachment-portfolio size-portfolio\" alt=\"\" srcset=\"https:\/\/ambic.co.uk\/wp-content\/uploads\/2016\/10\/Mastitis-Detector-in-Milk-Line-495x400.jpg 495w, https:\/\/ambic.co.uk\/wp-content\/uploads\/2016\/10\/Mastitis-Detector-in-Milk-Line-845x684.jpg 845w\" sizes=\"auto, (max-width: 495px) 100vw, 495px\" \/><\/a>\r\n\t<\/dt>\r\n\t<dd class='wp-caption-text gallery-caption' id='mla_gallery-1-5827'>\n\tMastitis Detector in Milk Line<br>Size: 1.505 MB\n\t<\/dd><\/dl><dl class='gallery-item '>\r\n\t<dt class='gallery-icon portrait'>\r\n\t\t<a target=\"_blank\" href='https:\/\/ambic.co.uk\/wp-content\/uploads\/2016\/10\/Mastitis-Clots.jpg'><img loading=\"lazy\" decoding=\"async\" aria-describedby=\"mla_gallery-1-5824\" width=\"495\" height=\"400\" src=\"https:\/\/ambic.co.uk\/wp-content\/uploads\/2016\/10\/Mastitis-Clots-495x400.jpg\" class=\"attachment-portfolio size-portfolio\" alt=\"\" srcset=\"https:\/\/ambic.co.uk\/wp-content\/uploads\/2016\/10\/Mastitis-Clots-495x400.jpg 495w, https:\/\/ambic.co.uk\/wp-content\/uploads\/2016\/10\/Mastitis-Clots-845x684.jpg 845w\" sizes=\"auto, (max-width: 495px) 100vw, 495px\" \/><\/a>\r\n\t<\/dt>\r\n\t<dd class='wp-caption-text gallery-caption' id='mla_gallery-1-5824'>\n\tMastitis Clots<br>Size: 0.598 MB\n\t<\/dd><\/dl><dl class='gallery-item last_in_row'>\r\n\t<dt class='gallery-icon landscape'>\r\n\t\t<a target=\"_blank\" href='https:\/\/ambic.co.uk\/wp-content\/uploads\/2016\/10\/AV2004-16-Vision-Mastitis-Detector-O-Rings-Pack-of-6.jpg'><img loading=\"lazy\" decoding=\"async\" aria-describedby=\"mla_gallery-1-5821\" width=\"495\" height=\"400\" src=\"https:\/\/ambic.co.uk\/wp-content\/uploads\/2016\/10\/AV2004-16-Vision-Mastitis-Detector-O-Rings-Pack-of-6-495x400.jpg\" class=\"attachment-portfolio size-portfolio\" alt=\"\" srcset=\"https:\/\/ambic.co.uk\/wp-content\/uploads\/2016\/10\/AV2004-16-Vision-Mastitis-Detector-O-Rings-Pack-of-6-495x400.jpg 495w, https:\/\/ambic.co.uk\/wp-content\/uploads\/2016\/10\/AV2004-16-Vision-Mastitis-Detector-O-Rings-Pack-of-6-845x684.jpg 845w\" sizes=\"auto, (max-width: 495px) 100vw, 495px\" \/><\/a>\r\n\t<\/dt>\r\n\t<dd class='wp-caption-text gallery-caption' id='mla_gallery-1-5821'>\n\tAV2004-16 Vision Mastitis Detector O Rings Pack of 6<br>Size: 1.112 MB\n\t<\/dd><\/dl><br style=\"clear: both\" \/>\r\n<!-- row-open -->\r\n<dl class='gallery-item '>\r\n\t<dt class='gallery-icon landscape'>\r\n\t\t<a target=\"_blank\" href='https:\/\/ambic.co.uk\/wp-content\/uploads\/2016\/10\/AV2003-16-Vision-Mastitis-Detector-Transparent-Body.jpg'><img loading=\"lazy\" decoding=\"async\" aria-describedby=\"mla_gallery-1-5818\" width=\"495\" height=\"400\" src=\"https:\/\/ambic.co.uk\/wp-content\/uploads\/2016\/10\/AV2003-16-Vision-Mastitis-Detector-Transparent-Body-495x400.jpg\" class=\"attachment-portfolio size-portfolio\" alt=\"\" srcset=\"https:\/\/ambic.co.uk\/wp-content\/uploads\/2016\/10\/AV2003-16-Vision-Mastitis-Detector-Transparent-Body-495x400.jpg 495w, https:\/\/ambic.co.uk\/wp-content\/uploads\/2016\/10\/AV2003-16-Vision-Mastitis-Detector-Transparent-Body-845x684.jpg 845w\" sizes=\"auto, (max-width: 495px) 100vw, 495px\" \/><\/a>\r\n\t<\/dt>\r\n\t<dd class='wp-caption-text gallery-caption' id='mla_gallery-1-5818'>\n\tAV2003-16 Vision Mastitis Detector Transparent Body<br>Size: 1.408 MB\n\t<\/dd><\/dl><dl class='gallery-item '>\r\n\t<dt class='gallery-icon landscape'>\r\n\t\t<a target=\"_blank\" href='https:\/\/ambic.co.uk\/wp-content\/uploads\/2016\/10\/AV2002-16-Vision-Mastitis-Detector-Screens-Pack-of-2.jpg'><img loading=\"lazy\" decoding=\"async\" aria-describedby=\"mla_gallery-1-5815\" width=\"495\" height=\"400\" src=\"https:\/\/ambic.co.uk\/wp-content\/uploads\/2016\/10\/AV2002-16-Vision-Mastitis-Detector-Screens-Pack-of-2-495x400.jpg\" class=\"attachment-portfolio size-portfolio\" alt=\"\" srcset=\"https:\/\/ambic.co.uk\/wp-content\/uploads\/2016\/10\/AV2002-16-Vision-Mastitis-Detector-Screens-Pack-of-2-495x400.jpg 495w, https:\/\/ambic.co.uk\/wp-content\/uploads\/2016\/10\/AV2002-16-Vision-Mastitis-Detector-Screens-Pack-of-2-845x684.jpg 845w\" sizes=\"auto, (max-width: 495px) 100vw, 495px\" \/><\/a>\r\n\t<\/dt>\r\n\t<dd class='wp-caption-text gallery-caption' id='mla_gallery-1-5815'>\n\tAV2002-16 Vision Mastitis Detector Screens Pack of 2<br>Size: 1.156 MB\n\t<\/dd><\/dl><dl class='gallery-item last_in_row'>\r\n\t<dt class='gallery-icon landscape'>\r\n\t\t<a target=\"_blank\" href='https:\/\/ambic.co.uk\/wp-content\/uploads\/2016\/10\/AV2001-16-Vision-Single.jpg'><img loading=\"lazy\" decoding=\"async\" aria-describedby=\"mla_gallery-1-5812\" width=\"495\" height=\"400\" src=\"https:\/\/ambic.co.uk\/wp-content\/uploads\/2016\/10\/AV2001-16-Vision-Single-495x400.jpg\" class=\"attachment-portfolio size-portfolio\" alt=\"\" srcset=\"https:\/\/ambic.co.uk\/wp-content\/uploads\/2016\/10\/AV2001-16-Vision-Single-495x400.jpg 495w, https:\/\/ambic.co.uk\/wp-content\/uploads\/2016\/10\/AV2001-16-Vision-Single-845x684.jpg 845w\" sizes=\"auto, (max-width: 495px) 100vw, 495px\" \/><\/a>\r\n\t<\/dt>\r\n\t<dd class='wp-caption-text gallery-caption' id='mla_gallery-1-5812'>\n\tAV2001-16 Vision Single<br>Size: 1.581 MB\n\t<\/dd><\/dl><br style=\"clear: both\" \/>\r\n<!-- row-open -->\r\n<dl class='gallery-item '>\r\n\t<dt class='gallery-icon landscape'>\r\n\t\t<a target=\"_blank\" href='https:\/\/ambic.co.uk\/wp-content\/uploads\/2016\/10\/AV2001-16-Vision-Single-Packed.jpg'><img loading=\"lazy\" decoding=\"async\" aria-describedby=\"mla_gallery-1-5809\" width=\"495\" height=\"400\" src=\"https:\/\/ambic.co.uk\/wp-content\/uploads\/2016\/10\/AV2001-16-Vision-Single-Packed-495x400.jpg\" class=\"attachment-portfolio size-portfolio\" alt=\"\" srcset=\"https:\/\/ambic.co.uk\/wp-content\/uploads\/2016\/10\/AV2001-16-Vision-Single-Packed-495x400.jpg 495w, https:\/\/ambic.co.uk\/wp-content\/uploads\/2016\/10\/AV2001-16-Vision-Single-Packed-845x684.jpg 845w\" sizes=\"auto, (max-width: 495px) 100vw, 495px\" \/><\/a>\r\n\t<\/dt>\r\n\t<dd class='wp-caption-text gallery-caption' id='mla_gallery-1-5809'>\n\tAV2001-16 Vision Single Packed<br>Size: 2.395 MB\n\t<\/dd><\/dl><dl class='gallery-item '>\r\n\t<dt class='gallery-icon landscape'>\r\n\t\t<a target=\"_blank\" href='https:\/\/ambic.co.uk\/wp-content\/uploads\/2016\/10\/AV2001-16-Showing-Mastitis-Clots.jpg'><img loading=\"lazy\" decoding=\"async\" aria-describedby=\"mla_gallery-1-5806\" width=\"495\" height=\"400\" src=\"https:\/\/ambic.co.uk\/wp-content\/uploads\/2016\/10\/AV2001-16-Showing-Mastitis-Clots-495x400.jpg\" class=\"attachment-portfolio size-portfolio\" alt=\"\" srcset=\"https:\/\/ambic.co.uk\/wp-content\/uploads\/2016\/10\/AV2001-16-Showing-Mastitis-Clots-495x400.jpg 495w, https:\/\/ambic.co.uk\/wp-content\/uploads\/2016\/10\/AV2001-16-Showing-Mastitis-Clots-845x684.jpg 845w\" sizes=\"auto, (max-width: 495px) 100vw, 495px\" \/><\/a>\r\n\t<\/dt>\r\n\t<dd class='wp-caption-text gallery-caption' id='mla_gallery-1-5806'>\n\tAV2001-16 Showing Mastitis Clots<br>Size: 2.029 MB\n\t<\/dd><\/dl><dl class='gallery-item last_in_row'>\r\n\t<dt class='gallery-icon landscape'>\r\n\t\t<a target=\"_blank\" href='https:\/\/ambic.co.uk\/wp-content\/uploads\/2016\/10\/AV2000-16-Vision-Mastitis-Detector-Pack-of-4.jpg'><img loading=\"lazy\" decoding=\"async\" aria-describedby=\"mla_gallery-1-5803\" width=\"495\" height=\"400\" src=\"https:\/\/ambic.co.uk\/wp-content\/uploads\/2016\/10\/AV2000-16-Vision-Mastitis-Detector-Pack-of-4-495x400.jpg\" class=\"attachment-portfolio size-portfolio\" alt=\"\" srcset=\"https:\/\/ambic.co.uk\/wp-content\/uploads\/2016\/10\/AV2000-16-Vision-Mastitis-Detector-Pack-of-4-495x400.jpg 495w, https:\/\/ambic.co.uk\/wp-content\/uploads\/2016\/10\/AV2000-16-Vision-Mastitis-Detector-Pack-of-4-845x684.jpg 845w\" sizes=\"auto, (max-width: 495px) 100vw, 495px\" \/><\/a>\r\n\t<\/dt>\r\n\t<dd class='wp-caption-text gallery-caption' id='mla_gallery-1-5803'>\n\tAV2000-16 Vision Mastitis Detector Pack of 4<br>Size: 2.126 MB\n\t<\/dd><\/dl><br style=\"clear: both\" \/>\r\n<!-- row-open -->\r\n<dl class='gallery-item '>\r\n\t<dt class='gallery-icon portrait'>\r\n\t\t<a target=\"_blank\" href='https:\/\/ambic.co.uk\/wp-content\/uploads\/2016\/10\/AV2000-16-Vision-Mastitis-Detector-Pack-of-4-Packed.jpg'><img loading=\"lazy\" decoding=\"async\" aria-describedby=\"mla_gallery-1-5800\" width=\"495\" height=\"400\" src=\"https:\/\/ambic.co.uk\/wp-content\/uploads\/2016\/10\/AV2000-16-Vision-Mastitis-Detector-Pack-of-4-Packed-495x400.jpg\" class=\"attachment-portfolio size-portfolio\" alt=\"\" srcset=\"https:\/\/ambic.co.uk\/wp-content\/uploads\/2016\/10\/AV2000-16-Vision-Mastitis-Detector-Pack-of-4-Packed-495x400.jpg 495w, https:\/\/ambic.co.uk\/wp-content\/uploads\/2016\/10\/AV2000-16-Vision-Mastitis-Detector-Pack-of-4-Packed-845x684.jpg 845w\" sizes=\"auto, (max-width: 495px) 100vw, 495px\" \/><\/a>\r\n\t<\/dt>\r\n\t<dd class='wp-caption-text gallery-caption' id='mla_gallery-1-5800'>\n\tAV2000-16 Vision Mastitis Detector Pack of 4 Packed<br>Size: 2.478 MB\n\t<\/dd><\/dl><br style=\"clear: both\" \/>\r\n<\/div>\r\n\n<\/div><\/section><\/p><\/div>\n","protected":false},"excerpt":{"rendered":"","protected":false},"author":2,"featured_media":0,"parent":2755,"menu_order":0,"comment_status":"closed","ping_status":"closed","template":"","meta":{"_acf_changed":false,"footnotes":""},"class_list":["post-2748","page","type-page","status-publish","hentry"],"acf":[],"yoast_head":"<!-- This site is optimized with the Yoast SEO plugin v27.4 - https:\/\/yoast.com\/product\/yoast-seo-wordpress\/ -->\n<title>Image Gallery: Mastitis Detection | Vision 16 Mastitis Detection | AMBIC Equipment Ltd UK<\/title>\n<meta name=\"robots\" content=\"index, follow, max-snippet:-1, max-image-preview:large, max-video-preview:-1\" \/>\n<link rel=\"canonical\" href=\"https:\/\/ambic.co.uk\/de\/image-gallery\/mastitis-detection\/vision-16-mastitis-detection\/\" \/>\n<meta property=\"og:locale\" content=\"de_DE\" \/>\n<meta property=\"og:type\" content=\"article\" \/>\n<meta property=\"og:title\" content=\"Image Gallery: Mastitis Detection | Vision 16 Mastitis Detection | AMBIC Equipment Ltd UK\" \/>\n<meta property=\"og:url\" content=\"https:\/\/ambic.co.uk\/de\/image-gallery\/mastitis-detection\/vision-16-mastitis-detection\/\" \/>\n<meta property=\"og:site_name\" content=\"AMBIC Equipment Ltd UK\" \/>\n<meta property=\"article:modified_time\" content=\"2022-12-09T11:02:15+00:00\" \/>\n<meta name=\"twitter:card\" content=\"summary_large_image\" \/>\n<meta name=\"twitter:site\" content=\"@ambicequipment\" \/>\n<meta name=\"twitter:label1\" content=\"Gesch\u00e4tzte Lesezeit\" \/>\n\t<meta name=\"twitter:data1\" content=\"1 Minute\" \/>\n<script type=\"application\/ld+json\" class=\"yoast-schema-graph\">{\"@context\":\"https:\\\/\\\/schema.org\",\"@graph\":[{\"@type\":\"WebPage\",\"@id\":\"https:\\\/\\\/ambic.co.uk\\\/de\\\/image-gallery\\\/mastitis-detection\\\/vision-16-mastitis-detection\\\/\",\"url\":\"https:\\\/\\\/ambic.co.uk\\\/de\\\/image-gallery\\\/mastitis-detection\\\/vision-16-mastitis-detection\\\/\",\"name\":\"Image Gallery: Mastitis Detection | Vision 16 Mastitis Detection | AMBIC Equipment Ltd UK\",\"isPartOf\":{\"@id\":\"https:\\\/\\\/ambic.co.uk\\\/#website\"},\"datePublished\":\"2016-10-25T09:06:52+00:00\",\"dateModified\":\"2022-12-09T11:02:15+00:00\",\"breadcrumb\":{\"@id\":\"https:\\\/\\\/ambic.co.uk\\\/de\\\/image-gallery\\\/mastitis-detection\\\/vision-16-mastitis-detection\\\/#breadcrumb\"},\"inLanguage\":\"de-DE\",\"potentialAction\":[{\"@type\":\"ReadAction\",\"target\":[\"https:\\\/\\\/ambic.co.uk\\\/de\\\/image-gallery\\\/mastitis-detection\\\/vision-16-mastitis-detection\\\/\"]}]},{\"@type\":\"BreadcrumbList\",\"@id\":\"https:\\\/\\\/ambic.co.uk\\\/de\\\/image-gallery\\\/mastitis-detection\\\/vision-16-mastitis-detection\\\/#breadcrumb\",\"itemListElement\":[{\"@type\":\"ListItem\",\"position\":1,\"name\":\"Home\",\"item\":\"https:\\\/\\\/ambic.co.uk\\\/de\\\/home\\\/\"},{\"@type\":\"ListItem\",\"position\":2,\"name\":\"Image Gallery\",\"item\":\"https:\\\/\\\/ambic.co.uk\\\/de\\\/image-gallery\\\/\"},{\"@type\":\"ListItem\",\"position\":3,\"name\":\"Image Gallery: Mastitis Detection\",\"item\":\"https:\\\/\\\/ambic.co.uk\\\/de\\\/image-gallery\\\/mastitis-detection\\\/\"},{\"@type\":\"ListItem\",\"position\":4,\"name\":\"Image Gallery: Mastitis Detection | Vision 16 Mastitis Detection\"}]},{\"@type\":\"WebSite\",\"@id\":\"https:\\\/\\\/ambic.co.uk\\\/#website\",\"url\":\"https:\\\/\\\/ambic.co.uk\\\/\",\"name\":\"AMBIC Equipment Ltd UK\",\"description\":\"AMBIC Equipment Ltd UK\",\"publisher\":{\"@id\":\"https:\\\/\\\/ambic.co.uk\\\/#organization\"},\"potentialAction\":[{\"@type\":\"SearchAction\",\"target\":{\"@type\":\"EntryPoint\",\"urlTemplate\":\"https:\\\/\\\/ambic.co.uk\\\/?s={search_term_string}\"},\"query-input\":{\"@type\":\"PropertyValueSpecification\",\"valueRequired\":true,\"valueName\":\"search_term_string\"}}],\"inLanguage\":\"de-DE\"},{\"@type\":\"Organization\",\"@id\":\"https:\\\/\\\/ambic.co.uk\\\/#organization\",\"name\":\"Ambic Equipment\",\"url\":\"https:\\\/\\\/ambic.co.uk\\\/\",\"logo\":{\"@type\":\"ImageObject\",\"inLanguage\":\"de-DE\",\"@id\":\"https:\\\/\\\/ambic.co.uk\\\/#\\\/schema\\\/logo\\\/image\\\/\",\"url\":\"https:\\\/\\\/ambic.co.uk\\\/wp-content\\\/uploads\\\/2016\\\/07\\\/ambic-logo-blue.png\",\"contentUrl\":\"https:\\\/\\\/ambic.co.uk\\\/wp-content\\\/uploads\\\/2016\\\/07\\\/ambic-logo-blue.png\",\"width\":803,\"height\":120,\"caption\":\"Ambic Equipment\"},\"image\":{\"@id\":\"https:\\\/\\\/ambic.co.uk\\\/#\\\/schema\\\/logo\\\/image\\\/\"},\"sameAs\":[\"https:\\\/\\\/x.com\\\/ambicequipment\",\"http:\\\/\\\/ambicequipment\"]}]}<\/script>\n<!-- \/ Yoast SEO plugin. -->","yoast_head_json":{"title":"Image Gallery: Mastitis Detection | Vision 16 Mastitis Detection | AMBIC Equipment Ltd UK","robots":{"index":"index","follow":"follow","max-snippet":"max-snippet:-1","max-image-preview":"max-image-preview:large","max-video-preview":"max-video-preview:-1"},"canonical":"https:\/\/ambic.co.uk\/de\/image-gallery\/mastitis-detection\/vision-16-mastitis-detection\/","og_locale":"de_DE","og_type":"article","og_title":"Image Gallery: Mastitis Detection | Vision 16 Mastitis Detection | AMBIC Equipment Ltd UK","og_url":"https:\/\/ambic.co.uk\/de\/image-gallery\/mastitis-detection\/vision-16-mastitis-detection\/","og_site_name":"AMBIC Equipment Ltd UK","article_modified_time":"2022-12-09T11:02:15+00:00","twitter_card":"summary_large_image","twitter_site":"@ambicequipment","twitter_misc":{"Gesch\u00e4tzte Lesezeit":"1 Minute"},"schema":{"@context":"https:\/\/schema.org","@graph":[{"@type":"WebPage","@id":"https:\/\/ambic.co.uk\/de\/image-gallery\/mastitis-detection\/vision-16-mastitis-detection\/","url":"https:\/\/ambic.co.uk\/de\/image-gallery\/mastitis-detection\/vision-16-mastitis-detection\/","name":"Image Gallery: Mastitis Detection | Vision 16 Mastitis Detection | AMBIC Equipment Ltd UK","isPartOf":{"@id":"https:\/\/ambic.co.uk\/#website"},"datePublished":"2016-10-25T09:06:52+00:00","dateModified":"2022-12-09T11:02:15+00:00","breadcrumb":{"@id":"https:\/\/ambic.co.uk\/de\/image-gallery\/mastitis-detection\/vision-16-mastitis-detection\/#breadcrumb"},"inLanguage":"de-DE","potentialAction":[{"@type":"ReadAction","target":["https:\/\/ambic.co.uk\/de\/image-gallery\/mastitis-detection\/vision-16-mastitis-detection\/"]}]},{"@type":"BreadcrumbList","@id":"https:\/\/ambic.co.uk\/de\/image-gallery\/mastitis-detection\/vision-16-mastitis-detection\/#breadcrumb","itemListElement":[{"@type":"ListItem","position":1,"name":"Home","item":"https:\/\/ambic.co.uk\/de\/home\/"},{"@type":"ListItem","position":2,"name":"Image Gallery","item":"https:\/\/ambic.co.uk\/de\/image-gallery\/"},{"@type":"ListItem","position":3,"name":"Image Gallery: Mastitis Detection","item":"https:\/\/ambic.co.uk\/de\/image-gallery\/mastitis-detection\/"},{"@type":"ListItem","position":4,"name":"Image Gallery: Mastitis Detection | Vision 16 Mastitis Detection"}]},{"@type":"WebSite","@id":"https:\/\/ambic.co.uk\/#website","url":"https:\/\/ambic.co.uk\/","name":"AMBIC Equipment Ltd UK","description":"AMBIC Equipment Ltd UK","publisher":{"@id":"https:\/\/ambic.co.uk\/#organization"},"potentialAction":[{"@type":"SearchAction","target":{"@type":"EntryPoint","urlTemplate":"https:\/\/ambic.co.uk\/?s={search_term_string}"},"query-input":{"@type":"PropertyValueSpecification","valueRequired":true,"valueName":"search_term_string"}}],"inLanguage":"de-DE"},{"@type":"Organization","@id":"https:\/\/ambic.co.uk\/#organization","name":"Ambic Equipment","url":"https:\/\/ambic.co.uk\/","logo":{"@type":"ImageObject","inLanguage":"de-DE","@id":"https:\/\/ambic.co.uk\/#\/schema\/logo\/image\/","url":"https:\/\/ambic.co.uk\/wp-content\/uploads\/2016\/07\/ambic-logo-blue.png","contentUrl":"https:\/\/ambic.co.uk\/wp-content\/uploads\/2016\/07\/ambic-logo-blue.png","width":803,"height":120,"caption":"Ambic Equipment"},"image":{"@id":"https:\/\/ambic.co.uk\/#\/schema\/logo\/image\/"},"sameAs":["https:\/\/x.com\/ambicequipment","http:\/\/ambicequipment"]}]}},"_links":{"self":[{"href":"https:\/\/ambic.co.uk\/de\/wp-json\/wp\/v2\/pages\/2748","targetHints":{"allow":["GET"]}}],"collection":[{"href":"https:\/\/ambic.co.uk\/de\/wp-json\/wp\/v2\/pages"}],"about":[{"href":"https:\/\/ambic.co.uk\/de\/wp-json\/wp\/v2\/types\/page"}],"author":[{"embeddable":true,"href":"https:\/\/ambic.co.uk\/de\/wp-json\/wp\/v2\/users\/2"}],"replies":[{"embeddable":true,"href":"https:\/\/ambic.co.uk\/de\/wp-json\/wp\/v2\/comments?post=2748"}],"version-history":[{"count":0,"href":"https:\/\/ambic.co.uk\/de\/wp-json\/wp\/v2\/pages\/2748\/revisions"}],"up":[{"embeddable":true,"href":"https:\/\/ambic.co.uk\/de\/wp-json\/wp\/v2\/pages\/2755"}],"wp:attachment":[{"href":"https:\/\/ambic.co.uk\/de\/wp-json\/wp\/v2\/media?parent=2748"}],"curies":[{"name":"wp","href":"https:\/\/api.w.org\/{rel}","templated":true}]}}