{"id":3493,"date":"2017-05-12T09:44:21","date_gmt":"2017-05-12T09:44:21","guid":{"rendered":"http:\/\/ambic.co.uk\/products\/peristaltic-pumps\/medium-capacity-peristaltic-pump\/"},"modified":"2021-06-29T09:47:20","modified_gmt":"2021-06-29T09:47:20","slug":"medium-capacity-peristaltic-pump","status":"publish","type":"page","link":"https:\/\/ambic.co.uk\/de\/products\/peristaltic-pumps\/medium-capacity-peristaltic-pump\/","title":{"rendered":"Mittelvolumen-Schlauchpumpe"},"content":{"rendered":"\n<style type=\"text\/css\" data-created_by=\"avia_inline_auto\" id=\"style-css-av-av_section-eab6f3bf6c29a78abceee92516b05a15\">\n.avia-section.av-av_section-eab6f3bf6c29a78abceee92516b05a15{\nbackground-color:#dc3c41;\nbackground-image:unset;\n}\n<\/style>\n<div id='av_section_1'  class='avia-section av-av_section-eab6f3bf6c29a78abceee92516b05a15 main_color avia-section-small avia-no-border-styling  avia-builder-el-0  el_before_av_section  avia-builder-el-first  avia-bg-style-scroll container_wrap sidebar_right'  ><div class='container av-section-cont-open' ><main  role=\"main\" itemprop=\"mainContentOfPage\"  class='template-page content  av-content-small alpha units'><div class='post-entry post-entry-type-page post-entry-3493'><div class='entry-content-wrapper clearfix'>\n\n<style type=\"text\/css\" data-created_by=\"avia_inline_auto\" id=\"style-css-av-av_heading-c10835268eed37aab59aa75fd0226a06\">\n#top .av-special-heading.av-av_heading-c10835268eed37aab59aa75fd0226a06{\npadding-bottom:0;\ncolor:#ffffff;\nfont-size:50px;\n}\nbody .av-special-heading.av-av_heading-c10835268eed37aab59aa75fd0226a06 .av-special-heading-tag .heading-char{\nfont-size:25px;\n}\n#top #wrap_all .av-special-heading.av-av_heading-c10835268eed37aab59aa75fd0226a06 .av-special-heading-tag{\nfont-size:50px;\n}\n.av-special-heading.av-av_heading-c10835268eed37aab59aa75fd0226a06 .special-heading-inner-border{\nborder-color:#ffffff;\n}\n.av-special-heading.av-av_heading-c10835268eed37aab59aa75fd0226a06 .av-subheading{\nfont-size:20px;\n}\n\n@media only screen and (min-width: 480px) and (max-width: 767px){ \n#top #wrap_all .av-special-heading.av-av_heading-c10835268eed37aab59aa75fd0226a06 .av-special-heading-tag{\nfont-size:0.8em;\n}\n}\n\n@media only screen and (max-width: 479px){ \n#top #wrap_all .av-special-heading.av-av_heading-c10835268eed37aab59aa75fd0226a06 .av-special-heading-tag{\nfont-size:0.8em;\n}\n}\n<\/style>\n<div  class='av-special-heading av-av_heading-c10835268eed37aab59aa75fd0226a06 av-special-heading-h2 custom-color-heading blockquote modern-quote  avia-builder-el-1  avia-builder-el-no-sibling  av-inherit-size'><h2 class='av-special-heading-tag '  itemprop=\"headline\"  >Mittelvolumen-Schlauchpumpe<\/h2><div class=\"special-heading-border\"><div class=\"special-heading-inner-border\"><\/div><\/div><\/div>\n\n<\/div><\/div><\/main><!-- close content main element --><\/div><\/div><div id='av_section_2'  class='avia-section av-av_section-e45cf08da12eaf0aa4c516511f912788 main_color avia-section-default avia-no-shadow  avia-builder-el-2  el_after_av_section  el_before_av_section  avia-bg-style-scroll container_wrap sidebar_right'  ><div class='container av-section-cont-open' ><div class='template-page content  av-content-small alpha units'><div class='post-entry post-entry-type-page post-entry-3493'><div class='entry-content-wrapper clearfix'>\n<div  class='tabcontainer av-av_tab_container-0bacd910096d11a3cec6dfb538798966 top_tab  avia-builder-el-3  avia-builder-el-no-sibling '>\n<section class='av_tab_section av_tab_section av-av_tab-72f0a34765edf3c7ce619f4e118ca393'  itemscope=\"itemscope\" itemtype=\"https:\/\/schema.org\/CreativeWork\" ><div id='tab-id-1-tab' class='tab active_tab' role='tab' aria-selected=\"true\" tabindex=\"0\" data-fake-id='#tab-id-1' aria-controls='tab-id-1-content'  itemprop=\"headline\" ><span class='tab_icon avia-iconfont avia-font-entypo-fontello' data-av_icon='\ue80e' data-av_iconfont='entypo-fontello' ><\/span>Fotos<\/div><div id='tab-id-1-content' class='tab_content active_tab_content' role='tabpanel' aria-labelledby='tab-id-1-tab' aria-hidden=\"false\"><div class='tab_inner_content invers-color'  itemprop=\"text\" ><div  class='avia-button-wrap avia-button-center  avia-builder-el-4  avia-builder-el-no-sibling '>\n<style type=\"text\/css\" data-created_by=\"avia_inline_auto\" id=\"style-css-av-av_button_big-7d09733907f80e395dbc8cb3249beb6d\">\n#top #wrap_all .avia-button.av-av_button_big-7d09733907f80e395dbc8cb3249beb6d{\ncolor:#ffffff;\ntransition:all 0.4s ease-in-out;\n}\n#top #wrap_all .avia-button.av-av_button_big-7d09733907f80e395dbc8cb3249beb6d:hover{\nbackground-color:#444444;\ncolor:#ffffff;\ntransition:all 0.4s ease-in-out;\n}\n#top #wrap_all .avia-button.av-av_button_big-7d09733907f80e395dbc8cb3249beb6d .avia-svg-icon svg:first-child{\nfill:#ffffff;\nstroke:#ffffff;\n}\n#top #wrap_all .avia-button.av-av_button_big-7d09733907f80e395dbc8cb3249beb6d:hover .avia-svg-icon svg:first-child{\nfill:#ffffff;\nstroke:#ffffff;\n}\n<\/style>\n<a href='\/de\/image-gallery\/peristaltic-pumps\/medium-capacity\/' class='avia-color-theme-color avia-button avia-button-fullwidth av-av_button_big-7d09733907f80e395dbc8cb3249beb6d avia-icon_select-yes-left-icon avia-color-theme-color'   aria-label=\"Fotogalerie\"><span class='avia_button_icon avia_button_icon_left avia-iconfont avia-font-entypo-fontello' data-av_icon='\ue80e' data-av_iconfont='entypo-fontello' ><\/span><span class='avia_iconbox_title' >Fotogalerie<\/span><\/a><\/div>\n<\/div><\/div><\/section>\n<section class='av_tab_section av_tab_section av-av_tab-a030b0b7783074fc1150e4f80d1942d7'  itemscope=\"itemscope\" itemtype=\"https:\/\/schema.org\/CreativeWork\" ><div id='tab-id-2-tab' class='tab' role='tab' aria-selected=\"false\" tabindex=\"0\" data-fake-id='#tab-id-2' aria-controls='tab-id-2-content'  itemprop=\"headline\" ><span class='tab_icon avia-iconfont avia-font-entypo-fontello' data-av_icon='\ue84d' data-av_iconfont='entypo-fontello' ><\/span>Normeinhaltung<\/div><div id='tab-id-2-content' class='tab_content' role='tabpanel' aria-labelledby='tab-id-2-tab' aria-hidden=\"true\"><div class='tab_inner_content invers-color'  itemprop=\"text\" ><\/div><\/div><\/section>\n<section class='av_tab_section av_tab_section av-av_tab-003458e2be1314740d51ba79b65c26ef'  itemscope=\"itemscope\" itemtype=\"https:\/\/schema.org\/CreativeWork\" ><div id='tab-id-3-tab' class='tab' role='tab' aria-selected=\"false\" tabindex=\"0\" data-fake-id='#tab-id-3' aria-controls='tab-id-3-content'  itemprop=\"headline\" ><span class='tab_icon avia-iconfont avia-font-entypo-fontello' data-av_icon='\ue84e' data-av_iconfont='entypo-fontello' ><\/span>Bedienungsanleitungen<\/div><div id='tab-id-3-content' class='tab_content' role='tabpanel' aria-labelledby='tab-id-3-tab' aria-hidden=\"true\"><div class='tab_inner_content invers-color'  itemprop=\"text\" ><\/div><\/div><\/section>\n<section class='av_tab_section av_tab_section av-av_tab-4bb09a95f388d0ea906dea98315289f9'  itemscope=\"itemscope\" itemtype=\"https:\/\/schema.org\/CreativeWork\" ><div id='tab-id-4-tab' class='tab' role='tab' aria-selected=\"false\" tabindex=\"0\" data-fake-id='#tab-id-4' aria-controls='tab-id-4-content'  itemprop=\"headline\" >Technische Datenbl\u00e4tter<\/div><div id='tab-id-4-content' class='tab_content' role='tabpanel' aria-labelledby='tab-id-4-tab' aria-hidden=\"true\"><div class='tab_inner_content invers-color'  itemprop=\"text\" ><\/div><\/div><\/section>\n<section class='av_tab_section av_tab_section av-av_tab-65aa451f6f48d69df0e1a1ff50100629'  itemscope=\"itemscope\" itemtype=\"https:\/\/schema.org\/CreativeWork\" ><div id='tab-id-5-tab' class='tab' role='tab' aria-selected=\"false\" tabindex=\"0\" data-fake-id='#tab-id-5' aria-controls='tab-id-5-content'  itemprop=\"headline\" ><span class='tab_icon avia-iconfont avia-font-entypo-fontello' data-av_icon='\ue84e' data-av_iconfont='entypo-fontello' ><\/span>Prospektmaterial<\/div><div id='tab-id-5-content' class='tab_content' role='tabpanel' aria-labelledby='tab-id-5-tab' aria-hidden=\"true\"><div class='tab_inner_content invers-color'  itemprop=\"text\" ><\/div><\/div><\/section>\n<section class='av_tab_section av_tab_section av-av_tab-3fd4308599a9847321b151ae656a1c75'  itemscope=\"itemscope\" itemtype=\"https:\/\/schema.org\/CreativeWork\" ><div id='tab-id-6-tab' class='tab' role='tab' aria-selected=\"false\" tabindex=\"0\" data-fake-id='#tab-id-6' aria-controls='tab-id-6-content'  itemprop=\"headline\" ><span class='tab_icon avia-iconfont avia-font-entypo-fontello' data-av_icon='\ue921' data-av_iconfont='entypo-fontello' ><\/span>Videos<\/div><div id='tab-id-6-content' class='tab_content' role='tabpanel' aria-labelledby='tab-id-6-tab' aria-hidden=\"true\"><div class='tab_inner_content invers-color'  itemprop=\"text\" ><\/div><\/div><\/section>\n<section class='av_tab_section av_tab_section av-av_tab-71ac990fc6f9a9316bd63e141dcf19dd'  itemscope=\"itemscope\" itemtype=\"https:\/\/schema.org\/CreativeWork\" ><div id='tab-id-7-tab' class='tab' role='tab' aria-selected=\"false\" tabindex=\"0\" data-fake-id='#tab-id-7' aria-controls='tab-id-7-content'  itemprop=\"headline\" ><span class='tab_icon avia-iconfont avia-font-entypo-fontello' data-av_icon='\ue81d' data-av_iconfont='entypo-fontello' ><\/span>H\u00e4ufig gestellte Fragen<\/div><div id='tab-id-7-content' class='tab_content' role='tabpanel' aria-labelledby='tab-id-7-tab' aria-hidden=\"true\"><div class='tab_inner_content invers-color'  itemprop=\"text\" ><\/div><\/div><\/section>\n<\/div>\n\n<\/div><\/div><\/div><!-- close content main div --><\/div><\/div><div id='av_section_3'  class='avia-section av-av_section-915b33fd1d6006bfc684ade488387eaf main_color avia-section-default avia-no-border-styling  avia-builder-el-5  el_after_av_section  avia-builder-el-last  avia-bg-style-scroll container_wrap sidebar_right'  ><div class='container av-section-cont-open' ><div class='template-page content  av-content-small alpha units'><div class='post-entry post-entry-type-page post-entry-3493'><div class='entry-content-wrapper clearfix'>\n\n<style type=\"text\/css\" data-created_by=\"avia_inline_auto\" id=\"style-css-av-av_one_half-6126cab7d8fab8d08143dd2dacdf673c\">\n.flex_column.av-av_one_half-6126cab7d8fab8d08143dd2dacdf673c{\nborder-radius:0px 0px 0px 0px;\npadding:0px 0px 0px 0px;\n}\n<\/style>\n<div  class='flex_column av-av_one_half-6126cab7d8fab8d08143dd2dacdf673c av_one_half  avia-builder-el-6  el_before_av_one_half  avia-builder-el-first  first flex_column_div av-zero-column-padding  '     ><section  class='av_textblock_section av-av_textblock-0366cc7376be6c9e82a3e9cc8987b64f '   itemscope=\"itemscope\" itemtype=\"https:\/\/schema.org\/CreativeWork\" ><div class='avia_textblock'  itemprop=\"text\" ><p>Die Pumpleistung der Mittelvolumen-Schlauchpumpen liegt im Bereich von 700\u00a0ml\/min bis 4 l\/min.<\/p>\n<ul>\n<li>Pumpen wahlweise mit Motor 230 V AC oder 24 V DC erh\u00e4ltlich<\/li>\n<li>Motor und Getriebe aus eloxiertem Aluminium<\/li>\n<li>8 mm-Schlauch f\u00fcr Schlauchpumpe aus Santopren und Silikon erh\u00e4ltlich, je nach Bedarf entsprechend dem gef\u00f6rderten Medium<\/li>\n<li>Abmessung des Schlauchanschlusses Eingang und Ausgang 8 mm<\/li>\n<li>Rotor aus CrNi-Stahl mit PVC-Rollen f\u00fcr lange Lebensdauer und Leistung<\/li>\n<li>Montageplatte aus CrNi-Stahl optional<\/li>\n<li>CE-konform<\/li>\n<\/ul>\n<p>Ein wesentliches Sicherheitsmerkmal von Schlauchpumpen ist es, dass das gef\u00f6rderte Medium nur mit dem Schlauch in der Pumpe in Kontakt kommt; zudem sind sie dank hervorragender Saugcharakteristik selbstansaugend.<\/p>\n<\/div><\/section><\/div>\n<style type=\"text\/css\" data-created_by=\"avia_inline_auto\" id=\"style-css-av-av_one_half-0aa7055fe62c3622faec82866afbaeb2\">\n.flex_column.av-av_one_half-0aa7055fe62c3622faec82866afbaeb2{\nborder-radius:0px 0px 0px 0px;\npadding:0px 0px 0px 0px;\n}\n<\/style>\n<div  class='flex_column av-av_one_half-0aa7055fe62c3622faec82866afbaeb2 av_one_half  avia-builder-el-8  el_after_av_one_half  el_before_av_hr  flex_column_div av-zero-column-padding  '     ><\/div><div  class='hr av-av_hr-dcd2069817a0e3d34ae04cad8f3443c7 hr-default  avia-builder-el-10  el_after_av_one_half  el_before_av_table '><span class='hr-inner '><span class=\"hr-inner-style\"><\/span><\/span><\/div>\n<div class='avia-data-table-wrap av-av_table-79567314f19fdf27597651e950bcbb3a avia_responsive_table avia-table-1'><table  class='avia-table avia-data-table avia_pricing_default  avia-builder-el-11  el_after_av_hr  avia-builder-el-last '  itemscope=\"itemscope\" itemtype=\"https:\/\/schema.org\/Table\" ><tbody><tr class='avia-heading-row'><th class=''>Art. Nr.<\/th><th class=''>Bezeichnung<\/th><th class=''>Abbildung<\/th><\/tr><tr class=''><td class=''>AMP\/24-SA805<br \/>\nAMP\/24-SI805<br \/>\n<\/td><td class=''>Mittelvolumen-Schlauchpumpe \u2013 24 V DC mit 8 mm-Santopren-Schlauch<br \/>\nMittelvolumen-Schlauchpumpe \u2013 24 V DC mit 8 mm-Silikon-Schlauch<br \/>\n<\/td><td class=''>\n<style type=\"text\/css\" data-created_by=\"avia_inline_auto\" id=\"style-css-av-av_image-4c1e3f6b1451e5b90c7495254e5674bc\">\n.avia-image-container.av-av_image-4c1e3f6b1451e5b90c7495254e5674bc img.avia_image{\nbox-shadow:none;\n}\n.avia-image-container.av-av_image-4c1e3f6b1451e5b90c7495254e5674bc .av-image-caption-overlay-center{\ncolor:#ffffff;\n}\n<\/style>\n<div  class='avia-image-container av-av_image-4c1e3f6b1451e5b90c7495254e5674bc av-styling- av-img-linked avia-align-center  avia-builder-el-12  el_before_av_image  avia-builder-el-first '   itemprop=\"image\" itemscope=\"itemscope\" itemtype=\"https:\/\/schema.org\/ImageObject\" ><div class=\"avia-image-container-inner\"><div class=\"avia-image-overlay-wrap\"><img decoding=\"async\" fetchpriority=\"high\" class='wp-image- avia-img-lazy-loading-not- avia_image ' src=\"https:\/\/ambic.co.uk\/wp-content\/uploads\/2017\/05\/Medium-Capacity-Pump-with-Transparent-Cover.jpg\" alt='' title=''   itemprop=\"thumbnailUrl\"  \/><\/div><\/div><\/div><\/td><\/tr><tr class=''><td class=''>AMP\/230-SA805<br \/>\nAMP\/230-SI805<\/td><td class=''>Mittelvolumen-Schlauchpumpe \u2013 230 V AC mit 8 mm-Santopren-Schlauch<br \/>\nMittelvolumen-Schlauchpumpe \u2013 230 V AC mit 8 mm-Silikon-Schlauch<\/p>\n<\/td><td class=''>\n<style type=\"text\/css\" data-created_by=\"avia_inline_auto\" id=\"style-css-av-av_image-4c1e3f6b1451e5b90c7495254e5674bc\">\n.avia-image-container.av-av_image-4c1e3f6b1451e5b90c7495254e5674bc img.avia_image{\nbox-shadow:none;\n}\n.avia-image-container.av-av_image-4c1e3f6b1451e5b90c7495254e5674bc .av-image-caption-overlay-center{\ncolor:#ffffff;\n}\n<\/style>\n<div  class='avia-image-container av-av_image-4c1e3f6b1451e5b90c7495254e5674bc av-styling- av-img-linked avia-align-center  avia-builder-el-13  el_after_av_image  avia-builder-el-last '   itemprop=\"image\" itemscope=\"itemscope\" itemtype=\"https:\/\/schema.org\/ImageObject\" ><div class=\"avia-image-container-inner\"><div class=\"avia-image-overlay-wrap\"><img decoding=\"async\" fetchpriority=\"high\" class='wp-image- avia-img-lazy-loading-not- avia_image ' src=\"https:\/\/ambic.co.uk\/wp-content\/uploads\/2017\/05\/Medium-Capacity-Pump-with-Transparent-Cover.jpg\" alt='' title=''   itemprop=\"thumbnailUrl\"  \/><\/div><\/div><\/div><\/td><\/tr><\/tbody><\/table><\/div><style type='text\/css'>.avia-table-1 td:nth-of-type(1):before { content: 'Art. Nr.'; } .avia-table-1 td:nth-of-type(2):before { content: 'Bezeichnung'; } .avia-table-1 td:nth-of-type(3):before { content: 'Abbildung'; } <\/style>\n<\/div><\/div><\/div><!-- close content main div --><\/div><\/div><div id='after_section_3'  class='main_color av_default_container_wrap container_wrap sidebar_right'  ><div class='container av-section-cont-open' ><div class='template-page content  av-content-small alpha units'><div class='post-entry post-entry-type-page post-entry-3493'><div class='entry-content-wrapper clearfix'>\n","protected":false},"excerpt":{"rendered":"","protected":false},"author":3,"featured_media":0,"parent":2502,"menu_order":0,"comment_status":"closed","ping_status":"closed","template":"","meta":{"_acf_changed":false,"footnotes":""},"class_list":["post-3493","page","type-page","status-publish","hentry"],"acf":[],"yoast_head":"<!-- This site is optimized with the Yoast SEO plugin v26.9 - https:\/\/yoast.com\/product\/yoast-seo-wordpress\/ -->\n<title>Mittelvolumen-Schlauchpumpe | AMBIC Equipment Ltd UK<\/title>\n<meta name=\"robots\" content=\"index, follow, max-snippet:-1, max-image-preview:large, max-video-preview:-1\" \/>\n<link rel=\"canonical\" href=\"https:\/\/ambic.co.uk\/de\/products\/peristaltic-pumps\/medium-capacity-peristaltic-pump\/\" \/>\n<meta property=\"og:locale\" content=\"de_DE\" \/>\n<meta property=\"og:type\" content=\"article\" \/>\n<meta property=\"og:title\" content=\"Mittelvolumen-Schlauchpumpe | AMBIC Equipment Ltd UK\" \/>\n<meta property=\"og:url\" content=\"https:\/\/ambic.co.uk\/de\/products\/peristaltic-pumps\/medium-capacity-peristaltic-pump\/\" \/>\n<meta property=\"og:site_name\" content=\"AMBIC Equipment Ltd UK\" \/>\n<meta property=\"article:modified_time\" content=\"2021-06-29T09:47:20+00:00\" \/>\n<meta name=\"twitter:card\" content=\"summary_large_image\" \/>\n<meta name=\"twitter:site\" content=\"@ambicequipment\" \/>\n<meta name=\"twitter:label1\" content=\"Gesch\u00e4tzte Lesezeit\" \/>\n\t<meta name=\"twitter:data1\" content=\"5 Minuten\" \/>\n<script type=\"application\/ld+json\" class=\"yoast-schema-graph\">{\"@context\":\"https:\/\/schema.org\",\"@graph\":[{\"@type\":\"WebPage\",\"@id\":\"https:\/\/ambic.co.uk\/de\/products\/peristaltic-pumps\/medium-capacity-peristaltic-pump\/\",\"url\":\"https:\/\/ambic.co.uk\/de\/products\/peristaltic-pumps\/medium-capacity-peristaltic-pump\/\",\"name\":\"Mittelvolumen-Schlauchpumpe | AMBIC Equipment Ltd UK\",\"isPartOf\":{\"@id\":\"https:\/\/ambic.co.uk\/#website\"},\"datePublished\":\"2017-05-12T09:44:21+00:00\",\"dateModified\":\"2021-06-29T09:47:20+00:00\",\"breadcrumb\":{\"@id\":\"https:\/\/ambic.co.uk\/de\/products\/peristaltic-pumps\/medium-capacity-peristaltic-pump\/#breadcrumb\"},\"inLanguage\":\"de-DE\",\"potentialAction\":[{\"@type\":\"ReadAction\",\"target\":[\"https:\/\/ambic.co.uk\/de\/products\/peristaltic-pumps\/medium-capacity-peristaltic-pump\/\"]}]},{\"@type\":\"BreadcrumbList\",\"@id\":\"https:\/\/ambic.co.uk\/de\/products\/peristaltic-pumps\/medium-capacity-peristaltic-pump\/#breadcrumb\",\"itemListElement\":[{\"@type\":\"ListItem\",\"position\":1,\"name\":\"Home\",\"item\":\"https:\/\/ambic.co.uk\/de\/home\/\"},{\"@type\":\"ListItem\",\"position\":2,\"name\":\"Products\",\"item\":\"https:\/\/ambic.co.uk\/de\/products\/\"},{\"@type\":\"ListItem\",\"position\":3,\"name\":\"Products: Peristaltic Pumps\",\"item\":\"https:\/\/ambic.co.uk\/de\/products\/peristaltic-pumps\/\"},{\"@type\":\"ListItem\",\"position\":4,\"name\":\"Mittelvolumen-Schlauchpumpe\"}]},{\"@type\":\"WebSite\",\"@id\":\"https:\/\/ambic.co.uk\/#website\",\"url\":\"https:\/\/ambic.co.uk\/\",\"name\":\"AMBIC Equipment Ltd UK\",\"description\":\"AMBIC Equipment Ltd UK\",\"publisher\":{\"@id\":\"https:\/\/ambic.co.uk\/#organization\"},\"potentialAction\":[{\"@type\":\"SearchAction\",\"target\":{\"@type\":\"EntryPoint\",\"urlTemplate\":\"https:\/\/ambic.co.uk\/?s={search_term_string}\"},\"query-input\":{\"@type\":\"PropertyValueSpecification\",\"valueRequired\":true,\"valueName\":\"search_term_string\"}}],\"inLanguage\":\"de-DE\"},{\"@type\":\"Organization\",\"@id\":\"https:\/\/ambic.co.uk\/#organization\",\"name\":\"Ambic Equipment\",\"url\":\"https:\/\/ambic.co.uk\/\",\"logo\":{\"@type\":\"ImageObject\",\"inLanguage\":\"de-DE\",\"@id\":\"https:\/\/ambic.co.uk\/#\/schema\/logo\/image\/\",\"url\":\"https:\/\/ambic.co.uk\/wp-content\/uploads\/2016\/07\/ambic-logo-blue.png\",\"contentUrl\":\"https:\/\/ambic.co.uk\/wp-content\/uploads\/2016\/07\/ambic-logo-blue.png\",\"width\":803,\"height\":120,\"caption\":\"Ambic Equipment\"},\"image\":{\"@id\":\"https:\/\/ambic.co.uk\/#\/schema\/logo\/image\/\"},\"sameAs\":[\"https:\/\/x.com\/ambicequipment\",\"http:\/\/ambicequipment\"]}]}<\/script>\n<!-- \/ Yoast SEO plugin. -->","yoast_head_json":{"title":"Mittelvolumen-Schlauchpumpe | AMBIC Equipment Ltd UK","robots":{"index":"index","follow":"follow","max-snippet":"max-snippet:-1","max-image-preview":"max-image-preview:large","max-video-preview":"max-video-preview:-1"},"canonical":"https:\/\/ambic.co.uk\/de\/products\/peristaltic-pumps\/medium-capacity-peristaltic-pump\/","og_locale":"de_DE","og_type":"article","og_title":"Mittelvolumen-Schlauchpumpe | AMBIC Equipment Ltd UK","og_url":"https:\/\/ambic.co.uk\/de\/products\/peristaltic-pumps\/medium-capacity-peristaltic-pump\/","og_site_name":"AMBIC Equipment Ltd UK","article_modified_time":"2021-06-29T09:47:20+00:00","twitter_card":"summary_large_image","twitter_site":"@ambicequipment","twitter_misc":{"Gesch\u00e4tzte Lesezeit":"5 Minuten"},"schema":{"@context":"https:\/\/schema.org","@graph":[{"@type":"WebPage","@id":"https:\/\/ambic.co.uk\/de\/products\/peristaltic-pumps\/medium-capacity-peristaltic-pump\/","url":"https:\/\/ambic.co.uk\/de\/products\/peristaltic-pumps\/medium-capacity-peristaltic-pump\/","name":"Mittelvolumen-Schlauchpumpe | AMBIC Equipment Ltd UK","isPartOf":{"@id":"https:\/\/ambic.co.uk\/#website"},"datePublished":"2017-05-12T09:44:21+00:00","dateModified":"2021-06-29T09:47:20+00:00","breadcrumb":{"@id":"https:\/\/ambic.co.uk\/de\/products\/peristaltic-pumps\/medium-capacity-peristaltic-pump\/#breadcrumb"},"inLanguage":"de-DE","potentialAction":[{"@type":"ReadAction","target":["https:\/\/ambic.co.uk\/de\/products\/peristaltic-pumps\/medium-capacity-peristaltic-pump\/"]}]},{"@type":"BreadcrumbList","@id":"https:\/\/ambic.co.uk\/de\/products\/peristaltic-pumps\/medium-capacity-peristaltic-pump\/#breadcrumb","itemListElement":[{"@type":"ListItem","position":1,"name":"Home","item":"https:\/\/ambic.co.uk\/de\/home\/"},{"@type":"ListItem","position":2,"name":"Products","item":"https:\/\/ambic.co.uk\/de\/products\/"},{"@type":"ListItem","position":3,"name":"Products: Peristaltic Pumps","item":"https:\/\/ambic.co.uk\/de\/products\/peristaltic-pumps\/"},{"@type":"ListItem","position":4,"name":"Mittelvolumen-Schlauchpumpe"}]},{"@type":"WebSite","@id":"https:\/\/ambic.co.uk\/#website","url":"https:\/\/ambic.co.uk\/","name":"AMBIC Equipment Ltd UK","description":"AMBIC Equipment Ltd UK","publisher":{"@id":"https:\/\/ambic.co.uk\/#organization"},"potentialAction":[{"@type":"SearchAction","target":{"@type":"EntryPoint","urlTemplate":"https:\/\/ambic.co.uk\/?s={search_term_string}"},"query-input":{"@type":"PropertyValueSpecification","valueRequired":true,"valueName":"search_term_string"}}],"inLanguage":"de-DE"},{"@type":"Organization","@id":"https:\/\/ambic.co.uk\/#organization","name":"Ambic Equipment","url":"https:\/\/ambic.co.uk\/","logo":{"@type":"ImageObject","inLanguage":"de-DE","@id":"https:\/\/ambic.co.uk\/#\/schema\/logo\/image\/","url":"https:\/\/ambic.co.uk\/wp-content\/uploads\/2016\/07\/ambic-logo-blue.png","contentUrl":"https:\/\/ambic.co.uk\/wp-content\/uploads\/2016\/07\/ambic-logo-blue.png","width":803,"height":120,"caption":"Ambic Equipment"},"image":{"@id":"https:\/\/ambic.co.uk\/#\/schema\/logo\/image\/"},"sameAs":["https:\/\/x.com\/ambicequipment","http:\/\/ambicequipment"]}]}},"_links":{"self":[{"href":"https:\/\/ambic.co.uk\/de\/wp-json\/wp\/v2\/pages\/3493","targetHints":{"allow":["GET"]}}],"collection":[{"href":"https:\/\/ambic.co.uk\/de\/wp-json\/wp\/v2\/pages"}],"about":[{"href":"https:\/\/ambic.co.uk\/de\/wp-json\/wp\/v2\/types\/page"}],"author":[{"embeddable":true,"href":"https:\/\/ambic.co.uk\/de\/wp-json\/wp\/v2\/users\/3"}],"replies":[{"embeddable":true,"href":"https:\/\/ambic.co.uk\/de\/wp-json\/wp\/v2\/comments?post=3493"}],"version-history":[{"count":0,"href":"https:\/\/ambic.co.uk\/de\/wp-json\/wp\/v2\/pages\/3493\/revisions"}],"up":[{"embeddable":true,"href":"https:\/\/ambic.co.uk\/de\/wp-json\/wp\/v2\/pages\/2502"}],"wp:attachment":[{"href":"https:\/\/ambic.co.uk\/de\/wp-json\/wp\/v2\/media?parent=3493"}],"curies":[{"name":"wp","href":"https:\/\/api.w.org\/{rel}","templated":true}]}}