{"id":8143,"date":"2018-08-23T12:04:55","date_gmt":"2018-08-23T12:04:55","guid":{"rendered":"http:\/\/ambic.co.uk\/optisprayer-top-load\/"},"modified":"2022-05-30T11:23:42","modified_gmt":"2022-05-30T11:23:42","slug":"optisprayer-top-load","status":"publish","type":"page","link":"https:\/\/ambic.co.uk\/de\/optisprayer-top-load\/","title":{"rendered":"OptiSprayer &#8211; Top Load"},"content":{"rendered":"\n<style type=\"text\/css\" data-created_by=\"avia_inline_auto\" id=\"style-css-av-2fgav6n-6f9b07b4a11e52529e1ff48d92c361b6\">\n.avia-section.av-2fgav6n-6f9b07b4a11e52529e1ff48d92c361b6{\nbackground-color:#dc3c41;\nbackground-image:unset;\n}\n<\/style>\n<div id='av_section_1'  class='avia-section av-2fgav6n-6f9b07b4a11e52529e1ff48d92c361b6 main_color avia-section-small avia-no-border-styling  avia-builder-el-0  el_before_av_section  avia-builder-el-first  avia-bg-style-scroll container_wrap sidebar_right'  ><div class='container av-section-cont-open' ><main  role=\"main\" itemprop=\"mainContentOfPage\"  class='template-page content  av-content-small alpha units'><div class='post-entry post-entry-type-page post-entry-8143'><div class='entry-content-wrapper clearfix'>\n\n<style type=\"text\/css\" data-created_by=\"avia_inline_auto\" id=\"style-css-av-8kckhb-ad6e1a850d6b28feec3063619a72d576\">\n#top .av-special-heading.av-8kckhb-ad6e1a850d6b28feec3063619a72d576{\npadding-bottom:0;\ncolor:#ffffff;\nfont-size:50px;\n}\nbody .av-special-heading.av-8kckhb-ad6e1a850d6b28feec3063619a72d576 .av-special-heading-tag .heading-char{\nfont-size:25px;\n}\n#top #wrap_all .av-special-heading.av-8kckhb-ad6e1a850d6b28feec3063619a72d576 .av-special-heading-tag{\nfont-size:50px;\n}\n.av-special-heading.av-8kckhb-ad6e1a850d6b28feec3063619a72d576 .special-heading-inner-border{\nborder-color:#ffffff;\n}\n.av-special-heading.av-8kckhb-ad6e1a850d6b28feec3063619a72d576 .av-subheading{\nfont-size:20px;\n}\n\n@media only screen and (min-width: 480px) and (max-width: 767px){ \n#top #wrap_all .av-special-heading.av-8kckhb-ad6e1a850d6b28feec3063619a72d576 .av-special-heading-tag{\nfont-size:0.8em;\n}\n}\n\n@media only screen and (max-width: 479px){ \n#top #wrap_all .av-special-heading.av-8kckhb-ad6e1a850d6b28feec3063619a72d576 .av-special-heading-tag{\nfont-size:0.8em;\n}\n}\n<\/style>\n<div  class='av-special-heading av-8kckhb-ad6e1a850d6b28feec3063619a72d576 av-special-heading-h2 custom-color-heading blockquote modern-quote  avia-builder-el-1  avia-builder-el-no-sibling  av-inherit-size'><h2 class='av-special-heading-tag '  itemprop=\"headline\"  >OptiSprayer\u2122 \u2013 Anschluss oben<\/h2><div class=\"special-heading-border\"><div class=\"special-heading-inner-border\"><\/div><\/div><\/div>\n\n<\/div><\/div><\/main><!-- close content main element --><\/div><\/div><div id='av_section_2'  class='avia-section av-fk5usf-a2561d1a5fe68c05e39663a28016ef43 main_color avia-section-default avia-no-shadow  avia-builder-el-2  el_after_av_section  el_before_av_section  avia-bg-style-scroll container_wrap sidebar_right'  ><div class='container av-section-cont-open' ><div class='template-page content  av-content-small alpha units'><div class='post-entry post-entry-type-page post-entry-8143'><div class='entry-content-wrapper clearfix'>\n<div  class='tabcontainer av-jx3c0fnq-f5f8c4e51500d66ab31a8a96115a9f47 top_tab  avia-builder-el-3  avia-builder-el-no-sibling '>\n<section class='av_tab_section av_tab_section av-e3cpfj-c6d4d2205f763c8e1c80e0f594ad790c'  itemscope=\"itemscope\" itemtype=\"https:\/\/schema.org\/CreativeWork\" ><div id='tab-id-1-tab' class='tab active_tab' role='tab' aria-selected=\"true\" tabindex=\"0\" data-fake-id='#tab-id-1' aria-controls='tab-id-1-content'  itemprop=\"headline\" ><span class='tab_icon avia-iconfont avia-font-entypo-fontello' data-av_icon='\ue80e' data-av_iconfont='entypo-fontello' ><\/span>Fotos<\/div><div id='tab-id-1-content' class='tab_content active_tab_content' role='tabpanel' aria-labelledby='tab-id-1-tab' aria-hidden=\"false\"><div class='tab_inner_content invers-color'  itemprop=\"text\" ><div  class='avia-button-wrap avia-button-center  avia-builder-el-4  el_before_av_font_icon  avia-builder-el-first '>\n<style type=\"text\/css\" data-created_by=\"avia_inline_auto\" id=\"style-css-av-c8v0lb-6381e43f625f1773e925721048ed0e28\">\n#top #wrap_all .avia-button.av-c8v0lb-6381e43f625f1773e925721048ed0e28{\ncolor:#ffffff;\ntransition:all 0.4s ease-in-out;\n}\n#top #wrap_all .avia-button.av-c8v0lb-6381e43f625f1773e925721048ed0e28:hover{\nbackground-color:#444444;\ncolor:#ffffff;\ntransition:all 0.4s ease-in-out;\n}\n#top #wrap_all .avia-button.av-c8v0lb-6381e43f625f1773e925721048ed0e28 .avia-svg-icon svg:first-child{\nfill:#ffffff;\nstroke:#ffffff;\n}\n#top #wrap_all .avia-button.av-c8v0lb-6381e43f625f1773e925721048ed0e28:hover .avia-svg-icon svg:first-child{\nfill:#ffffff;\nstroke:#ffffff;\n}\n<\/style>\n<a href='\/de\/image-gallery\/optirange\/optisprayer-top-load\/' class='avia-color-theme-color avia-button avia-button-fullwidth av-c8v0lb-6381e43f625f1773e925721048ed0e28 avia-icon_select-yes-left-icon avia-color-theme-color'   aria-label=\"Fotogalerie\"><span class='avia_button_icon avia_button_icon_left avia-iconfont avia-font-entypo-fontello' data-av_icon='\ue80e' data-av_iconfont='entypo-fontello' ><\/span><span class='avia_iconbox_title' >Fotogalerie<\/span><\/a><\/div>\n<\/div><\/div><\/section>\n<section class='av_tab_section av_tab_section av-ahfhsv-d87c0d3615d13efe2332a4790afb0f87'  itemscope=\"itemscope\" itemtype=\"https:\/\/schema.org\/CreativeWork\" ><div id='tab-id-2-tab' class='tab' role='tab' aria-selected=\"false\" tabindex=\"0\" data-fake-id='#tab-id-2' aria-controls='tab-id-2-content'  itemprop=\"headline\" ><span class='tab_icon avia-iconfont avia-font-entypo-fontello' data-av_icon='\ue84d' data-av_iconfont='entypo-fontello' ><\/span>Normeinhaltung<\/div><div id='tab-id-2-content' class='tab_content' role='tabpanel' aria-labelledby='tab-id-2-tab' aria-hidden=\"true\"><div class='tab_inner_content invers-color'  itemprop=\"text\" ><\/div><\/div><\/section>\n<section class='av_tab_section av_tab_section av-8hdm67-8adec9445e205d1953f3a5f7bf07dbf3'  itemscope=\"itemscope\" itemtype=\"https:\/\/schema.org\/CreativeWork\" ><div id='tab-id-3-tab' class='tab' role='tab' aria-selected=\"false\" tabindex=\"0\" data-fake-id='#tab-id-3' aria-controls='tab-id-3-content'  itemprop=\"headline\" ><span class='tab_icon avia-iconfont avia-font-entypo-fontello' data-av_icon='\ue84e' data-av_iconfont='entypo-fontello' ><\/span>Bedienungsanleitungen<\/div><div id='tab-id-3-content' class='tab_content' role='tabpanel' aria-labelledby='tab-id-3-tab' aria-hidden=\"true\"><div class='tab_inner_content invers-color'  itemprop=\"text\" ><p>\n<style type=\"text\/css\" data-created_by=\"avia_inline_auto\" id=\"style-css-av-5qt7fs-118371df77ad124e3e434516ed1fd5d4\">\n.av_font_icon.av-5qt7fs-118371df77ad124e3e434516ed1fd5d4 .av-icon-char{\nfont-size:20px;\nline-height:20px;\n}\n<\/style>\n<span  class='av_font_icon av-5qt7fs-118371df77ad124e3e434516ed1fd5d4 avia_animate_when_visible av-icon-style- avia-icon-pos-left avia-iconfont avia-font-entypo-fontello av-no-color avia-icon-animate'><span class='av-icon-char' data-av_icon='\ue82d' data-av_iconfont='entypo-fontello' aria-hidden=\"true\" ><\/span><\/span> <a href=\"https:\/\/ambic.co.uk\/wp-content\/uploads\/2022\/05\/JS7555-Ambic-Lance-OpNote-2.pdf\" target=\"_blank\" rel=\"noopener\">JS7555 &#8211; Ambic Lance OpNote <\/a><\/p>\n<p>\n<style type=\"text\/css\" data-created_by=\"avia_inline_auto\" id=\"style-css-av-5qt7fs-118371df77ad124e3e434516ed1fd5d4\">\n.av_font_icon.av-5qt7fs-118371df77ad124e3e434516ed1fd5d4 .av-icon-char{\nfont-size:20px;\nline-height:20px;\n}\n<\/style>\n<span  class='av_font_icon av-5qt7fs-118371df77ad124e3e434516ed1fd5d4 avia_animate_when_visible av-icon-style- avia-icon-pos-left avia-iconfont avia-font-entypo-fontello av-no-color avia-icon-animate'><span class='av-icon-char' data-av_icon='\ue82d' data-av_iconfont='entypo-fontello' aria-hidden=\"true\" ><\/span><\/span> <a href=\"https:\/\/ambic.co.uk\/wp-content\/uploads\/2019\/06\/OR7500-OptiSprayer-OpNote.pdf\" target=\"_blank\" rel=\"noopener\">OR7500 OptiSprayer OpNote<\/a><\/p>\n<p>\n<style type=\"text\/css\" data-created_by=\"avia_inline_auto\" id=\"style-css-av-5qt7fs-118371df77ad124e3e434516ed1fd5d4\">\n.av_font_icon.av-5qt7fs-118371df77ad124e3e434516ed1fd5d4 .av-icon-char{\nfont-size:20px;\nline-height:20px;\n}\n<\/style>\n<span  class='av_font_icon av-5qt7fs-118371df77ad124e3e434516ed1fd5d4 avia_animate_when_visible av-icon-style- avia-icon-pos-left avia-iconfont avia-font-entypo-fontello av-no-color avia-icon-animate'><span class='av-icon-char' data-av_icon='\ue82d' data-av_iconfont='entypo-fontello' aria-hidden=\"true\" ><\/span><\/span> <a href=\"https:\/\/ambic.co.uk\/wp-content\/uploads\/2022\/05\/OR7503-OptiRange-Valve-Replacement-Op-Note.pdf\" target=\"_blank\" rel=\"noopener\">OR7503 &#8211; OptiRange Valve Replacement Op Note<\/a><\/p>\n<\/div><\/div><\/section>\n<section class='av_tab_section av_tab_section av-88eedb-7bc9414bf8da941d02246e99646ac14a'  itemscope=\"itemscope\" itemtype=\"https:\/\/schema.org\/CreativeWork\" ><div id='tab-id-4-tab' class='tab' role='tab' aria-selected=\"false\" tabindex=\"0\" data-fake-id='#tab-id-4' aria-controls='tab-id-4-content'  itemprop=\"headline\" ><span class='tab_icon avia-iconfont avia-font-entypo-fontello' data-av_icon='\ue84e' data-av_iconfont='entypo-fontello' ><\/span>Prospektmaterial<\/div><div id='tab-id-4-content' class='tab_content' role='tabpanel' aria-labelledby='tab-id-4-tab' aria-hidden=\"true\"><div class='tab_inner_content invers-color'  itemprop=\"text\" ><\/div><\/div><\/section>\n<section class='av_tab_section av_tab_section av-60io4v-c5d516c645e206b0ba84fb49deebce90'  itemscope=\"itemscope\" itemtype=\"https:\/\/schema.org\/CreativeWork\" ><div id='tab-id-5-tab' class='tab' role='tab' aria-selected=\"false\" tabindex=\"0\" data-fake-id='#tab-id-5' aria-controls='tab-id-5-content'  itemprop=\"headline\" ><span class='tab_icon avia-iconfont avia-font-entypo-fontello' data-av_icon='\ue921' data-av_iconfont='entypo-fontello' ><\/span>Videos<\/div><div id='tab-id-5-content' class='tab_content' role='tabpanel' aria-labelledby='tab-id-5-tab' aria-hidden=\"true\"><div class='tab_inner_content invers-color'  itemprop=\"text\" ><\/div><\/div><\/section>\n<section class='av_tab_section av_tab_section av-4gu7n3-4bf23d654cc060010967544bc0df214d'  itemscope=\"itemscope\" itemtype=\"https:\/\/schema.org\/CreativeWork\" ><div id='tab-id-6-tab' class='tab' role='tab' aria-selected=\"false\" tabindex=\"0\" data-fake-id='#tab-id-6' aria-controls='tab-id-6-content'  itemprop=\"headline\" ><span class='tab_icon avia-iconfont avia-font-entypo-fontello' data-av_icon='\ue84d' data-av_iconfont='entypo-fontello' ><\/span>Posters<\/div><div id='tab-id-6-content' class='tab_content' role='tabpanel' aria-labelledby='tab-id-6-tab' aria-hidden=\"true\"><div class='tab_inner_content invers-color'  itemprop=\"text\" ><\/div><\/div><\/section>\n<section class='av_tab_section av_tab_section av-39ri0v-f564193cabff57bcae3b686b5bb20385'  itemscope=\"itemscope\" itemtype=\"https:\/\/schema.org\/CreativeWork\" ><div id='tab-id-7-tab' class='tab' role='tab' aria-selected=\"false\" tabindex=\"0\" data-fake-id='#tab-id-7' aria-controls='tab-id-7-content'  itemprop=\"headline\" ><span class='tab_icon avia-iconfont avia-font-entypo-fontello' data-av_icon='\ue81d' data-av_iconfont='entypo-fontello' ><\/span>H\u00e4ufig gestellte Fragen<\/div><div id='tab-id-7-content' class='tab_content' role='tabpanel' aria-labelledby='tab-id-7-tab' aria-hidden=\"true\"><div class='tab_inner_content invers-color'  itemprop=\"text\" ><\/div><\/div><\/section>\n<\/div>\n<\/div><\/div><\/div><!-- close content main div --><\/div><\/div><div id='av_section_3'  class='avia-section av-2c0cugv-de16a1a7d715835b39d9286a4aa9989b main_color avia-section-default avia-no-border-styling  avia-builder-el-8  el_after_av_section  avia-builder-el-last  avia-bg-style-scroll container_wrap sidebar_right'  ><div class='container av-section-cont-open' ><div class='template-page content  av-content-small alpha units'><div class='post-entry post-entry-type-page post-entry-8143'><div class='entry-content-wrapper clearfix'>\n\n<style type=\"text\/css\" data-created_by=\"avia_inline_auto\" id=\"style-css-av-297bl3z-9d72ec6992b208470d7c1849a4be99d4\">\n.flex_column.av-297bl3z-9d72ec6992b208470d7c1849a4be99d4{\nborder-radius:0px 0px 0px 0px;\npadding:0px 0px 0px 0px;\n}\n<\/style>\n<div  class='flex_column av-297bl3z-9d72ec6992b208470d7c1849a4be99d4 av_one_half  avia-builder-el-9  el_before_av_one_half  avia-builder-el-first  first flex_column_div av-zero-column-padding  '     ><section  class='av_textblock_section av-27tklsv-08d7c81c0ea25c2b6cc744633e1b40c8 '   itemscope=\"itemscope\" itemtype=\"https:\/\/schema.org\/CreativeWork\" ><div class='avia_textblock'  itemprop=\"text\" ><p>Der OptiSprayer\u2122 ist ein in Pistolenform ausgef\u00fchrter Zitzenspr\u00fcher, der so konzipiert ist, dass er angenehm in der Hand liegt und das Zitzenspr\u00fchen sowohl rasch als auch wirksam macht. Mit seinem integrierten, dr\u00fcckfreundlichen Abzug erlaubt er eine bequeme Kontrolle des Spr\u00fchvorgangs.<\/p>\n<p>Der OptiSprayer\u2122 ist mit Versorgungsanschluss sowohl oben als auch unten erh\u00e4ltlich, was ihn geeignet f\u00fcr verschiedene Melkanlagenarten macht, weil die Spr\u00fchpistole so immer da angebracht werden kann, wo sie stets griffbereit ist.<\/p>\n<p>Der OptiSprayer\u2122 ist mit dem kompletten Sortiment Ambic-Zitzenspr\u00fchk\u00f6pfe erh\u00e4ltlich, d.h. mit verstellbaren D\u00fcsen mit Hohlkegelspr\u00fchbild aus Kunststoff oder CrNi-Stahl oder mit den EasySpray\u2122-D\u00fcsen mit Vollkegelspr\u00fchbild f\u00fcr optimale Zitzenbedeckung.<\/p>\n<p>Zur Wahl stehen Lanzen von 16 cm oder 25 cm L\u00e4nge. F\u00fcr gro\u00dfe Melkanlagen ist auch eine Ausf\u00fchrung zum Anschluss an eine Versorgungsleitung lieferbar.<\/p>\n<\/div><\/section><\/div>\n<style type=\"text\/css\" data-created_by=\"avia_inline_auto\" id=\"style-css-av-26mf3vj-69b505b5dc4ac27925a041528060f070\">\n.flex_column.av-26mf3vj-69b505b5dc4ac27925a041528060f070{\nborder-radius:0px 0px 0px 0px;\npadding:0px 0px 0px 0px;\n}\n<\/style>\n<div  class='flex_column av-26mf3vj-69b505b5dc4ac27925a041528060f070 av_one_half  avia-builder-el-11  el_after_av_one_half  el_before_av_hr  flex_column_div av-zero-column-padding  '     ><\/div><div  class='hr av-23l0hr3-08e5c25b92fd7aa727ae965eeec430c2 hr-default  avia-builder-el-13  el_after_av_one_half  el_before_av_heading '><span class='hr-inner '><span class=\"hr-inner-style\"><\/span><\/span><\/div>\n\n<style type=\"text\/css\" data-created_by=\"avia_inline_auto\" id=\"style-css-av-7dgxhr-abf8bb86bad4ddcfb5b0d52ed13e93a0\">\n#top .av-special-heading.av-7dgxhr-abf8bb86bad4ddcfb5b0d52ed13e93a0{\npadding-bottom:10px;\n}\nbody .av-special-heading.av-7dgxhr-abf8bb86bad4ddcfb5b0d52ed13e93a0 .av-special-heading-tag .heading-char{\nfont-size:25px;\n}\n.av-special-heading.av-7dgxhr-abf8bb86bad4ddcfb5b0d52ed13e93a0 .av-subheading{\nfont-size:15px;\n}\n<\/style>\n<div  class='av-special-heading av-7dgxhr-abf8bb86bad4ddcfb5b0d52ed13e93a0 av-special-heading-h3 blockquote classic-quote  avia-builder-el-14  el_after_av_hr  el_before_av_table '><h3 class='av-special-heading-tag '  itemprop=\"headline\"  >Zitzenspr\u00fchpistole OptiSprayer\u2122 Anschluss oben und Erweiterungssets<\/h3><div class=\"special-heading-border\"><div class=\"special-heading-inner-border\"><\/div><\/div><\/div>\n<div class='avia-data-table-wrap av-20a8aun-cadb4ebd76aac30941c4885387b8b5fb avia_responsive_table avia-table-1'><table  class='avia-table avia-data-table avia_pricing_default  avia-builder-el-15  el_after_av_heading  avia-builder-el-last '  itemscope=\"itemscope\" itemtype=\"https:\/\/schema.org\/Table\" ><tbody><tr class='avia-heading-row'><th class=''>ART.NR.<\/th><th class=''>BEZEICHNUNG<\/th><\/tr><tr class=''><td class=''>AOS\/402-TL<\/td><td class=''>OptiSprayer\u2122 Anschluss oben mit CrNi-Stahl-Lanze mit einstellbarem Kunststoffspr\u00fchkopf<\/td><\/tr><tr class=''><td class=''>AOS\/402E-TL<\/td><td class=''>OptiSprayer\u2122 Anschluss oben mit verl\u00e4ngerter CrNi-Stahl-Lanze mit einstellbarem Kunststoffspr\u00fchkopf<\/td><\/tr><tr class=''><td class=''>AOS\/502-TL<\/td><td class=''>OptiSprayer\u2122 Anschluss oben mit verl\u00e4ngerter Kunststofflanze mit Vollkegelspr\u00fchkopf<\/td><\/tr><tr class=''><td class=''>AOS\/602-TL<\/td><td class=''>OptiSprayer\u2122 Anschluss oben mit CrNi-Stahl-Lanze mit einstellbarem CrNi-Stahl-Spr\u00fchkopf<\/td><\/tr><tr class=''><td class=''>AOS\/602E-TL<\/td><td class=''>OptiSprayer\u2122 Anschluss oben mit verl\u00e4ngerter CrNi-Stahl-Lanze mit einstellbarem CrNi-Stahl-Spr\u00fchkopf<\/td><\/tr><tr class=''><td class=''>AOS\/414-TL<\/td><td class=''>Erweiterungsset OptiSprayer\u2122 Anschluss oben mit CrNi-Stahl-Lanze mit einstellbarem Kunststoffspr\u00fchkopf<\/td><\/tr><tr class=''><td class=''>AOS\/414E-TL<\/td><td class=''>Erweiterungsset OptiSprayer\u2122 Anschluss oben mit verl\u00e4ngerter CrNi-Stahl-Lanze mit einstellbarem Kunststoffspr\u00fchkopf<\/td><\/tr><tr class=''><td class=''>AOS\/514-TL<\/td><td class=''>Erweiterungsset OptiSprayer\u2122 Anschluss oben mit Kunststofflanze mit Vollkegelspr\u00fchkopf<\/td><\/tr><tr class=''><td class=''>AOS\/614-TL<\/td><td class=''>Erweiterungsset OptiSprayer\u2122 Anschluss oben mit CrNi-Stahl-Lanze mit einstellbarem CrNi-Stahl-Spr\u00fchkopf<\/td><\/tr><tr class=''><td class=''>AOS\/614E-TL<\/td><td class=''>Erweiterungsset OptiSprayer\u2122 Anschluss oben mit verl\u00e4ngerter CrNi-Stahl-Lanze mit einstellbarem CrNi-Stahl-Spr\u00fchkopf<\/td><\/tr><\/tbody><\/table><\/div><style type='text\/css'>.avia-table-1 td:nth-of-type(1):before { content: 'ART.NR.'; } .avia-table-1 td:nth-of-type(2):before { content: 'BEZEICHNUNG'; } <\/style>\n<\/div><\/div><\/div><!-- close content main div --><\/div><\/div><div id='after_section_3'  class='main_color av_default_container_wrap container_wrap sidebar_right'  ><div class='container av-section-cont-open' ><div class='template-page content  av-content-small alpha units'><div class='post-entry post-entry-type-page post-entry-8143'><div class='entry-content-wrapper clearfix'><\/p>\n","protected":false},"excerpt":{"rendered":"","protected":false},"author":3,"featured_media":0,"parent":0,"menu_order":0,"comment_status":"closed","ping_status":"closed","template":"","meta":{"_acf_changed":false,"footnotes":""},"class_list":["post-8143","page","type-page","status-publish","hentry"],"acf":[],"yoast_head":"<!-- This site is optimized with the Yoast SEO plugin v26.9 - https:\/\/yoast.com\/product\/yoast-seo-wordpress\/ -->\n<title>OptiSprayer - Top Load | AMBIC Equipment Ltd UK<\/title>\n<meta name=\"robots\" content=\"index, follow, max-snippet:-1, max-image-preview:large, max-video-preview:-1\" \/>\n<link rel=\"canonical\" href=\"https:\/\/ambic.co.uk\/de\/optisprayer-top-load\/\" \/>\n<meta property=\"og:locale\" content=\"de_DE\" \/>\n<meta property=\"og:type\" content=\"article\" \/>\n<meta property=\"og:title\" content=\"OptiSprayer - Top Load | AMBIC Equipment Ltd UK\" \/>\n<meta property=\"og:url\" content=\"https:\/\/ambic.co.uk\/de\/optisprayer-top-load\/\" \/>\n<meta property=\"og:site_name\" content=\"AMBIC Equipment Ltd UK\" \/>\n<meta property=\"article:modified_time\" content=\"2022-05-30T11:23:42+00:00\" \/>\n<meta name=\"twitter:card\" content=\"summary_large_image\" \/>\n<meta name=\"twitter:site\" content=\"@ambicequipment\" \/>\n<meta name=\"twitter:label1\" content=\"Gesch\u00e4tzte Lesezeit\" \/>\n\t<meta name=\"twitter:data1\" content=\"8 Minuten\" \/>\n<script type=\"application\/ld+json\" class=\"yoast-schema-graph\">{\"@context\":\"https:\/\/schema.org\",\"@graph\":[{\"@type\":\"WebPage\",\"@id\":\"https:\/\/ambic.co.uk\/de\/optisprayer-top-load\/\",\"url\":\"https:\/\/ambic.co.uk\/de\/optisprayer-top-load\/\",\"name\":\"OptiSprayer - Top Load | AMBIC Equipment Ltd UK\",\"isPartOf\":{\"@id\":\"https:\/\/ambic.co.uk\/#website\"},\"datePublished\":\"2018-08-23T12:04:55+00:00\",\"dateModified\":\"2022-05-30T11:23:42+00:00\",\"breadcrumb\":{\"@id\":\"https:\/\/ambic.co.uk\/de\/optisprayer-top-load\/#breadcrumb\"},\"inLanguage\":\"de-DE\",\"potentialAction\":[{\"@type\":\"ReadAction\",\"target\":[\"https:\/\/ambic.co.uk\/de\/optisprayer-top-load\/\"]}]},{\"@type\":\"BreadcrumbList\",\"@id\":\"https:\/\/ambic.co.uk\/de\/optisprayer-top-load\/#breadcrumb\",\"itemListElement\":[{\"@type\":\"ListItem\",\"position\":1,\"name\":\"Home\",\"item\":\"https:\/\/ambic.co.uk\/de\/home\/\"},{\"@type\":\"ListItem\",\"position\":2,\"name\":\"OptiSprayer &#8211; Top Load\"}]},{\"@type\":\"WebSite\",\"@id\":\"https:\/\/ambic.co.uk\/#website\",\"url\":\"https:\/\/ambic.co.uk\/\",\"name\":\"AMBIC Equipment Ltd UK\",\"description\":\"AMBIC Equipment Ltd UK\",\"publisher\":{\"@id\":\"https:\/\/ambic.co.uk\/#organization\"},\"potentialAction\":[{\"@type\":\"SearchAction\",\"target\":{\"@type\":\"EntryPoint\",\"urlTemplate\":\"https:\/\/ambic.co.uk\/?s={search_term_string}\"},\"query-input\":{\"@type\":\"PropertyValueSpecification\",\"valueRequired\":true,\"valueName\":\"search_term_string\"}}],\"inLanguage\":\"de-DE\"},{\"@type\":\"Organization\",\"@id\":\"https:\/\/ambic.co.uk\/#organization\",\"name\":\"Ambic Equipment\",\"url\":\"https:\/\/ambic.co.uk\/\",\"logo\":{\"@type\":\"ImageObject\",\"inLanguage\":\"de-DE\",\"@id\":\"https:\/\/ambic.co.uk\/#\/schema\/logo\/image\/\",\"url\":\"https:\/\/ambic.co.uk\/wp-content\/uploads\/2016\/07\/ambic-logo-blue.png\",\"contentUrl\":\"https:\/\/ambic.co.uk\/wp-content\/uploads\/2016\/07\/ambic-logo-blue.png\",\"width\":803,\"height\":120,\"caption\":\"Ambic Equipment\"},\"image\":{\"@id\":\"https:\/\/ambic.co.uk\/#\/schema\/logo\/image\/\"},\"sameAs\":[\"https:\/\/x.com\/ambicequipment\",\"http:\/\/ambicequipment\"]}]}<\/script>\n<!-- \/ Yoast SEO plugin. -->","yoast_head_json":{"title":"OptiSprayer - Top Load | AMBIC Equipment Ltd UK","robots":{"index":"index","follow":"follow","max-snippet":"max-snippet:-1","max-image-preview":"max-image-preview:large","max-video-preview":"max-video-preview:-1"},"canonical":"https:\/\/ambic.co.uk\/de\/optisprayer-top-load\/","og_locale":"de_DE","og_type":"article","og_title":"OptiSprayer - Top Load | AMBIC Equipment Ltd UK","og_url":"https:\/\/ambic.co.uk\/de\/optisprayer-top-load\/","og_site_name":"AMBIC Equipment Ltd UK","article_modified_time":"2022-05-30T11:23:42+00:00","twitter_card":"summary_large_image","twitter_site":"@ambicequipment","twitter_misc":{"Gesch\u00e4tzte Lesezeit":"8 Minuten"},"schema":{"@context":"https:\/\/schema.org","@graph":[{"@type":"WebPage","@id":"https:\/\/ambic.co.uk\/de\/optisprayer-top-load\/","url":"https:\/\/ambic.co.uk\/de\/optisprayer-top-load\/","name":"OptiSprayer - Top Load | AMBIC Equipment Ltd UK","isPartOf":{"@id":"https:\/\/ambic.co.uk\/#website"},"datePublished":"2018-08-23T12:04:55+00:00","dateModified":"2022-05-30T11:23:42+00:00","breadcrumb":{"@id":"https:\/\/ambic.co.uk\/de\/optisprayer-top-load\/#breadcrumb"},"inLanguage":"de-DE","potentialAction":[{"@type":"ReadAction","target":["https:\/\/ambic.co.uk\/de\/optisprayer-top-load\/"]}]},{"@type":"BreadcrumbList","@id":"https:\/\/ambic.co.uk\/de\/optisprayer-top-load\/#breadcrumb","itemListElement":[{"@type":"ListItem","position":1,"name":"Home","item":"https:\/\/ambic.co.uk\/de\/home\/"},{"@type":"ListItem","position":2,"name":"OptiSprayer &#8211; Top Load"}]},{"@type":"WebSite","@id":"https:\/\/ambic.co.uk\/#website","url":"https:\/\/ambic.co.uk\/","name":"AMBIC Equipment Ltd UK","description":"AMBIC Equipment Ltd UK","publisher":{"@id":"https:\/\/ambic.co.uk\/#organization"},"potentialAction":[{"@type":"SearchAction","target":{"@type":"EntryPoint","urlTemplate":"https:\/\/ambic.co.uk\/?s={search_term_string}"},"query-input":{"@type":"PropertyValueSpecification","valueRequired":true,"valueName":"search_term_string"}}],"inLanguage":"de-DE"},{"@type":"Organization","@id":"https:\/\/ambic.co.uk\/#organization","name":"Ambic Equipment","url":"https:\/\/ambic.co.uk\/","logo":{"@type":"ImageObject","inLanguage":"de-DE","@id":"https:\/\/ambic.co.uk\/#\/schema\/logo\/image\/","url":"https:\/\/ambic.co.uk\/wp-content\/uploads\/2016\/07\/ambic-logo-blue.png","contentUrl":"https:\/\/ambic.co.uk\/wp-content\/uploads\/2016\/07\/ambic-logo-blue.png","width":803,"height":120,"caption":"Ambic Equipment"},"image":{"@id":"https:\/\/ambic.co.uk\/#\/schema\/logo\/image\/"},"sameAs":["https:\/\/x.com\/ambicequipment","http:\/\/ambicequipment"]}]}},"_links":{"self":[{"href":"https:\/\/ambic.co.uk\/de\/wp-json\/wp\/v2\/pages\/8143","targetHints":{"allow":["GET"]}}],"collection":[{"href":"https:\/\/ambic.co.uk\/de\/wp-json\/wp\/v2\/pages"}],"about":[{"href":"https:\/\/ambic.co.uk\/de\/wp-json\/wp\/v2\/types\/page"}],"author":[{"embeddable":true,"href":"https:\/\/ambic.co.uk\/de\/wp-json\/wp\/v2\/users\/3"}],"replies":[{"embeddable":true,"href":"https:\/\/ambic.co.uk\/de\/wp-json\/wp\/v2\/comments?post=8143"}],"version-history":[{"count":0,"href":"https:\/\/ambic.co.uk\/de\/wp-json\/wp\/v2\/pages\/8143\/revisions"}],"wp:attachment":[{"href":"https:\/\/ambic.co.uk\/de\/wp-json\/wp\/v2\/media?parent=8143"}],"curies":[{"name":"wp","href":"https:\/\/api.w.org\/{rel}","templated":true}]}}