{"id":13338,"date":"2021-02-11T11:07:14","date_gmt":"2021-02-11T11:07:14","guid":{"rendered":"http:\/\/ambic.co.uk\/image-gallery\/peristaltic-pumps\/low-volume-with-metal-gears\/"},"modified":"2022-12-09T11:51:18","modified_gmt":"2022-12-09T11:51:18","slug":"low-volume-with-metal-gears","status":"publish","type":"page","link":"https:\/\/ambic.co.uk\/es\/image-gallery\/peristaltic-pumps\/low-volume-with-metal-gears\/","title":{"rendered":"Image Gallery: Peristaltic Pumps | Low Volume with Metal Gears"},"content":{"rendered":"\n<style type=\"text\/css\" data-created_by=\"avia_inline_auto\" id=\"style-css-av-ayme37-7ec4e60e40575c86a69cdd50d33ca780\">\n.avia-section.av-ayme37-7ec4e60e40575c86a69cdd50d33ca780{\nbackground-color:#0067a5;\nbackground-image:unset;\n}\n<\/style>\n<div id='av_section_1'  class='avia-section av-ayme37-7ec4e60e40575c86a69cdd50d33ca780 main_color avia-section-default avia-no-border-styling  avia-builder-el-0  el_before_av_one_full  avia-builder-el-first  avia-bg-style-scroll container_wrap sidebar_right'  ><div class='container av-section-cont-open' ><main  role=\"main\" itemprop=\"mainContentOfPage\"  class='template-page content  av-content-small alpha units'><div class='post-entry post-entry-type-page post-entry-13338'><div class='entry-content-wrapper clearfix'>\n\n<style type=\"text\/css\" data-created_by=\"avia_inline_auto\" id=\"style-css-av-kl0rbtud-7ab07252ae884b52f77aef09bec12d02\">\n#top .av-special-heading.av-kl0rbtud-7ab07252ae884b52f77aef09bec12d02{\npadding-bottom:0;\ncolor:#ffffff;\nfont-size:72px;\n}\nbody .av-special-heading.av-kl0rbtud-7ab07252ae884b52f77aef09bec12d02 .av-special-heading-tag .heading-char{\nfont-size:25px;\n}\n#top #wrap_all .av-special-heading.av-kl0rbtud-7ab07252ae884b52f77aef09bec12d02 .av-special-heading-tag{\nfont-size:72px;\n}\n.av-special-heading.av-kl0rbtud-7ab07252ae884b52f77aef09bec12d02 .special-heading-inner-border{\nborder-color:#ffffff;\n}\n.av-special-heading.av-kl0rbtud-7ab07252ae884b52f77aef09bec12d02 .av-subheading{\nfont-size:20px;\n}\n\n@media only screen and (min-width: 480px) and (max-width: 767px){ \n#top #wrap_all .av-special-heading.av-kl0rbtud-7ab07252ae884b52f77aef09bec12d02 .av-special-heading-tag{\nfont-size:0.8em;\n}\n}\n\n@media only screen and (max-width: 479px){ \n#top #wrap_all .av-special-heading.av-kl0rbtud-7ab07252ae884b52f77aef09bec12d02 .av-special-heading-tag{\nfont-size:0.8em;\n}\n}\n<\/style>\n<div  class='av-special-heading av-kl0rbtud-7ab07252ae884b52f77aef09bec12d02 av-special-heading-h3 custom-color-heading blockquote modern-quote  avia-builder-el-1  avia-builder-el-no-sibling  av-inherit-size'><h3 class='av-special-heading-tag '  itemprop=\"headline\"  >Low Volume with Metal Gears<\/h3><div class='av_custom_color av-subheading av-subheading_below'><p>Galer\u00eda de Fotos<\/p>\n<\/div><div class=\"special-heading-border\"><div class=\"special-heading-inner-border\"><\/div><\/div><\/div>\n<\/div><\/div><\/main><!-- close content main element --><\/div><\/div><div id='after_section_1'  class='main_color av_default_container_wrap container_wrap sidebar_right'  ><div class='container av-section-cont-open' ><div class='template-page content  av-content-small alpha units'><div class='post-entry post-entry-type-page post-entry-13338'><div class='entry-content-wrapper clearfix'>\n\n<style type=\"text\/css\" data-created_by=\"avia_inline_auto\" id=\"style-css-av-85nhlv-0c373ac2b8bb1823d544f9be2cd2db54\">\n.flex_column.av-85nhlv-0c373ac2b8bb1823d544f9be2cd2db54{\nborder-radius:0px 0px 0px 0px;\npadding:0px 0px 0px 0px;\n}\n<\/style>\n<div  class='flex_column av-85nhlv-0c373ac2b8bb1823d544f9be2cd2db54 av_one_full  avia-builder-el-2  el_after_av_section  avia-builder-el-no-sibling  first flex_column_div av-zero-column-padding  '     ><p><section  class='av_textblock_section av-5ausar-cadddb4e4a8524f12dfa1db94b20519b '   itemscope=\"itemscope\" itemtype=\"https:\/\/schema.org\/CreativeWork\" ><div class='avia_textblock'  itemprop=\"text\" ><p>Todas estas imagines son disponibles para descargar en alta resoluci\u00f3n. Seleccione un foto, espere para la imagine a alta resoluci\u00f3n, presione el bot\u00f3n derecho del mouse (PC) o presione y mantenga apretado (Mac) y seleccione salvar o descargar.<\/p>\n<\/div><\/section><br \/>\n<div  class='hr av-3s8woz-5fcfbc17d131ae9cdc9378b5f396f7b6 hr-default  avia-builder-el-4  el_after_av_textblock  el_before_av_textblock '><span class='hr-inner '><span class=\"hr-inner-style\"><\/span><\/span><\/div><br \/>\n<section  class='av_textblock_section av-380dub-69433653ad42e78bb65dc81ad74ce95a '   itemscope=\"itemscope\" itemtype=\"https:\/\/schema.org\/CreativeWork\" ><div class='avia_textblock'  itemprop=\"text\" >\n<\/div><\/section><\/p><\/div>\n","protected":false},"excerpt":{"rendered":"","protected":false},"author":2,"featured_media":0,"parent":3512,"menu_order":0,"comment_status":"closed","ping_status":"closed","template":"","meta":{"_acf_changed":false,"footnotes":""},"class_list":["post-13338","page","type-page","status-publish","hentry"],"acf":[],"yoast_head":"<!-- This site is optimized with the Yoast SEO plugin v26.9 - https:\/\/yoast.com\/product\/yoast-seo-wordpress\/ -->\n<title>Image Gallery: Peristaltic Pumps | Low Volume with Metal Gears | AMBIC Equipment Ltd UK<\/title>\n<meta name=\"robots\" content=\"index, follow, max-snippet:-1, max-image-preview:large, max-video-preview:-1\" \/>\n<link rel=\"canonical\" href=\"https:\/\/ambic.co.uk\/es\/image-gallery\/peristaltic-pumps\/low-volume-with-metal-gears\/\" \/>\n<meta property=\"og:locale\" content=\"es_ES\" \/>\n<meta property=\"og:type\" content=\"article\" \/>\n<meta property=\"og:title\" content=\"Image Gallery: Peristaltic Pumps | Low Volume with Metal Gears | AMBIC Equipment Ltd UK\" \/>\n<meta property=\"og:url\" content=\"https:\/\/ambic.co.uk\/es\/image-gallery\/peristaltic-pumps\/low-volume-with-metal-gears\/\" \/>\n<meta property=\"og:site_name\" content=\"AMBIC Equipment Ltd UK\" \/>\n<meta property=\"article:modified_time\" content=\"2022-12-09T11:51:18+00:00\" \/>\n<meta name=\"twitter:card\" content=\"summary_large_image\" \/>\n<meta name=\"twitter:site\" content=\"@ambicequipment\" \/>\n<meta name=\"twitter:label1\" content=\"Tiempo de lectura\" \/>\n\t<meta name=\"twitter:data1\" content=\"1 minuto\" \/>\n<script type=\"application\/ld+json\" class=\"yoast-schema-graph\">{\"@context\":\"https:\/\/schema.org\",\"@graph\":[{\"@type\":\"WebPage\",\"@id\":\"https:\/\/ambic.co.uk\/es\/image-gallery\/peristaltic-pumps\/low-volume-with-metal-gears\/\",\"url\":\"https:\/\/ambic.co.uk\/es\/image-gallery\/peristaltic-pumps\/low-volume-with-metal-gears\/\",\"name\":\"Image Gallery: Peristaltic Pumps | Low Volume with Metal Gears | AMBIC Equipment Ltd UK\",\"isPartOf\":{\"@id\":\"https:\/\/ambic.co.uk\/#website\"},\"datePublished\":\"2021-02-11T11:07:14+00:00\",\"dateModified\":\"2022-12-09T11:51:18+00:00\",\"breadcrumb\":{\"@id\":\"https:\/\/ambic.co.uk\/es\/image-gallery\/peristaltic-pumps\/low-volume-with-metal-gears\/#breadcrumb\"},\"inLanguage\":\"es\",\"potentialAction\":[{\"@type\":\"ReadAction\",\"target\":[\"https:\/\/ambic.co.uk\/es\/image-gallery\/peristaltic-pumps\/low-volume-with-metal-gears\/\"]}]},{\"@type\":\"BreadcrumbList\",\"@id\":\"https:\/\/ambic.co.uk\/es\/image-gallery\/peristaltic-pumps\/low-volume-with-metal-gears\/#breadcrumb\",\"itemListElement\":[{\"@type\":\"ListItem\",\"position\":1,\"name\":\"Home\",\"item\":\"https:\/\/ambic.co.uk\/es\/home\/\"},{\"@type\":\"ListItem\",\"position\":2,\"name\":\"Image Gallery\",\"item\":\"https:\/\/ambic.co.uk\/es\/image-gallery\/\"},{\"@type\":\"ListItem\",\"position\":3,\"name\":\"Image Gallery: Peristaltic Pumps\",\"item\":\"https:\/\/ambic.co.uk\/es\/image-gallery\/peristaltic-pumps\/\"},{\"@type\":\"ListItem\",\"position\":4,\"name\":\"Image Gallery: Peristaltic Pumps | Low Volume with Metal Gears\"}]},{\"@type\":\"WebSite\",\"@id\":\"https:\/\/ambic.co.uk\/#website\",\"url\":\"https:\/\/ambic.co.uk\/\",\"name\":\"AMBIC Equipment Ltd UK\",\"description\":\"AMBIC Equipment Ltd UK\",\"publisher\":{\"@id\":\"https:\/\/ambic.co.uk\/#organization\"},\"potentialAction\":[{\"@type\":\"SearchAction\",\"target\":{\"@type\":\"EntryPoint\",\"urlTemplate\":\"https:\/\/ambic.co.uk\/?s={search_term_string}\"},\"query-input\":{\"@type\":\"PropertyValueSpecification\",\"valueRequired\":true,\"valueName\":\"search_term_string\"}}],\"inLanguage\":\"es\"},{\"@type\":\"Organization\",\"@id\":\"https:\/\/ambic.co.uk\/#organization\",\"name\":\"Ambic Equipment\",\"url\":\"https:\/\/ambic.co.uk\/\",\"logo\":{\"@type\":\"ImageObject\",\"inLanguage\":\"es\",\"@id\":\"https:\/\/ambic.co.uk\/#\/schema\/logo\/image\/\",\"url\":\"https:\/\/ambic.co.uk\/wp-content\/uploads\/2016\/07\/ambic-logo-blue.png\",\"contentUrl\":\"https:\/\/ambic.co.uk\/wp-content\/uploads\/2016\/07\/ambic-logo-blue.png\",\"width\":803,\"height\":120,\"caption\":\"Ambic Equipment\"},\"image\":{\"@id\":\"https:\/\/ambic.co.uk\/#\/schema\/logo\/image\/\"},\"sameAs\":[\"https:\/\/x.com\/ambicequipment\",\"http:\/\/ambicequipment\"]}]}<\/script>\n<!-- \/ Yoast SEO plugin. -->","yoast_head_json":{"title":"Image Gallery: Peristaltic Pumps | Low Volume with Metal Gears | AMBIC Equipment Ltd UK","robots":{"index":"index","follow":"follow","max-snippet":"max-snippet:-1","max-image-preview":"max-image-preview:large","max-video-preview":"max-video-preview:-1"},"canonical":"https:\/\/ambic.co.uk\/es\/image-gallery\/peristaltic-pumps\/low-volume-with-metal-gears\/","og_locale":"es_ES","og_type":"article","og_title":"Image Gallery: Peristaltic Pumps | Low Volume with Metal Gears | AMBIC Equipment Ltd UK","og_url":"https:\/\/ambic.co.uk\/es\/image-gallery\/peristaltic-pumps\/low-volume-with-metal-gears\/","og_site_name":"AMBIC Equipment Ltd UK","article_modified_time":"2022-12-09T11:51:18+00:00","twitter_card":"summary_large_image","twitter_site":"@ambicequipment","twitter_misc":{"Tiempo de lectura":"1 minuto"},"schema":{"@context":"https:\/\/schema.org","@graph":[{"@type":"WebPage","@id":"https:\/\/ambic.co.uk\/es\/image-gallery\/peristaltic-pumps\/low-volume-with-metal-gears\/","url":"https:\/\/ambic.co.uk\/es\/image-gallery\/peristaltic-pumps\/low-volume-with-metal-gears\/","name":"Image Gallery: Peristaltic Pumps | Low Volume with Metal Gears | AMBIC Equipment Ltd UK","isPartOf":{"@id":"https:\/\/ambic.co.uk\/#website"},"datePublished":"2021-02-11T11:07:14+00:00","dateModified":"2022-12-09T11:51:18+00:00","breadcrumb":{"@id":"https:\/\/ambic.co.uk\/es\/image-gallery\/peristaltic-pumps\/low-volume-with-metal-gears\/#breadcrumb"},"inLanguage":"es","potentialAction":[{"@type":"ReadAction","target":["https:\/\/ambic.co.uk\/es\/image-gallery\/peristaltic-pumps\/low-volume-with-metal-gears\/"]}]},{"@type":"BreadcrumbList","@id":"https:\/\/ambic.co.uk\/es\/image-gallery\/peristaltic-pumps\/low-volume-with-metal-gears\/#breadcrumb","itemListElement":[{"@type":"ListItem","position":1,"name":"Home","item":"https:\/\/ambic.co.uk\/es\/home\/"},{"@type":"ListItem","position":2,"name":"Image Gallery","item":"https:\/\/ambic.co.uk\/es\/image-gallery\/"},{"@type":"ListItem","position":3,"name":"Image Gallery: Peristaltic Pumps","item":"https:\/\/ambic.co.uk\/es\/image-gallery\/peristaltic-pumps\/"},{"@type":"ListItem","position":4,"name":"Image Gallery: Peristaltic Pumps | Low Volume with Metal Gears"}]},{"@type":"WebSite","@id":"https:\/\/ambic.co.uk\/#website","url":"https:\/\/ambic.co.uk\/","name":"AMBIC Equipment Ltd UK","description":"AMBIC Equipment Ltd UK","publisher":{"@id":"https:\/\/ambic.co.uk\/#organization"},"potentialAction":[{"@type":"SearchAction","target":{"@type":"EntryPoint","urlTemplate":"https:\/\/ambic.co.uk\/?s={search_term_string}"},"query-input":{"@type":"PropertyValueSpecification","valueRequired":true,"valueName":"search_term_string"}}],"inLanguage":"es"},{"@type":"Organization","@id":"https:\/\/ambic.co.uk\/#organization","name":"Ambic Equipment","url":"https:\/\/ambic.co.uk\/","logo":{"@type":"ImageObject","inLanguage":"es","@id":"https:\/\/ambic.co.uk\/#\/schema\/logo\/image\/","url":"https:\/\/ambic.co.uk\/wp-content\/uploads\/2016\/07\/ambic-logo-blue.png","contentUrl":"https:\/\/ambic.co.uk\/wp-content\/uploads\/2016\/07\/ambic-logo-blue.png","width":803,"height":120,"caption":"Ambic Equipment"},"image":{"@id":"https:\/\/ambic.co.uk\/#\/schema\/logo\/image\/"},"sameAs":["https:\/\/x.com\/ambicequipment","http:\/\/ambicequipment"]}]}},"_links":{"self":[{"href":"https:\/\/ambic.co.uk\/es\/wp-json\/wp\/v2\/pages\/13338","targetHints":{"allow":["GET"]}}],"collection":[{"href":"https:\/\/ambic.co.uk\/es\/wp-json\/wp\/v2\/pages"}],"about":[{"href":"https:\/\/ambic.co.uk\/es\/wp-json\/wp\/v2\/types\/page"}],"author":[{"embeddable":true,"href":"https:\/\/ambic.co.uk\/es\/wp-json\/wp\/v2\/users\/2"}],"replies":[{"embeddable":true,"href":"https:\/\/ambic.co.uk\/es\/wp-json\/wp\/v2\/comments?post=13338"}],"version-history":[{"count":0,"href":"https:\/\/ambic.co.uk\/es\/wp-json\/wp\/v2\/pages\/13338\/revisions"}],"up":[{"embeddable":true,"href":"https:\/\/ambic.co.uk\/es\/wp-json\/wp\/v2\/pages\/3512"}],"wp:attachment":[{"href":"https:\/\/ambic.co.uk\/es\/wp-json\/wp\/v2\/media?parent=13338"}],"curies":[{"name":"wp","href":"https:\/\/api.w.org\/{rel}","templated":true}]}}