{"id":2651,"date":"2016-08-10T16:18:41","date_gmt":"2016-08-10T16:18:41","guid":{"rendered":"http:\/\/ambicmain.wpengine.com\/products\/vordin-range\/jetspray-guns\/"},"modified":"2021-06-29T09:59:30","modified_gmt":"2021-06-29T09:59:30","slug":"jetspray-guns","status":"publish","type":"page","link":"https:\/\/ambic.co.uk\/es\/products\/vordin-range\/jetspray-guns\/","title":{"rendered":"Products: Vordin Range | JetSpray Guns"},"content":{"rendered":"\n<style type=\"text\/css\" data-created_by=\"avia_inline_auto\" id=\"style-css-av-av_section-9ce731e008f303b413303b8d23298214\">\n.avia-section.av-av_section-9ce731e008f303b413303b8d23298214{\nbackground-color:#dc3c41;\nbackground-image:unset;\n}\n<\/style>\n<div id='av_section_1'  class='avia-section av-av_section-9ce731e008f303b413303b8d23298214 main_color avia-section-small avia-no-border-styling  avia-builder-el-0  el_before_av_section  avia-builder-el-first  avia-bg-style-scroll container_wrap sidebar_right'  ><div class='container av-section-cont-open' ><main  role=\"main\" itemprop=\"mainContentOfPage\"  class='template-page content  av-content-small alpha units'><div class='post-entry post-entry-type-page post-entry-2651'><div class='entry-content-wrapper clearfix'>\n\n<style type=\"text\/css\" data-created_by=\"avia_inline_auto\" id=\"style-css-av-av_heading-08944a172a30ea794e225b9ca0b6c3bf\">\n#top .av-special-heading.av-av_heading-08944a172a30ea794e225b9ca0b6c3bf{\npadding-bottom:0;\ncolor:#ffffff;\nfont-size:50px;\n}\nbody .av-special-heading.av-av_heading-08944a172a30ea794e225b9ca0b6c3bf .av-special-heading-tag .heading-char{\nfont-size:25px;\n}\n#top #wrap_all .av-special-heading.av-av_heading-08944a172a30ea794e225b9ca0b6c3bf .av-special-heading-tag{\nfont-size:50px;\n}\n.av-special-heading.av-av_heading-08944a172a30ea794e225b9ca0b6c3bf .special-heading-inner-border{\nborder-color:#ffffff;\n}\n.av-special-heading.av-av_heading-08944a172a30ea794e225b9ca0b6c3bf .av-subheading{\nfont-size:20px;\n}\n\n@media only screen and (min-width: 480px) and (max-width: 767px){ \n#top #wrap_all .av-special-heading.av-av_heading-08944a172a30ea794e225b9ca0b6c3bf .av-special-heading-tag{\nfont-size:0.8em;\n}\n}\n\n@media only screen and (max-width: 479px){ \n#top #wrap_all .av-special-heading.av-av_heading-08944a172a30ea794e225b9ca0b6c3bf .av-special-heading-tag{\nfont-size:0.8em;\n}\n}\n<\/style>\n<div  class='av-special-heading av-av_heading-08944a172a30ea794e225b9ca0b6c3bf av-special-heading-h2 custom-color-heading blockquote modern-quote  avia-builder-el-1  avia-builder-el-no-sibling  av-inherit-size'><h2 class='av-special-heading-tag '  itemprop=\"headline\"  >Pistolas JetSpray<\/h2><div class=\"special-heading-border\"><div class=\"special-heading-inner-border\"><\/div><\/div><\/div>\n\n<\/div><\/div><\/main><!-- close content main element --><\/div><\/div><div id='av_section_2'  class='avia-section av-av_section-e45cf08da12eaf0aa4c516511f912788 main_color avia-section-default avia-no-shadow  avia-builder-el-2  el_after_av_section  el_before_av_section  avia-bg-style-scroll container_wrap sidebar_right'  ><div class='container av-section-cont-open' ><div class='template-page content  av-content-small alpha units'><div class='post-entry post-entry-type-page post-entry-2651'><div class='entry-content-wrapper clearfix'>\n<div  class='tabcontainer av-av_tab_container-0bacd910096d11a3cec6dfb538798966 top_tab  avia-builder-el-3  avia-builder-el-no-sibling '>\n<section class='av_tab_section av_tab_section av-av_tab-f974f1401c829a03e88f37b0c3907bb9'  itemscope=\"itemscope\" itemtype=\"https:\/\/schema.org\/CreativeWork\" ><div id='tab-id-1-tab' class='tab active_tab' role='tab' aria-selected=\"true\" tabindex=\"0\" data-fake-id='#tab-id-1' aria-controls='tab-id-1-content'  itemprop=\"headline\" ><span class='tab_icon avia-iconfont avia-font-entypo-fontello' data-av_icon='\ue80e' data-av_iconfont='entypo-fontello' ><\/span>F\u00f3tos<\/div><div id='tab-id-1-content' class='tab_content active_tab_content' role='tabpanel' aria-labelledby='tab-id-1-tab' aria-hidden=\"false\"><div class='tab_inner_content invers-color'  itemprop=\"text\" ><div  class='avia-button-wrap avia-button-center  avia-builder-el-4  avia-builder-el-no-sibling '>\n<style type=\"text\/css\" data-created_by=\"avia_inline_auto\" id=\"style-css-av-av_button_big-9acbfb7f249ded54ca469764f7ff551c\">\n#top #wrap_all .avia-button.av-av_button_big-9acbfb7f249ded54ca469764f7ff551c{\ncolor:#ffffff;\ntransition:all 0.4s ease-in-out;\n}\n#top #wrap_all .avia-button.av-av_button_big-9acbfb7f249ded54ca469764f7ff551c:hover{\nbackground-color:#444444;\ncolor:#ffffff;\ntransition:all 0.4s ease-in-out;\n}\n#top #wrap_all .avia-button.av-av_button_big-9acbfb7f249ded54ca469764f7ff551c .avia-svg-icon svg:first-child{\nfill:#ffffff;\nstroke:#ffffff;\n}\n#top #wrap_all .avia-button.av-av_button_big-9acbfb7f249ded54ca469764f7ff551c:hover .avia-svg-icon svg:first-child{\nfill:#ffffff;\nstroke:#ffffff;\n}\n<\/style>\n<a href='\/es\/image-gallery\/vordin-range\/jetspray-guns\/' class='avia-color-theme-color avia-button avia-button-fullwidth av-av_button_big-9acbfb7f249ded54ca469764f7ff551c avia-icon_select-yes-left-icon avia-color-theme-color'   aria-label=\"Galer\u00eda de Fotos\"><span class='avia_button_icon avia_button_icon_left avia-iconfont avia-font-entypo-fontello' data-av_icon='\ue80e' data-av_iconfont='entypo-fontello' ><\/span><span class='avia_iconbox_title' >Galer\u00eda de Fotos<\/span><\/a><\/div>\n<\/div><\/div><\/section>\n<\/div>\n\n<\/div><\/div><\/div><!-- close content main div --><\/div><\/div><div id='av_section_3'  class='avia-section av-av_section-915b33fd1d6006bfc684ade488387eaf main_color avia-section-default avia-no-border-styling  avia-builder-el-5  el_after_av_section  avia-builder-el-last  avia-bg-style-scroll container_wrap sidebar_right'  ><div class='container av-section-cont-open' ><div class='template-page content  av-content-small alpha units'><div class='post-entry post-entry-type-page post-entry-2651'><div class='entry-content-wrapper clearfix'>\n\n<style type=\"text\/css\" data-created_by=\"avia_inline_auto\" id=\"style-css-av-av_one_half-6126cab7d8fab8d08143dd2dacdf673c\">\n.flex_column.av-av_one_half-6126cab7d8fab8d08143dd2dacdf673c{\nborder-radius:0px 0px 0px 0px;\npadding:0px 0px 0px 0px;\n}\n<\/style>\n<div  class='flex_column av-av_one_half-6126cab7d8fab8d08143dd2dacdf673c av_one_half  avia-builder-el-6  el_before_av_one_half  avia-builder-el-first  first flex_column_div av-zero-column-padding  '     ><section  class='av_textblock_section av-av_textblock-0366cc7376be6c9e82a3e9cc8987b64f '   itemscope=\"itemscope\" itemtype=\"https:\/\/schema.org\/CreativeWork\" ><div class='avia_textblock'  itemprop=\"text\" ><p>Una pistola resistente y durable para enjuagar con dos patrones de pulverizaci\u00f3n \u2013 en Abanico y Chorro. Disponible con una variedad de conectores de manguera de metal o pl\u00e1stico que se colocan a presi\u00f3n. El conector met\u00e1lico es apropiado para tuber\u00edas de 16mm y 19mm.<\/p>\n<\/div><\/section><\/div>\n<style type=\"text\/css\" data-created_by=\"avia_inline_auto\" id=\"style-css-av-av_one_half-0aa7055fe62c3622faec82866afbaeb2\">\n.flex_column.av-av_one_half-0aa7055fe62c3622faec82866afbaeb2{\nborder-radius:0px 0px 0px 0px;\npadding:0px 0px 0px 0px;\n}\n<\/style>\n<div  class='flex_column av-av_one_half-0aa7055fe62c3622faec82866afbaeb2 av_one_half  avia-builder-el-8  el_after_av_one_half  el_before_av_hr  flex_column_div av-zero-column-padding  '     ><style type=\"text\/css\" data-created_by=\"avia_inline_auto\" id=\"style-css-av-av_gallery-4075397110a2d3deb78579e734d5d502\">\n#top .avia-gallery.av-av_gallery-4075397110a2d3deb78579e734d5d502 .avia-gallery-thumb a{\nwidth:20%;\n}\n<\/style>\n<div  class='avia-gallery av-av_gallery-4075397110a2d3deb78579e734d5d502 avia_animate_when_visible  avia-builder-el-9  avia-builder-el-no-sibling  av-hide-gallery-thumbs deactivate_avia_lazyload av-slideshow-ui av-loop-manual-endless av-control-hidden av-navigate-arrows av-navigate-dots hover-effect av-control-hidden avia-gallery-animate avia-gallery-1'  itemprop=\"image\" itemscope=\"itemscope\" itemtype=\"https:\/\/schema.org\/ImageObject\" ><meta itemprop=\"contentURL\" content=\"https:\/\/ambic.co.uk\/es\/products\/vordin-range\/jetspray-guns\/\"><div class='avia-gallery-big-wrapper'><a class='avia-gallery-big fakeLightbox lightbox avia-gallery-big-crop-thumb ' href=\"https:\/\/ambic.co.uk\/wp-content\/uploads\/2016\/08\/JS1M-B-JetSpray-Blue-web-1030x1030.jpg\" data-srcset=\"https:\/\/ambic.co.uk\/wp-content\/uploads\/2016\/08\/JS1M-B-JetSpray-Blue-web-1030x1030.jpg 1030w, https:\/\/ambic.co.uk\/wp-content\/uploads\/2016\/08\/JS1M-B-JetSpray-Blue-web-80x80.jpg 80w, https:\/\/ambic.co.uk\/wp-content\/uploads\/2016\/08\/JS1M-B-JetSpray-Blue-web-300x300.jpg 300w, https:\/\/ambic.co.uk\/wp-content\/uploads\/2016\/08\/JS1M-B-JetSpray-Blue-web-768x768.jpg 768w, https:\/\/ambic.co.uk\/wp-content\/uploads\/2016\/08\/JS1M-B-JetSpray-Blue-web-36x36.jpg 36w, https:\/\/ambic.co.uk\/wp-content\/uploads\/2016\/08\/JS1M-B-JetSpray-Blue-web-180x180.jpg 180w, https:\/\/ambic.co.uk\/wp-content\/uploads\/2016\/08\/JS1M-B-JetSpray-Blue-web-705x705.jpg 705w, https:\/\/ambic.co.uk\/wp-content\/uploads\/2016\/08\/JS1M-B-JetSpray-Blue-web-120x120.jpg 120w, https:\/\/ambic.co.uk\/wp-content\/uploads\/2016\/08\/JS1M-B-JetSpray-Blue-web-450x450.jpg 450w, https:\/\/ambic.co.uk\/wp-content\/uploads\/2016\/08\/JS1M-B-JetSpray-Blue-web.jpg 1200w\" data-sizes=\"(max-width: 1030px) 100vw, 1030px\"  data-onclick='1' title='JS1M-B-JetSpray-Blue-web' ><span class='avia-gallery-big-inner'  itemprop=\"thumbnailUrl\" ><img decoding=\"async\" fetchpriority=\"high\" class=\"wp-image-4229 avia-img-lazy-loading-not-4229\"  width=\"1200\" height=\"1200\" src=\"https:\/\/ambic.co.uk\/wp-content\/uploads\/2016\/08\/JS1M-B-JetSpray-Blue-web.jpg\" title='JS1M-B-JetSpray-Blue-web' alt='' srcset=\"https:\/\/ambic.co.uk\/wp-content\/uploads\/2016\/08\/JS1M-B-JetSpray-Blue-web.jpg 1200w, https:\/\/ambic.co.uk\/wp-content\/uploads\/2016\/08\/JS1M-B-JetSpray-Blue-web-80x80.jpg 80w, https:\/\/ambic.co.uk\/wp-content\/uploads\/2016\/08\/JS1M-B-JetSpray-Blue-web-300x300.jpg 300w, https:\/\/ambic.co.uk\/wp-content\/uploads\/2016\/08\/JS1M-B-JetSpray-Blue-web-768x768.jpg 768w, https:\/\/ambic.co.uk\/wp-content\/uploads\/2016\/08\/JS1M-B-JetSpray-Blue-web-1030x1030.jpg 1030w, https:\/\/ambic.co.uk\/wp-content\/uploads\/2016\/08\/JS1M-B-JetSpray-Blue-web-36x36.jpg 36w, https:\/\/ambic.co.uk\/wp-content\/uploads\/2016\/08\/JS1M-B-JetSpray-Blue-web-180x180.jpg 180w, https:\/\/ambic.co.uk\/wp-content\/uploads\/2016\/08\/JS1M-B-JetSpray-Blue-web-705x705.jpg 705w, https:\/\/ambic.co.uk\/wp-content\/uploads\/2016\/08\/JS1M-B-JetSpray-Blue-web-120x120.jpg 120w, https:\/\/ambic.co.uk\/wp-content\/uploads\/2016\/08\/JS1M-B-JetSpray-Blue-web-450x450.jpg 450w\" sizes=\"(max-width: 1200px) 100vw, 1200px\" \/><\/span><\/a><\/div><div class='avia-gallery-thumb'><a href=\"https:\/\/ambic.co.uk\/wp-content\/uploads\/2016\/08\/JS1M-B-JetSpray-Blue-web-1030x1030.jpg\" data-srcset=\"https:\/\/ambic.co.uk\/wp-content\/uploads\/2016\/08\/JS1M-B-JetSpray-Blue-web-1030x1030.jpg 1030w, https:\/\/ambic.co.uk\/wp-content\/uploads\/2016\/08\/JS1M-B-JetSpray-Blue-web-80x80.jpg 80w, https:\/\/ambic.co.uk\/wp-content\/uploads\/2016\/08\/JS1M-B-JetSpray-Blue-web-300x300.jpg 300w, https:\/\/ambic.co.uk\/wp-content\/uploads\/2016\/08\/JS1M-B-JetSpray-Blue-web-768x768.jpg 768w, https:\/\/ambic.co.uk\/wp-content\/uploads\/2016\/08\/JS1M-B-JetSpray-Blue-web-36x36.jpg 36w, https:\/\/ambic.co.uk\/wp-content\/uploads\/2016\/08\/JS1M-B-JetSpray-Blue-web-180x180.jpg 180w, https:\/\/ambic.co.uk\/wp-content\/uploads\/2016\/08\/JS1M-B-JetSpray-Blue-web-705x705.jpg 705w, https:\/\/ambic.co.uk\/wp-content\/uploads\/2016\/08\/JS1M-B-JetSpray-Blue-web-120x120.jpg 120w, https:\/\/ambic.co.uk\/wp-content\/uploads\/2016\/08\/JS1M-B-JetSpray-Blue-web-450x450.jpg 450w, https:\/\/ambic.co.uk\/wp-content\/uploads\/2016\/08\/JS1M-B-JetSpray-Blue-web.jpg 1200w\" data-sizes=\"(max-width: 1030px) 100vw, 1030px\" data-rel='gallery-1' data-prev-img='https:\/\/ambic.co.uk\/wp-content\/uploads\/2016\/08\/JS1M-B-JetSpray-Blue-web.jpg' class='first_thumb lightbox ' data-onclick='1' title='JS1M-B-JetSpray-Blue-web'  itemprop=\"thumbnailUrl\"  ><img decoding=\"async\" fetchpriority=\"high\" class=\"wp-image-4229 avia-img-lazy-loading-not-4229\"   src=\"https:\/\/ambic.co.uk\/wp-content\/uploads\/2016\/08\/JS1M-B-JetSpray-Blue-web-495x400.jpg\" width=\"495\" height=\"400\"  title='JS1M-B-JetSpray-Blue-web' alt='' srcset=\"https:\/\/ambic.co.uk\/wp-content\/uploads\/2016\/08\/JS1M-B-JetSpray-Blue-web-495x400.jpg 495w, https:\/\/ambic.co.uk\/wp-content\/uploads\/2016\/08\/JS1M-B-JetSpray-Blue-web-845x684.jpg 845w\" sizes=\"(max-width: 495px) 100vw, 495px\" \/><div class='big-prev-fake'><img decoding=\"async\" loading=\"lazy\" class=\"wp-image-4229 avia-img-lazy-loading-4229\"  width=\"1200\" height=\"1200\" src=\"https:\/\/ambic.co.uk\/wp-content\/uploads\/2016\/08\/JS1M-B-JetSpray-Blue-web.jpg\" title='JS1M-B-JetSpray-Blue-web' alt='' srcset=\"https:\/\/ambic.co.uk\/wp-content\/uploads\/2016\/08\/JS1M-B-JetSpray-Blue-web.jpg 1200w, https:\/\/ambic.co.uk\/wp-content\/uploads\/2016\/08\/JS1M-B-JetSpray-Blue-web-80x80.jpg 80w, https:\/\/ambic.co.uk\/wp-content\/uploads\/2016\/08\/JS1M-B-JetSpray-Blue-web-300x300.jpg 300w, https:\/\/ambic.co.uk\/wp-content\/uploads\/2016\/08\/JS1M-B-JetSpray-Blue-web-768x768.jpg 768w, https:\/\/ambic.co.uk\/wp-content\/uploads\/2016\/08\/JS1M-B-JetSpray-Blue-web-1030x1030.jpg 1030w, https:\/\/ambic.co.uk\/wp-content\/uploads\/2016\/08\/JS1M-B-JetSpray-Blue-web-36x36.jpg 36w, https:\/\/ambic.co.uk\/wp-content\/uploads\/2016\/08\/JS1M-B-JetSpray-Blue-web-180x180.jpg 180w, https:\/\/ambic.co.uk\/wp-content\/uploads\/2016\/08\/JS1M-B-JetSpray-Blue-web-705x705.jpg 705w, https:\/\/ambic.co.uk\/wp-content\/uploads\/2016\/08\/JS1M-B-JetSpray-Blue-web-120x120.jpg 120w, https:\/\/ambic.co.uk\/wp-content\/uploads\/2016\/08\/JS1M-B-JetSpray-Blue-web-450x450.jpg 450w\" sizes=\"auto, (max-width: 1200px) 100vw, 1200px\" \/><\/div><\/a><\/div><\/div><\/div><div  class='hr av-av_hr-dcd2069817a0e3d34ae04cad8f3443c7 hr-default  avia-builder-el-10  el_after_av_one_half  el_before_av_heading '><span class='hr-inner '><span class=\"hr-inner-style\"><\/span><\/span><\/div>\n\n<style type=\"text\/css\" data-created_by=\"avia_inline_auto\" id=\"style-css-av-av_heading-516b82235296cdcfe6cf9560a81d64d9\">\n#top .av-special-heading.av-av_heading-516b82235296cdcfe6cf9560a81d64d9{\npadding-bottom:10px;\n}\nbody .av-special-heading.av-av_heading-516b82235296cdcfe6cf9560a81d64d9 .av-special-heading-tag .heading-char{\nfont-size:25px;\n}\n.av-special-heading.av-av_heading-516b82235296cdcfe6cf9560a81d64d9 .av-subheading{\nfont-size:15px;\n}\n<\/style>\n<div  class='av-special-heading av-av_heading-516b82235296cdcfe6cf9560a81d64d9 av-special-heading-h3 blockquote classic-quote  avia-builder-el-11  el_after_av_hr  el_before_av_table '><h3 class='av-special-heading-tag '  itemprop=\"headline\"  >Pistolas JetSpray<\/h3><div class=\"special-heading-border\"><div class=\"special-heading-inner-border\"><\/div><\/div><\/div>\n<div class='avia-data-table-wrap av-av_table-79567314f19fdf27597651e950bcbb3a avia_responsive_table avia-table-1'><table  class='avia-table avia-data-table avia_pricing_default  avia-builder-el-12  el_after_av_heading  avia-builder-el-last '  itemscope=\"itemscope\" itemtype=\"https:\/\/schema.org\/Table\" ><tbody><tr class='avia-heading-row'><th class=''>Pieza No<\/th><th class=''>Descripci\u00f3n<\/th><th class=''>Conector<\/th><th class=''>Color<\/th><\/tr><tr class=''><td class=''>JS1M-B<\/td><td class=''>Pistola JetSpray<\/td><td class=''>Conector Met\u00e1lico<\/td><td class=''>Azul<\/td><\/tr><tr class=''><td class=''>JS1S-B<\/td><td class=''>Pistola JetSpray<\/td><td class=''>Conector a Presi\u00f3n<\/td><td class=''>Azul<\/td><\/tr><\/tbody><\/table><\/div><style type='text\/css'>.avia-table-1 td:nth-of-type(1):before { content: 'Pieza No'; } .avia-table-1 td:nth-of-type(2):before { content: 'Descripci\u00f3n'; } .avia-table-1 td:nth-of-type(3):before { content: 'Conector'; } .avia-table-1 td:nth-of-type(4):before { content: 'Color'; } <\/style>\n<\/div><\/div><\/div><!-- close content main div --><\/div><\/div><div id='after_section_3'  class='main_color av_default_container_wrap container_wrap sidebar_right'  ><div class='container av-section-cont-open' ><div class='template-page content  av-content-small alpha units'><div class='post-entry post-entry-type-page post-entry-2651'><div class='entry-content-wrapper clearfix'>\n","protected":false},"excerpt":{"rendered":"","protected":false},"author":2,"featured_media":0,"parent":2626,"menu_order":0,"comment_status":"closed","ping_status":"closed","template":"","meta":{"_acf_changed":false,"footnotes":""},"class_list":["post-2651","page","type-page","status-publish","hentry"],"acf":[],"yoast_head":"<!-- This site is optimized with the Yoast SEO plugin v26.9 - https:\/\/yoast.com\/product\/yoast-seo-wordpress\/ -->\n<title>Products: Vordin Range | JetSpray Guns | AMBIC Equipment Ltd UK<\/title>\n<meta name=\"robots\" content=\"index, follow, max-snippet:-1, max-image-preview:large, max-video-preview:-1\" \/>\n<link rel=\"canonical\" href=\"https:\/\/ambic.co.uk\/es\/products\/vordin-range\/jetspray-guns\/\" \/>\n<meta property=\"og:locale\" content=\"es_ES\" \/>\n<meta property=\"og:type\" content=\"article\" \/>\n<meta property=\"og:title\" content=\"Products: Vordin Range | JetSpray Guns | AMBIC Equipment Ltd UK\" \/>\n<meta property=\"og:url\" content=\"https:\/\/ambic.co.uk\/es\/products\/vordin-range\/jetspray-guns\/\" \/>\n<meta property=\"og:site_name\" content=\"AMBIC Equipment Ltd UK\" \/>\n<meta property=\"article:modified_time\" content=\"2021-06-29T09:59:30+00:00\" \/>\n<meta name=\"twitter:card\" content=\"summary_large_image\" \/>\n<meta name=\"twitter:site\" content=\"@ambicequipment\" \/>\n<meta name=\"twitter:label1\" content=\"Tiempo de lectura\" \/>\n\t<meta name=\"twitter:data1\" content=\"4 minutos\" \/>\n<script type=\"application\/ld+json\" class=\"yoast-schema-graph\">{\"@context\":\"https:\/\/schema.org\",\"@graph\":[{\"@type\":\"WebPage\",\"@id\":\"https:\/\/ambic.co.uk\/es\/products\/vordin-range\/jetspray-guns\/\",\"url\":\"https:\/\/ambic.co.uk\/es\/products\/vordin-range\/jetspray-guns\/\",\"name\":\"Products: Vordin Range | JetSpray Guns | AMBIC Equipment Ltd UK\",\"isPartOf\":{\"@id\":\"https:\/\/ambic.co.uk\/#website\"},\"datePublished\":\"2016-08-10T16:18:41+00:00\",\"dateModified\":\"2021-06-29T09:59:30+00:00\",\"breadcrumb\":{\"@id\":\"https:\/\/ambic.co.uk\/es\/products\/vordin-range\/jetspray-guns\/#breadcrumb\"},\"inLanguage\":\"es\",\"potentialAction\":[{\"@type\":\"ReadAction\",\"target\":[\"https:\/\/ambic.co.uk\/es\/products\/vordin-range\/jetspray-guns\/\"]}]},{\"@type\":\"BreadcrumbList\",\"@id\":\"https:\/\/ambic.co.uk\/es\/products\/vordin-range\/jetspray-guns\/#breadcrumb\",\"itemListElement\":[{\"@type\":\"ListItem\",\"position\":1,\"name\":\"Home\",\"item\":\"https:\/\/ambic.co.uk\/es\/home\/\"},{\"@type\":\"ListItem\",\"position\":2,\"name\":\"Products\",\"item\":\"https:\/\/ambic.co.uk\/es\/products\/\"},{\"@type\":\"ListItem\",\"position\":3,\"name\":\"Products: Vordin Range\",\"item\":\"https:\/\/ambic.co.uk\/es\/products\/vordin-range\/\"},{\"@type\":\"ListItem\",\"position\":4,\"name\":\"Products: Vordin Range | JetSpray Guns\"}]},{\"@type\":\"WebSite\",\"@id\":\"https:\/\/ambic.co.uk\/#website\",\"url\":\"https:\/\/ambic.co.uk\/\",\"name\":\"AMBIC Equipment Ltd UK\",\"description\":\"AMBIC Equipment Ltd UK\",\"publisher\":{\"@id\":\"https:\/\/ambic.co.uk\/#organization\"},\"potentialAction\":[{\"@type\":\"SearchAction\",\"target\":{\"@type\":\"EntryPoint\",\"urlTemplate\":\"https:\/\/ambic.co.uk\/?s={search_term_string}\"},\"query-input\":{\"@type\":\"PropertyValueSpecification\",\"valueRequired\":true,\"valueName\":\"search_term_string\"}}],\"inLanguage\":\"es\"},{\"@type\":\"Organization\",\"@id\":\"https:\/\/ambic.co.uk\/#organization\",\"name\":\"Ambic Equipment\",\"url\":\"https:\/\/ambic.co.uk\/\",\"logo\":{\"@type\":\"ImageObject\",\"inLanguage\":\"es\",\"@id\":\"https:\/\/ambic.co.uk\/#\/schema\/logo\/image\/\",\"url\":\"https:\/\/ambic.co.uk\/wp-content\/uploads\/2016\/07\/ambic-logo-blue.png\",\"contentUrl\":\"https:\/\/ambic.co.uk\/wp-content\/uploads\/2016\/07\/ambic-logo-blue.png\",\"width\":803,\"height\":120,\"caption\":\"Ambic Equipment\"},\"image\":{\"@id\":\"https:\/\/ambic.co.uk\/#\/schema\/logo\/image\/\"},\"sameAs\":[\"https:\/\/x.com\/ambicequipment\",\"http:\/\/ambicequipment\"]}]}<\/script>\n<!-- \/ Yoast SEO plugin. -->","yoast_head_json":{"title":"Products: Vordin Range | JetSpray Guns | AMBIC Equipment Ltd UK","robots":{"index":"index","follow":"follow","max-snippet":"max-snippet:-1","max-image-preview":"max-image-preview:large","max-video-preview":"max-video-preview:-1"},"canonical":"https:\/\/ambic.co.uk\/es\/products\/vordin-range\/jetspray-guns\/","og_locale":"es_ES","og_type":"article","og_title":"Products: Vordin Range | JetSpray Guns | AMBIC Equipment Ltd UK","og_url":"https:\/\/ambic.co.uk\/es\/products\/vordin-range\/jetspray-guns\/","og_site_name":"AMBIC Equipment Ltd UK","article_modified_time":"2021-06-29T09:59:30+00:00","twitter_card":"summary_large_image","twitter_site":"@ambicequipment","twitter_misc":{"Tiempo de lectura":"4 minutos"},"schema":{"@context":"https:\/\/schema.org","@graph":[{"@type":"WebPage","@id":"https:\/\/ambic.co.uk\/es\/products\/vordin-range\/jetspray-guns\/","url":"https:\/\/ambic.co.uk\/es\/products\/vordin-range\/jetspray-guns\/","name":"Products: Vordin Range | JetSpray Guns | AMBIC Equipment Ltd UK","isPartOf":{"@id":"https:\/\/ambic.co.uk\/#website"},"datePublished":"2016-08-10T16:18:41+00:00","dateModified":"2021-06-29T09:59:30+00:00","breadcrumb":{"@id":"https:\/\/ambic.co.uk\/es\/products\/vordin-range\/jetspray-guns\/#breadcrumb"},"inLanguage":"es","potentialAction":[{"@type":"ReadAction","target":["https:\/\/ambic.co.uk\/es\/products\/vordin-range\/jetspray-guns\/"]}]},{"@type":"BreadcrumbList","@id":"https:\/\/ambic.co.uk\/es\/products\/vordin-range\/jetspray-guns\/#breadcrumb","itemListElement":[{"@type":"ListItem","position":1,"name":"Home","item":"https:\/\/ambic.co.uk\/es\/home\/"},{"@type":"ListItem","position":2,"name":"Products","item":"https:\/\/ambic.co.uk\/es\/products\/"},{"@type":"ListItem","position":3,"name":"Products: Vordin Range","item":"https:\/\/ambic.co.uk\/es\/products\/vordin-range\/"},{"@type":"ListItem","position":4,"name":"Products: Vordin Range | JetSpray Guns"}]},{"@type":"WebSite","@id":"https:\/\/ambic.co.uk\/#website","url":"https:\/\/ambic.co.uk\/","name":"AMBIC Equipment Ltd UK","description":"AMBIC Equipment Ltd UK","publisher":{"@id":"https:\/\/ambic.co.uk\/#organization"},"potentialAction":[{"@type":"SearchAction","target":{"@type":"EntryPoint","urlTemplate":"https:\/\/ambic.co.uk\/?s={search_term_string}"},"query-input":{"@type":"PropertyValueSpecification","valueRequired":true,"valueName":"search_term_string"}}],"inLanguage":"es"},{"@type":"Organization","@id":"https:\/\/ambic.co.uk\/#organization","name":"Ambic Equipment","url":"https:\/\/ambic.co.uk\/","logo":{"@type":"ImageObject","inLanguage":"es","@id":"https:\/\/ambic.co.uk\/#\/schema\/logo\/image\/","url":"https:\/\/ambic.co.uk\/wp-content\/uploads\/2016\/07\/ambic-logo-blue.png","contentUrl":"https:\/\/ambic.co.uk\/wp-content\/uploads\/2016\/07\/ambic-logo-blue.png","width":803,"height":120,"caption":"Ambic Equipment"},"image":{"@id":"https:\/\/ambic.co.uk\/#\/schema\/logo\/image\/"},"sameAs":["https:\/\/x.com\/ambicequipment","http:\/\/ambicequipment"]}]}},"_links":{"self":[{"href":"https:\/\/ambic.co.uk\/es\/wp-json\/wp\/v2\/pages\/2651","targetHints":{"allow":["GET"]}}],"collection":[{"href":"https:\/\/ambic.co.uk\/es\/wp-json\/wp\/v2\/pages"}],"about":[{"href":"https:\/\/ambic.co.uk\/es\/wp-json\/wp\/v2\/types\/page"}],"author":[{"embeddable":true,"href":"https:\/\/ambic.co.uk\/es\/wp-json\/wp\/v2\/users\/2"}],"replies":[{"embeddable":true,"href":"https:\/\/ambic.co.uk\/es\/wp-json\/wp\/v2\/comments?post=2651"}],"version-history":[{"count":0,"href":"https:\/\/ambic.co.uk\/es\/wp-json\/wp\/v2\/pages\/2651\/revisions"}],"up":[{"embeddable":true,"href":"https:\/\/ambic.co.uk\/es\/wp-json\/wp\/v2\/pages\/2626"}],"wp:attachment":[{"href":"https:\/\/ambic.co.uk\/es\/wp-json\/wp\/v2\/media?parent=2651"}],"curies":[{"name":"wp","href":"https:\/\/api.w.org\/{rel}","templated":true}]}}