{"id":2757,"date":"2016-10-25T08:43:26","date_gmt":"2016-10-25T08:43:26","guid":{"rendered":"http:\/\/ambicmain.wpengine.com\/peraspray\/"},"modified":"2022-12-09T11:44:36","modified_gmt":"2022-12-09T11:44:36","slug":"peraspray","status":"publish","type":"page","link":"https:\/\/ambic.co.uk\/es\/image-gallery\/cluster-spraying\/peraspray\/","title":{"rendered":"Image Gallery: Cluster Spraying | PeraSpray"},"content":{"rendered":"\n<style type=\"text\/css\" data-created_by=\"avia_inline_auto\" id=\"style-css-av-av_section-4f564077d15b429ddb3fc4a5e4f8defe\">\n.avia-section.av-av_section-4f564077d15b429ddb3fc4a5e4f8defe{\nbackground-color:#0067a5;\nbackground-image:unset;\n}\n<\/style>\n<div id='av_section_1'  class='avia-section av-av_section-4f564077d15b429ddb3fc4a5e4f8defe main_color avia-section-default avia-no-border-styling  avia-builder-el-0  el_before_av_one_full  avia-builder-el-first  avia-bg-style-scroll container_wrap sidebar_right'  ><div class='container av-section-cont-open' ><main  role=\"main\" itemprop=\"mainContentOfPage\"  class='template-page content  av-content-small alpha units'><div class='post-entry post-entry-type-page post-entry-2757'><div class='entry-content-wrapper clearfix'>\n\n<style type=\"text\/css\" data-created_by=\"avia_inline_auto\" id=\"style-css-av-av_heading-d4180063a265befbf8c5323604c41fb2\">\n#top .av-special-heading.av-av_heading-d4180063a265befbf8c5323604c41fb2{\npadding-bottom:0;\ncolor:#ffffff;\nfont-size:72px;\n}\nbody .av-special-heading.av-av_heading-d4180063a265befbf8c5323604c41fb2 .av-special-heading-tag .heading-char{\nfont-size:25px;\n}\n#top #wrap_all .av-special-heading.av-av_heading-d4180063a265befbf8c5323604c41fb2 .av-special-heading-tag{\nfont-size:72px;\n}\n.av-special-heading.av-av_heading-d4180063a265befbf8c5323604c41fb2 .special-heading-inner-border{\nborder-color:#ffffff;\n}\n.av-special-heading.av-av_heading-d4180063a265befbf8c5323604c41fb2 .av-subheading{\nfont-size:20px;\n}\n\n@media only screen and (min-width: 480px) and (max-width: 767px){ \n#top #wrap_all .av-special-heading.av-av_heading-d4180063a265befbf8c5323604c41fb2 .av-special-heading-tag{\nfont-size:0.8em;\n}\n}\n\n@media only screen and (max-width: 479px){ \n#top #wrap_all .av-special-heading.av-av_heading-d4180063a265befbf8c5323604c41fb2 .av-special-heading-tag{\nfont-size:0.8em;\n}\n}\n<\/style>\n<div  class='av-special-heading av-av_heading-d4180063a265befbf8c5323604c41fb2 av-special-heading-h2 custom-color-heading blockquote modern-quote  avia-builder-el-1  avia-builder-el-no-sibling  av-inherit-size'><h2 class='av-special-heading-tag '  itemprop=\"headline\"  >PeraSpray<\/h2><div class='av_custom_color av-subheading av-subheading_below'><p>Galer\u00eda de Fotos<\/p>\n<\/div><div class=\"special-heading-border\"><div class=\"special-heading-inner-border\"><\/div><\/div><\/div>\n<\/div><\/div><\/main><!-- close content main element --><\/div><\/div><div id='after_section_1'  class='main_color av_default_container_wrap container_wrap sidebar_right'  ><div class='container av-section-cont-open' ><div class='template-page content  av-content-small alpha units'><div class='post-entry post-entry-type-page post-entry-2757'><div class='entry-content-wrapper clearfix'>\n\n<style type=\"text\/css\" data-created_by=\"avia_inline_auto\" id=\"style-css-av-av_one_full-6126cab7d8fab8d08143dd2dacdf673c\">\n.flex_column.av-av_one_full-6126cab7d8fab8d08143dd2dacdf673c{\nborder-radius:0px 0px 0px 0px;\npadding:0px 0px 0px 0px;\n}\n<\/style>\n<div  class='flex_column av-av_one_full-6126cab7d8fab8d08143dd2dacdf673c av_one_full  avia-builder-el-2  el_after_av_section  avia-builder-el-no-sibling  first flex_column_div av-zero-column-padding  '     ><p><section  class='av_textblock_section av-av_textblock-0366cc7376be6c9e82a3e9cc8987b64f '   itemscope=\"itemscope\" itemtype=\"https:\/\/schema.org\/CreativeWork\" ><div class='avia_textblock'  itemprop=\"text\" ><p>Todas estas imagines son disponibles para descargar en alta resoluci\u00f3n. Seleccione un foto, espere para la imagine a alta resoluci\u00f3n, presione el bot\u00f3n derecho del mouse (PC) o presione y mantenga apretado (Mac) y seleccione salvar o descargar.<\/p>\n<\/div><\/section><br \/>\n<div  class='hr av-av_hr-dcd2069817a0e3d34ae04cad8f3443c7 hr-default  avia-builder-el-4  el_after_av_textblock  el_before_av_textblock '><span class='hr-inner '><span class=\"hr-inner-style\"><\/span><\/span><\/div><br \/>\n<section  class='av_textblock_section av-lbgfxnpx-2ac1cfb32bea353259c717c48f74193f '   itemscope=\"itemscope\" itemtype=\"https:\/\/schema.org\/CreativeWork\" ><div class='avia_textblock'  itemprop=\"text\" ><style type='text\/css'>\r\n\t#mla_gallery-1 {\r\n\t\tmargin: auto;\r\n\t\twidth: 100%;\r\n\t}\r\n\t#mla_gallery-1 .gallery-item {\r\n\t\tfloat: none;\r\n\t\tmargin: 1.5%;\r\n\t\tdisplay: inline-block;\r\n\t\ttext-align: center;\r\n\t\twidth: 200px;\r\n\t}\r\n\t#mla_gallery-1 .gallery-item .gallery-icon img {\r\n\t\tborder: 2px solid #cfcfcf;\r\n\t}\r\n\t#mla_gallery-1 .gallery-caption {\r\n\t\tmargin-left: 0;\r\n\t\tvertical-align: top;\r\n\t}\r\n<\/style>\r\n<div id='mla_gallery-1' class='gallery galleryid-2757 gallery-columns-3 gallery-size-portfolio'>\r\n<!-- row-open -->\r\n<dl class='gallery-item '>\r\n\t<dt class='gallery-icon landscape'>\r\n\t\t<a target=\"_blank\" href='https:\/\/ambic.co.uk\/wp-content\/uploads\/2021\/08\/APA006-PeraSpray-Retractable-Coil.jpg'><img loading=\"lazy\" decoding=\"async\" aria-describedby=\"mla_gallery-1-13621\" width=\"495\" height=\"400\" src=\"https:\/\/ambic.co.uk\/wp-content\/uploads\/2021\/08\/APA006-PeraSpray-Retractable-Coil-495x400.jpg\" class=\"attachment-portfolio size-portfolio\" alt=\"\" srcset=\"https:\/\/ambic.co.uk\/wp-content\/uploads\/2021\/08\/APA006-PeraSpray-Retractable-Coil-495x400.jpg 495w, https:\/\/ambic.co.uk\/wp-content\/uploads\/2021\/08\/APA006-PeraSpray-Retractable-Coil-845x684.jpg 845w\" sizes=\"auto, (max-width: 495px) 100vw, 495px\" \/><\/a>\r\n\t<\/dt>\r\n\t<dd class='wp-caption-text gallery-caption' id='mla_gallery-1-13621'>\n\tAPA006 PeraSpray Retractable Coil<br>Size: 2.041 MB\n\t<\/dd><\/dl><dl class='gallery-item '>\r\n\t<dt class='gallery-icon portrait'>\r\n\t\t<a target=\"_blank\" href='https:\/\/ambic.co.uk\/wp-content\/uploads\/2016\/10\/PeraSpray2.jpg'><img loading=\"lazy\" decoding=\"async\" aria-describedby=\"mla_gallery-1-5768\" width=\"495\" height=\"400\" src=\"https:\/\/ambic.co.uk\/wp-content\/uploads\/2016\/10\/PeraSpray2-495x400.jpg\" class=\"attachment-portfolio size-portfolio\" alt=\"\" srcset=\"https:\/\/ambic.co.uk\/wp-content\/uploads\/2016\/10\/PeraSpray2-495x400.jpg 495w, https:\/\/ambic.co.uk\/wp-content\/uploads\/2016\/10\/PeraSpray2-845x684.jpg 845w\" sizes=\"auto, (max-width: 495px) 100vw, 495px\" \/><\/a>\r\n\t<\/dt>\r\n\t<dd class='wp-caption-text gallery-caption' id='mla_gallery-1-5768'>\n\tPeraSpray Leaflet<br>Size: 1.074 MB\n\t<\/dd><\/dl><dl class='gallery-item last_in_row'>\r\n\t<dt class='gallery-icon landscape'>\r\n\t\t<a target=\"_blank\" href='https:\/\/ambic.co.uk\/wp-content\/uploads\/2016\/10\/ATS461-PA.jpg'><img loading=\"lazy\" decoding=\"async\" aria-describedby=\"mla_gallery-1-5765\" width=\"495\" height=\"400\" src=\"https:\/\/ambic.co.uk\/wp-content\/uploads\/2016\/10\/ATS461-PA-495x400.jpg\" class=\"attachment-portfolio size-portfolio\" alt=\"\" srcset=\"https:\/\/ambic.co.uk\/wp-content\/uploads\/2016\/10\/ATS461-PA-495x400.jpg 495w, https:\/\/ambic.co.uk\/wp-content\/uploads\/2016\/10\/ATS461-PA-845x684.jpg 845w\" sizes=\"auto, (max-width: 495px) 100vw, 495px\" \/><\/a>\r\n\t<\/dt>\r\n\t<dd class='wp-caption-text gallery-caption' id='mla_gallery-1-5765'>\n\tATS461-PA<br>Size: 1.066 MB\n\t<\/dd><\/dl><br style=\"clear: both\" \/>\r\n<!-- row-open -->\r\n<dl class='gallery-item '>\r\n\t<dt class='gallery-icon landscape'>\r\n\t\t<a target=\"_blank\" href='https:\/\/ambic.co.uk\/wp-content\/uploads\/2016\/10\/APA101-PeraSpray-Power-Unit.jpg'><img loading=\"lazy\" decoding=\"async\" aria-describedby=\"mla_gallery-1-5756\" width=\"495\" height=\"400\" src=\"https:\/\/ambic.co.uk\/wp-content\/uploads\/2016\/10\/APA101-PeraSpray-Power-Unit-495x400.jpg\" class=\"attachment-portfolio size-portfolio\" alt=\"\" srcset=\"https:\/\/ambic.co.uk\/wp-content\/uploads\/2016\/10\/APA101-PeraSpray-Power-Unit-495x400.jpg 495w, https:\/\/ambic.co.uk\/wp-content\/uploads\/2016\/10\/APA101-PeraSpray-Power-Unit-845x684.jpg 845w\" sizes=\"auto, (max-width: 495px) 100vw, 495px\" \/><\/a>\r\n\t<\/dt>\r\n\t<dd class='wp-caption-text gallery-caption' id='mla_gallery-1-5756'>\n\tAPA101 PeraSpray Power Unit<br>Size: 1.254 MB\n\t<\/dd><\/dl><dl class='gallery-item '>\r\n\t<dt class='gallery-icon landscape'>\r\n\t\t<a target=\"_blank\" href='https:\/\/ambic.co.uk\/wp-content\/uploads\/2016\/10\/APA100-PeraSpray-Complete.jpg'><img loading=\"lazy\" decoding=\"async\" aria-describedby=\"mla_gallery-1-5753\" width=\"495\" height=\"400\" src=\"https:\/\/ambic.co.uk\/wp-content\/uploads\/2016\/10\/APA100-PeraSpray-Complete-495x400.jpg\" class=\"attachment-portfolio size-portfolio\" alt=\"\" srcset=\"https:\/\/ambic.co.uk\/wp-content\/uploads\/2016\/10\/APA100-PeraSpray-Complete-495x400.jpg 495w, https:\/\/ambic.co.uk\/wp-content\/uploads\/2016\/10\/APA100-PeraSpray-Complete-845x684.jpg 845w\" sizes=\"auto, (max-width: 495px) 100vw, 495px\" \/><\/a>\r\n\t<\/dt>\r\n\t<dd class='wp-caption-text gallery-caption' id='mla_gallery-1-5753'>\n\tAPA100 PeraSpray Complete<br>Size: 1.507 MB\n\t<\/dd><\/dl><dl class='gallery-item last_in_row'>\r\n\t<dt class='gallery-icon portrait'>\r\n\t\t<a target=\"_blank\" href='https:\/\/ambic.co.uk\/wp-content\/uploads\/2016\/10\/APA020-PeraSpray-Shield-and-Nozzle.jpg'><img loading=\"lazy\" decoding=\"async\" aria-describedby=\"mla_gallery-1-5750\" width=\"495\" height=\"400\" src=\"https:\/\/ambic.co.uk\/wp-content\/uploads\/2016\/10\/APA020-PeraSpray-Shield-and-Nozzle-495x400.jpg\" class=\"attachment-portfolio size-portfolio\" alt=\"\" srcset=\"https:\/\/ambic.co.uk\/wp-content\/uploads\/2016\/10\/APA020-PeraSpray-Shield-and-Nozzle-495x400.jpg 495w, https:\/\/ambic.co.uk\/wp-content\/uploads\/2016\/10\/APA020-PeraSpray-Shield-and-Nozzle-845x684.jpg 845w\" sizes=\"auto, (max-width: 495px) 100vw, 495px\" \/><\/a>\r\n\t<\/dt>\r\n\t<dd class='wp-caption-text gallery-caption' id='mla_gallery-1-5750'>\n\tAPA020 PeraSpray Shield and Nozzle<br>Size: 1.143 MB\n\t<\/dd><\/dl><br style=\"clear: both\" \/>\r\n<!-- row-open -->\r\n<dl class='gallery-item '>\r\n\t<dt class='gallery-icon landscape'>\r\n\t\t<a target=\"_blank\" href='https:\/\/ambic.co.uk\/wp-content\/uploads\/2016\/10\/APA014-PeraSpray-Extension-Kit.jpg'><img loading=\"lazy\" decoding=\"async\" aria-describedby=\"mla_gallery-1-5744\" width=\"495\" height=\"400\" src=\"https:\/\/ambic.co.uk\/wp-content\/uploads\/2016\/10\/APA014-PeraSpray-Extension-Kit-495x400.jpg\" class=\"attachment-portfolio size-portfolio\" alt=\"\" srcset=\"https:\/\/ambic.co.uk\/wp-content\/uploads\/2016\/10\/APA014-PeraSpray-Extension-Kit-495x400.jpg 495w, https:\/\/ambic.co.uk\/wp-content\/uploads\/2016\/10\/APA014-PeraSpray-Extension-Kit-845x684.jpg 845w\" sizes=\"auto, (max-width: 495px) 100vw, 495px\" \/><\/a>\r\n\t<\/dt>\r\n\t<dd class='wp-caption-text gallery-caption' id='mla_gallery-1-5744'>\n\tAPA014 PeraSpray Extension Kit<br>Size: 1.678 MB\n\t<\/dd><\/dl><dl class='gallery-item '>\r\n\t<dt class='gallery-icon landscape'>\r\n\t\t<a target=\"_blank\" href='https:\/\/ambic.co.uk\/wp-content\/uploads\/2016\/10\/APA008-PeraSpray\u2122-Nozzle-\u2018O\u2019-Rings-for-Spray-Nozzle-pack-of-10.jpg'><img loading=\"lazy\" decoding=\"async\" aria-describedby=\"mla_gallery-1-5741\" width=\"495\" height=\"400\" src=\"https:\/\/ambic.co.uk\/wp-content\/uploads\/2016\/10\/APA008-PeraSpray\u2122-Nozzle-\u2018O\u2019-Rings-for-Spray-Nozzle-pack-of-10-495x400.jpg\" class=\"attachment-portfolio size-portfolio\" alt=\"\" srcset=\"https:\/\/ambic.co.uk\/wp-content\/uploads\/2016\/10\/APA008-PeraSpray\u2122-Nozzle-\u2018O\u2019-Rings-for-Spray-Nozzle-pack-of-10-495x400.jpg 495w, https:\/\/ambic.co.uk\/wp-content\/uploads\/2016\/10\/APA008-PeraSpray\u2122-Nozzle-\u2018O\u2019-Rings-for-Spray-Nozzle-pack-of-10-845x684.jpg 845w\" sizes=\"auto, (max-width: 495px) 100vw, 495px\" \/><\/a>\r\n\t<\/dt>\r\n\t<dd class='wp-caption-text gallery-caption' id='mla_gallery-1-5741'>\n\tAPA008 PeraSpray Nozzle O Rings for Spray Nozzle Pack of 10<br>Size: 1.134 MB\n\t<\/dd><\/dl><dl class='gallery-item last_in_row'>\r\n\t<dt class='gallery-icon landscape'>\r\n\t\t<a target=\"_blank\" href='https:\/\/ambic.co.uk\/wp-content\/uploads\/2016\/10\/APA004-PeraSpray-Diaphragm-Pump.jpg'><img loading=\"lazy\" decoding=\"async\" aria-describedby=\"mla_gallery-1-5735\" width=\"495\" height=\"400\" src=\"https:\/\/ambic.co.uk\/wp-content\/uploads\/2016\/10\/APA004-PeraSpray-Diaphragm-Pump-495x400.jpg\" class=\"attachment-portfolio size-portfolio\" alt=\"\" srcset=\"https:\/\/ambic.co.uk\/wp-content\/uploads\/2016\/10\/APA004-PeraSpray-Diaphragm-Pump-495x400.jpg 495w, https:\/\/ambic.co.uk\/wp-content\/uploads\/2016\/10\/APA004-PeraSpray-Diaphragm-Pump-845x684.jpg 845w\" sizes=\"auto, (max-width: 495px) 100vw, 495px\" \/><\/a>\r\n\t<\/dt>\r\n\t<dd class='wp-caption-text gallery-caption' id='mla_gallery-1-5735'>\n\tAPA004 PeraSpray Diaphragm Pump<br>Size: 1.694 MB\n\t<\/dd><\/dl><br style=\"clear: both\" \/>\r\n<!-- row-open -->\r\n<dl class='gallery-item '>\r\n\t<dt class='gallery-icon landscape'>\r\n\t\t<a target=\"_blank\" href='https:\/\/ambic.co.uk\/wp-content\/uploads\/2016\/10\/APA002-PeraSpray-Applicator.jpg'><img loading=\"lazy\" decoding=\"async\" aria-describedby=\"mla_gallery-1-5732\" width=\"495\" height=\"400\" src=\"https:\/\/ambic.co.uk\/wp-content\/uploads\/2016\/10\/APA002-PeraSpray-Applicator-495x400.jpg\" class=\"attachment-portfolio size-portfolio\" alt=\"\" srcset=\"https:\/\/ambic.co.uk\/wp-content\/uploads\/2016\/10\/APA002-PeraSpray-Applicator-495x400.jpg 495w, https:\/\/ambic.co.uk\/wp-content\/uploads\/2016\/10\/APA002-PeraSpray-Applicator-845x684.jpg 845w\" sizes=\"auto, (max-width: 495px) 100vw, 495px\" \/><\/a>\r\n\t<\/dt>\r\n\t<dd class='wp-caption-text gallery-caption' id='mla_gallery-1-5732'>\n\tAPA002 PeraSpray Applicator<br>Size: 1.349 MB\n\t<\/dd><\/dl><dl class='gallery-item '>\r\n\t<dt class='gallery-icon landscape'>\r\n\t\t<a target=\"_blank\" href='https:\/\/ambic.co.uk\/wp-content\/uploads\/2016\/10\/AAF017-PeraSpray-Hanging-Hook-and-Cable-Ties.jpg'><img loading=\"lazy\" decoding=\"async\" aria-describedby=\"mla_gallery-1-5729\" width=\"495\" height=\"400\" src=\"https:\/\/ambic.co.uk\/wp-content\/uploads\/2016\/10\/AAF017-PeraSpray-Hanging-Hook-and-Cable-Ties-495x400.jpg\" class=\"attachment-portfolio size-portfolio\" alt=\"\" srcset=\"https:\/\/ambic.co.uk\/wp-content\/uploads\/2016\/10\/AAF017-PeraSpray-Hanging-Hook-and-Cable-Ties-495x400.jpg 495w, https:\/\/ambic.co.uk\/wp-content\/uploads\/2016\/10\/AAF017-PeraSpray-Hanging-Hook-and-Cable-Ties-845x684.jpg 845w\" sizes=\"auto, (max-width: 495px) 100vw, 495px\" \/><\/a>\r\n\t<\/dt>\r\n\t<dd class='wp-caption-text gallery-caption' id='mla_gallery-1-5729'>\n\tAAF017 PeraSpray Hanging Hook and Cable Ties<br>Size: 1.014 MB\n\t<\/dd><\/dl><br style=\"clear: both\" \/>\r\n<\/div>\r\n\n<\/div><\/section><\/p><\/div>\n","protected":false},"excerpt":{"rendered":"","protected":false},"author":2,"featured_media":0,"parent":2759,"menu_order":0,"comment_status":"closed","ping_status":"closed","template":"","meta":{"_acf_changed":false,"footnotes":""},"class_list":["post-2757","page","type-page","status-publish","hentry"],"acf":[],"yoast_head":"<!-- This site is optimized with the Yoast SEO plugin v26.9 - https:\/\/yoast.com\/product\/yoast-seo-wordpress\/ -->\n<title>Image Gallery: Cluster Spraying | PeraSpray | AMBIC Equipment Ltd UK<\/title>\n<meta name=\"robots\" content=\"index, follow, max-snippet:-1, max-image-preview:large, max-video-preview:-1\" \/>\n<link rel=\"canonical\" href=\"https:\/\/ambic.co.uk\/es\/image-gallery\/cluster-spraying\/peraspray\/\" \/>\n<meta property=\"og:locale\" content=\"es_ES\" \/>\n<meta property=\"og:type\" content=\"article\" \/>\n<meta property=\"og:title\" content=\"Image Gallery: Cluster Spraying | PeraSpray | AMBIC Equipment Ltd UK\" \/>\n<meta property=\"og:url\" content=\"https:\/\/ambic.co.uk\/es\/image-gallery\/cluster-spraying\/peraspray\/\" \/>\n<meta property=\"og:site_name\" content=\"AMBIC Equipment Ltd UK\" \/>\n<meta property=\"article:modified_time\" content=\"2022-12-09T11:44:36+00:00\" \/>\n<meta name=\"twitter:card\" content=\"summary_large_image\" \/>\n<meta name=\"twitter:site\" content=\"@ambicequipment\" \/>\n<meta name=\"twitter:label1\" content=\"Tiempo de lectura\" \/>\n\t<meta name=\"twitter:data1\" content=\"1 minuto\" \/>\n<script type=\"application\/ld+json\" class=\"yoast-schema-graph\">{\"@context\":\"https:\/\/schema.org\",\"@graph\":[{\"@type\":\"WebPage\",\"@id\":\"https:\/\/ambic.co.uk\/es\/image-gallery\/cluster-spraying\/peraspray\/\",\"url\":\"https:\/\/ambic.co.uk\/es\/image-gallery\/cluster-spraying\/peraspray\/\",\"name\":\"Image Gallery: Cluster Spraying | PeraSpray | AMBIC Equipment Ltd UK\",\"isPartOf\":{\"@id\":\"https:\/\/ambic.co.uk\/#website\"},\"datePublished\":\"2016-10-25T08:43:26+00:00\",\"dateModified\":\"2022-12-09T11:44:36+00:00\",\"breadcrumb\":{\"@id\":\"https:\/\/ambic.co.uk\/es\/image-gallery\/cluster-spraying\/peraspray\/#breadcrumb\"},\"inLanguage\":\"es\",\"potentialAction\":[{\"@type\":\"ReadAction\",\"target\":[\"https:\/\/ambic.co.uk\/es\/image-gallery\/cluster-spraying\/peraspray\/\"]}]},{\"@type\":\"BreadcrumbList\",\"@id\":\"https:\/\/ambic.co.uk\/es\/image-gallery\/cluster-spraying\/peraspray\/#breadcrumb\",\"itemListElement\":[{\"@type\":\"ListItem\",\"position\":1,\"name\":\"Home\",\"item\":\"https:\/\/ambic.co.uk\/es\/home\/\"},{\"@type\":\"ListItem\",\"position\":2,\"name\":\"Image Gallery\",\"item\":\"https:\/\/ambic.co.uk\/es\/image-gallery\/\"},{\"@type\":\"ListItem\",\"position\":3,\"name\":\"Image Gallery: Cluster Spraying\",\"item\":\"https:\/\/ambic.co.uk\/es\/image-gallery\/cluster-spraying\/\"},{\"@type\":\"ListItem\",\"position\":4,\"name\":\"Image Gallery: Cluster Spraying | PeraSpray\"}]},{\"@type\":\"WebSite\",\"@id\":\"https:\/\/ambic.co.uk\/#website\",\"url\":\"https:\/\/ambic.co.uk\/\",\"name\":\"AMBIC Equipment Ltd UK\",\"description\":\"AMBIC Equipment Ltd UK\",\"publisher\":{\"@id\":\"https:\/\/ambic.co.uk\/#organization\"},\"potentialAction\":[{\"@type\":\"SearchAction\",\"target\":{\"@type\":\"EntryPoint\",\"urlTemplate\":\"https:\/\/ambic.co.uk\/?s={search_term_string}\"},\"query-input\":{\"@type\":\"PropertyValueSpecification\",\"valueRequired\":true,\"valueName\":\"search_term_string\"}}],\"inLanguage\":\"es\"},{\"@type\":\"Organization\",\"@id\":\"https:\/\/ambic.co.uk\/#organization\",\"name\":\"Ambic Equipment\",\"url\":\"https:\/\/ambic.co.uk\/\",\"logo\":{\"@type\":\"ImageObject\",\"inLanguage\":\"es\",\"@id\":\"https:\/\/ambic.co.uk\/#\/schema\/logo\/image\/\",\"url\":\"https:\/\/ambic.co.uk\/wp-content\/uploads\/2016\/07\/ambic-logo-blue.png\",\"contentUrl\":\"https:\/\/ambic.co.uk\/wp-content\/uploads\/2016\/07\/ambic-logo-blue.png\",\"width\":803,\"height\":120,\"caption\":\"Ambic Equipment\"},\"image\":{\"@id\":\"https:\/\/ambic.co.uk\/#\/schema\/logo\/image\/\"},\"sameAs\":[\"https:\/\/x.com\/ambicequipment\",\"http:\/\/ambicequipment\"]}]}<\/script>\n<!-- \/ Yoast SEO plugin. -->","yoast_head_json":{"title":"Image Gallery: Cluster Spraying | PeraSpray | AMBIC Equipment Ltd UK","robots":{"index":"index","follow":"follow","max-snippet":"max-snippet:-1","max-image-preview":"max-image-preview:large","max-video-preview":"max-video-preview:-1"},"canonical":"https:\/\/ambic.co.uk\/es\/image-gallery\/cluster-spraying\/peraspray\/","og_locale":"es_ES","og_type":"article","og_title":"Image Gallery: Cluster Spraying | PeraSpray | AMBIC Equipment Ltd UK","og_url":"https:\/\/ambic.co.uk\/es\/image-gallery\/cluster-spraying\/peraspray\/","og_site_name":"AMBIC Equipment Ltd UK","article_modified_time":"2022-12-09T11:44:36+00:00","twitter_card":"summary_large_image","twitter_site":"@ambicequipment","twitter_misc":{"Tiempo de lectura":"1 minuto"},"schema":{"@context":"https:\/\/schema.org","@graph":[{"@type":"WebPage","@id":"https:\/\/ambic.co.uk\/es\/image-gallery\/cluster-spraying\/peraspray\/","url":"https:\/\/ambic.co.uk\/es\/image-gallery\/cluster-spraying\/peraspray\/","name":"Image Gallery: Cluster Spraying | PeraSpray | AMBIC Equipment Ltd UK","isPartOf":{"@id":"https:\/\/ambic.co.uk\/#website"},"datePublished":"2016-10-25T08:43:26+00:00","dateModified":"2022-12-09T11:44:36+00:00","breadcrumb":{"@id":"https:\/\/ambic.co.uk\/es\/image-gallery\/cluster-spraying\/peraspray\/#breadcrumb"},"inLanguage":"es","potentialAction":[{"@type":"ReadAction","target":["https:\/\/ambic.co.uk\/es\/image-gallery\/cluster-spraying\/peraspray\/"]}]},{"@type":"BreadcrumbList","@id":"https:\/\/ambic.co.uk\/es\/image-gallery\/cluster-spraying\/peraspray\/#breadcrumb","itemListElement":[{"@type":"ListItem","position":1,"name":"Home","item":"https:\/\/ambic.co.uk\/es\/home\/"},{"@type":"ListItem","position":2,"name":"Image Gallery","item":"https:\/\/ambic.co.uk\/es\/image-gallery\/"},{"@type":"ListItem","position":3,"name":"Image Gallery: Cluster Spraying","item":"https:\/\/ambic.co.uk\/es\/image-gallery\/cluster-spraying\/"},{"@type":"ListItem","position":4,"name":"Image Gallery: Cluster Spraying | PeraSpray"}]},{"@type":"WebSite","@id":"https:\/\/ambic.co.uk\/#website","url":"https:\/\/ambic.co.uk\/","name":"AMBIC Equipment Ltd UK","description":"AMBIC Equipment Ltd UK","publisher":{"@id":"https:\/\/ambic.co.uk\/#organization"},"potentialAction":[{"@type":"SearchAction","target":{"@type":"EntryPoint","urlTemplate":"https:\/\/ambic.co.uk\/?s={search_term_string}"},"query-input":{"@type":"PropertyValueSpecification","valueRequired":true,"valueName":"search_term_string"}}],"inLanguage":"es"},{"@type":"Organization","@id":"https:\/\/ambic.co.uk\/#organization","name":"Ambic Equipment","url":"https:\/\/ambic.co.uk\/","logo":{"@type":"ImageObject","inLanguage":"es","@id":"https:\/\/ambic.co.uk\/#\/schema\/logo\/image\/","url":"https:\/\/ambic.co.uk\/wp-content\/uploads\/2016\/07\/ambic-logo-blue.png","contentUrl":"https:\/\/ambic.co.uk\/wp-content\/uploads\/2016\/07\/ambic-logo-blue.png","width":803,"height":120,"caption":"Ambic Equipment"},"image":{"@id":"https:\/\/ambic.co.uk\/#\/schema\/logo\/image\/"},"sameAs":["https:\/\/x.com\/ambicequipment","http:\/\/ambicequipment"]}]}},"_links":{"self":[{"href":"https:\/\/ambic.co.uk\/es\/wp-json\/wp\/v2\/pages\/2757","targetHints":{"allow":["GET"]}}],"collection":[{"href":"https:\/\/ambic.co.uk\/es\/wp-json\/wp\/v2\/pages"}],"about":[{"href":"https:\/\/ambic.co.uk\/es\/wp-json\/wp\/v2\/types\/page"}],"author":[{"embeddable":true,"href":"https:\/\/ambic.co.uk\/es\/wp-json\/wp\/v2\/users\/2"}],"replies":[{"embeddable":true,"href":"https:\/\/ambic.co.uk\/es\/wp-json\/wp\/v2\/comments?post=2757"}],"version-history":[{"count":0,"href":"https:\/\/ambic.co.uk\/es\/wp-json\/wp\/v2\/pages\/2757\/revisions"}],"up":[{"embeddable":true,"href":"https:\/\/ambic.co.uk\/es\/wp-json\/wp\/v2\/pages\/2759"}],"wp:attachment":[{"href":"https:\/\/ambic.co.uk\/es\/wp-json\/wp\/v2\/media?parent=2757"}],"curies":[{"name":"wp","href":"https:\/\/api.w.org\/{rel}","templated":true}]}}