{"id":8150,"date":"2018-06-27T09:35:28","date_gmt":"2018-06-27T09:35:28","guid":{"rendered":"http:\/\/ambic.co.uk\/optidipper-top-load\/"},"modified":"2022-05-30T11:33:14","modified_gmt":"2022-05-30T11:33:14","slug":"optidipper-top-load","status":"publish","type":"page","link":"https:\/\/ambic.co.uk\/es\/optidipper-top-load\/","title":{"rendered":"OptiDipper &#8211; Top Load"},"content":{"rendered":"\n<style type=\"text\/css\" data-created_by=\"avia_inline_auto\" id=\"style-css-av-1kys6xi-acd0b57346b50507cefd5dd1e9bfa920\">\n.avia-section.av-1kys6xi-acd0b57346b50507cefd5dd1e9bfa920{\nbackground-color:#dc3c41;\nbackground-image:unset;\n}\n<\/style>\n<div id='av_section_1'  class='avia-section av-1kys6xi-acd0b57346b50507cefd5dd1e9bfa920 main_color avia-section-small avia-no-border-styling  avia-builder-el-0  el_before_av_section  avia-builder-el-first  avia-bg-style-scroll container_wrap sidebar_right'  ><div class='container av-section-cont-open' ><main  role=\"main\" itemprop=\"mainContentOfPage\"  class='template-page content  av-content-small alpha units'><div class='post-entry post-entry-type-page post-entry-8150'><div class='entry-content-wrapper clearfix'>\n\n<style type=\"text\/css\" data-created_by=\"avia_inline_auto\" id=\"style-css-av-1jdmd52-9dd8a36f778f5f62ca5d4b26069c3fa5\">\n#top .av-special-heading.av-1jdmd52-9dd8a36f778f5f62ca5d4b26069c3fa5{\npadding-bottom:0;\ncolor:#ffffff;\nfont-size:50px;\n}\nbody .av-special-heading.av-1jdmd52-9dd8a36f778f5f62ca5d4b26069c3fa5 .av-special-heading-tag .heading-char{\nfont-size:25px;\n}\n#top #wrap_all .av-special-heading.av-1jdmd52-9dd8a36f778f5f62ca5d4b26069c3fa5 .av-special-heading-tag{\nfont-size:50px;\n}\n.av-special-heading.av-1jdmd52-9dd8a36f778f5f62ca5d4b26069c3fa5 .special-heading-inner-border{\nborder-color:#ffffff;\n}\n.av-special-heading.av-1jdmd52-9dd8a36f778f5f62ca5d4b26069c3fa5 .av-subheading{\nfont-size:20px;\n}\n\n@media only screen and (min-width: 480px) and (max-width: 767px){ \n#top #wrap_all .av-special-heading.av-1jdmd52-9dd8a36f778f5f62ca5d4b26069c3fa5 .av-special-heading-tag{\nfont-size:0.8em;\n}\n}\n\n@media only screen and (max-width: 479px){ \n#top #wrap_all .av-special-heading.av-1jdmd52-9dd8a36f778f5f62ca5d4b26069c3fa5 .av-special-heading-tag{\nfont-size:0.8em;\n}\n}\n<\/style>\n<div  class='av-special-heading av-1jdmd52-9dd8a36f778f5f62ca5d4b26069c3fa5 av-special-heading-h2 custom-color-heading blockquote modern-quote  avia-builder-el-1  avia-builder-el-no-sibling  av-inherit-size'><h2 class='av-special-heading-tag '  itemprop=\"headline\"  >OptiDipper\u2122 de carga superior<\/h2><div class=\"special-heading-border\"><div class=\"special-heading-inner-border\"><\/div><\/div><\/div>\n\n<\/div><\/div><\/main><!-- close content main element --><\/div><\/div><div id='av_section_2'  class='avia-section av-foy6hy-5b067373674c6ec9e391f45b9cc8137b main_color avia-section-default avia-no-shadow  avia-builder-el-2  el_after_av_section  el_before_av_section  avia-bg-style-scroll container_wrap sidebar_right'  ><div class='container av-section-cont-open' ><div class='template-page content  av-content-small alpha units'><div class='post-entry post-entry-type-page post-entry-8150'><div class='entry-content-wrapper clearfix'>\n<div  class='tabcontainer av-jx3c4x8e-5832a7b1da98e84e61c16471934db3e5 top_tab  avia-builder-el-3  avia-builder-el-no-sibling '>\n<section class='av_tab_section av_tab_section av-ejbzba-0145e6f5fd67dd2b6a281645f255694e'  itemscope=\"itemscope\" itemtype=\"https:\/\/schema.org\/CreativeWork\" ><div id='tab-id-1-tab' class='tab active_tab' role='tab' aria-selected=\"true\" tabindex=\"0\" data-fake-id='#tab-id-1' aria-controls='tab-id-1-content'  itemprop=\"headline\" ><span class='tab_icon avia-iconfont avia-font-entypo-fontello' data-av_icon='\ue80e' data-av_iconfont='entypo-fontello' ><\/span>F\u00f3tos<\/div><div id='tab-id-1-content' class='tab_content active_tab_content' role='tabpanel' aria-labelledby='tab-id-1-tab' aria-hidden=\"false\"><div class='tab_inner_content invers-color'  itemprop=\"text\" ><div  class='avia-button-wrap avia-button-center  avia-builder-el-4  el_before_av_font_icon  avia-builder-el-first '>\n<style type=\"text\/css\" data-created_by=\"avia_inline_auto\" id=\"style-css-av-c5dufa-73467e14b1a37e5935ad668f61c5394f\">\n#top #wrap_all .avia-button.av-c5dufa-73467e14b1a37e5935ad668f61c5394f{\ncolor:#ffffff;\ntransition:all 0.4s ease-in-out;\n}\n#top #wrap_all .avia-button.av-c5dufa-73467e14b1a37e5935ad668f61c5394f:hover{\nbackground-color:#444444;\ncolor:#ffffff;\ntransition:all 0.4s ease-in-out;\n}\n#top #wrap_all .avia-button.av-c5dufa-73467e14b1a37e5935ad668f61c5394f .avia-svg-icon svg:first-child{\nfill:#ffffff;\nstroke:#ffffff;\n}\n#top #wrap_all .avia-button.av-c5dufa-73467e14b1a37e5935ad668f61c5394f:hover .avia-svg-icon svg:first-child{\nfill:#ffffff;\nstroke:#ffffff;\n}\n<\/style>\n<a href='\/es\/image-gallery\/optirange\/optidipper-top-load\/' class='avia-color-theme-color avia-button avia-button-fullwidth av-c5dufa-73467e14b1a37e5935ad668f61c5394f avia-icon_select-yes-left-icon avia-color-theme-color'   aria-label=\"Galer\u00eda de Fotos\"><span class='avia_button_icon avia_button_icon_left avia-iconfont avia-font-entypo-fontello' data-av_icon='\ue80e' data-av_iconfont='entypo-fontello' ><\/span><span class='avia_iconbox_title' >Galer\u00eda de Fotos<\/span><\/a><\/div>\n<\/div><\/div><\/section>\n<section class='av_tab_section av_tab_section av-bknj52-5bab9381a530e7bee584fbe6e4a0660e'  itemscope=\"itemscope\" itemtype=\"https:\/\/schema.org\/CreativeWork\" ><div id='tab-id-2-tab' class='tab' role='tab' aria-selected=\"false\" tabindex=\"0\" data-fake-id='#tab-id-2' aria-controls='tab-id-2-content'  itemprop=\"headline\" ><span class='tab_icon avia-iconfont avia-font-entypo-fontello' data-av_icon='\ue84d' data-av_iconfont='entypo-fontello' ><\/span>Conformidad<\/div><div id='tab-id-2-content' class='tab_content' role='tabpanel' aria-labelledby='tab-id-2-tab' aria-hidden=\"true\"><div class='tab_inner_content invers-color'  itemprop=\"text\" ><\/div><\/div><\/section>\n<section class='av_tab_section av_tab_section av-8kafbq-c49c30d0e0c463fc9c2ceedda31d0f50'  itemscope=\"itemscope\" itemtype=\"https:\/\/schema.org\/CreativeWork\" ><div id='tab-id-3-tab' class='tab' role='tab' aria-selected=\"false\" tabindex=\"0\" data-fake-id='#tab-id-3' aria-controls='tab-id-3-content'  itemprop=\"headline\" ><span class='tab_icon avia-iconfont avia-font-entypo-fontello' data-av_icon='\ue84e' data-av_iconfont='entypo-fontello' ><\/span>Instrucciones de Uso<\/div><div id='tab-id-3-content' class='tab_content' role='tabpanel' aria-labelledby='tab-id-3-tab' aria-hidden=\"true\"><div class='tab_inner_content invers-color'  itemprop=\"text\" ><p>\n<style type=\"text\/css\" data-created_by=\"avia_inline_auto\" id=\"style-css-av-5qt7fs-118371df77ad124e3e434516ed1fd5d4\">\n.av_font_icon.av-5qt7fs-118371df77ad124e3e434516ed1fd5d4 .av-icon-char{\nfont-size:20px;\nline-height:20px;\n}\n<\/style>\n<span  class='av_font_icon av-5qt7fs-118371df77ad124e3e434516ed1fd5d4 avia_animate_when_visible av-icon-style- avia-icon-pos-left avia-iconfont avia-font-entypo-fontello av-no-color avia-icon-animate'><span class='av-icon-char' data-av_icon='\ue82d' data-av_iconfont='entypo-fontello' aria-hidden=\"true\" ><\/span><\/span> <a href=\"https:\/\/ambic.co.uk\/wp-content\/uploads\/2022\/05\/JS7555-Ambic-Lance-OpNote-2.pdf\" target=\"_blank\" rel=\"noopener\">JS7555 &#8211; Ambic Lance OpNote <\/a><\/p>\n<p>\n<style type=\"text\/css\" data-created_by=\"avia_inline_auto\" id=\"style-css-av-5qt7fs-118371df77ad124e3e434516ed1fd5d4\">\n.av_font_icon.av-5qt7fs-118371df77ad124e3e434516ed1fd5d4 .av-icon-char{\nfont-size:20px;\nline-height:20px;\n}\n<\/style>\n<span  class='av_font_icon av-5qt7fs-118371df77ad124e3e434516ed1fd5d4 avia_animate_when_visible av-icon-style- avia-icon-pos-left avia-iconfont avia-font-entypo-fontello av-no-color avia-icon-animate'><span class='av-icon-char' data-av_icon='\ue82d' data-av_iconfont='entypo-fontello' aria-hidden=\"true\" ><\/span><\/span> <a href=\"https:\/\/ambic.co.uk\/wp-content\/uploads\/2019\/06\/OR7501-OptiDipper-OpNote.pdf\" target=\"_blank\" rel=\"noopener\">OR7501 OptiDipper OpNote<\/a><\/p>\n<p>\n<style type=\"text\/css\" data-created_by=\"avia_inline_auto\" id=\"style-css-av-5qt7fs-118371df77ad124e3e434516ed1fd5d4\">\n.av_font_icon.av-5qt7fs-118371df77ad124e3e434516ed1fd5d4 .av-icon-char{\nfont-size:20px;\nline-height:20px;\n}\n<\/style>\n<span  class='av_font_icon av-5qt7fs-118371df77ad124e3e434516ed1fd5d4 avia_animate_when_visible av-icon-style- avia-icon-pos-left avia-iconfont avia-font-entypo-fontello av-no-color avia-icon-animate'><span class='av-icon-char' data-av_icon='\ue82d' data-av_iconfont='entypo-fontello' aria-hidden=\"true\" ><\/span><\/span> <a href=\"https:\/\/ambic.co.uk\/wp-content\/uploads\/2022\/05\/OR7503-OptiRange-Valve-Replacement-Op-Note.pdf\" target=\"_blank\" rel=\"noopener\">OR7503 &#8211; OptiRange Valve Replacement Op Note<\/a><\/p>\n<\/div><\/div><\/section>\n<section class='av_tab_section av_tab_section av-812jx2-74fcb1ab05682af3bd0f03ead92aab04'  itemscope=\"itemscope\" itemtype=\"https:\/\/schema.org\/CreativeWork\" ><div id='tab-id-4-tab' class='tab' role='tab' aria-selected=\"false\" tabindex=\"0\" data-fake-id='#tab-id-4' aria-controls='tab-id-4-content'  itemprop=\"headline\" ><span class='tab_icon avia-iconfont avia-font-entypo-fontello' data-av_icon='\ue84e' data-av_iconfont='entypo-fontello' ><\/span>Folletos Comerciales<\/div><div id='tab-id-4-content' class='tab_content' role='tabpanel' aria-labelledby='tab-id-4-tab' aria-hidden=\"true\"><div class='tab_inner_content invers-color'  itemprop=\"text\" ><\/div><\/div><\/section>\n<section class='av_tab_section av_tab_section av-kd76e-6a721be41aa5b9587f7129189749d07c'  itemscope=\"itemscope\" itemtype=\"https:\/\/schema.org\/CreativeWork\" ><div id='tab-id-5-tab' class='tab' role='tab' aria-selected=\"false\" tabindex=\"0\" data-fake-id='#tab-id-5' aria-controls='tab-id-5-content'  itemprop=\"headline\" ><span class='tab_icon avia-iconfont avia-font-entypo-fontello' data-av_icon='\ue921' data-av_iconfont='entypo-fontello' ><\/span>Videos<\/div><div id='tab-id-5-content' class='tab_content' role='tabpanel' aria-labelledby='tab-id-5-tab' aria-hidden=\"true\"><div class='tab_inner_content invers-color'  itemprop=\"text\" ><\/div><\/div><\/section>\n<section class='av_tab_section av_tab_section av-4popp2-ece1acfcdcdad224072d24ed72191736'  itemscope=\"itemscope\" itemtype=\"https:\/\/schema.org\/CreativeWork\" ><div id='tab-id-6-tab' class='tab' role='tab' aria-selected=\"false\" tabindex=\"0\" data-fake-id='#tab-id-6' aria-controls='tab-id-6-content'  itemprop=\"headline\" ><span class='tab_icon avia-iconfont avia-font-entypo-fontello' data-av_icon='\ue84d' data-av_iconfont='entypo-fontello' ><\/span>Posters<\/div><div id='tab-id-6-content' class='tab_content' role='tabpanel' aria-labelledby='tab-id-6-tab' aria-hidden=\"true\"><div class='tab_inner_content invers-color'  itemprop=\"text\" ><\/div><\/div><\/section>\n<section class='av_tab_section av_tab_section av-7piuu-6a5ae20611778600e69521cca98e62e1'  itemscope=\"itemscope\" itemtype=\"https:\/\/schema.org\/CreativeWork\" ><div id='tab-id-7-tab' class='tab' role='tab' aria-selected=\"false\" tabindex=\"0\" data-fake-id='#tab-id-7' aria-controls='tab-id-7-content'  itemprop=\"headline\" ><span class='tab_icon avia-iconfont avia-font-entypo-fontello' data-av_icon='\ue81d' data-av_iconfont='entypo-fontello' ><\/span>Preguntas frecuentes<\/div><div id='tab-id-7-content' class='tab_content' role='tabpanel' aria-labelledby='tab-id-7-tab' aria-hidden=\"true\"><div class='tab_inner_content invers-color'  itemprop=\"text\" ><\/div><\/div><\/section>\n<\/div>\n<\/div><\/div><\/div><!-- close content main div --><\/div><\/div><div id='av_section_3'  class='avia-section av-5bntmu-f95b2374869976f4fb2976a910ebbcc3 main_color avia-section-default avia-no-border-styling  avia-builder-el-8  el_after_av_section  avia-builder-el-last  avia-bg-style-scroll container_wrap sidebar_right'  ><div class='container av-section-cont-open' ><div class='template-page content  av-content-small alpha units'><div class='post-entry post-entry-type-page post-entry-8150'><div class='entry-content-wrapper clearfix'>\n\n<style type=\"text\/css\" data-created_by=\"avia_inline_auto\" id=\"style-css-av-1fl9o6e-307abba4239e80e295ade15b7359f222\">\n.flex_column.av-1fl9o6e-307abba4239e80e295ade15b7359f222{\nborder-radius:0px 0px 0px 0px;\npadding:0px 0px 0px 0px;\n}\n<\/style>\n<div  class='flex_column av-1fl9o6e-307abba4239e80e295ade15b7359f222 av_one_half  avia-builder-el-9  el_before_av_one_half  avia-builder-el-first  first flex_column_div av-zero-column-padding  '     ><section  class='av_textblock_section av-52f6bq-b853251a5f92b6f740da9662c1838744 '   itemscope=\"itemscope\" itemtype=\"https:\/\/schema.org\/CreativeWork\" ><div class='avia_textblock'  itemprop=\"text\" ><p>El OptiDipper\u2122 es un aplicador de l\u00edquido de inmersi\u00f3n de pezones tipo pistola que est\u00e1 dise\u00f1ado para ser operado c\u00f3modamente con la mano, haciendo que el proceso de inmersi\u00f3n de pezones sea r\u00e1pido y efectivo.\u00a0 Tiene un gatillo integrado f\u00e1cil de apretar lo que facilita el control de la dispensaci\u00f3n del producto qu\u00edmico para la inmersi\u00f3n de los pezones en el accesorio de la copa de inmersi\u00f3n situado en el extremo de la lanza.<\/p>\n<p>Una gama de insertos de restricci\u00f3n, ubicados en el cuerpo del aplicador, permite ajustar el flujo para que se ajuste a la viscosidad del producto qu\u00edmico de inmersi\u00f3n de los pezones que se est\u00e1 dispensando.<\/p>\n<p>La c\u00e1mara \u00fanica SplashGard\u2122 ubicada en el accesorio de la copa de inmersi\u00f3n captura el excedente de l\u00edquido de inmersi\u00f3n de los pezones que se desborda cuando se inserta el pez\u00f3n en la secci\u00f3n de la taza de inmersi\u00f3n, evitando as\u00ed el derrame y el desperdicio.<\/p>\n<p>El aplicador OptiDipper\u2122 est\u00e1 disponible en una selecci\u00f3n de configuraciones de carga superior o inferior para adaptarse a una amplia gama de tipos de sistemas de orde\u00f1a, de modo que el aplicador se pueda colocar en un lugar de f\u00e1cil acceso.<\/p>\n<p>Se puede elegir entre longitudes de lanza de 16 cm o 25 cm para adaptarse a diferentes tipos de salas de orde\u00f1a; tambi\u00e9n est\u00e1 disponible una versi\u00f3n con cable de arrastre como alternativa para operaciones a gran escala.<\/p>\n<\/div><\/section><\/div>\n<style type=\"text\/css\" data-created_by=\"avia_inline_auto\" id=\"style-css-av-1cpcgja-2dbd0e9eca6db8b670ca9107c75db11f\">\n.flex_column.av-1cpcgja-2dbd0e9eca6db8b670ca9107c75db11f{\nborder-radius:0px 0px 0px 0px;\npadding:0px 0px 0px 0px;\n}\n<\/style>\n<div  class='flex_column av-1cpcgja-2dbd0e9eca6db8b670ca9107c75db11f av_one_half  avia-builder-el-11  el_after_av_one_half  el_before_av_hr  flex_column_div av-zero-column-padding  '     ><\/div><div  class='hr av-19na9na-4531819379a60397b0c6a6600704fd93 hr-default  avia-builder-el-13  el_after_av_one_half  el_before_av_heading '><span class='hr-inner '><span class=\"hr-inner-style\"><\/span><\/span><\/div>\n\n<style type=\"text\/css\" data-created_by=\"avia_inline_auto\" id=\"style-css-av-179ik8m-e8e1bee87a288acbb03207e7aae2e983\">\n#top .av-special-heading.av-179ik8m-e8e1bee87a288acbb03207e7aae2e983{\npadding-bottom:10px;\n}\nbody .av-special-heading.av-179ik8m-e8e1bee87a288acbb03207e7aae2e983 .av-special-heading-tag .heading-char{\nfont-size:25px;\n}\n.av-special-heading.av-179ik8m-e8e1bee87a288acbb03207e7aae2e983 .av-subheading{\nfont-size:15px;\n}\n<\/style>\n<div  class='av-special-heading av-179ik8m-e8e1bee87a288acbb03207e7aae2e983 av-special-heading-h3 blockquote classic-quote  avia-builder-el-14  el_after_av_hr  el_before_av_table '><h3 class='av-special-heading-tag '  itemprop=\"headline\"  >Pistolas y equipos de extensi\u00f3n para OptiDipper\u2122 de carga superior<\/h3><div class=\"special-heading-border\"><div class=\"special-heading-inner-border\"><\/div><\/div><\/div>\n<div class='avia-data-table-wrap av-15qpeae-6b48586635eadb70f8e6b7365257bd3e avia_responsive_table avia-table-1'><table  class='avia-table avia-data-table avia_pricing_default  avia-builder-el-15  el_after_av_heading  avia-builder-el-last '  itemscope=\"itemscope\" itemtype=\"https:\/\/schema.org\/Table\" ><tbody><tr class='avia-heading-row'><th class=''>PIEZA NO.<\/th><th class=''>DESCRIPCI\u00d3N<\/th><\/tr><tr class=''><td class=''>AOD\/4004-TL<\/td><td class=''>OptiDipper\u2122 de carga superior con lanza est\u00e1ndar<\/td><\/tr><tr class=''><td class=''>AOD\/4004E-TL<\/td><td class=''>OptiDipper\u2122 de carga superior con lanza extendida<\/td><\/tr><tr class=''><td class=''>AOD\/014-TL<\/td><td class=''>Equipo de extensi\u00f3n para OptiDipper\u2122 de carga superior con lanza est\u00e1ndar<\/td><\/tr><tr class=''><td class=''>AOD\/014E-TL<\/td><td class=''>Equipo de extensi\u00f3n para OptiDipper\u2122 de carga superior con lanza extendida<\/td><\/tr><\/tbody><\/table><\/div><style type='text\/css'>.avia-table-1 td:nth-of-type(1):before { content: 'PIEZA NO.'; } .avia-table-1 td:nth-of-type(2):before { content: 'DESCRIPCI\u00d3N'; } <\/style>\n<\/div><\/div><\/div><!-- close content main div --><\/div><\/div><div id='after_section_3'  class='main_color av_default_container_wrap container_wrap sidebar_right'  ><div class='container av-section-cont-open' ><div class='template-page content  av-content-small alpha units'><div class='post-entry post-entry-type-page post-entry-8150'><div class='entry-content-wrapper clearfix'><\/p>\n","protected":false},"excerpt":{"rendered":"","protected":false},"author":3,"featured_media":0,"parent":0,"menu_order":0,"comment_status":"closed","ping_status":"closed","template":"","meta":{"_acf_changed":false,"footnotes":""},"class_list":["post-8150","page","type-page","status-publish","hentry"],"acf":[],"yoast_head":"<!-- This site is optimized with the Yoast SEO plugin v27.4 - https:\/\/yoast.com\/product\/yoast-seo-wordpress\/ -->\n<title>OptiDipper - Top Load | AMBIC Equipment Ltd UK<\/title>\n<meta name=\"robots\" content=\"index, follow, max-snippet:-1, max-image-preview:large, max-video-preview:-1\" \/>\n<link rel=\"canonical\" href=\"https:\/\/ambic.co.uk\/es\/optidipper-top-load\/\" \/>\n<meta property=\"og:locale\" content=\"es_ES\" \/>\n<meta property=\"og:type\" content=\"article\" \/>\n<meta property=\"og:title\" content=\"OptiDipper - Top Load | AMBIC Equipment Ltd UK\" \/>\n<meta property=\"og:url\" content=\"https:\/\/ambic.co.uk\/es\/optidipper-top-load\/\" \/>\n<meta property=\"og:site_name\" content=\"AMBIC Equipment Ltd UK\" \/>\n<meta property=\"article:modified_time\" content=\"2022-05-30T11:33:14+00:00\" \/>\n<meta name=\"twitter:card\" content=\"summary_large_image\" \/>\n<meta name=\"twitter:site\" content=\"@ambicequipment\" \/>\n<meta name=\"twitter:label1\" content=\"Tiempo de lectura\" \/>\n\t<meta name=\"twitter:data1\" content=\"7 minutos\" \/>\n<script type=\"application\/ld+json\" class=\"yoast-schema-graph\">{\"@context\":\"https:\\\/\\\/schema.org\",\"@graph\":[{\"@type\":\"WebPage\",\"@id\":\"https:\\\/\\\/ambic.co.uk\\\/es\\\/optidipper-top-load\\\/\",\"url\":\"https:\\\/\\\/ambic.co.uk\\\/es\\\/optidipper-top-load\\\/\",\"name\":\"OptiDipper - Top Load | AMBIC Equipment Ltd UK\",\"isPartOf\":{\"@id\":\"https:\\\/\\\/ambic.co.uk\\\/#website\"},\"datePublished\":\"2018-06-27T09:35:28+00:00\",\"dateModified\":\"2022-05-30T11:33:14+00:00\",\"breadcrumb\":{\"@id\":\"https:\\\/\\\/ambic.co.uk\\\/es\\\/optidipper-top-load\\\/#breadcrumb\"},\"inLanguage\":\"es\",\"potentialAction\":[{\"@type\":\"ReadAction\",\"target\":[\"https:\\\/\\\/ambic.co.uk\\\/es\\\/optidipper-top-load\\\/\"]}]},{\"@type\":\"BreadcrumbList\",\"@id\":\"https:\\\/\\\/ambic.co.uk\\\/es\\\/optidipper-top-load\\\/#breadcrumb\",\"itemListElement\":[{\"@type\":\"ListItem\",\"position\":1,\"name\":\"Home\",\"item\":\"https:\\\/\\\/ambic.co.uk\\\/es\\\/home\\\/\"},{\"@type\":\"ListItem\",\"position\":2,\"name\":\"OptiDipper &#8211; Top Load\"}]},{\"@type\":\"WebSite\",\"@id\":\"https:\\\/\\\/ambic.co.uk\\\/#website\",\"url\":\"https:\\\/\\\/ambic.co.uk\\\/\",\"name\":\"AMBIC Equipment Ltd UK\",\"description\":\"AMBIC Equipment Ltd UK\",\"publisher\":{\"@id\":\"https:\\\/\\\/ambic.co.uk\\\/#organization\"},\"potentialAction\":[{\"@type\":\"SearchAction\",\"target\":{\"@type\":\"EntryPoint\",\"urlTemplate\":\"https:\\\/\\\/ambic.co.uk\\\/?s={search_term_string}\"},\"query-input\":{\"@type\":\"PropertyValueSpecification\",\"valueRequired\":true,\"valueName\":\"search_term_string\"}}],\"inLanguage\":\"es\"},{\"@type\":\"Organization\",\"@id\":\"https:\\\/\\\/ambic.co.uk\\\/#organization\",\"name\":\"Ambic Equipment\",\"url\":\"https:\\\/\\\/ambic.co.uk\\\/\",\"logo\":{\"@type\":\"ImageObject\",\"inLanguage\":\"es\",\"@id\":\"https:\\\/\\\/ambic.co.uk\\\/#\\\/schema\\\/logo\\\/image\\\/\",\"url\":\"https:\\\/\\\/ambic.co.uk\\\/wp-content\\\/uploads\\\/2016\\\/07\\\/ambic-logo-blue.png\",\"contentUrl\":\"https:\\\/\\\/ambic.co.uk\\\/wp-content\\\/uploads\\\/2016\\\/07\\\/ambic-logo-blue.png\",\"width\":803,\"height\":120,\"caption\":\"Ambic Equipment\"},\"image\":{\"@id\":\"https:\\\/\\\/ambic.co.uk\\\/#\\\/schema\\\/logo\\\/image\\\/\"},\"sameAs\":[\"https:\\\/\\\/x.com\\\/ambicequipment\",\"http:\\\/\\\/ambicequipment\"]}]}<\/script>\n<!-- \/ Yoast SEO plugin. -->","yoast_head_json":{"title":"OptiDipper - Top Load | AMBIC Equipment Ltd UK","robots":{"index":"index","follow":"follow","max-snippet":"max-snippet:-1","max-image-preview":"max-image-preview:large","max-video-preview":"max-video-preview:-1"},"canonical":"https:\/\/ambic.co.uk\/es\/optidipper-top-load\/","og_locale":"es_ES","og_type":"article","og_title":"OptiDipper - Top Load | AMBIC Equipment Ltd UK","og_url":"https:\/\/ambic.co.uk\/es\/optidipper-top-load\/","og_site_name":"AMBIC Equipment Ltd UK","article_modified_time":"2022-05-30T11:33:14+00:00","twitter_card":"summary_large_image","twitter_site":"@ambicequipment","twitter_misc":{"Tiempo de lectura":"7 minutos"},"schema":{"@context":"https:\/\/schema.org","@graph":[{"@type":"WebPage","@id":"https:\/\/ambic.co.uk\/es\/optidipper-top-load\/","url":"https:\/\/ambic.co.uk\/es\/optidipper-top-load\/","name":"OptiDipper - Top Load | AMBIC Equipment Ltd UK","isPartOf":{"@id":"https:\/\/ambic.co.uk\/#website"},"datePublished":"2018-06-27T09:35:28+00:00","dateModified":"2022-05-30T11:33:14+00:00","breadcrumb":{"@id":"https:\/\/ambic.co.uk\/es\/optidipper-top-load\/#breadcrumb"},"inLanguage":"es","potentialAction":[{"@type":"ReadAction","target":["https:\/\/ambic.co.uk\/es\/optidipper-top-load\/"]}]},{"@type":"BreadcrumbList","@id":"https:\/\/ambic.co.uk\/es\/optidipper-top-load\/#breadcrumb","itemListElement":[{"@type":"ListItem","position":1,"name":"Home","item":"https:\/\/ambic.co.uk\/es\/home\/"},{"@type":"ListItem","position":2,"name":"OptiDipper &#8211; Top Load"}]},{"@type":"WebSite","@id":"https:\/\/ambic.co.uk\/#website","url":"https:\/\/ambic.co.uk\/","name":"AMBIC Equipment Ltd UK","description":"AMBIC Equipment Ltd UK","publisher":{"@id":"https:\/\/ambic.co.uk\/#organization"},"potentialAction":[{"@type":"SearchAction","target":{"@type":"EntryPoint","urlTemplate":"https:\/\/ambic.co.uk\/?s={search_term_string}"},"query-input":{"@type":"PropertyValueSpecification","valueRequired":true,"valueName":"search_term_string"}}],"inLanguage":"es"},{"@type":"Organization","@id":"https:\/\/ambic.co.uk\/#organization","name":"Ambic Equipment","url":"https:\/\/ambic.co.uk\/","logo":{"@type":"ImageObject","inLanguage":"es","@id":"https:\/\/ambic.co.uk\/#\/schema\/logo\/image\/","url":"https:\/\/ambic.co.uk\/wp-content\/uploads\/2016\/07\/ambic-logo-blue.png","contentUrl":"https:\/\/ambic.co.uk\/wp-content\/uploads\/2016\/07\/ambic-logo-blue.png","width":803,"height":120,"caption":"Ambic Equipment"},"image":{"@id":"https:\/\/ambic.co.uk\/#\/schema\/logo\/image\/"},"sameAs":["https:\/\/x.com\/ambicequipment","http:\/\/ambicequipment"]}]}},"_links":{"self":[{"href":"https:\/\/ambic.co.uk\/es\/wp-json\/wp\/v2\/pages\/8150","targetHints":{"allow":["GET"]}}],"collection":[{"href":"https:\/\/ambic.co.uk\/es\/wp-json\/wp\/v2\/pages"}],"about":[{"href":"https:\/\/ambic.co.uk\/es\/wp-json\/wp\/v2\/types\/page"}],"author":[{"embeddable":true,"href":"https:\/\/ambic.co.uk\/es\/wp-json\/wp\/v2\/users\/3"}],"replies":[{"embeddable":true,"href":"https:\/\/ambic.co.uk\/es\/wp-json\/wp\/v2\/comments?post=8150"}],"version-history":[{"count":0,"href":"https:\/\/ambic.co.uk\/es\/wp-json\/wp\/v2\/pages\/8150\/revisions"}],"wp:attachment":[{"href":"https:\/\/ambic.co.uk\/es\/wp-json\/wp\/v2\/media?parent=8150"}],"curies":[{"name":"wp","href":"https:\/\/api.w.org\/{rel}","templated":true}]}}