{"id":9980,"date":"2019-11-14T12:13:11","date_gmt":"2019-11-14T12:13:11","guid":{"rendered":"http:\/\/ambic.co.uk\/?page_id=9980"},"modified":"2019-11-22T14:00:51","modified_gmt":"2019-11-22T14:00:51","slug":"dip-cup-uptake-tube-adaptor-2","status":"publish","type":"page","link":"https:\/\/ambic.co.uk\/es\/dip-cup-uptake-tube-adaptor-2\/","title":{"rendered":"Adaptador de Tubo de Absorci\u00f3n para vaso para dipping"},"content":{"rendered":"\n<style type=\"text\/css\" data-created_by=\"avia_inline_auto\" id=\"style-css-av-331cqyh-9be5a508c7c1ef7a5f4156380beb234f\">\n.avia-section.av-331cqyh-9be5a508c7c1ef7a5f4156380beb234f{\nbackground-color:#dc3c41;\nbackground-image:unset;\n}\n<\/style>\n<div id='av_section_1'  class='avia-section av-331cqyh-9be5a508c7c1ef7a5f4156380beb234f main_color avia-section-small avia-no-border-styling  avia-builder-el-0  el_before_av_section  avia-builder-el-first  avia-bg-style-scroll container_wrap sidebar_right'  ><div class='container av-section-cont-open' ><main  role=\"main\" itemprop=\"mainContentOfPage\"  class='template-page content  av-content-small alpha units'><div class='post-entry post-entry-type-page post-entry-9980'><div class='entry-content-wrapper clearfix'>\n\n<style type=\"text\/css\" data-created_by=\"avia_inline_auto\" id=\"style-css-av-k3a7pg67-a462e1f53f49ab77fb6c500485eb4d02\">\n#top .av-special-heading.av-k3a7pg67-a462e1f53f49ab77fb6c500485eb4d02{\npadding-bottom:0;\ncolor:#ffffff;\nfont-size:50px;\n}\nbody .av-special-heading.av-k3a7pg67-a462e1f53f49ab77fb6c500485eb4d02 .av-special-heading-tag .heading-char{\nfont-size:25px;\n}\n#top #wrap_all .av-special-heading.av-k3a7pg67-a462e1f53f49ab77fb6c500485eb4d02 .av-special-heading-tag{\nfont-size:50px;\n}\n.av-special-heading.av-k3a7pg67-a462e1f53f49ab77fb6c500485eb4d02 .special-heading-inner-border{\nborder-color:#ffffff;\n}\n.av-special-heading.av-k3a7pg67-a462e1f53f49ab77fb6c500485eb4d02 .av-subheading{\nfont-size:20px;\n}\n\n@media only screen and (min-width: 480px) and (max-width: 767px){ \n#top #wrap_all .av-special-heading.av-k3a7pg67-a462e1f53f49ab77fb6c500485eb4d02 .av-special-heading-tag{\nfont-size:0.8em;\n}\n}\n\n@media only screen and (max-width: 479px){ \n#top #wrap_all .av-special-heading.av-k3a7pg67-a462e1f53f49ab77fb6c500485eb4d02 .av-special-heading-tag{\nfont-size:0.8em;\n}\n}\n<\/style>\n<div  class='av-special-heading av-k3a7pg67-a462e1f53f49ab77fb6c500485eb4d02 av-special-heading-h2 custom-color-heading blockquote modern-quote  avia-builder-el-1  avia-builder-el-no-sibling  av-inherit-size'><h2 class='av-special-heading-tag '  itemprop=\"headline\"  >Adaptador de Tubo de Absorci\u00f3n para vaso para dipping<\/h2><div class=\"special-heading-border\"><div class=\"special-heading-inner-border\"><\/div><\/div><\/div>\n<\/div><\/div><\/main><!-- close content main element --><\/div><\/div><div id='av_section_2'  class='avia-section av-32m11uh-e0f4dd1d6bc74935d1e1b272df918a66 main_color avia-section-default avia-no-border-styling  avia-builder-el-2  el_after_av_section  avia-builder-el-last  avia-bg-style-scroll container_wrap sidebar_right'  ><div class='container av-section-cont-open' ><div class='template-page content  av-content-small alpha units'><div class='post-entry post-entry-type-page post-entry-9980'><div class='entry-content-wrapper clearfix'>\n\n<style type=\"text\/css\" data-created_by=\"avia_inline_auto\" id=\"style-css-av-30q4s0p-4d28a45acf18e0774b772135e974391c\">\n.flex_column.av-30q4s0p-4d28a45acf18e0774b772135e974391c{\nborder-radius:0px 0px 0px 0px;\npadding:0px 0px 0px 0px;\n}\n<\/style>\n<div  class='flex_column av-30q4s0p-4d28a45acf18e0774b772135e974391c av_one_half  avia-builder-el-3  el_before_av_one_half  avia-builder-el-first  first flex_column_div av-zero-column-padding  '     ><section  class='av_textblock_section av-k2ymu5et-ce4b043be12870c48d31a57fe84e9239 '   itemscope=\"itemscope\" itemtype=\"https:\/\/schema.org\/CreativeWork\" ><div class='avia_textblock'  itemprop=\"text\" ><p>Ambic ha actualizado su gama de vasos para <em>dipping<\/em> con la adici\u00f3n de un nuevo e innovador adaptador del tubo de captaci\u00f3n que se coloca en la parte inferior del tubo de captaci\u00f3n. Este asegura que se deje un m\u00ednimo de producto qu\u00edmico para la inmersi\u00f3n de los pezones en la parte inferior de la botella con el vaso para <em>dipping<\/em> y evita que el tubo de captaci\u00f3n \u00abtoque fondo\u00bb cuando se presiona el vaso para dispensar el producto qu\u00edmico para la inmersi\u00f3n de los pezones.<\/p>\n<p>El adaptador del tubo de captaci\u00f3n es una caracter\u00edstica particularmente \u00fatil cuando se usan desinfectantes de barrera de alta viscosidad y alto valor agregado o formulaciones qu\u00edmicas de dos componentes en que es importante minimizar el desperdicio del producto qu\u00edmico.<\/p>\n<p>El nuevo adaptador de captaci\u00f3n es compatible con los dos tama\u00f1os de tubos de captaci\u00f3n utilizados en la serie Ambic y se incluir\u00e1 en todos los modelos Ambic* de forma est\u00e1ndar a partir de septiembre.<\/p>\n<p>No se aplica al ADC\/130 FoamDipper\u2122 que tiene un inserto de formaci\u00f3n de espuma en el tubo de captaci\u00f3n y el ADC\/160 UniDipper\u2122.<\/p>\n<\/div><\/section><\/div>\n<style type=\"text\/css\" data-created_by=\"avia_inline_auto\" id=\"style-css-av-2y3sfi1-1e9364ce93c2466b2d30c1c01199ef8c\">\n.flex_column.av-2y3sfi1-1e9364ce93c2466b2d30c1c01199ef8c{\nborder-radius:0px 0px 0px 0px;\npadding:0px 0px 0px 0px;\n}\n<\/style>\n<div  class='flex_column av-2y3sfi1-1e9364ce93c2466b2d30c1c01199ef8c av_one_half  avia-builder-el-5  el_after_av_one_half  el_before_av_hr  flex_column_div av-zero-column-padding  '     ><style type=\"text\/css\" data-created_by=\"avia_inline_auto\" id=\"style-css-av-2xiiec9-2710af6e3656b913a52749e9f76aa052\">\n#top .avia-gallery.av-2xiiec9-2710af6e3656b913a52749e9f76aa052 .avia-gallery-thumb a{\nwidth:33.3333%;\n}\n<\/style>\n<div  class='avia-gallery av-2xiiec9-2710af6e3656b913a52749e9f76aa052 avia_animate_when_visible  avia-builder-el-6  avia-builder-el-no-sibling  avia_lazyload av-slideshow-ui av-loop-manual-endless av-control-hidden av-navigate-arrows av-navigate-dots hover-effect av-control-hidden avia-gallery-animate avia-gallery-1'  itemprop=\"image\" itemscope=\"itemscope\" itemtype=\"https:\/\/schema.org\/ImageObject\" ><meta itemprop=\"contentURL\" content=\"https:\/\/ambic.co.uk\/es\/dip-cup-uptake-tube-adaptor-2\/\"><div class='avia-gallery-big-wrapper'><a class='avia-gallery-big fakeLightbox lightbox avia-gallery-big-crop-thumb ' href=\"https:\/\/ambic.co.uk\/wp-content\/uploads\/2019\/11\/ADC001-Dip-Cup-Uptake-Adaptor-Web-Thumb.jpg\" data-srcset=\"https:\/\/ambic.co.uk\/wp-content\/uploads\/2019\/11\/ADC001-Dip-Cup-Uptake-Adaptor-Web-Thumb.jpg 1000w, https:\/\/ambic.co.uk\/wp-content\/uploads\/2019\/11\/ADC001-Dip-Cup-Uptake-Adaptor-Web-Thumb-80x80.jpg 80w, https:\/\/ambic.co.uk\/wp-content\/uploads\/2019\/11\/ADC001-Dip-Cup-Uptake-Adaptor-Web-Thumb-300x300.jpg 300w, https:\/\/ambic.co.uk\/wp-content\/uploads\/2019\/11\/ADC001-Dip-Cup-Uptake-Adaptor-Web-Thumb-768x768.jpg 768w, https:\/\/ambic.co.uk\/wp-content\/uploads\/2019\/11\/ADC001-Dip-Cup-Uptake-Adaptor-Web-Thumb-36x36.jpg 36w, https:\/\/ambic.co.uk\/wp-content\/uploads\/2019\/11\/ADC001-Dip-Cup-Uptake-Adaptor-Web-Thumb-180x180.jpg 180w, https:\/\/ambic.co.uk\/wp-content\/uploads\/2019\/11\/ADC001-Dip-Cup-Uptake-Adaptor-Web-Thumb-705x705.jpg 705w, https:\/\/ambic.co.uk\/wp-content\/uploads\/2019\/11\/ADC001-Dip-Cup-Uptake-Adaptor-Web-Thumb-120x120.jpg 120w, https:\/\/ambic.co.uk\/wp-content\/uploads\/2019\/11\/ADC001-Dip-Cup-Uptake-Adaptor-Web-Thumb-450x450.jpg 450w\" data-sizes=\"(max-width: 1000px) 100vw, 1000px\"  data-onclick='1' title='ADC001 Dip Cup Uptake Adaptor Web Thumb' ><span class='avia-gallery-big-inner'  itemprop=\"thumbnailUrl\" ><img decoding=\"async\" fetchpriority=\"high\" class=\"wp-image-9966 avia-img-lazy-loading-not-9966\"  width=\"495\" height=\"400\" src=\"https:\/\/ambic.co.uk\/wp-content\/uploads\/2019\/11\/ADC001-Dip-Cup-Uptake-Adaptor-Web-Thumb-495x400.jpg\" title='ADC001 Dip Cup Uptake Adaptor Web Thumb' alt='' srcset=\"https:\/\/ambic.co.uk\/wp-content\/uploads\/2019\/11\/ADC001-Dip-Cup-Uptake-Adaptor-Web-Thumb-495x400.jpg 495w, https:\/\/ambic.co.uk\/wp-content\/uploads\/2019\/11\/ADC001-Dip-Cup-Uptake-Adaptor-Web-Thumb-845x684.jpg 845w\" sizes=\"(max-width: 495px) 100vw, 495px\" \/><\/span><\/a><\/div><div class='avia-gallery-thumb'><a href=\"https:\/\/ambic.co.uk\/wp-content\/uploads\/2019\/11\/ADC001-Dip-Cup-Uptake-Adaptor-Web-Thumb.jpg\" data-srcset=\"https:\/\/ambic.co.uk\/wp-content\/uploads\/2019\/11\/ADC001-Dip-Cup-Uptake-Adaptor-Web-Thumb.jpg 1000w, https:\/\/ambic.co.uk\/wp-content\/uploads\/2019\/11\/ADC001-Dip-Cup-Uptake-Adaptor-Web-Thumb-80x80.jpg 80w, https:\/\/ambic.co.uk\/wp-content\/uploads\/2019\/11\/ADC001-Dip-Cup-Uptake-Adaptor-Web-Thumb-300x300.jpg 300w, https:\/\/ambic.co.uk\/wp-content\/uploads\/2019\/11\/ADC001-Dip-Cup-Uptake-Adaptor-Web-Thumb-768x768.jpg 768w, https:\/\/ambic.co.uk\/wp-content\/uploads\/2019\/11\/ADC001-Dip-Cup-Uptake-Adaptor-Web-Thumb-36x36.jpg 36w, https:\/\/ambic.co.uk\/wp-content\/uploads\/2019\/11\/ADC001-Dip-Cup-Uptake-Adaptor-Web-Thumb-180x180.jpg 180w, https:\/\/ambic.co.uk\/wp-content\/uploads\/2019\/11\/ADC001-Dip-Cup-Uptake-Adaptor-Web-Thumb-705x705.jpg 705w, https:\/\/ambic.co.uk\/wp-content\/uploads\/2019\/11\/ADC001-Dip-Cup-Uptake-Adaptor-Web-Thumb-120x120.jpg 120w, https:\/\/ambic.co.uk\/wp-content\/uploads\/2019\/11\/ADC001-Dip-Cup-Uptake-Adaptor-Web-Thumb-450x450.jpg 450w\" data-sizes=\"(max-width: 1000px) 100vw, 1000px\" data-rel='gallery-1' data-prev-img='https:\/\/ambic.co.uk\/wp-content\/uploads\/2019\/11\/ADC001-Dip-Cup-Uptake-Adaptor-Web-Thumb-495x400.jpg' class='first_thumb lightbox ' data-onclick='1' title='ADC001 Dip Cup Uptake Adaptor Web Thumb'  itemprop=\"thumbnailUrl\"  ><img decoding=\"async\" fetchpriority=\"high\" class=\"wp-image-9966 avia-img-lazy-loading-not-9966\"   src=\"https:\/\/ambic.co.uk\/wp-content\/uploads\/2019\/11\/ADC001-Dip-Cup-Uptake-Adaptor-Web-Thumb-845x684.jpg\" width=\"845\" height=\"684\"  title='ADC001 Dip Cup Uptake Adaptor Web Thumb' alt='' srcset=\"https:\/\/ambic.co.uk\/wp-content\/uploads\/2019\/11\/ADC001-Dip-Cup-Uptake-Adaptor-Web-Thumb-845x684.jpg 845w, https:\/\/ambic.co.uk\/wp-content\/uploads\/2019\/11\/ADC001-Dip-Cup-Uptake-Adaptor-Web-Thumb-495x400.jpg 495w\" sizes=\"(max-width: 845px) 100vw, 845px\" \/><div class='big-prev-fake'><img decoding=\"async\" loading=\"lazy\" class=\"wp-image-9966 avia-img-lazy-loading-9966\"  width=\"495\" height=\"400\" src=\"https:\/\/ambic.co.uk\/wp-content\/uploads\/2019\/11\/ADC001-Dip-Cup-Uptake-Adaptor-Web-Thumb-495x400.jpg\" title='ADC001 Dip Cup Uptake Adaptor Web Thumb' alt='' srcset=\"https:\/\/ambic.co.uk\/wp-content\/uploads\/2019\/11\/ADC001-Dip-Cup-Uptake-Adaptor-Web-Thumb-495x400.jpg 495w, https:\/\/ambic.co.uk\/wp-content\/uploads\/2019\/11\/ADC001-Dip-Cup-Uptake-Adaptor-Web-Thumb-845x684.jpg 845w\" sizes=\"auto, (max-width: 495px) 100vw, 495px\" \/><\/div><\/a><\/div><\/div><\/div><div  class='hr av-2vndrvt-fa55296830bf80e65b502dfa92520b61 hr-default  avia-builder-el-7  el_after_av_one_half  avia-builder-el-last '><span class='hr-inner '><span class=\"hr-inner-style\"><\/span><\/span><\/div>\n<\/div><\/div><\/div><!-- close content main div --><\/div><\/div><div id='after_section_2'  class='main_color av_default_container_wrap container_wrap sidebar_right'  ><div class='container av-section-cont-open' ><div class='template-page content  av-content-small alpha units'><div class='post-entry post-entry-type-page post-entry-9980'><div class='entry-content-wrapper clearfix'><\/p>\n","protected":false},"excerpt":{"rendered":"","protected":false},"author":3,"featured_media":0,"parent":0,"menu_order":0,"comment_status":"closed","ping_status":"closed","template":"","meta":{"_acf_changed":false,"footnotes":""},"class_list":["post-9980","page","type-page","status-publish","hentry"],"acf":[],"yoast_head":"<!-- This site is optimized with the Yoast SEO plugin v27.4 - https:\/\/yoast.com\/product\/yoast-seo-wordpress\/ -->\n<title>Adaptador de Tubo de Absorci\u00f3n para vaso para dipping | AMBIC Equipment Ltd UK<\/title>\n<meta name=\"robots\" content=\"index, follow, max-snippet:-1, max-image-preview:large, max-video-preview:-1\" \/>\n<link rel=\"canonical\" href=\"https:\/\/ambic.co.uk\/es\/dip-cup-uptake-tube-adaptor-2\/\" \/>\n<meta property=\"og:locale\" content=\"es_ES\" \/>\n<meta property=\"og:type\" content=\"article\" \/>\n<meta property=\"og:title\" content=\"Adaptador de Tubo de Absorci\u00f3n para vaso para dipping | AMBIC Equipment Ltd UK\" \/>\n<meta property=\"og:url\" content=\"https:\/\/ambic.co.uk\/es\/dip-cup-uptake-tube-adaptor-2\/\" \/>\n<meta property=\"og:site_name\" content=\"AMBIC Equipment Ltd UK\" \/>\n<meta property=\"article:modified_time\" content=\"2019-11-22T14:00:51+00:00\" \/>\n<meta name=\"twitter:card\" content=\"summary_large_image\" \/>\n<meta name=\"twitter:site\" content=\"@ambicequipment\" \/>\n<meta name=\"twitter:label1\" content=\"Tiempo de lectura\" \/>\n\t<meta name=\"twitter:data1\" content=\"3 minutos\" \/>\n<script type=\"application\/ld+json\" class=\"yoast-schema-graph\">{\"@context\":\"https:\\\/\\\/schema.org\",\"@graph\":[{\"@type\":\"WebPage\",\"@id\":\"https:\\\/\\\/ambic.co.uk\\\/es\\\/dip-cup-uptake-tube-adaptor-2\\\/\",\"url\":\"https:\\\/\\\/ambic.co.uk\\\/es\\\/dip-cup-uptake-tube-adaptor-2\\\/\",\"name\":\"Adaptador de Tubo de Absorci\u00f3n para vaso para dipping | AMBIC Equipment Ltd UK\",\"isPartOf\":{\"@id\":\"https:\\\/\\\/ambic.co.uk\\\/#website\"},\"datePublished\":\"2019-11-14T12:13:11+00:00\",\"dateModified\":\"2019-11-22T14:00:51+00:00\",\"breadcrumb\":{\"@id\":\"https:\\\/\\\/ambic.co.uk\\\/es\\\/dip-cup-uptake-tube-adaptor-2\\\/#breadcrumb\"},\"inLanguage\":\"es\",\"potentialAction\":[{\"@type\":\"ReadAction\",\"target\":[\"https:\\\/\\\/ambic.co.uk\\\/es\\\/dip-cup-uptake-tube-adaptor-2\\\/\"]}]},{\"@type\":\"BreadcrumbList\",\"@id\":\"https:\\\/\\\/ambic.co.uk\\\/es\\\/dip-cup-uptake-tube-adaptor-2\\\/#breadcrumb\",\"itemListElement\":[{\"@type\":\"ListItem\",\"position\":1,\"name\":\"Home\",\"item\":\"https:\\\/\\\/ambic.co.uk\\\/es\\\/home\\\/\"},{\"@type\":\"ListItem\",\"position\":2,\"name\":\"Adaptador de Tubo de Absorci\u00f3n para vaso para dipping\"}]},{\"@type\":\"WebSite\",\"@id\":\"https:\\\/\\\/ambic.co.uk\\\/#website\",\"url\":\"https:\\\/\\\/ambic.co.uk\\\/\",\"name\":\"AMBIC Equipment Ltd UK\",\"description\":\"AMBIC Equipment Ltd UK\",\"publisher\":{\"@id\":\"https:\\\/\\\/ambic.co.uk\\\/#organization\"},\"potentialAction\":[{\"@type\":\"SearchAction\",\"target\":{\"@type\":\"EntryPoint\",\"urlTemplate\":\"https:\\\/\\\/ambic.co.uk\\\/?s={search_term_string}\"},\"query-input\":{\"@type\":\"PropertyValueSpecification\",\"valueRequired\":true,\"valueName\":\"search_term_string\"}}],\"inLanguage\":\"es\"},{\"@type\":\"Organization\",\"@id\":\"https:\\\/\\\/ambic.co.uk\\\/#organization\",\"name\":\"Ambic Equipment\",\"url\":\"https:\\\/\\\/ambic.co.uk\\\/\",\"logo\":{\"@type\":\"ImageObject\",\"inLanguage\":\"es\",\"@id\":\"https:\\\/\\\/ambic.co.uk\\\/#\\\/schema\\\/logo\\\/image\\\/\",\"url\":\"https:\\\/\\\/ambic.co.uk\\\/wp-content\\\/uploads\\\/2016\\\/07\\\/ambic-logo-blue.png\",\"contentUrl\":\"https:\\\/\\\/ambic.co.uk\\\/wp-content\\\/uploads\\\/2016\\\/07\\\/ambic-logo-blue.png\",\"width\":803,\"height\":120,\"caption\":\"Ambic Equipment\"},\"image\":{\"@id\":\"https:\\\/\\\/ambic.co.uk\\\/#\\\/schema\\\/logo\\\/image\\\/\"},\"sameAs\":[\"https:\\\/\\\/x.com\\\/ambicequipment\",\"http:\\\/\\\/ambicequipment\"]}]}<\/script>\n<!-- \/ Yoast SEO plugin. -->","yoast_head_json":{"title":"Adaptador de Tubo de Absorci\u00f3n para vaso para dipping | AMBIC Equipment Ltd UK","robots":{"index":"index","follow":"follow","max-snippet":"max-snippet:-1","max-image-preview":"max-image-preview:large","max-video-preview":"max-video-preview:-1"},"canonical":"https:\/\/ambic.co.uk\/es\/dip-cup-uptake-tube-adaptor-2\/","og_locale":"es_ES","og_type":"article","og_title":"Adaptador de Tubo de Absorci\u00f3n para vaso para dipping | AMBIC Equipment Ltd UK","og_url":"https:\/\/ambic.co.uk\/es\/dip-cup-uptake-tube-adaptor-2\/","og_site_name":"AMBIC Equipment Ltd UK","article_modified_time":"2019-11-22T14:00:51+00:00","twitter_card":"summary_large_image","twitter_site":"@ambicequipment","twitter_misc":{"Tiempo de lectura":"3 minutos"},"schema":{"@context":"https:\/\/schema.org","@graph":[{"@type":"WebPage","@id":"https:\/\/ambic.co.uk\/es\/dip-cup-uptake-tube-adaptor-2\/","url":"https:\/\/ambic.co.uk\/es\/dip-cup-uptake-tube-adaptor-2\/","name":"Adaptador de Tubo de Absorci\u00f3n para vaso para dipping | AMBIC Equipment Ltd UK","isPartOf":{"@id":"https:\/\/ambic.co.uk\/#website"},"datePublished":"2019-11-14T12:13:11+00:00","dateModified":"2019-11-22T14:00:51+00:00","breadcrumb":{"@id":"https:\/\/ambic.co.uk\/es\/dip-cup-uptake-tube-adaptor-2\/#breadcrumb"},"inLanguage":"es","potentialAction":[{"@type":"ReadAction","target":["https:\/\/ambic.co.uk\/es\/dip-cup-uptake-tube-adaptor-2\/"]}]},{"@type":"BreadcrumbList","@id":"https:\/\/ambic.co.uk\/es\/dip-cup-uptake-tube-adaptor-2\/#breadcrumb","itemListElement":[{"@type":"ListItem","position":1,"name":"Home","item":"https:\/\/ambic.co.uk\/es\/home\/"},{"@type":"ListItem","position":2,"name":"Adaptador de Tubo de Absorci\u00f3n para vaso para dipping"}]},{"@type":"WebSite","@id":"https:\/\/ambic.co.uk\/#website","url":"https:\/\/ambic.co.uk\/","name":"AMBIC Equipment Ltd UK","description":"AMBIC Equipment Ltd UK","publisher":{"@id":"https:\/\/ambic.co.uk\/#organization"},"potentialAction":[{"@type":"SearchAction","target":{"@type":"EntryPoint","urlTemplate":"https:\/\/ambic.co.uk\/?s={search_term_string}"},"query-input":{"@type":"PropertyValueSpecification","valueRequired":true,"valueName":"search_term_string"}}],"inLanguage":"es"},{"@type":"Organization","@id":"https:\/\/ambic.co.uk\/#organization","name":"Ambic Equipment","url":"https:\/\/ambic.co.uk\/","logo":{"@type":"ImageObject","inLanguage":"es","@id":"https:\/\/ambic.co.uk\/#\/schema\/logo\/image\/","url":"https:\/\/ambic.co.uk\/wp-content\/uploads\/2016\/07\/ambic-logo-blue.png","contentUrl":"https:\/\/ambic.co.uk\/wp-content\/uploads\/2016\/07\/ambic-logo-blue.png","width":803,"height":120,"caption":"Ambic Equipment"},"image":{"@id":"https:\/\/ambic.co.uk\/#\/schema\/logo\/image\/"},"sameAs":["https:\/\/x.com\/ambicequipment","http:\/\/ambicequipment"]}]}},"_links":{"self":[{"href":"https:\/\/ambic.co.uk\/es\/wp-json\/wp\/v2\/pages\/9980","targetHints":{"allow":["GET"]}}],"collection":[{"href":"https:\/\/ambic.co.uk\/es\/wp-json\/wp\/v2\/pages"}],"about":[{"href":"https:\/\/ambic.co.uk\/es\/wp-json\/wp\/v2\/types\/page"}],"author":[{"embeddable":true,"href":"https:\/\/ambic.co.uk\/es\/wp-json\/wp\/v2\/users\/3"}],"replies":[{"embeddable":true,"href":"https:\/\/ambic.co.uk\/es\/wp-json\/wp\/v2\/comments?post=9980"}],"version-history":[{"count":0,"href":"https:\/\/ambic.co.uk\/es\/wp-json\/wp\/v2\/pages\/9980\/revisions"}],"wp:attachment":[{"href":"https:\/\/ambic.co.uk\/es\/wp-json\/wp\/v2\/media?parent=9980"}],"curies":[{"name":"wp","href":"https:\/\/api.w.org\/{rel}","templated":true}]}}