{"id":13762,"date":"2021-10-11T12:39:10","date_gmt":"2021-10-11T12:39:10","guid":{"rendered":"https:\/\/ambic.co.uk\/remote-delivery-system\/"},"modified":"2022-05-27T09:43:21","modified_gmt":"2022-05-27T09:43:21","slug":"remote-delivery-system","status":"publish","type":"page","link":"https:\/\/ambic.co.uk\/fr\/remote-delivery-system\/","title":{"rendered":"Syst\u00e8me de prise \u00e0 distance"},"content":{"rendered":"\n<style type=\"text\/css\" data-created_by=\"avia_inline_auto\" id=\"style-css-av-esmodl-dcdcb01e5f4851b7fe5d9f022daabb21\">\n.avia-section.av-esmodl-dcdcb01e5f4851b7fe5d9f022daabb21{\nbackground-color:#dc3c41;\nbackground-image:unset;\n}\n<\/style>\n<div id='av_section_1'  class='avia-section av-esmodl-dcdcb01e5f4851b7fe5d9f022daabb21 main_color avia-section-small avia-no-border-styling  avia-builder-el-0  el_before_av_section  avia-builder-el-first  avia-bg-style-scroll container_wrap sidebar_right'  ><div class='container av-section-cont-open' ><main  role=\"main\" itemprop=\"mainContentOfPage\"  class='template-page content  av-content-small alpha units'><div class='post-entry post-entry-type-page post-entry-13762'><div class='entry-content-wrapper clearfix'>\n\n<style type=\"text\/css\" data-created_by=\"avia_inline_auto\" id=\"style-css-av-kummmc3j-53e7a98f6f63f7c8067e80b073aa8887\">\n#top .av-special-heading.av-kummmc3j-53e7a98f6f63f7c8067e80b073aa8887{\npadding-bottom:0;\ncolor:#ffffff;\nfont-size:50px;\n}\nbody .av-special-heading.av-kummmc3j-53e7a98f6f63f7c8067e80b073aa8887 .av-special-heading-tag .heading-char{\nfont-size:25px;\n}\n#top #wrap_all .av-special-heading.av-kummmc3j-53e7a98f6f63f7c8067e80b073aa8887 .av-special-heading-tag{\nfont-size:50px;\n}\n.av-special-heading.av-kummmc3j-53e7a98f6f63f7c8067e80b073aa8887 .special-heading-inner-border{\nborder-color:#ffffff;\n}\n.av-special-heading.av-kummmc3j-53e7a98f6f63f7c8067e80b073aa8887 .av-subheading{\nfont-size:20px;\n}\n\n@media only screen and (min-width: 480px) and (max-width: 767px){ \n#top #wrap_all .av-special-heading.av-kummmc3j-53e7a98f6f63f7c8067e80b073aa8887 .av-special-heading-tag{\nfont-size:0.8em;\n}\n}\n\n@media only screen and (max-width: 479px){ \n#top #wrap_all .av-special-heading.av-kummmc3j-53e7a98f6f63f7c8067e80b073aa8887 .av-special-heading-tag{\nfont-size:0.8em;\n}\n}\n<\/style>\n<div  class='av-special-heading av-kummmc3j-53e7a98f6f63f7c8067e80b073aa8887 av-special-heading-h2 custom-color-heading blockquote modern-quote  avia-builder-el-1  avia-builder-el-no-sibling  av-inherit-size'><h2 class='av-special-heading-tag '  itemprop=\"headline\"  >Syst\u00e8me de prise \u00e0 distance<\/h2><div class=\"special-heading-border\"><div class=\"special-heading-inner-border\"><\/div><\/div><\/div>\n\n<\/div><\/div><\/main><!-- close content main element --><\/div><\/div><div id='av_section_2'  class='avia-section av-1l2vrvt-9c88ca56a2502b0bf6b011c1259b5723 main_color avia-section-default avia-no-shadow  avia-builder-el-2  el_after_av_section  el_before_av_section  avia-bg-style-scroll container_wrap sidebar_right'  ><div class='container av-section-cont-open' ><div class='template-page content  av-content-small alpha units'><div class='post-entry post-entry-type-page post-entry-13762'><div class='entry-content-wrapper clearfix'>\n<div  class='tabcontainer av-kumn6cqa-02dec91c0b429041afb80be3766a4ef4 top_tab  avia-builder-el-3  avia-builder-el-no-sibling '>\n<section class='av_tab_section av_tab_section av-kumn48fw-c15b3c30d61e4d846619c573812bd7c9'  itemscope=\"itemscope\" itemtype=\"https:\/\/schema.org\/CreativeWork\" ><div id='tab-id-1-tab' class='tab active_tab' role='tab' aria-selected=\"true\" tabindex=\"0\" data-fake-id='#tab-id-1' aria-controls='tab-id-1-content'  itemprop=\"headline\" ><span class='tab_icon avia-iconfont avia-font-entypo-fontello' data-av_icon='\ue80e' data-av_iconfont='entypo-fontello' ><\/span>Images<\/div><div id='tab-id-1-content' class='tab_content active_tab_content' role='tabpanel' aria-labelledby='tab-id-1-tab' aria-hidden=\"false\"><div class='tab_inner_content invers-color'  itemprop=\"text\" ><div  class='avia-button-wrap avia-button-center  avia-builder-el-4  el_before_av_font_icon  avia-builder-el-first '>\n<style type=\"text\/css\" data-created_by=\"avia_inline_auto\" id=\"style-css-av-tzqi4f-3eb6554979530b2907a01672223a7b12\">\n#top #wrap_all .avia-button.av-tzqi4f-3eb6554979530b2907a01672223a7b12{\ncolor:#ffffff;\ntransition:all 0.4s ease-in-out;\n}\n#top #wrap_all .avia-button.av-tzqi4f-3eb6554979530b2907a01672223a7b12:hover{\nbackground-color:#444444;\ncolor:#ffffff;\ntransition:all 0.4s ease-in-out;\n}\n#top #wrap_all .avia-button.av-tzqi4f-3eb6554979530b2907a01672223a7b12 .avia-svg-icon svg:first-child{\nfill:#ffffff;\nstroke:#ffffff;\n}\n#top #wrap_all .avia-button.av-tzqi4f-3eb6554979530b2907a01672223a7b12:hover .avia-svg-icon svg:first-child{\nfill:#ffffff;\nstroke:#ffffff;\n}\n<\/style>\n<a href='\/fr\/image-gallery\/peristaltic-pumps\/remote-delivery-system\/' class='avia-color-theme-color avia-button avia-button-fullwidth av-tzqi4f-3eb6554979530b2907a01672223a7b12 avia-icon_select-yes-left-icon avia-color-theme-color'   aria-label=\"Biblioth\u00e8que d\u2019Images\"><span class='avia_button_icon avia_button_icon_left avia-iconfont avia-font-entypo-fontello' data-av_icon='\ue80e' data-av_iconfont='entypo-fontello' ><\/span><span class='avia_iconbox_title' >Biblioth\u00e8que d\u2019Images<\/span><\/a><\/div>\n<\/div><\/div><\/section>\n<section class='av_tab_section av_tab_section av-kumn4hgo-c35d7a43bd1ff7ca1f01128abfdfb0ab'  itemscope=\"itemscope\" itemtype=\"https:\/\/schema.org\/CreativeWork\" ><div id='tab-id-2-tab' class='tab' role='tab' aria-selected=\"false\" tabindex=\"0\" data-fake-id='#tab-id-2' aria-controls='tab-id-2-content'  itemprop=\"headline\" ><span class='tab_icon avia-iconfont avia-font-entypo-fontello' data-av_icon='\ue84d' data-av_iconfont='entypo-fontello' ><\/span>Confomit\u00e9<\/div><div id='tab-id-2-content' class='tab_content' role='tabpanel' aria-labelledby='tab-id-2-tab' aria-hidden=\"true\"><div class='tab_inner_content invers-color'  itemprop=\"text\" ><\/div><\/div><\/section>\n<section class='av_tab_section av_tab_section av-kumn4rlr-c2fb5c73adea188083d77f40964e7fa4'  itemscope=\"itemscope\" itemtype=\"https:\/\/schema.org\/CreativeWork\" ><div id='tab-id-3-tab' class='tab' role='tab' aria-selected=\"false\" tabindex=\"0\" data-fake-id='#tab-id-3' aria-controls='tab-id-3-content'  itemprop=\"headline\" ><span class='tab_icon avia-iconfont avia-font-entypo-fontello' data-av_icon='\ue84e' data-av_iconfont='entypo-fontello' ><\/span>Modes d\u2019Emploi<\/div><div id='tab-id-3-content' class='tab_content' role='tabpanel' aria-labelledby='tab-id-3-tab' aria-hidden=\"true\"><div class='tab_inner_content invers-color'  itemprop=\"text\" ><p>\n<style type=\"text\/css\" data-created_by=\"avia_inline_auto\" id=\"style-css-av-5qt7fs-118371df77ad124e3e434516ed1fd5d4\">\n.av_font_icon.av-5qt7fs-118371df77ad124e3e434516ed1fd5d4 .av-icon-char{\nfont-size:20px;\nline-height:20px;\n}\n<\/style>\n<span  class='av_font_icon av-5qt7fs-118371df77ad124e3e434516ed1fd5d4 avia_animate_when_visible av-icon-style- avia-icon-pos-left avia-iconfont avia-font-entypo-fontello av-no-color avia-icon-animate'><span class='av-icon-char' data-av_icon='\ue82d' data-av_iconfont='entypo-fontello' aria-hidden=\"true\" ><\/span><\/span>\u00a0<a href=\"https:\/\/ambic.co.uk\/wp-content\/uploads\/2022\/05\/RFE7512-Remote-Delivery-System-OpNote-EN.pdf\">RFE7512 &#8211; OpNote du syst\u00e8me de livraison \u00e0 distance<\/a><\/p>\n<\/div><\/div><\/section>\n<section class='av_tab_section av_tab_section av-kumn4y1y-febe0c44ea61ee4ac7e3c44c526babf6'  itemscope=\"itemscope\" itemtype=\"https:\/\/schema.org\/CreativeWork\" ><div id='tab-id-4-tab' class='tab' role='tab' aria-selected=\"false\" tabindex=\"0\" data-fake-id='#tab-id-4' aria-controls='tab-id-4-content'  itemprop=\"headline\" ><span class='tab_icon avia-iconfont avia-font-entypo-fontello' data-av_icon='\ue84e' data-av_iconfont='entypo-fontello' ><\/span>D\u00e9pliants de Vente<\/div><div id='tab-id-4-content' class='tab_content' role='tabpanel' aria-labelledby='tab-id-4-tab' aria-hidden=\"true\"><div class='tab_inner_content invers-color'  itemprop=\"text\" ><\/div><\/div><\/section>\n<section class='av_tab_section av_tab_section av-kumn65xk-b529809eed42f332c59df00ab5c5473a'  itemscope=\"itemscope\" itemtype=\"https:\/\/schema.org\/CreativeWork\" ><div id='tab-id-5-tab' class='tab' role='tab' aria-selected=\"false\" tabindex=\"0\" data-fake-id='#tab-id-5' aria-controls='tab-id-5-content'  itemprop=\"headline\" ><span class='tab_icon avia-iconfont avia-font-entypo-fontello' data-av_icon='\ue84d' data-av_iconfont='entypo-fontello' ><\/span>Posters<\/div><div id='tab-id-5-content' class='tab_content' role='tabpanel' aria-labelledby='tab-id-5-tab' aria-hidden=\"true\"><div class='tab_inner_content invers-color'  itemprop=\"text\" ><\/div><\/div><\/section>\n<section class='av_tab_section av_tab_section av-kumn6b4o-10192a71d96862f8875b82581b53f0ff'  itemscope=\"itemscope\" itemtype=\"https:\/\/schema.org\/CreativeWork\" ><div id='tab-id-6-tab' class='tab' role='tab' aria-selected=\"false\" tabindex=\"0\" data-fake-id='#tab-id-6' aria-controls='tab-id-6-content'  itemprop=\"headline\" ><span class='tab_icon avia-iconfont avia-font-entypo-fontello' data-av_icon='\ue81d' data-av_iconfont='entypo-fontello' ><\/span>Questions fr\u00e9quentes<\/div><div id='tab-id-6-content' class='tab_content' role='tabpanel' aria-labelledby='tab-id-6-tab' aria-hidden=\"true\"><div class='tab_inner_content invers-color'  itemprop=\"text\" ><\/div><\/div><\/section>\n<\/div>\n<\/div><\/div><\/div><!-- close content main div --><\/div><\/div><div id='av_section_3'  class='avia-section av-3jmv8vd-a741af83778e84d8e1e2c7adb5f5c418 main_color avia-section-default avia-no-border-styling  avia-builder-el-6  el_after_av_section  avia-builder-el-last  avia-bg-style-scroll container_wrap sidebar_right'  ><div class='container av-section-cont-open' ><div class='template-page content  av-content-small alpha units'><div class='post-entry post-entry-type-page post-entry-13762'><div class='entry-content-wrapper clearfix'>\n\n<style type=\"text\/css\" data-created_by=\"avia_inline_auto\" id=\"style-css-av-2xiqeqx-80f97ecfea7ced51125d9e40ca86b2ad\">\n.flex_column.av-2xiqeqx-80f97ecfea7ced51125d9e40ca86b2ad{\nborder-radius:0px 0px 0px 0px;\npadding:0px 0px 0px 0px;\n}\n<\/style>\n<div  class='flex_column av-2xiqeqx-80f97ecfea7ced51125d9e40ca86b2ad av_one_half  avia-builder-el-7  el_before_av_one_half  avia-builder-el-first  first flex_column_div av-zero-column-padding  '     ><section  class='av_textblock_section av-kummps6d-35d0aaa915c7049d79fef9ddeecda6ab '   itemscope=\"itemscope\" itemtype=\"https:\/\/schema.org\/CreativeWork\" ><div class='avia_textblock'  itemprop=\"text\" ><p>Le syst\u00e8me de prise Remote Delivery System\u2122 est un dispositif de transvasement automatis\u00e9\/manuel command\u00e9 par microprocesseur qui est capable de g\u00e9rer un maximum de quatre pompes p\u00e9ristaltiques ultra-haut d\u00e9bit dans le but de refaire le plein dans les bidons contenant les liquides servant au lavage ou \u00e0 la d\u00e9sinfection. Il vient g\u00e9rer habituellement la distribution des produits acides, alcalins, pour p\u00e9diluves et de trempage des trayons.<\/p>\n<p>En mode manuel, le Remote Delivery System\u2122 s\u2019active lorsque le niveau de produit dans un des bidons a baiss\u00e9 en dessous du minimum d\u00e9fini pour ce bidon. Une lampe commence \u00e0 clignoter alors et signale ainsi qu\u2019au moins un des bidons reli\u00e9s ne pr\u00e9sente plus le niveau minimal et qu\u2019il faut refaire le plein. Le bidon dont il s\u2019agit est signal\u00e9 par un t\u00e9moin lumineux, et le processus est lanc\u00e9 par une action sur le bouton correspondant \u00e0 ce t\u00e9moin, ce qui fait tourner la pompe en question pendant une dur\u00e9e pr\u00e9r\u00e9gl\u00e9e pour remplir le bidon devenu vide.<\/p>\n<p>En mode automatique, le module peut \u00eatre programm\u00e9 pour que le processus se lance sans autre intervention. Les pompes se mettent ainsi en marche automatiquement lorsque le niveau de produit dans le bidon est pass\u00e9 sous le minimum d\u00e9fini, et tournent pendant la dur\u00e9e pr\u00e9r\u00e9gl\u00e9e.<\/p>\n<p>Si, en raison de n\u2019importe quelle d\u00e9faillance, une pompe ne s\u2019arr\u00eatait pas, un interrupteur de s\u00e9curit\u00e9 se d\u00e9clencherait pour en couper la marche.<\/p>\n<p><strong>Caract\u00e9ristiques<\/strong><\/p>\n<ul>\n<li>Temps de marche r\u00e9glable de la pompe<\/li>\n<\/ul>\n<ul>\n<li>Option de lancement automatique pour remplir, sans n\u00e9cessit\u00e9 de lampe indicatrice ni montage de t\u00e9moins<\/li>\n<\/ul>\n<ul>\n<li>Deux diam\u00e8tres d\u2019embout de raccordement au choix pour tuyau PVC tress\u00e9\/renforc\u00e9 de 1\/2\u201d (13 mm) et 5\/8\u201d (16 mm)<\/li>\n<\/ul>\n<ul>\n<li>Disponible avec diff\u00e9rentes fiches en fonction du secteur sur place<\/li>\n<\/ul>\n<p>R\u00e9f\u00e9rence et tarif sur demande.<\/p>\n<\/div><\/section><\/div>\n<style type=\"text\/css\" data-created_by=\"avia_inline_auto\" id=\"style-css-av-2nicqa1-8182e678d8611a0550ebe8f7740ffbd1\">\n.flex_column.av-2nicqa1-8182e678d8611a0550ebe8f7740ffbd1{\nborder-radius:0px 0px 0px 0px;\npadding:0px 0px 0px 0px;\n}\n<\/style>\n<div  class='flex_column av-2nicqa1-8182e678d8611a0550ebe8f7740ffbd1 av_one_half  avia-builder-el-9  el_after_av_one_half  el_before_av_hr  flex_column_div av-zero-column-padding  '     ><style type=\"text\/css\" data-created_by=\"avia_inline_auto\" id=\"style-css-av-kumn17do-3fafd432b9b683916019f4ee8425044e\">\n#top .avia-gallery.av-kumn17do-3fafd432b9b683916019f4ee8425044e .avia-gallery-thumb a{\nwidth:33.3333%;\n}\n<\/style>\n<div  class='avia-gallery av-kumn17do-3fafd432b9b683916019f4ee8425044e avia_animate_when_visible  avia-builder-el-10  avia-builder-el-no-sibling  avia_lazyload av-slideshow-ui av-loop-manual-endless av-control-hidden av-navigate-arrows av-navigate-dots hover-effect av-control-hidden avia-gallery-animate avia-gallery-1'  itemprop=\"image\" itemscope=\"itemscope\" itemtype=\"https:\/\/schema.org\/ImageObject\" ><meta itemprop=\"contentURL\" content=\"https:\/\/ambic.co.uk\/fr\/remote-delivery-system\/\"><div class='avia-gallery-big-wrapper'><a class='avia-gallery-big fakeLightbox lightbox avia-gallery-big-crop-thumb ' href=\"https:\/\/ambic.co.uk\/wp-content\/uploads\/2021\/10\/Remote-Delivery-System-French-1030x1030.jpg\" data-srcset=\"https:\/\/ambic.co.uk\/wp-content\/uploads\/2021\/10\/Remote-Delivery-System-French-1030x1030.jpg 1030w, https:\/\/ambic.co.uk\/wp-content\/uploads\/2021\/10\/Remote-Delivery-System-French-300x300.jpg 300w, https:\/\/ambic.co.uk\/wp-content\/uploads\/2021\/10\/Remote-Delivery-System-French-80x80.jpg 80w, https:\/\/ambic.co.uk\/wp-content\/uploads\/2021\/10\/Remote-Delivery-System-French-768x768.jpg 768w, https:\/\/ambic.co.uk\/wp-content\/uploads\/2021\/10\/Remote-Delivery-System-French-36x36.jpg 36w, https:\/\/ambic.co.uk\/wp-content\/uploads\/2021\/10\/Remote-Delivery-System-French-180x180.jpg 180w, https:\/\/ambic.co.uk\/wp-content\/uploads\/2021\/10\/Remote-Delivery-System-French-705x705.jpg 705w, https:\/\/ambic.co.uk\/wp-content\/uploads\/2021\/10\/Remote-Delivery-System-French.jpg 1250w\" data-sizes=\"(max-width: 1030px) 100vw, 1030px\"  data-onclick='1' title='Remote Delivery System - French' ><span class='avia-gallery-big-inner'  itemprop=\"thumbnailUrl\" ><img decoding=\"async\" fetchpriority=\"high\" class=\"wp-image-13839 avia-img-lazy-loading-not-13839\"  width=\"495\" height=\"400\" src=\"https:\/\/ambic.co.uk\/wp-content\/uploads\/2021\/10\/Remote-Delivery-System-French-495x400.jpg\" title='Remote Delivery System - French' alt='' srcset=\"https:\/\/ambic.co.uk\/wp-content\/uploads\/2021\/10\/Remote-Delivery-System-French-495x400.jpg 495w, https:\/\/ambic.co.uk\/wp-content\/uploads\/2021\/10\/Remote-Delivery-System-French-845x684.jpg 845w\" sizes=\"(max-width: 495px) 100vw, 495px\" \/><\/span><\/a><\/div><div class='avia-gallery-thumb'><a href=\"https:\/\/ambic.co.uk\/wp-content\/uploads\/2021\/10\/Remote-Delivery-System-French-1030x1030.jpg\" data-srcset=\"https:\/\/ambic.co.uk\/wp-content\/uploads\/2021\/10\/Remote-Delivery-System-French-1030x1030.jpg 1030w, https:\/\/ambic.co.uk\/wp-content\/uploads\/2021\/10\/Remote-Delivery-System-French-300x300.jpg 300w, https:\/\/ambic.co.uk\/wp-content\/uploads\/2021\/10\/Remote-Delivery-System-French-80x80.jpg 80w, https:\/\/ambic.co.uk\/wp-content\/uploads\/2021\/10\/Remote-Delivery-System-French-768x768.jpg 768w, https:\/\/ambic.co.uk\/wp-content\/uploads\/2021\/10\/Remote-Delivery-System-French-36x36.jpg 36w, https:\/\/ambic.co.uk\/wp-content\/uploads\/2021\/10\/Remote-Delivery-System-French-180x180.jpg 180w, https:\/\/ambic.co.uk\/wp-content\/uploads\/2021\/10\/Remote-Delivery-System-French-705x705.jpg 705w, https:\/\/ambic.co.uk\/wp-content\/uploads\/2021\/10\/Remote-Delivery-System-French.jpg 1250w\" data-sizes=\"(max-width: 1030px) 100vw, 1030px\" data-rel='gallery-1' data-prev-img='https:\/\/ambic.co.uk\/wp-content\/uploads\/2021\/10\/Remote-Delivery-System-French-495x400.jpg' class='first_thumb lightbox ' data-onclick='1' title='Remote Delivery System - French'  itemprop=\"thumbnailUrl\"  ><img decoding=\"async\" fetchpriority=\"high\" class=\"wp-image-13839 avia-img-lazy-loading-not-13839\"   src=\"https:\/\/ambic.co.uk\/wp-content\/uploads\/2021\/10\/Remote-Delivery-System-French-845x684.jpg\" width=\"845\" height=\"684\"  title='Remote Delivery System - French' alt='' srcset=\"https:\/\/ambic.co.uk\/wp-content\/uploads\/2021\/10\/Remote-Delivery-System-French-845x684.jpg 845w, https:\/\/ambic.co.uk\/wp-content\/uploads\/2021\/10\/Remote-Delivery-System-French-495x400.jpg 495w\" sizes=\"(max-width: 845px) 100vw, 845px\" \/><div class='big-prev-fake'><img decoding=\"async\" loading=\"lazy\" class=\"wp-image-13839 avia-img-lazy-loading-13839\"  width=\"495\" height=\"400\" src=\"https:\/\/ambic.co.uk\/wp-content\/uploads\/2021\/10\/Remote-Delivery-System-French-495x400.jpg\" title='Remote Delivery System - French' alt='' srcset=\"https:\/\/ambic.co.uk\/wp-content\/uploads\/2021\/10\/Remote-Delivery-System-French-495x400.jpg 495w, https:\/\/ambic.co.uk\/wp-content\/uploads\/2021\/10\/Remote-Delivery-System-French-845x684.jpg 845w\" sizes=\"auto, (max-width: 495px) 100vw, 495px\" \/><\/div><\/a><\/div><\/div><\/div><div  class='hr av-29l86eh-dd95d5f1710b027e76734e2835125049 hr-default  avia-builder-el-11  el_after_av_one_half  avia-builder-el-last '><span class='hr-inner '><span class=\"hr-inner-style\"><\/span><\/span><\/div>\n<\/div><\/div><\/div><!-- close content main div --><\/div><\/div><div id='after_section_3'  class='main_color av_default_container_wrap container_wrap sidebar_right'  ><div class='container av-section-cont-open' ><div class='template-page content  av-content-small alpha units'><div class='post-entry post-entry-type-page post-entry-13762'><div class='entry-content-wrapper clearfix'><\/p>\n","protected":false},"excerpt":{"rendered":"","protected":false},"author":3,"featured_media":0,"parent":0,"menu_order":0,"comment_status":"closed","ping_status":"closed","template":"","meta":{"_acf_changed":false,"footnotes":""},"class_list":["post-13762","page","type-page","status-publish","hentry"],"acf":[],"yoast_head":"<!-- This site is optimized with the Yoast SEO plugin v26.9 - https:\/\/yoast.com\/product\/yoast-seo-wordpress\/ -->\n<title>Syst\u00e8me de prise \u00e0 distance | AMBIC Equipment Ltd UK<\/title>\n<meta name=\"robots\" content=\"index, follow, max-snippet:-1, max-image-preview:large, max-video-preview:-1\" \/>\n<link rel=\"canonical\" href=\"https:\/\/ambic.co.uk\/fr\/remote-delivery-system\/\" \/>\n<meta property=\"og:locale\" content=\"fr_FR\" \/>\n<meta property=\"og:type\" content=\"article\" \/>\n<meta property=\"og:title\" content=\"Syst\u00e8me de prise \u00e0 distance | AMBIC Equipment Ltd UK\" \/>\n<meta property=\"og:url\" content=\"https:\/\/ambic.co.uk\/fr\/remote-delivery-system\/\" \/>\n<meta property=\"og:site_name\" content=\"AMBIC Equipment Ltd UK\" \/>\n<meta property=\"article:modified_time\" content=\"2022-05-27T09:43:21+00:00\" \/>\n<meta name=\"twitter:card\" content=\"summary_large_image\" \/>\n<meta name=\"twitter:site\" content=\"@ambicequipment\" \/>\n<script type=\"application\/ld+json\" class=\"yoast-schema-graph\">{\"@context\":\"https:\/\/schema.org\",\"@graph\":[{\"@type\":\"WebPage\",\"@id\":\"https:\/\/ambic.co.uk\/fr\/remote-delivery-system\/\",\"url\":\"https:\/\/ambic.co.uk\/fr\/remote-delivery-system\/\",\"name\":\"Syst\u00e8me de prise \u00e0 distance | AMBIC Equipment Ltd UK\",\"isPartOf\":{\"@id\":\"https:\/\/ambic.co.uk\/#website\"},\"datePublished\":\"2021-10-11T12:39:10+00:00\",\"dateModified\":\"2022-05-27T09:43:21+00:00\",\"breadcrumb\":{\"@id\":\"https:\/\/ambic.co.uk\/fr\/remote-delivery-system\/#breadcrumb\"},\"inLanguage\":\"fr-FR\",\"potentialAction\":[{\"@type\":\"ReadAction\",\"target\":[\"https:\/\/ambic.co.uk\/fr\/remote-delivery-system\/\"]}]},{\"@type\":\"BreadcrumbList\",\"@id\":\"https:\/\/ambic.co.uk\/fr\/remote-delivery-system\/#breadcrumb\",\"itemListElement\":[{\"@type\":\"ListItem\",\"position\":1,\"name\":\"Home\",\"item\":\"https:\/\/ambic.co.uk\/fr\/home\/\"},{\"@type\":\"ListItem\",\"position\":2,\"name\":\"Syst\u00e8me de prise \u00e0 distance\"}]},{\"@type\":\"WebSite\",\"@id\":\"https:\/\/ambic.co.uk\/#website\",\"url\":\"https:\/\/ambic.co.uk\/\",\"name\":\"AMBIC Equipment Ltd UK\",\"description\":\"AMBIC Equipment Ltd UK\",\"publisher\":{\"@id\":\"https:\/\/ambic.co.uk\/#organization\"},\"potentialAction\":[{\"@type\":\"SearchAction\",\"target\":{\"@type\":\"EntryPoint\",\"urlTemplate\":\"https:\/\/ambic.co.uk\/?s={search_term_string}\"},\"query-input\":{\"@type\":\"PropertyValueSpecification\",\"valueRequired\":true,\"valueName\":\"search_term_string\"}}],\"inLanguage\":\"fr-FR\"},{\"@type\":\"Organization\",\"@id\":\"https:\/\/ambic.co.uk\/#organization\",\"name\":\"Ambic Equipment\",\"url\":\"https:\/\/ambic.co.uk\/\",\"logo\":{\"@type\":\"ImageObject\",\"inLanguage\":\"fr-FR\",\"@id\":\"https:\/\/ambic.co.uk\/#\/schema\/logo\/image\/\",\"url\":\"https:\/\/ambic.co.uk\/wp-content\/uploads\/2016\/07\/ambic-logo-blue.png\",\"contentUrl\":\"https:\/\/ambic.co.uk\/wp-content\/uploads\/2016\/07\/ambic-logo-blue.png\",\"width\":803,\"height\":120,\"caption\":\"Ambic Equipment\"},\"image\":{\"@id\":\"https:\/\/ambic.co.uk\/#\/schema\/logo\/image\/\"},\"sameAs\":[\"https:\/\/x.com\/ambicequipment\",\"http:\/\/ambicequipment\"]}]}<\/script>\n<!-- \/ Yoast SEO plugin. -->","yoast_head_json":{"title":"Syst\u00e8me de prise \u00e0 distance | AMBIC Equipment Ltd UK","robots":{"index":"index","follow":"follow","max-snippet":"max-snippet:-1","max-image-preview":"max-image-preview:large","max-video-preview":"max-video-preview:-1"},"canonical":"https:\/\/ambic.co.uk\/fr\/remote-delivery-system\/","og_locale":"fr_FR","og_type":"article","og_title":"Syst\u00e8me de prise \u00e0 distance | AMBIC Equipment Ltd UK","og_url":"https:\/\/ambic.co.uk\/fr\/remote-delivery-system\/","og_site_name":"AMBIC Equipment Ltd UK","article_modified_time":"2022-05-27T09:43:21+00:00","twitter_card":"summary_large_image","twitter_site":"@ambicequipment","schema":{"@context":"https:\/\/schema.org","@graph":[{"@type":"WebPage","@id":"https:\/\/ambic.co.uk\/fr\/remote-delivery-system\/","url":"https:\/\/ambic.co.uk\/fr\/remote-delivery-system\/","name":"Syst\u00e8me de prise \u00e0 distance | AMBIC Equipment Ltd UK","isPartOf":{"@id":"https:\/\/ambic.co.uk\/#website"},"datePublished":"2021-10-11T12:39:10+00:00","dateModified":"2022-05-27T09:43:21+00:00","breadcrumb":{"@id":"https:\/\/ambic.co.uk\/fr\/remote-delivery-system\/#breadcrumb"},"inLanguage":"fr-FR","potentialAction":[{"@type":"ReadAction","target":["https:\/\/ambic.co.uk\/fr\/remote-delivery-system\/"]}]},{"@type":"BreadcrumbList","@id":"https:\/\/ambic.co.uk\/fr\/remote-delivery-system\/#breadcrumb","itemListElement":[{"@type":"ListItem","position":1,"name":"Home","item":"https:\/\/ambic.co.uk\/fr\/home\/"},{"@type":"ListItem","position":2,"name":"Syst\u00e8me de prise \u00e0 distance"}]},{"@type":"WebSite","@id":"https:\/\/ambic.co.uk\/#website","url":"https:\/\/ambic.co.uk\/","name":"AMBIC Equipment Ltd UK","description":"AMBIC Equipment Ltd UK","publisher":{"@id":"https:\/\/ambic.co.uk\/#organization"},"potentialAction":[{"@type":"SearchAction","target":{"@type":"EntryPoint","urlTemplate":"https:\/\/ambic.co.uk\/?s={search_term_string}"},"query-input":{"@type":"PropertyValueSpecification","valueRequired":true,"valueName":"search_term_string"}}],"inLanguage":"fr-FR"},{"@type":"Organization","@id":"https:\/\/ambic.co.uk\/#organization","name":"Ambic Equipment","url":"https:\/\/ambic.co.uk\/","logo":{"@type":"ImageObject","inLanguage":"fr-FR","@id":"https:\/\/ambic.co.uk\/#\/schema\/logo\/image\/","url":"https:\/\/ambic.co.uk\/wp-content\/uploads\/2016\/07\/ambic-logo-blue.png","contentUrl":"https:\/\/ambic.co.uk\/wp-content\/uploads\/2016\/07\/ambic-logo-blue.png","width":803,"height":120,"caption":"Ambic Equipment"},"image":{"@id":"https:\/\/ambic.co.uk\/#\/schema\/logo\/image\/"},"sameAs":["https:\/\/x.com\/ambicequipment","http:\/\/ambicequipment"]}]}},"_links":{"self":[{"href":"https:\/\/ambic.co.uk\/fr\/wp-json\/wp\/v2\/pages\/13762","targetHints":{"allow":["GET"]}}],"collection":[{"href":"https:\/\/ambic.co.uk\/fr\/wp-json\/wp\/v2\/pages"}],"about":[{"href":"https:\/\/ambic.co.uk\/fr\/wp-json\/wp\/v2\/types\/page"}],"author":[{"embeddable":true,"href":"https:\/\/ambic.co.uk\/fr\/wp-json\/wp\/v2\/users\/3"}],"replies":[{"embeddable":true,"href":"https:\/\/ambic.co.uk\/fr\/wp-json\/wp\/v2\/comments?post=13762"}],"version-history":[{"count":0,"href":"https:\/\/ambic.co.uk\/fr\/wp-json\/wp\/v2\/pages\/13762\/revisions"}],"wp:attachment":[{"href":"https:\/\/ambic.co.uk\/fr\/wp-json\/wp\/v2\/media?parent=13762"}],"curies":[{"name":"wp","href":"https:\/\/api.w.org\/{rel}","templated":true}]}}