{"id":2192,"date":"2016-08-10T16:25:40","date_gmt":"2016-08-10T16:25:40","guid":{"rendered":"http:\/\/ambicmain.wpengine.com\/portaspray\/"},"modified":"2021-06-29T10:07:19","modified_gmt":"2021-06-29T10:07:19","slug":"portaspray","status":"publish","type":"page","link":"https:\/\/ambic.co.uk\/fr\/products\/vordin-range\/portaspray\/","title":{"rendered":"Products: Vordin Range | PortaSpray"},"content":{"rendered":"\n<style type=\"text\/css\" data-created_by=\"avia_inline_auto\" id=\"style-css-av-av_section-9ce731e008f303b413303b8d23298214\">\n.avia-section.av-av_section-9ce731e008f303b413303b8d23298214{\nbackground-color:#dc3c41;\nbackground-image:unset;\n}\n<\/style>\n<div id='av_section_1'  class='avia-section av-av_section-9ce731e008f303b413303b8d23298214 main_color avia-section-small avia-no-border-styling  avia-builder-el-0  el_before_av_section  avia-builder-el-first  avia-bg-style-scroll container_wrap sidebar_right'  ><div class='container av-section-cont-open' ><main  role=\"main\" itemprop=\"mainContentOfPage\"  class='template-page content  av-content-small alpha units'><div class='post-entry post-entry-type-page post-entry-2192'><div class='entry-content-wrapper clearfix'>\n\n<style type=\"text\/css\" data-created_by=\"avia_inline_auto\" id=\"style-css-av-av_heading-faf052b0fe08dc0d7b0148648f58bce4\">\n#top .av-special-heading.av-av_heading-faf052b0fe08dc0d7b0148648f58bce4{\npadding-bottom:0;\ncolor:#ffffff;\nfont-size:50px;\n}\nbody .av-special-heading.av-av_heading-faf052b0fe08dc0d7b0148648f58bce4 .av-special-heading-tag .heading-char{\nfont-size:25px;\n}\n#top #wrap_all .av-special-heading.av-av_heading-faf052b0fe08dc0d7b0148648f58bce4 .av-special-heading-tag{\nfont-size:50px;\n}\n.av-special-heading.av-av_heading-faf052b0fe08dc0d7b0148648f58bce4 .special-heading-inner-border{\nborder-color:#ffffff;\n}\n.av-special-heading.av-av_heading-faf052b0fe08dc0d7b0148648f58bce4 .av-subheading{\nfont-size:20px;\n}\n\n@media only screen and (min-width: 480px) and (max-width: 767px){ \n#top #wrap_all .av-special-heading.av-av_heading-faf052b0fe08dc0d7b0148648f58bce4 .av-special-heading-tag{\nfont-size:0.8em;\n}\n}\n\n@media only screen and (max-width: 479px){ \n#top #wrap_all .av-special-heading.av-av_heading-faf052b0fe08dc0d7b0148648f58bce4 .av-special-heading-tag{\nfont-size:0.8em;\n}\n}\n<\/style>\n<div  class='av-special-heading av-av_heading-faf052b0fe08dc0d7b0148648f58bce4 av-special-heading-h2 custom-color-heading blockquote modern-quote  avia-builder-el-1  avia-builder-el-no-sibling  av-inherit-size'><h2 class='av-special-heading-tag '  itemprop=\"headline\"  >PortaSpray<\/h2><div class=\"special-heading-border\"><div class=\"special-heading-inner-border\"><\/div><\/div><\/div>\n\n<\/div><\/div><\/main><!-- close content main element --><\/div><\/div><div id='av_section_2'  class='avia-section av-av_section-e45cf08da12eaf0aa4c516511f912788 main_color avia-section-default avia-no-shadow  avia-builder-el-2  el_after_av_section  el_before_av_section  avia-bg-style-scroll container_wrap sidebar_right'  ><div class='container av-section-cont-open' ><div class='template-page content  av-content-small alpha units'><div class='post-entry post-entry-type-page post-entry-2192'><div class='entry-content-wrapper clearfix'>\n<div  class='tabcontainer av-av_tab_container-0bacd910096d11a3cec6dfb538798966 top_tab  avia-builder-el-3  avia-builder-el-no-sibling '>\n<section class='av_tab_section av_tab_section av-av_tab-1d96dec91afd2eea22183ee90ba9589c'  itemscope=\"itemscope\" itemtype=\"https:\/\/schema.org\/CreativeWork\" ><div id='tab-id-1-tab' class='tab active_tab' role='tab' aria-selected=\"true\" tabindex=\"0\" data-fake-id='#tab-id-1' aria-controls='tab-id-1-content'  itemprop=\"headline\" ><span class='tab_icon avia-iconfont avia-font-entypo-fontello' data-av_icon='\ue80e' data-av_iconfont='entypo-fontello' ><\/span>Images<\/div><div id='tab-id-1-content' class='tab_content active_tab_content' role='tabpanel' aria-labelledby='tab-id-1-tab' aria-hidden=\"false\"><div class='tab_inner_content invers-color'  itemprop=\"text\" ><div  class='avia-button-wrap avia-button-center  avia-builder-el-4  el_before_av_font_icon  avia-builder-el-first '>\n<style type=\"text\/css\" data-created_by=\"avia_inline_auto\" id=\"style-css-av-av_button_big-fc06a0e0c163adf4139bbba6c53b069f\">\n#top #wrap_all .avia-button.av-av_button_big-fc06a0e0c163adf4139bbba6c53b069f{\ncolor:#ffffff;\ntransition:all 0.4s ease-in-out;\n}\n#top #wrap_all .avia-button.av-av_button_big-fc06a0e0c163adf4139bbba6c53b069f:hover{\nbackground-color:#444444;\ncolor:#ffffff;\ntransition:all 0.4s ease-in-out;\n}\n#top #wrap_all .avia-button.av-av_button_big-fc06a0e0c163adf4139bbba6c53b069f .avia-svg-icon svg:first-child{\nfill:#ffffff;\nstroke:#ffffff;\n}\n#top #wrap_all .avia-button.av-av_button_big-fc06a0e0c163adf4139bbba6c53b069f:hover .avia-svg-icon svg:first-child{\nfill:#ffffff;\nstroke:#ffffff;\n}\n<\/style>\n<a href='\/fr\/image-gallery\/vordin-range\/portaspray\/' class='avia-color-theme-color avia-button avia-button-fullwidth av-av_button_big-fc06a0e0c163adf4139bbba6c53b069f avia-icon_select-yes-left-icon avia-color-theme-color'   aria-label=\"Biblioth\u00e8que d\u2019Images\"><span class='avia_button_icon avia_button_icon_left avia-iconfont avia-font-entypo-fontello' data-av_icon='\ue80e' data-av_iconfont='entypo-fontello' ><\/span><span class='avia_iconbox_title' >Biblioth\u00e8que d\u2019Images<\/span><\/a><\/div>\n<\/div><\/div><\/section>\n<section class='av_tab_section av_tab_section av-av_tab-ff9c48eb4a8da3ba46a9963036d2853d'  itemscope=\"itemscope\" itemtype=\"https:\/\/schema.org\/CreativeWork\" ><div id='tab-id-2-tab' class='tab' role='tab' aria-selected=\"false\" tabindex=\"0\" data-fake-id='#tab-id-2' aria-controls='tab-id-2-content'  itemprop=\"headline\" ><span class='tab_icon avia-iconfont avia-font-entypo-fontello' data-av_icon='\ue84e' data-av_iconfont='entypo-fontello' ><\/span>Fiches Techniques<\/div><div id='tab-id-2-content' class='tab_content' role='tabpanel' aria-labelledby='tab-id-2-tab' aria-hidden=\"true\"><div class='tab_inner_content invers-color'  itemprop=\"text\" ><p>\n<style type=\"text\/css\" data-created_by=\"avia_inline_auto\" id=\"style-css-av-av_font_icon-2a2fe5ebfee85d4d67e57df9aa36b263\">\n.av_font_icon.av-av_font_icon-2a2fe5ebfee85d4d67e57df9aa36b263 .av-icon-char{\nfont-size:20px;\nline-height:20px;\n}\n<\/style>\n<span  class='av_font_icon av-av_font_icon-2a2fe5ebfee85d4d67e57df9aa36b263 avia_animate_when_visible av-icon-style- avia-icon-pos-left avia-iconfont avia-font-entypo-fontello av-no-color avia-icon-animate'><span class='av-icon-char' data-av_icon='\ue82d' data-av_iconfont='entypo-fontello' aria-hidden=\"true\" ><\/span><\/span>\u00a0<a href=\"https:\/\/ambic.co.uk\/wp-content\/uploads\/2016\/08\/PS-PortaSpray-Datasheet.pdf\" target=\"_blank\" rel=\"noopener\">PS &#8211; PortaSpray Datasheet<\/a><\/p>\n<\/div><\/div><\/section>\n<\/div>\n\n<\/div><\/div><\/div><!-- close content main div --><\/div><\/div><div id='av_section_3'  class='avia-section av-av_section-915b33fd1d6006bfc684ade488387eaf main_color avia-section-default avia-no-border-styling  avia-builder-el-6  el_after_av_section  avia-builder-el-last  avia-bg-style-scroll container_wrap sidebar_right'  ><div class='container av-section-cont-open' ><div class='template-page content  av-content-small alpha units'><div class='post-entry post-entry-type-page post-entry-2192'><div class='entry-content-wrapper clearfix'>\n\n<style type=\"text\/css\" data-created_by=\"avia_inline_auto\" id=\"style-css-av-av_one_half-6126cab7d8fab8d08143dd2dacdf673c\">\n.flex_column.av-av_one_half-6126cab7d8fab8d08143dd2dacdf673c{\nborder-radius:0px 0px 0px 0px;\npadding:0px 0px 0px 0px;\n}\n<\/style>\n<div  class='flex_column av-av_one_half-6126cab7d8fab8d08143dd2dacdf673c av_one_half  avia-builder-el-7  el_before_av_one_half  avia-builder-el-first  first flex_column_div av-zero-column-padding  '     ><section  class='av_textblock_section av-av_textblock-0366cc7376be6c9e82a3e9cc8987b64f '   itemscope=\"itemscope\" itemtype=\"https:\/\/schema.org\/CreativeWork\" ><div class='avia_textblock'  itemprop=\"text\" ><p>Le PortaSpray est fourni avec un flacon 600 ml, la t\u00eate de vaporisation avec un filet vers la buse de 11 mm et trois buses au choix. Toutes les t\u00eates de vaporisation sont faites de plastique r\u00e9sistant de la premi\u00e8re qualit\u00e9.<\/p>\n<\/div><\/section><\/div>\n<style type=\"text\/css\" data-created_by=\"avia_inline_auto\" id=\"style-css-av-av_one_half-0aa7055fe62c3622faec82866afbaeb2\">\n.flex_column.av-av_one_half-0aa7055fe62c3622faec82866afbaeb2{\nborder-radius:0px 0px 0px 0px;\npadding:0px 0px 0px 0px;\n}\n<\/style>\n<div  class='flex_column av-av_one_half-0aa7055fe62c3622faec82866afbaeb2 av_one_half  avia-builder-el-9  el_after_av_one_half  el_before_av_hr  flex_column_div av-zero-column-padding  '     ><style type=\"text\/css\" data-created_by=\"avia_inline_auto\" id=\"style-css-av-av_gallery-db221dadeda09d9d407b8ac827c7c738\">\n#top .avia-gallery.av-av_gallery-db221dadeda09d9d407b8ac827c7c738 .avia-gallery-thumb a{\nwidth:33.3333%;\n}\n<\/style>\n<div  class='avia-gallery av-av_gallery-db221dadeda09d9d407b8ac827c7c738 avia_animate_when_visible  avia-builder-el-10  avia-builder-el-no-sibling  avia_lazyload av-slideshow-ui av-loop-manual-endless av-control-hidden av-navigate-arrows av-navigate-dots hover-effect av-control-hidden avia-gallery-animate avia-gallery-1'  itemprop=\"image\" itemscope=\"itemscope\" itemtype=\"https:\/\/schema.org\/ImageObject\" ><meta itemprop=\"contentURL\" content=\"https:\/\/ambic.co.uk\/fr\/products\/vordin-range\/portaspray\/\"><div class='avia-gallery-big-wrapper'><a class='avia-gallery-big fakeLightbox lightbox avia-gallery-big-crop-thumb ' href=\"https:\/\/ambic.co.uk\/wp-content\/uploads\/2016\/08\/UK-RRP-Sept-09-17-web.jpg\" data-srcset=\"https:\/\/ambic.co.uk\/wp-content\/uploads\/2016\/08\/UK-RRP-Sept-09-17-web.jpg 600w, https:\/\/ambic.co.uk\/wp-content\/uploads\/2016\/08\/UK-RRP-Sept-09-17-web-80x80.jpg 80w, https:\/\/ambic.co.uk\/wp-content\/uploads\/2016\/08\/UK-RRP-Sept-09-17-web-300x300.jpg 300w, https:\/\/ambic.co.uk\/wp-content\/uploads\/2016\/08\/UK-RRP-Sept-09-17-web-36x36.jpg 36w, https:\/\/ambic.co.uk\/wp-content\/uploads\/2016\/08\/UK-RRP-Sept-09-17-web-180x180.jpg 180w, https:\/\/ambic.co.uk\/wp-content\/uploads\/2016\/08\/UK-RRP-Sept-09-17-web-120x120.jpg 120w, https:\/\/ambic.co.uk\/wp-content\/uploads\/2016\/08\/UK-RRP-Sept-09-17-web-450x450.jpg 450w\" data-sizes=\"(max-width: 600px) 100vw, 600px\"  data-onclick='1' title='UK-RRP-Sept-09--17-web' ><span class='avia-gallery-big-inner'  itemprop=\"thumbnailUrl\" ><img decoding=\"async\" fetchpriority=\"high\" class=\"wp-image-4230 avia-img-lazy-loading-not-4230\"  width=\"600\" height=\"600\" src=\"https:\/\/ambic.co.uk\/wp-content\/uploads\/2016\/08\/UK-RRP-Sept-09-17-web.jpg\" title='UK-RRP-Sept-09--17-web' alt='' srcset=\"https:\/\/ambic.co.uk\/wp-content\/uploads\/2016\/08\/UK-RRP-Sept-09-17-web.jpg 600w, https:\/\/ambic.co.uk\/wp-content\/uploads\/2016\/08\/UK-RRP-Sept-09-17-web-80x80.jpg 80w, https:\/\/ambic.co.uk\/wp-content\/uploads\/2016\/08\/UK-RRP-Sept-09-17-web-300x300.jpg 300w, https:\/\/ambic.co.uk\/wp-content\/uploads\/2016\/08\/UK-RRP-Sept-09-17-web-36x36.jpg 36w, https:\/\/ambic.co.uk\/wp-content\/uploads\/2016\/08\/UK-RRP-Sept-09-17-web-180x180.jpg 180w, https:\/\/ambic.co.uk\/wp-content\/uploads\/2016\/08\/UK-RRP-Sept-09-17-web-120x120.jpg 120w, https:\/\/ambic.co.uk\/wp-content\/uploads\/2016\/08\/UK-RRP-Sept-09-17-web-450x450.jpg 450w\" sizes=\"(max-width: 600px) 100vw, 600px\" \/><\/span><\/a><\/div><div class='avia-gallery-thumb'><a href=\"https:\/\/ambic.co.uk\/wp-content\/uploads\/2016\/08\/UK-RRP-Sept-09-17-web.jpg\" data-srcset=\"https:\/\/ambic.co.uk\/wp-content\/uploads\/2016\/08\/UK-RRP-Sept-09-17-web.jpg 600w, https:\/\/ambic.co.uk\/wp-content\/uploads\/2016\/08\/UK-RRP-Sept-09-17-web-80x80.jpg 80w, https:\/\/ambic.co.uk\/wp-content\/uploads\/2016\/08\/UK-RRP-Sept-09-17-web-300x300.jpg 300w, https:\/\/ambic.co.uk\/wp-content\/uploads\/2016\/08\/UK-RRP-Sept-09-17-web-36x36.jpg 36w, https:\/\/ambic.co.uk\/wp-content\/uploads\/2016\/08\/UK-RRP-Sept-09-17-web-180x180.jpg 180w, https:\/\/ambic.co.uk\/wp-content\/uploads\/2016\/08\/UK-RRP-Sept-09-17-web-120x120.jpg 120w, https:\/\/ambic.co.uk\/wp-content\/uploads\/2016\/08\/UK-RRP-Sept-09-17-web-450x450.jpg 450w\" data-sizes=\"(max-width: 600px) 100vw, 600px\" data-rel='gallery-1' data-prev-img='https:\/\/ambic.co.uk\/wp-content\/uploads\/2016\/08\/UK-RRP-Sept-09-17-web.jpg' class='first_thumb lightbox ' data-onclick='1' title='UK-RRP-Sept-09--17-web'  itemprop=\"thumbnailUrl\"  ><img decoding=\"async\" fetchpriority=\"high\" class=\"wp-image-4230 avia-img-lazy-loading-not-4230\"   src=\"https:\/\/ambic.co.uk\/wp-content\/uploads\/2016\/08\/UK-RRP-Sept-09-17-web.jpg\" width=\"600\" height=\"600\"  title='UK-RRP-Sept-09--17-web' alt='' srcset=\"https:\/\/ambic.co.uk\/wp-content\/uploads\/2016\/08\/UK-RRP-Sept-09-17-web.jpg 600w, https:\/\/ambic.co.uk\/wp-content\/uploads\/2016\/08\/UK-RRP-Sept-09-17-web-80x80.jpg 80w, https:\/\/ambic.co.uk\/wp-content\/uploads\/2016\/08\/UK-RRP-Sept-09-17-web-300x300.jpg 300w, https:\/\/ambic.co.uk\/wp-content\/uploads\/2016\/08\/UK-RRP-Sept-09-17-web-36x36.jpg 36w, https:\/\/ambic.co.uk\/wp-content\/uploads\/2016\/08\/UK-RRP-Sept-09-17-web-180x180.jpg 180w, https:\/\/ambic.co.uk\/wp-content\/uploads\/2016\/08\/UK-RRP-Sept-09-17-web-120x120.jpg 120w, https:\/\/ambic.co.uk\/wp-content\/uploads\/2016\/08\/UK-RRP-Sept-09-17-web-450x450.jpg 450w\" sizes=\"(max-width: 600px) 100vw, 600px\" \/><div class='big-prev-fake'><img decoding=\"async\" loading=\"lazy\" class=\"wp-image-4230 avia-img-lazy-loading-4230\"  width=\"600\" height=\"600\" src=\"https:\/\/ambic.co.uk\/wp-content\/uploads\/2016\/08\/UK-RRP-Sept-09-17-web.jpg\" title='UK-RRP-Sept-09--17-web' alt='' srcset=\"https:\/\/ambic.co.uk\/wp-content\/uploads\/2016\/08\/UK-RRP-Sept-09-17-web.jpg 600w, https:\/\/ambic.co.uk\/wp-content\/uploads\/2016\/08\/UK-RRP-Sept-09-17-web-80x80.jpg 80w, https:\/\/ambic.co.uk\/wp-content\/uploads\/2016\/08\/UK-RRP-Sept-09-17-web-300x300.jpg 300w, https:\/\/ambic.co.uk\/wp-content\/uploads\/2016\/08\/UK-RRP-Sept-09-17-web-36x36.jpg 36w, https:\/\/ambic.co.uk\/wp-content\/uploads\/2016\/08\/UK-RRP-Sept-09-17-web-180x180.jpg 180w, https:\/\/ambic.co.uk\/wp-content\/uploads\/2016\/08\/UK-RRP-Sept-09-17-web-120x120.jpg 120w, https:\/\/ambic.co.uk\/wp-content\/uploads\/2016\/08\/UK-RRP-Sept-09-17-web-450x450.jpg 450w\" sizes=\"auto, (max-width: 600px) 100vw, 600px\" \/><\/div><\/a><\/div><\/div><\/div><div  class='hr av-av_hr-dcd2069817a0e3d34ae04cad8f3443c7 hr-default  avia-builder-el-11  el_after_av_one_half  el_before_av_heading '><span class='hr-inner '><span class=\"hr-inner-style\"><\/span><\/span><\/div>\n\n<style type=\"text\/css\" data-created_by=\"avia_inline_auto\" id=\"style-css-av-av_heading-75e5dbe05ad093c55454f4049c551138\">\n#top .av-special-heading.av-av_heading-75e5dbe05ad093c55454f4049c551138{\npadding-bottom:10px;\n}\nbody .av-special-heading.av-av_heading-75e5dbe05ad093c55454f4049c551138 .av-special-heading-tag .heading-char{\nfont-size:25px;\n}\n.av-special-heading.av-av_heading-75e5dbe05ad093c55454f4049c551138 .av-subheading{\nfont-size:15px;\n}\n<\/style>\n<div  class='av-special-heading av-av_heading-75e5dbe05ad093c55454f4049c551138 av-special-heading-h3 blockquote classic-quote  avia-builder-el-12  el_after_av_hr  el_before_av_table '><h3 class='av-special-heading-tag '  itemprop=\"headline\"  >PortaSpray<\/h3><div class=\"special-heading-border\"><div class=\"special-heading-inner-border\"><\/div><\/div><\/div>\n<div class='avia-data-table-wrap av-av_table-79567314f19fdf27597651e950bcbb3a avia_responsive_table avia-table-1'><table  class='avia-table avia-data-table avia_pricing_default  avia-builder-el-13  el_after_av_heading  avia-builder-el-last '  itemscope=\"itemscope\" itemtype=\"https:\/\/schema.org\/Table\" ><tbody><tr class='avia-heading-row'><th class=''>R\u00e9f.<\/th><th class=''>D\u00e9signation<\/th><th class=''>T\u00eate\/lance<\/th><th class=''>Filet<\/th><th class=''>Buse<\/th><th class=''>Couleur<\/th><\/tr><tr class=''><td class=''>PS8-B<\/td><td class=''>PortaSpray<\/td><td class=''>Courte<\/td><td class=''>11mm<\/td><td class=''>nox<\/td><td class=''>Bleu<\/td><\/tr><tr class=''><td class=''>PS9-B<\/td><td class=''>PortaSpray<\/td><td class=''>Courte<\/td><td class=''>11mm<\/td><td class=''>Plastique<\/td><td class=''>Bleu<\/td><\/tr><tr class=''><td class=''>PS3-B<\/td><td class=''>PortaSpray<\/td><td class=''>Extralongue<\/td><td class=''>11mm<\/td><td class=''>nox<\/td><td class=''>Bleu<\/td><\/tr><tr class=''><td class=''>BOT2<\/td><td class=''>Flacon 600 ml de<br \/>\nremplacement<\/td><td class=''>&#8211;<\/td><td class=''>&#8211;<\/td><td class=''>&#8211;<\/td><td class=''>&#8211;<\/td><\/tr><\/tbody><\/table><\/div><style type='text\/css'>.avia-table-1 td:nth-of-type(1):before { content: 'R\u00e9f.'; } .avia-table-1 td:nth-of-type(2):before { content: 'D\u00e9signation'; } .avia-table-1 td:nth-of-type(3):before { content: 'T\u00eate\/lance'; } .avia-table-1 td:nth-of-type(4):before { content: 'Filet'; } .avia-table-1 td:nth-of-type(5):before { content: 'Buse'; } .avia-table-1 td:nth-of-type(6):before { content: 'Couleur'; } <\/style>\n<\/div><\/div><\/div><!-- close content main div --><\/div><\/div><div id='after_section_3'  class='main_color av_default_container_wrap container_wrap sidebar_right'  ><div class='container av-section-cont-open' ><div class='template-page content  av-content-small alpha units'><div class='post-entry post-entry-type-page post-entry-2192'><div class='entry-content-wrapper clearfix'>\n","protected":false},"excerpt":{"rendered":"","protected":false},"author":2,"featured_media":0,"parent":2209,"menu_order":0,"comment_status":"closed","ping_status":"closed","template":"","meta":{"_acf_changed":false,"footnotes":""},"class_list":["post-2192","page","type-page","status-publish","hentry"],"acf":[],"yoast_head":"<!-- This site is optimized with the Yoast SEO plugin v27.4 - https:\/\/yoast.com\/product\/yoast-seo-wordpress\/ -->\n<title>Products: Vordin Range | PortaSpray | AMBIC Equipment Ltd UK<\/title>\n<meta name=\"robots\" content=\"index, follow, max-snippet:-1, max-image-preview:large, max-video-preview:-1\" \/>\n<link rel=\"canonical\" href=\"https:\/\/ambic.co.uk\/fr\/products\/vordin-range\/portaspray\/\" \/>\n<meta property=\"og:locale\" content=\"fr_FR\" \/>\n<meta property=\"og:type\" content=\"article\" \/>\n<meta property=\"og:title\" content=\"Products: Vordin Range | PortaSpray | AMBIC Equipment Ltd UK\" \/>\n<meta property=\"og:url\" content=\"https:\/\/ambic.co.uk\/fr\/products\/vordin-range\/portaspray\/\" \/>\n<meta property=\"og:site_name\" content=\"AMBIC Equipment Ltd UK\" \/>\n<meta property=\"article:modified_time\" content=\"2021-06-29T10:07:19+00:00\" \/>\n<meta name=\"twitter:card\" content=\"summary_large_image\" \/>\n<meta name=\"twitter:site\" content=\"@ambicequipment\" \/>\n<meta name=\"twitter:label1\" content=\"Dur\u00e9e de lecture estim\u00e9e\" \/>\n\t<meta name=\"twitter:data1\" content=\"5 minutes\" \/>\n<script type=\"application\/ld+json\" class=\"yoast-schema-graph\">{\"@context\":\"https:\\\/\\\/schema.org\",\"@graph\":[{\"@type\":\"WebPage\",\"@id\":\"https:\\\/\\\/ambic.co.uk\\\/fr\\\/products\\\/vordin-range\\\/portaspray\\\/\",\"url\":\"https:\\\/\\\/ambic.co.uk\\\/fr\\\/products\\\/vordin-range\\\/portaspray\\\/\",\"name\":\"Products: Vordin Range | PortaSpray | AMBIC Equipment Ltd UK\",\"isPartOf\":{\"@id\":\"https:\\\/\\\/ambic.co.uk\\\/#website\"},\"datePublished\":\"2016-08-10T16:25:40+00:00\",\"dateModified\":\"2021-06-29T10:07:19+00:00\",\"breadcrumb\":{\"@id\":\"https:\\\/\\\/ambic.co.uk\\\/fr\\\/products\\\/vordin-range\\\/portaspray\\\/#breadcrumb\"},\"inLanguage\":\"fr-FR\",\"potentialAction\":[{\"@type\":\"ReadAction\",\"target\":[\"https:\\\/\\\/ambic.co.uk\\\/fr\\\/products\\\/vordin-range\\\/portaspray\\\/\"]}]},{\"@type\":\"BreadcrumbList\",\"@id\":\"https:\\\/\\\/ambic.co.uk\\\/fr\\\/products\\\/vordin-range\\\/portaspray\\\/#breadcrumb\",\"itemListElement\":[{\"@type\":\"ListItem\",\"position\":1,\"name\":\"Home\",\"item\":\"https:\\\/\\\/ambic.co.uk\\\/fr\\\/home\\\/\"},{\"@type\":\"ListItem\",\"position\":2,\"name\":\"Products\",\"item\":\"https:\\\/\\\/ambic.co.uk\\\/fr\\\/products\\\/\"},{\"@type\":\"ListItem\",\"position\":3,\"name\":\"Products: Vordin Range\",\"item\":\"https:\\\/\\\/ambic.co.uk\\\/fr\\\/products\\\/vordin-range\\\/\"},{\"@type\":\"ListItem\",\"position\":4,\"name\":\"Products: Vordin Range | PortaSpray\"}]},{\"@type\":\"WebSite\",\"@id\":\"https:\\\/\\\/ambic.co.uk\\\/#website\",\"url\":\"https:\\\/\\\/ambic.co.uk\\\/\",\"name\":\"AMBIC Equipment Ltd UK\",\"description\":\"AMBIC Equipment Ltd UK\",\"publisher\":{\"@id\":\"https:\\\/\\\/ambic.co.uk\\\/#organization\"},\"potentialAction\":[{\"@type\":\"SearchAction\",\"target\":{\"@type\":\"EntryPoint\",\"urlTemplate\":\"https:\\\/\\\/ambic.co.uk\\\/?s={search_term_string}\"},\"query-input\":{\"@type\":\"PropertyValueSpecification\",\"valueRequired\":true,\"valueName\":\"search_term_string\"}}],\"inLanguage\":\"fr-FR\"},{\"@type\":\"Organization\",\"@id\":\"https:\\\/\\\/ambic.co.uk\\\/#organization\",\"name\":\"Ambic Equipment\",\"url\":\"https:\\\/\\\/ambic.co.uk\\\/\",\"logo\":{\"@type\":\"ImageObject\",\"inLanguage\":\"fr-FR\",\"@id\":\"https:\\\/\\\/ambic.co.uk\\\/#\\\/schema\\\/logo\\\/image\\\/\",\"url\":\"https:\\\/\\\/ambic.co.uk\\\/wp-content\\\/uploads\\\/2016\\\/07\\\/ambic-logo-blue.png\",\"contentUrl\":\"https:\\\/\\\/ambic.co.uk\\\/wp-content\\\/uploads\\\/2016\\\/07\\\/ambic-logo-blue.png\",\"width\":803,\"height\":120,\"caption\":\"Ambic Equipment\"},\"image\":{\"@id\":\"https:\\\/\\\/ambic.co.uk\\\/#\\\/schema\\\/logo\\\/image\\\/\"},\"sameAs\":[\"https:\\\/\\\/x.com\\\/ambicequipment\",\"http:\\\/\\\/ambicequipment\"]}]}<\/script>\n<!-- \/ Yoast SEO plugin. -->","yoast_head_json":{"title":"Products: Vordin Range | PortaSpray | AMBIC Equipment Ltd UK","robots":{"index":"index","follow":"follow","max-snippet":"max-snippet:-1","max-image-preview":"max-image-preview:large","max-video-preview":"max-video-preview:-1"},"canonical":"https:\/\/ambic.co.uk\/fr\/products\/vordin-range\/portaspray\/","og_locale":"fr_FR","og_type":"article","og_title":"Products: Vordin Range | PortaSpray | AMBIC Equipment Ltd UK","og_url":"https:\/\/ambic.co.uk\/fr\/products\/vordin-range\/portaspray\/","og_site_name":"AMBIC Equipment Ltd UK","article_modified_time":"2021-06-29T10:07:19+00:00","twitter_card":"summary_large_image","twitter_site":"@ambicequipment","twitter_misc":{"Dur\u00e9e de lecture estim\u00e9e":"5 minutes"},"schema":{"@context":"https:\/\/schema.org","@graph":[{"@type":"WebPage","@id":"https:\/\/ambic.co.uk\/fr\/products\/vordin-range\/portaspray\/","url":"https:\/\/ambic.co.uk\/fr\/products\/vordin-range\/portaspray\/","name":"Products: Vordin Range | PortaSpray | AMBIC Equipment Ltd UK","isPartOf":{"@id":"https:\/\/ambic.co.uk\/#website"},"datePublished":"2016-08-10T16:25:40+00:00","dateModified":"2021-06-29T10:07:19+00:00","breadcrumb":{"@id":"https:\/\/ambic.co.uk\/fr\/products\/vordin-range\/portaspray\/#breadcrumb"},"inLanguage":"fr-FR","potentialAction":[{"@type":"ReadAction","target":["https:\/\/ambic.co.uk\/fr\/products\/vordin-range\/portaspray\/"]}]},{"@type":"BreadcrumbList","@id":"https:\/\/ambic.co.uk\/fr\/products\/vordin-range\/portaspray\/#breadcrumb","itemListElement":[{"@type":"ListItem","position":1,"name":"Home","item":"https:\/\/ambic.co.uk\/fr\/home\/"},{"@type":"ListItem","position":2,"name":"Products","item":"https:\/\/ambic.co.uk\/fr\/products\/"},{"@type":"ListItem","position":3,"name":"Products: Vordin Range","item":"https:\/\/ambic.co.uk\/fr\/products\/vordin-range\/"},{"@type":"ListItem","position":4,"name":"Products: Vordin Range | PortaSpray"}]},{"@type":"WebSite","@id":"https:\/\/ambic.co.uk\/#website","url":"https:\/\/ambic.co.uk\/","name":"AMBIC Equipment Ltd UK","description":"AMBIC Equipment Ltd UK","publisher":{"@id":"https:\/\/ambic.co.uk\/#organization"},"potentialAction":[{"@type":"SearchAction","target":{"@type":"EntryPoint","urlTemplate":"https:\/\/ambic.co.uk\/?s={search_term_string}"},"query-input":{"@type":"PropertyValueSpecification","valueRequired":true,"valueName":"search_term_string"}}],"inLanguage":"fr-FR"},{"@type":"Organization","@id":"https:\/\/ambic.co.uk\/#organization","name":"Ambic Equipment","url":"https:\/\/ambic.co.uk\/","logo":{"@type":"ImageObject","inLanguage":"fr-FR","@id":"https:\/\/ambic.co.uk\/#\/schema\/logo\/image\/","url":"https:\/\/ambic.co.uk\/wp-content\/uploads\/2016\/07\/ambic-logo-blue.png","contentUrl":"https:\/\/ambic.co.uk\/wp-content\/uploads\/2016\/07\/ambic-logo-blue.png","width":803,"height":120,"caption":"Ambic Equipment"},"image":{"@id":"https:\/\/ambic.co.uk\/#\/schema\/logo\/image\/"},"sameAs":["https:\/\/x.com\/ambicequipment","http:\/\/ambicequipment"]}]}},"_links":{"self":[{"href":"https:\/\/ambic.co.uk\/fr\/wp-json\/wp\/v2\/pages\/2192","targetHints":{"allow":["GET"]}}],"collection":[{"href":"https:\/\/ambic.co.uk\/fr\/wp-json\/wp\/v2\/pages"}],"about":[{"href":"https:\/\/ambic.co.uk\/fr\/wp-json\/wp\/v2\/types\/page"}],"author":[{"embeddable":true,"href":"https:\/\/ambic.co.uk\/fr\/wp-json\/wp\/v2\/users\/2"}],"replies":[{"embeddable":true,"href":"https:\/\/ambic.co.uk\/fr\/wp-json\/wp\/v2\/comments?post=2192"}],"version-history":[{"count":0,"href":"https:\/\/ambic.co.uk\/fr\/wp-json\/wp\/v2\/pages\/2192\/revisions"}],"up":[{"embeddable":true,"href":"https:\/\/ambic.co.uk\/fr\/wp-json\/wp\/v2\/pages\/2209"}],"wp:attachment":[{"href":"https:\/\/ambic.co.uk\/fr\/wp-json\/wp\/v2\/media?parent=2192"}],"curies":[{"name":"wp","href":"https:\/\/api.w.org\/{rel}","templated":true}]}}