{"id":2237,"date":"2016-08-10T14:06:29","date_gmt":"2016-08-10T14:06:29","guid":{"rendered":"http:\/\/ambicmain.wpengine.com\/large-bore-fittings-2\/"},"modified":"2022-05-27T10:38:21","modified_gmt":"2022-05-27T10:38:21","slug":"large-bore-fittings","status":"publish","type":"page","link":"https:\/\/ambic.co.uk\/fr\/products\/large-bore-fittings\/","title":{"rendered":"Products: Teat Spraying | Large Bore Fittings"},"content":{"rendered":"\n<style type=\"text\/css\" data-created_by=\"avia_inline_auto\" id=\"style-css-av-av_section-9ce731e008f303b413303b8d23298214\">\n.avia-section.av-av_section-9ce731e008f303b413303b8d23298214{\nbackground-color:#dc3c41;\nbackground-image:unset;\n}\n<\/style>\n<div id='av_section_1'  class='avia-section av-av_section-9ce731e008f303b413303b8d23298214 main_color avia-section-small avia-no-border-styling  avia-builder-el-0  el_before_av_section  avia-builder-el-first  avia-bg-style-scroll container_wrap sidebar_right'  ><div class='container av-section-cont-open' ><main  role=\"main\" itemprop=\"mainContentOfPage\"  class='template-page content  av-content-small alpha units'><div class='post-entry post-entry-type-page post-entry-2237'><div class='entry-content-wrapper clearfix'>\n\n<style type=\"text\/css\" data-created_by=\"avia_inline_auto\" id=\"style-css-av-av_heading-9067958c8c14b6361a54830748304bb5\">\n#top .av-special-heading.av-av_heading-9067958c8c14b6361a54830748304bb5{\npadding-bottom:0;\ncolor:#ffffff;\nfont-size:50px;\n}\nbody .av-special-heading.av-av_heading-9067958c8c14b6361a54830748304bb5 .av-special-heading-tag .heading-char{\nfont-size:25px;\n}\n#top #wrap_all .av-special-heading.av-av_heading-9067958c8c14b6361a54830748304bb5 .av-special-heading-tag{\nfont-size:50px;\n}\n.av-special-heading.av-av_heading-9067958c8c14b6361a54830748304bb5 .special-heading-inner-border{\nborder-color:#ffffff;\n}\n.av-special-heading.av-av_heading-9067958c8c14b6361a54830748304bb5 .av-subheading{\nfont-size:20px;\n}\n\n@media only screen and (min-width: 480px) and (max-width: 767px){ \n#top #wrap_all .av-special-heading.av-av_heading-9067958c8c14b6361a54830748304bb5 .av-special-heading-tag{\nfont-size:0.8em;\n}\n}\n\n@media only screen and (max-width: 479px){ \n#top #wrap_all .av-special-heading.av-av_heading-9067958c8c14b6361a54830748304bb5 .av-special-heading-tag{\nfont-size:0.8em;\n}\n}\n<\/style>\n<div  class='av-special-heading av-av_heading-9067958c8c14b6361a54830748304bb5 av-special-heading-h2 custom-color-heading blockquote modern-quote  avia-builder-el-1  avia-builder-el-no-sibling  av-inherit-size'><h2 class='av-special-heading-tag '  itemprop=\"headline\"  >Ligne d\u2019alimentation grand diam\u00e8tre<\/h2><div class=\"special-heading-border\"><div class=\"special-heading-inner-border\"><\/div><\/div><\/div>\n\n<\/div><\/div><\/main><!-- close content main element --><\/div><\/div><div id='av_section_2'  class='avia-section av-av_section-e45cf08da12eaf0aa4c516511f912788 main_color avia-section-default avia-no-shadow  avia-builder-el-2  el_after_av_section  el_before_av_section  avia-bg-style-scroll container_wrap sidebar_right'  ><div class='container av-section-cont-open' ><div class='template-page content  av-content-small alpha units'><div class='post-entry post-entry-type-page post-entry-2237'><div class='entry-content-wrapper clearfix'>\n<div  class='tabcontainer av-l3ob6fxz-03dd64d552339025001b2e29ba99c1f4 top_tab  avia-builder-el-3  avia-builder-el-no-sibling '>\n<section class='av_tab_section av_tab_section av-av_tab-6a6c8685625f04dca09df5215cce5401'  itemscope=\"itemscope\" itemtype=\"https:\/\/schema.org\/CreativeWork\" ><div id='tab-id-1-tab' class='tab active_tab' role='tab' aria-selected=\"true\" tabindex=\"0\" data-fake-id='#tab-id-1' aria-controls='tab-id-1-content'  itemprop=\"headline\" ><span class='tab_icon avia-iconfont avia-font-entypo-fontello' data-av_icon='\ue80e' data-av_iconfont='entypo-fontello' ><\/span>Images<\/div><div id='tab-id-1-content' class='tab_content active_tab_content' role='tabpanel' aria-labelledby='tab-id-1-tab' aria-hidden=\"false\"><div class='tab_inner_content invers-color'  itemprop=\"text\" ><div  class='avia-button-wrap avia-button-center  avia-builder-el-4  el_before_av_font_icon  avia-builder-el-first '>\n<style type=\"text\/css\" data-created_by=\"avia_inline_auto\" id=\"style-css-av-av_button_big-7daf4a4446cb9f584a985021cd48654b\">\n#top #wrap_all .avia-button.av-av_button_big-7daf4a4446cb9f584a985021cd48654b{\ncolor:#ffffff;\ntransition:all 0.4s ease-in-out;\n}\n#top #wrap_all .avia-button.av-av_button_big-7daf4a4446cb9f584a985021cd48654b:hover{\nbackground-color:#444444;\ncolor:#ffffff;\ntransition:all 0.4s ease-in-out;\n}\n#top #wrap_all .avia-button.av-av_button_big-7daf4a4446cb9f584a985021cd48654b .avia-svg-icon svg:first-child{\nfill:#ffffff;\nstroke:#ffffff;\n}\n#top #wrap_all .avia-button.av-av_button_big-7daf4a4446cb9f584a985021cd48654b:hover .avia-svg-icon svg:first-child{\nfill:#ffffff;\nstroke:#ffffff;\n}\n<\/style>\n<a href='\/fr\/image-gallery\/teat-spraying\/large-bore-fittings\/' class='avia-color-theme-color avia-button avia-button-fullwidth av-av_button_big-7daf4a4446cb9f584a985021cd48654b avia-icon_select-yes-left-icon avia-color-theme-color'   aria-label=\"Biblioth\u00e8que d\u2019Images\"><span class='avia_button_icon avia_button_icon_left avia-iconfont avia-font-entypo-fontello' data-av_icon='\ue80e' data-av_iconfont='entypo-fontello' ><\/span><span class='avia_iconbox_title' >Biblioth\u00e8que d\u2019Images<\/span><\/a><\/div>\n<\/div><\/div><\/section>\n<section class='av_tab_section av_tab_section av-l3ob5vbp-4b672dfeede005258657110b2a5258fd'  itemscope=\"itemscope\" itemtype=\"https:\/\/schema.org\/CreativeWork\" ><div id='tab-id-2-tab' class='tab' role='tab' aria-selected=\"false\" tabindex=\"0\" data-fake-id='#tab-id-2' aria-controls='tab-id-2-content'  itemprop=\"headline\" ><span class='tab_icon avia-iconfont avia-font-entypo-fontello' data-av_icon='\ue80e' data-av_iconfont='entypo-fontello' ><\/span>Modes d\u2019Emploi<\/div><div id='tab-id-2-content' class='tab_content' role='tabpanel' aria-labelledby='tab-id-2-tab' aria-hidden=\"true\"><div class='tab_inner_content invers-color'  itemprop=\"text\" ><p>\n<style type=\"text\/css\" data-created_by=\"avia_inline_auto\" id=\"style-css-av-53ss4w-ff9bca2aae7d0c74f064b9041b1433cb\">\n.av_font_icon.av-53ss4w-ff9bca2aae7d0c74f064b9041b1433cb .av-icon-char{\nfont-size:20px;\nline-height:20px;\n}\n<\/style>\n<span  class='av_font_icon av-53ss4w-ff9bca2aae7d0c74f064b9041b1433cb avia_animate_when_visible av-icon-style- avia-icon-pos-left avia-iconfont avia-font-entypo-fontello av-no-color avia-icon-animate'><span class='av-icon-char' data-av_icon='\ue82d' data-av_iconfont='entypo-fontello' aria-hidden=\"true\" ><\/span><\/span> <a href=\"https:\/\/ambic.co.uk\/wp-content\/uploads\/2022\/05\/LB7500-Large-Bore-OpNote-Ambic.pdf\" target=\"_blank\" rel=\"noopener\">LB7500 &#8211; Grande Bore OpNote (Ambic)<\/a><\/p>\n<\/div><\/div><\/section>\n<\/div>\n<\/div><\/div><\/div><!-- close content main div --><\/div><\/div><div id='av_section_3'  class='avia-section av-av_section-915b33fd1d6006bfc684ade488387eaf main_color avia-section-default avia-no-border-styling  avia-builder-el-6  el_after_av_section  avia-builder-el-last  avia-bg-style-scroll container_wrap sidebar_right'  ><div class='container av-section-cont-open' ><div class='template-page content  av-content-small alpha units'><div class='post-entry post-entry-type-page post-entry-2237'><div class='entry-content-wrapper clearfix'>\n\n<style type=\"text\/css\" data-created_by=\"avia_inline_auto\" id=\"style-css-av-av_one_half-6126cab7d8fab8d08143dd2dacdf673c\">\n.flex_column.av-av_one_half-6126cab7d8fab8d08143dd2dacdf673c{\nborder-radius:0px 0px 0px 0px;\npadding:0px 0px 0px 0px;\n}\n<\/style>\n<div  class='flex_column av-av_one_half-6126cab7d8fab8d08143dd2dacdf673c av_one_half  avia-builder-el-7  el_before_av_one_half  avia-builder-el-first  first flex_column_div av-zero-column-padding  '     ><section  class='av_textblock_section av-av_textblock-0366cc7376be6c9e82a3e9cc8987b64f '   itemscope=\"itemscope\" itemtype=\"https:\/\/schema.org\/CreativeWork\" ><div class='avia_textblock'  itemprop=\"text\" ><p>Une gamme compl\u00e8te de tuyaux et raccords avec un grand diam\u00e8tre int\u00e9rieur est d\u00e9sormais propos\u00e9e, permettant d\u2019augmenter la capacit\u00e9 de d\u00e9bit de la ligne d\u2019alimentation et, par l\u00e0, la performance des syst\u00e8mes de pulv\u00e9risation et de trempage des trayons.<\/p>\n<p>Les nouveaux raccords sont compatibles avec les lignes d\u2019alimentation Ambic existantes par l\u2019interm\u00e9diaire du nouvel adaptateur ATS r\u00e9f. ALB\/424. \u00c0 l\u2019aide de la cl\u00e9 AmbiSpanner\u2122 r\u00e9f. AJS\/2055, leur mise en place est rapide et facile.<\/p>\n<p>Une ligne d\u2019alimentation avec grand diam\u00e8tre int\u00e9rieur pr\u00e9sente les avantages suivants :<\/p>\n<ul>\n<li>D\u00e9bit plus facile du produit de pulv\u00e9risation\/trempage<\/li>\n<\/ul>\n<ul>\n<li>Chute de pression moins marqu\u00e9e, performances mieux maintenues<\/li>\n<\/ul>\n<ul>\n<li>Meilleure manipulation des produits barri\u00e8re, plus visqueux<\/li>\n<\/ul>\n<\/div><\/section><\/div>\n<style type=\"text\/css\" data-created_by=\"avia_inline_auto\" id=\"style-css-av-av_one_half-0aa7055fe62c3622faec82866afbaeb2\">\n.flex_column.av-av_one_half-0aa7055fe62c3622faec82866afbaeb2{\nborder-radius:0px 0px 0px 0px;\npadding:0px 0px 0px 0px;\n}\n<\/style>\n<div  class='flex_column av-av_one_half-0aa7055fe62c3622faec82866afbaeb2 av_one_half  avia-builder-el-9  el_after_av_one_half  el_before_av_hr  flex_column_div av-zero-column-padding  '     ><\/div><div  class='hr av-av_hr-dcd2069817a0e3d34ae04cad8f3443c7 hr-default  avia-builder-el-11  el_after_av_one_half  el_before_av_heading '><span class='hr-inner '><span class=\"hr-inner-style\"><\/span><\/span><\/div>\n\n<style type=\"text\/css\" data-created_by=\"avia_inline_auto\" id=\"style-css-av-av_heading-8e180ca539d9f4457338f2d8c418a73b\">\n#top .av-special-heading.av-av_heading-8e180ca539d9f4457338f2d8c418a73b{\npadding-bottom:10px;\n}\nbody .av-special-heading.av-av_heading-8e180ca539d9f4457338f2d8c418a73b .av-special-heading-tag .heading-char{\nfont-size:25px;\n}\n.av-special-heading.av-av_heading-8e180ca539d9f4457338f2d8c418a73b .av-subheading{\nfont-size:15px;\n}\n<\/style>\n<div  class='av-special-heading av-av_heading-8e180ca539d9f4457338f2d8c418a73b av-special-heading-h3 blockquote classic-quote  avia-builder-el-12  el_after_av_hr  el_before_av_table '><h3 class='av-special-heading-tag '  itemprop=\"headline\"  >Ligne d\u2019alimentation grand diam\u00e8tre<\/h3><div class=\"special-heading-border\"><div class=\"special-heading-inner-border\"><\/div><\/div><\/div>\n<div class='avia-data-table-wrap av-av_table-79567314f19fdf27597651e950bcbb3a avia_responsive_table avia-table-1'><table  class='avia-table avia-data-table avia_pricing_default  avia-builder-el-13  el_after_av_heading  avia-builder-el-last '  itemscope=\"itemscope\" itemtype=\"https:\/\/schema.org\/Table\" ><tbody><tr class='avia-heading-row'><th class=''>R\u00e9f.<br \/>\n<\/th><th class=''>D\u00e9signation<br \/>\n<\/th><\/tr><tr class=''><td class=''>ALB\/407<\/td><td class=''>T\u00e9 de raccordement tuyaux avec \u00e9crous, grand diam\u00e8tre<\/td><\/tr><tr class=''><td class=''>ALB\/408<\/td><td class=''>Raccord de tuyaux droit avec \u00e9crous grand diam\u00e8tre (lot de 2)<\/td><\/tr><tr class=''><td class=''>ALB\/409<\/td><td class=''>\u00c9crou pour raccords de tuyaux grand diam\u00e8tre (lot de 6)<\/td><\/tr><tr class=''><td class=''>ALB\/410<\/td><td class=''>Tuyau grand diam\u00e8tre, 6m<\/td><\/tr><tr class=''><td class=''>ALB\/423<\/td><td class=''>Raccord Starlock avec anneau, joint torique et insert, grand diam\u00e8tre<br \/>\n(lot de 2)<\/td><\/tr><tr class=''><td class=''>ALB\/424<\/td><td class=''>Adaptateur grand diam\u00e8tre sur ligne ATS<\/td><\/tr><tr class=''><td class=''>ALB\/428<\/td><td class=''>Tuyau grand diam\u00e8tre, 30m<\/td><\/tr><tr class=''><td class=''>ALB\/429<\/td><td class=''>Obturateur grand diam\u00e8tre (lot de 2)<\/td><\/tr><tr class=''><td class=''>ALB\/434<\/td><td class=''>Raccord de tuyaux coud\u00e9 avec \u00e9crous grand diam\u00e8tre (lots de 2)<\/td><\/tr><tr class=''><td class=''>ALB\/437<\/td><td class=''>Collier de tuyau pour ligne grand diam\u00e8tre (lot de 4)<\/td><\/tr><\/tbody><\/table><\/div><style type='text\/css'>.avia-table-1 td:nth-of-type(1):before { content: 'R\u00e9f.\n'; } .avia-table-1 td:nth-of-type(2):before { content: 'D\u00e9signation\n'; } <\/style>\n<\/div><\/div><\/div><!-- close content main div --><\/div><\/div><div id='after_section_3'  class='main_color av_default_container_wrap container_wrap sidebar_right'  ><div class='container av-section-cont-open' ><div class='template-page content  av-content-small alpha units'><div class='post-entry post-entry-type-page post-entry-2237'><div class='entry-content-wrapper clearfix'><\/p>\n","protected":false},"excerpt":{"rendered":"","protected":false},"author":2,"featured_media":0,"parent":2241,"menu_order":0,"comment_status":"closed","ping_status":"closed","template":"","meta":{"_acf_changed":false,"footnotes":""},"class_list":["post-2237","page","type-page","status-publish","hentry"],"acf":[],"yoast_head":"<!-- This site is optimized with the Yoast SEO plugin v26.9 - https:\/\/yoast.com\/product\/yoast-seo-wordpress\/ -->\n<title>Products: Teat Spraying | Large Bore Fittings | AMBIC Equipment Ltd UK<\/title>\n<meta name=\"robots\" content=\"index, follow, max-snippet:-1, max-image-preview:large, max-video-preview:-1\" \/>\n<link rel=\"canonical\" href=\"https:\/\/ambic.co.uk\/fr\/products\/teat-spraying\/large-bore-fittings\/\" \/>\n<meta property=\"og:locale\" content=\"fr_FR\" \/>\n<meta property=\"og:type\" content=\"article\" \/>\n<meta property=\"og:title\" content=\"Products: Teat Spraying | Large Bore Fittings | AMBIC Equipment Ltd UK\" \/>\n<meta property=\"og:url\" content=\"https:\/\/ambic.co.uk\/fr\/products\/teat-spraying\/large-bore-fittings\/\" \/>\n<meta property=\"og:site_name\" content=\"AMBIC Equipment Ltd UK\" \/>\n<meta property=\"article:modified_time\" content=\"2022-05-27T10:38:21+00:00\" \/>\n<meta name=\"twitter:card\" content=\"summary_large_image\" \/>\n<meta name=\"twitter:site\" content=\"@ambicequipment\" \/>\n<meta name=\"twitter:label1\" content=\"Dur\u00e9e de lecture estim\u00e9e\" \/>\n\t<meta name=\"twitter:data1\" content=\"6 minutes\" \/>\n<script type=\"application\/ld+json\" class=\"yoast-schema-graph\">{\"@context\":\"https:\/\/schema.org\",\"@graph\":[{\"@type\":\"WebPage\",\"@id\":\"https:\/\/ambic.co.uk\/fr\/products\/teat-spraying\/large-bore-fittings\/\",\"url\":\"https:\/\/ambic.co.uk\/fr\/products\/teat-spraying\/large-bore-fittings\/\",\"name\":\"Products: Teat Spraying | Large Bore Fittings | AMBIC Equipment Ltd UK\",\"isPartOf\":{\"@id\":\"https:\/\/ambic.co.uk\/#website\"},\"datePublished\":\"2016-08-10T14:06:29+00:00\",\"dateModified\":\"2022-05-27T10:38:21+00:00\",\"breadcrumb\":{\"@id\":\"https:\/\/ambic.co.uk\/fr\/products\/teat-spraying\/large-bore-fittings\/#breadcrumb\"},\"inLanguage\":\"fr-FR\",\"potentialAction\":[{\"@type\":\"ReadAction\",\"target\":[\"https:\/\/ambic.co.uk\/fr\/products\/teat-spraying\/large-bore-fittings\/\"]}]},{\"@type\":\"BreadcrumbList\",\"@id\":\"https:\/\/ambic.co.uk\/fr\/products\/teat-spraying\/large-bore-fittings\/#breadcrumb\",\"itemListElement\":[{\"@type\":\"ListItem\",\"position\":1,\"name\":\"Home\",\"item\":\"https:\/\/ambic.co.uk\/fr\/home\/\"},{\"@type\":\"ListItem\",\"position\":2,\"name\":\"Products\",\"item\":\"https:\/\/ambic.co.uk\/fr\/products\/\"},{\"@type\":\"ListItem\",\"position\":3,\"name\":\"Products: Teat Spraying\",\"item\":\"https:\/\/ambic.co.uk\/fr\/products\/teat-spraying\/\"},{\"@type\":\"ListItem\",\"position\":4,\"name\":\"Products: Teat Spraying | Large Bore Fittings\"}]},{\"@type\":\"WebSite\",\"@id\":\"https:\/\/ambic.co.uk\/#website\",\"url\":\"https:\/\/ambic.co.uk\/\",\"name\":\"AMBIC Equipment Ltd UK\",\"description\":\"AMBIC Equipment Ltd UK\",\"publisher\":{\"@id\":\"https:\/\/ambic.co.uk\/#organization\"},\"potentialAction\":[{\"@type\":\"SearchAction\",\"target\":{\"@type\":\"EntryPoint\",\"urlTemplate\":\"https:\/\/ambic.co.uk\/?s={search_term_string}\"},\"query-input\":{\"@type\":\"PropertyValueSpecification\",\"valueRequired\":true,\"valueName\":\"search_term_string\"}}],\"inLanguage\":\"fr-FR\"},{\"@type\":\"Organization\",\"@id\":\"https:\/\/ambic.co.uk\/#organization\",\"name\":\"Ambic Equipment\",\"url\":\"https:\/\/ambic.co.uk\/\",\"logo\":{\"@type\":\"ImageObject\",\"inLanguage\":\"fr-FR\",\"@id\":\"https:\/\/ambic.co.uk\/#\/schema\/logo\/image\/\",\"url\":\"https:\/\/ambic.co.uk\/wp-content\/uploads\/2016\/07\/ambic-logo-blue.png\",\"contentUrl\":\"https:\/\/ambic.co.uk\/wp-content\/uploads\/2016\/07\/ambic-logo-blue.png\",\"width\":803,\"height\":120,\"caption\":\"Ambic Equipment\"},\"image\":{\"@id\":\"https:\/\/ambic.co.uk\/#\/schema\/logo\/image\/\"},\"sameAs\":[\"https:\/\/x.com\/ambicequipment\",\"http:\/\/ambicequipment\"]}]}<\/script>\n<!-- \/ Yoast SEO plugin. -->","yoast_head_json":{"title":"Products: Teat Spraying | Large Bore Fittings | AMBIC Equipment Ltd UK","robots":{"index":"index","follow":"follow","max-snippet":"max-snippet:-1","max-image-preview":"max-image-preview:large","max-video-preview":"max-video-preview:-1"},"canonical":"https:\/\/ambic.co.uk\/fr\/products\/teat-spraying\/large-bore-fittings\/","og_locale":"fr_FR","og_type":"article","og_title":"Products: Teat Spraying | Large Bore Fittings | AMBIC Equipment Ltd UK","og_url":"https:\/\/ambic.co.uk\/fr\/products\/teat-spraying\/large-bore-fittings\/","og_site_name":"AMBIC Equipment Ltd UK","article_modified_time":"2022-05-27T10:38:21+00:00","twitter_card":"summary_large_image","twitter_site":"@ambicequipment","twitter_misc":{"Dur\u00e9e de lecture estim\u00e9e":"6 minutes"},"schema":{"@context":"https:\/\/schema.org","@graph":[{"@type":"WebPage","@id":"https:\/\/ambic.co.uk\/fr\/products\/teat-spraying\/large-bore-fittings\/","url":"https:\/\/ambic.co.uk\/fr\/products\/teat-spraying\/large-bore-fittings\/","name":"Products: Teat Spraying | Large Bore Fittings | AMBIC Equipment Ltd UK","isPartOf":{"@id":"https:\/\/ambic.co.uk\/#website"},"datePublished":"2016-08-10T14:06:29+00:00","dateModified":"2022-05-27T10:38:21+00:00","breadcrumb":{"@id":"https:\/\/ambic.co.uk\/fr\/products\/teat-spraying\/large-bore-fittings\/#breadcrumb"},"inLanguage":"fr-FR","potentialAction":[{"@type":"ReadAction","target":["https:\/\/ambic.co.uk\/fr\/products\/teat-spraying\/large-bore-fittings\/"]}]},{"@type":"BreadcrumbList","@id":"https:\/\/ambic.co.uk\/fr\/products\/teat-spraying\/large-bore-fittings\/#breadcrumb","itemListElement":[{"@type":"ListItem","position":1,"name":"Home","item":"https:\/\/ambic.co.uk\/fr\/home\/"},{"@type":"ListItem","position":2,"name":"Products","item":"https:\/\/ambic.co.uk\/fr\/products\/"},{"@type":"ListItem","position":3,"name":"Products: Teat Spraying","item":"https:\/\/ambic.co.uk\/fr\/products\/teat-spraying\/"},{"@type":"ListItem","position":4,"name":"Products: Teat Spraying | Large Bore Fittings"}]},{"@type":"WebSite","@id":"https:\/\/ambic.co.uk\/#website","url":"https:\/\/ambic.co.uk\/","name":"AMBIC Equipment Ltd UK","description":"AMBIC Equipment Ltd UK","publisher":{"@id":"https:\/\/ambic.co.uk\/#organization"},"potentialAction":[{"@type":"SearchAction","target":{"@type":"EntryPoint","urlTemplate":"https:\/\/ambic.co.uk\/?s={search_term_string}"},"query-input":{"@type":"PropertyValueSpecification","valueRequired":true,"valueName":"search_term_string"}}],"inLanguage":"fr-FR"},{"@type":"Organization","@id":"https:\/\/ambic.co.uk\/#organization","name":"Ambic Equipment","url":"https:\/\/ambic.co.uk\/","logo":{"@type":"ImageObject","inLanguage":"fr-FR","@id":"https:\/\/ambic.co.uk\/#\/schema\/logo\/image\/","url":"https:\/\/ambic.co.uk\/wp-content\/uploads\/2016\/07\/ambic-logo-blue.png","contentUrl":"https:\/\/ambic.co.uk\/wp-content\/uploads\/2016\/07\/ambic-logo-blue.png","width":803,"height":120,"caption":"Ambic Equipment"},"image":{"@id":"https:\/\/ambic.co.uk\/#\/schema\/logo\/image\/"},"sameAs":["https:\/\/x.com\/ambicequipment","http:\/\/ambicequipment"]}]}},"_links":{"self":[{"href":"https:\/\/ambic.co.uk\/fr\/wp-json\/wp\/v2\/pages\/2237","targetHints":{"allow":["GET"]}}],"collection":[{"href":"https:\/\/ambic.co.uk\/fr\/wp-json\/wp\/v2\/pages"}],"about":[{"href":"https:\/\/ambic.co.uk\/fr\/wp-json\/wp\/v2\/types\/page"}],"author":[{"embeddable":true,"href":"https:\/\/ambic.co.uk\/fr\/wp-json\/wp\/v2\/users\/2"}],"replies":[{"embeddable":true,"href":"https:\/\/ambic.co.uk\/fr\/wp-json\/wp\/v2\/comments?post=2237"}],"version-history":[{"count":0,"href":"https:\/\/ambic.co.uk\/fr\/wp-json\/wp\/v2\/pages\/2237\/revisions"}],"up":[{"embeddable":true,"href":"https:\/\/ambic.co.uk\/fr\/wp-json\/wp\/v2\/pages\/2241"}],"wp:attachment":[{"href":"https:\/\/ambic.co.uk\/fr\/wp-json\/wp\/v2\/media?parent=2237"}],"curies":[{"name":"wp","href":"https:\/\/api.w.org\/{rel}","templated":true}]}}