{"id":8142,"date":"2018-08-23T12:04:55","date_gmt":"2018-08-23T12:04:55","guid":{"rendered":"http:\/\/ambic.co.uk\/optisprayer-top-load\/"},"modified":"2022-05-30T11:15:46","modified_gmt":"2022-05-30T11:15:46","slug":"optisprayer-top-load","status":"publish","type":"page","link":"https:\/\/ambic.co.uk\/fr\/optisprayer-top-load\/","title":{"rendered":"OptiSprayer &#8211; Top Load"},"content":{"rendered":"\n<style type=\"text\/css\" data-created_by=\"avia_inline_auto\" id=\"style-css-av-2f3yc3i-4e70d6fdc089abf6dedc3b4a8860b061\">\n.avia-section.av-2f3yc3i-4e70d6fdc089abf6dedc3b4a8860b061{\nbackground-color:#dc3c41;\nbackground-image:unset;\n}\n<\/style>\n<div id='av_section_1'  class='avia-section av-2f3yc3i-4e70d6fdc089abf6dedc3b4a8860b061 main_color avia-section-small avia-no-border-styling  avia-builder-el-0  el_before_av_section  avia-builder-el-first  avia-bg-style-scroll container_wrap sidebar_right'  ><div class='container av-section-cont-open' ><main  role=\"main\" itemprop=\"mainContentOfPage\"  class='template-page content  av-content-small alpha units'><div class='post-entry post-entry-type-page post-entry-8142'><div class='entry-content-wrapper clearfix'>\n\n<style type=\"text\/css\" data-created_by=\"avia_inline_auto\" id=\"style-css-av-2djcnm6-8099bc0e0badace515db424fe2a85c11\">\n#top .av-special-heading.av-2djcnm6-8099bc0e0badace515db424fe2a85c11{\npadding-bottom:0;\ncolor:#ffffff;\nfont-size:50px;\n}\nbody .av-special-heading.av-2djcnm6-8099bc0e0badace515db424fe2a85c11 .av-special-heading-tag .heading-char{\nfont-size:25px;\n}\n#top #wrap_all .av-special-heading.av-2djcnm6-8099bc0e0badace515db424fe2a85c11 .av-special-heading-tag{\nfont-size:50px;\n}\n.av-special-heading.av-2djcnm6-8099bc0e0badace515db424fe2a85c11 .special-heading-inner-border{\nborder-color:#ffffff;\n}\n.av-special-heading.av-2djcnm6-8099bc0e0badace515db424fe2a85c11 .av-subheading{\nfont-size:20px;\n}\n\n@media only screen and (min-width: 480px) and (max-width: 767px){ \n#top #wrap_all .av-special-heading.av-2djcnm6-8099bc0e0badace515db424fe2a85c11 .av-special-heading-tag{\nfont-size:0.8em;\n}\n}\n\n@media only screen and (max-width: 479px){ \n#top #wrap_all .av-special-heading.av-2djcnm6-8099bc0e0badace515db424fe2a85c11 .av-special-heading-tag{\nfont-size:0.8em;\n}\n}\n<\/style>\n<div  class='av-special-heading av-2djcnm6-8099bc0e0badace515db424fe2a85c11 av-special-heading-h2 custom-color-heading blockquote modern-quote  avia-builder-el-1  avia-builder-el-no-sibling  av-inherit-size'><h2 class='av-special-heading-tag '  itemprop=\"headline\"  >OptiSprayer\u2122 \u2013 Chargement Haut<\/h2><div class=\"special-heading-border\"><div class=\"special-heading-inner-border\"><\/div><\/div><\/div>\n\n<\/div><\/div><\/main><!-- close content main element --><\/div><\/div><div id='av_section_2'  class='avia-section av-fx1166-8fe37368d0896fd260cb3690ca13b275 main_color avia-section-default avia-no-shadow  avia-builder-el-2  el_after_av_section  el_before_av_section  avia-bg-style-scroll container_wrap sidebar_right'  ><div class='container av-section-cont-open' ><div class='template-page content  av-content-small alpha units'><div class='post-entry post-entry-type-page post-entry-8142'><div class='entry-content-wrapper clearfix'>\n<div  class='tabcontainer av-jx3bzs3f-02103f8a7a5eca179d961157b81f2a68 top_tab  avia-builder-el-3  avia-builder-el-no-sibling '>\n<section class='av_tab_section av_tab_section av-ds9efi-85d65081d798284ebb6baf64b1d0180f'  itemscope=\"itemscope\" itemtype=\"https:\/\/schema.org\/CreativeWork\" ><div id='tab-id-1-tab' class='tab active_tab' role='tab' aria-selected=\"true\" tabindex=\"0\" data-fake-id='#tab-id-1' aria-controls='tab-id-1-content'  itemprop=\"headline\" ><span class='tab_icon avia-iconfont avia-font-entypo-fontello' data-av_icon='\ue80e' data-av_iconfont='entypo-fontello' ><\/span>Images<\/div><div id='tab-id-1-content' class='tab_content active_tab_content' role='tabpanel' aria-labelledby='tab-id-1-tab' aria-hidden=\"false\"><div class='tab_inner_content invers-color'  itemprop=\"text\" ><div  class='avia-button-wrap avia-button-center  avia-builder-el-4  el_before_av_font_icon  avia-builder-el-first '>\n<style type=\"text\/css\" data-created_by=\"avia_inline_auto\" id=\"style-css-av-brl8by-1901dc05df780bd2a6f6ddbb1d8678c4\">\n#top #wrap_all .avia-button.av-brl8by-1901dc05df780bd2a6f6ddbb1d8678c4{\ncolor:#ffffff;\ntransition:all 0.4s ease-in-out;\n}\n#top #wrap_all .avia-button.av-brl8by-1901dc05df780bd2a6f6ddbb1d8678c4:hover{\nbackground-color:#444444;\ncolor:#ffffff;\ntransition:all 0.4s ease-in-out;\n}\n#top #wrap_all .avia-button.av-brl8by-1901dc05df780bd2a6f6ddbb1d8678c4 .avia-svg-icon svg:first-child{\nfill:#ffffff;\nstroke:#ffffff;\n}\n#top #wrap_all .avia-button.av-brl8by-1901dc05df780bd2a6f6ddbb1d8678c4:hover .avia-svg-icon svg:first-child{\nfill:#ffffff;\nstroke:#ffffff;\n}\n<\/style>\n<a href='\/fr\/image-gallery\/optirange\/optisprayer-top-load\/' class='avia-color-theme-color avia-button avia-button-fullwidth av-brl8by-1901dc05df780bd2a6f6ddbb1d8678c4 avia-icon_select-yes-left-icon avia-color-theme-color'   aria-label=\"Biblioth\u00e8que d\u2019Images\"><span class='avia_button_icon avia_button_icon_left avia-iconfont avia-font-entypo-fontello' data-av_icon='\ue80e' data-av_iconfont='entypo-fontello' ><\/span><span class='avia_iconbox_title' >Biblioth\u00e8que d\u2019Images<\/span><\/a><\/div>\n<\/div><\/div><\/section>\n<section class='av_tab_section av_tab_section av-1327ke-3715f7b9b2a5f3e9fb19e056709165ea'  itemscope=\"itemscope\" itemtype=\"https:\/\/schema.org\/CreativeWork\" ><div id='tab-id-2-tab' class='tab' role='tab' aria-selected=\"false\" tabindex=\"0\" data-fake-id='#tab-id-2' aria-controls='tab-id-2-content'  itemprop=\"headline\" ><span class='tab_icon avia-iconfont avia-font-entypo-fontello' data-av_icon='\ue84d' data-av_iconfont='entypo-fontello' ><\/span>Confomit\u00e9<\/div><div id='tab-id-2-content' class='tab_content' role='tabpanel' aria-labelledby='tab-id-2-tab' aria-hidden=\"true\"><div class='tab_inner_content invers-color'  itemprop=\"text\" ><\/div><\/div><\/section>\n<section class='av_tab_section av_tab_section av-wyawe-98ac5ee14fdc8df510971afff7461a09'  itemscope=\"itemscope\" itemtype=\"https:\/\/schema.org\/CreativeWork\" ><div id='tab-id-3-tab' class='tab' role='tab' aria-selected=\"false\" tabindex=\"0\" data-fake-id='#tab-id-3' aria-controls='tab-id-3-content'  itemprop=\"headline\" ><span class='tab_icon avia-iconfont avia-font-entypo-fontello' data-av_icon='\ue84e' data-av_iconfont='entypo-fontello' ><\/span>Modes d\u2019Emploi<\/div><div id='tab-id-3-content' class='tab_content' role='tabpanel' aria-labelledby='tab-id-3-tab' aria-hidden=\"true\"><div class='tab_inner_content invers-color'  itemprop=\"text\" ><p>\n<style type=\"text\/css\" data-created_by=\"avia_inline_auto\" id=\"style-css-av-5qt7fs-118371df77ad124e3e434516ed1fd5d4\">\n.av_font_icon.av-5qt7fs-118371df77ad124e3e434516ed1fd5d4 .av-icon-char{\nfont-size:20px;\nline-height:20px;\n}\n<\/style>\n<span  class='av_font_icon av-5qt7fs-118371df77ad124e3e434516ed1fd5d4 avia_animate_when_visible av-icon-style- avia-icon-pos-left avia-iconfont avia-font-entypo-fontello av-no-color avia-icon-animate'><span class='av-icon-char' data-av_icon='\ue82d' data-av_iconfont='entypo-fontello' aria-hidden=\"true\" ><\/span><\/span> <a href=\"https:\/\/ambic.co.uk\/wp-content\/uploads\/2022\/05\/JS7555-Ambic-Lance-OpNote-2.pdf\" target=\"_blank\" rel=\"noopener\">JS7555 &#8211; Ambic Lance OpNote <\/a><\/p>\n<p>\n<style type=\"text\/css\" data-created_by=\"avia_inline_auto\" id=\"style-css-av-5qt7fs-118371df77ad124e3e434516ed1fd5d4\">\n.av_font_icon.av-5qt7fs-118371df77ad124e3e434516ed1fd5d4 .av-icon-char{\nfont-size:20px;\nline-height:20px;\n}\n<\/style>\n<span  class='av_font_icon av-5qt7fs-118371df77ad124e3e434516ed1fd5d4 avia_animate_when_visible av-icon-style- avia-icon-pos-left avia-iconfont avia-font-entypo-fontello av-no-color avia-icon-animate'><span class='av-icon-char' data-av_icon='\ue82d' data-av_iconfont='entypo-fontello' aria-hidden=\"true\" ><\/span><\/span> <a href=\"https:\/\/ambic.co.uk\/wp-content\/uploads\/2019\/06\/OR7500-OptiSprayer-OpNote.pdf\" target=\"_blank\" rel=\"noopener\">OR7500 OptiSprayer OpNote<\/a><\/p>\n<p>\n<style type=\"text\/css\" data-created_by=\"avia_inline_auto\" id=\"style-css-av-5qt7fs-118371df77ad124e3e434516ed1fd5d4\">\n.av_font_icon.av-5qt7fs-118371df77ad124e3e434516ed1fd5d4 .av-icon-char{\nfont-size:20px;\nline-height:20px;\n}\n<\/style>\n<span  class='av_font_icon av-5qt7fs-118371df77ad124e3e434516ed1fd5d4 avia_animate_when_visible av-icon-style- avia-icon-pos-left avia-iconfont avia-font-entypo-fontello av-no-color avia-icon-animate'><span class='av-icon-char' data-av_icon='\ue82d' data-av_iconfont='entypo-fontello' aria-hidden=\"true\" ><\/span><\/span> <a href=\"https:\/\/ambic.co.uk\/wp-content\/uploads\/2022\/05\/OR7503-OptiRange-Valve-Replacement-Op-Note.pdf\" target=\"_blank\" rel=\"noopener\">OR7503 &#8211; OptiRange Valve Replacement Op Note<\/a><\/p>\n<\/div><\/div><\/section>\n<section class='av_tab_section av_tab_section av-7b4hda-010848f9e4f6c65282c38ad0765eb260'  itemscope=\"itemscope\" itemtype=\"https:\/\/schema.org\/CreativeWork\" ><div id='tab-id-4-tab' class='tab' role='tab' aria-selected=\"false\" tabindex=\"0\" data-fake-id='#tab-id-4' aria-controls='tab-id-4-content'  itemprop=\"headline\" ><span class='tab_icon avia-iconfont avia-font-entypo-fontello' data-av_icon='\ue84e' data-av_iconfont='entypo-fontello' ><\/span>D\u00e9pliants de Vente<\/div><div id='tab-id-4-content' class='tab_content' role='tabpanel' aria-labelledby='tab-id-4-tab' aria-hidden=\"true\"><div class='tab_inner_content invers-color'  itemprop=\"text\" ><\/div><\/div><\/section>\n<section class='av_tab_section av_tab_section av-5d09ge-7b00ce7f02e57da32c2f438a3d888bea'  itemscope=\"itemscope\" itemtype=\"https:\/\/schema.org\/CreativeWork\" ><div id='tab-id-5-tab' class='tab' role='tab' aria-selected=\"false\" tabindex=\"0\" data-fake-id='#tab-id-5' aria-controls='tab-id-5-content'  itemprop=\"headline\" ><span class='tab_icon avia-iconfont avia-font-entypo-fontello' data-av_icon='\ue921' data-av_iconfont='entypo-fontello' ><\/span>Vid\u00e9os<\/div><div id='tab-id-5-content' class='tab_content' role='tabpanel' aria-labelledby='tab-id-5-tab' aria-hidden=\"true\"><div class='tab_inner_content invers-color'  itemprop=\"text\" ><\/div><\/div><\/section>\n<section class='av_tab_section av_tab_section av-hc3pa-b97de95c7a8da2a5f7ee84975684c3f2'  itemscope=\"itemscope\" itemtype=\"https:\/\/schema.org\/CreativeWork\" ><div id='tab-id-6-tab' class='tab' role='tab' aria-selected=\"false\" tabindex=\"0\" data-fake-id='#tab-id-6' aria-controls='tab-id-6-content'  itemprop=\"headline\" ><span class='tab_icon avia-iconfont avia-font-entypo-fontello' data-av_icon='\ue84d' data-av_iconfont='entypo-fontello' ><\/span>Posters<\/div><div id='tab-id-6-content' class='tab_content' role='tabpanel' aria-labelledby='tab-id-6-tab' aria-hidden=\"true\"><div class='tab_inner_content invers-color'  itemprop=\"text\" ><\/div><\/div><\/section>\n<section class='av_tab_section av_tab_section av-2gxh72-185ba05d034c8dfe21670f3bf899e617'  itemscope=\"itemscope\" itemtype=\"https:\/\/schema.org\/CreativeWork\" ><div id='tab-id-7-tab' class='tab' role='tab' aria-selected=\"false\" tabindex=\"0\" data-fake-id='#tab-id-7' aria-controls='tab-id-7-content'  itemprop=\"headline\" ><span class='tab_icon avia-iconfont avia-font-entypo-fontello' data-av_icon='\ue81d' data-av_iconfont='entypo-fontello' ><\/span>Questions fr\u00e9quentes<\/div><div id='tab-id-7-content' class='tab_content' role='tabpanel' aria-labelledby='tab-id-7-tab' aria-hidden=\"true\"><div class='tab_inner_content invers-color'  itemprop=\"text\" ><\/div><\/div><\/section>\n<\/div>\n<\/div><\/div><\/div><!-- close content main div --><\/div><\/div><div id='av_section_3'  class='avia-section av-2b0z1zi-bba98bd069aaaf6162e64c882ad037a6 main_color avia-section-default avia-no-border-styling  avia-builder-el-8  el_after_av_section  avia-builder-el-last  avia-bg-style-scroll container_wrap sidebar_right'  ><div class='container av-section-cont-open' ><div class='template-page content  av-content-small alpha units'><div class='post-entry post-entry-type-page post-entry-8142'><div class='entry-content-wrapper clearfix'>\n\n<style type=\"text\/css\" data-created_by=\"avia_inline_auto\" id=\"style-css-av-2a2m4ny-433d8c53085751d5e46d4e5ad76a0064\">\n.flex_column.av-2a2m4ny-433d8c53085751d5e46d4e5ad76a0064{\nborder-radius:0px 0px 0px 0px;\npadding:0px 0px 0px 0px;\n}\n<\/style>\n<div  class='flex_column av-2a2m4ny-433d8c53085751d5e46d4e5ad76a0064 av_one_half  avia-builder-el-9  el_before_av_one_half  avia-builder-el-first  first flex_column_div av-zero-column-padding  '     ><section  class='av_textblock_section av-289clby-935bd23332f41027b1dc63677a744ca3 '   itemscope=\"itemscope\" itemtype=\"https:\/\/schema.org\/CreativeWork\" ><div class='avia_textblock'  itemprop=\"text\" ><p>L\u2019OptiSprayer\u2122 est un pulv\u00e9risateur pour les trayons en forme de pistolet con\u00e7u pour assurer une prise en main agr\u00e9able qui rend l\u2019application de produit aux trayons rapide et efficace. Sa g\u00e2chette int\u00e9gr\u00e9e \u00e0 action ergonomique assure une ma\u00eetrise confortable du processus de pulv\u00e9risation.<\/p>\n<p>L\u2019OptiSprayer\u2122 est disponible avec prise de produit tant en haut qu\u2019en bas, de fa\u00e7on \u00e0 ce qu\u2019il s\u2019adapte aux divers types d\u2019installation de traite, permettant la mise en place du pistolet pulv\u00e9risateur l\u00e0 o\u00f9 il sera toujours facilement accessible.<\/p>\n<p>L\u2019OptiSprayer\u2122 peut \u00eatre combin\u00e9 avec toute la gamme Ambic de buses de pulv\u00e9risation, donc avec des buses r\u00e9glables pour application \u00e0 c\u00f4ne creux faites d\u2019inox ou de plastique et avec les buses EasySpray\u2122 cr\u00e9ant un c\u00f4ne plein pour une couverture optimale du trayon.<\/p>\n<p>Des lances d\u2019une longueur de 16 cm ou 25 cm sont au choix. Pour les grandes installations de traite, une version qui se raccorde sur une ligne d\u2019alimentation directe peut \u00eatre fournie.<\/p>\n<\/div><\/section><\/div>\n<style type=\"text\/css\" data-created_by=\"avia_inline_auto\" id=\"style-css-av-26hc2da-d5d0654051ef8b4d05969e62b7878b00\">\n.flex_column.av-26hc2da-d5d0654051ef8b4d05969e62b7878b00{\nborder-radius:0px 0px 0px 0px;\npadding:0px 0px 0px 0px;\n}\n<\/style>\n<div  class='flex_column av-26hc2da-d5d0654051ef8b4d05969e62b7878b00 av_one_half  avia-builder-el-11  el_after_av_one_half  el_before_av_hr  flex_column_div av-zero-column-padding  '     ><\/div><div  class='hr av-7ky4um-cbb5cf41349e63e6e87b855568648211 hr-default  avia-builder-el-13  el_after_av_one_half  el_before_av_heading '><span class='hr-inner '><span class=\"hr-inner-style\"><\/span><\/span><\/div>\n\n<style type=\"text\/css\" data-created_by=\"avia_inline_auto\" id=\"style-css-av-7ckzsu-9c1607a4110166db3a0db2ebfaea49cd\">\n#top .av-special-heading.av-7ckzsu-9c1607a4110166db3a0db2ebfaea49cd{\npadding-bottom:10px;\n}\nbody .av-special-heading.av-7ckzsu-9c1607a4110166db3a0db2ebfaea49cd .av-special-heading-tag .heading-char{\nfont-size:25px;\n}\n.av-special-heading.av-7ckzsu-9c1607a4110166db3a0db2ebfaea49cd .av-subheading{\nfont-size:15px;\n}\n<\/style>\n<div  class='av-special-heading av-7ckzsu-9c1607a4110166db3a0db2ebfaea49cd av-special-heading-h3 blockquote classic-quote  avia-builder-el-14  el_after_av_hr  el_before_av_table '><h3 class='av-special-heading-tag '  itemprop=\"headline\"  >Pistolet pulv\u00e9risateur OptiSprayer\u2122 chargement haut et kits d\u2019extension<\/h3><div class=\"special-heading-border\"><div class=\"special-heading-inner-border\"><\/div><\/div><\/div>\n<div class='avia-data-table-wrap av-20llw7y-8db0eb76a60c8e1455e00faf049af060 avia_responsive_table avia-table-1'><table  class='avia-table avia-data-table avia_pricing_default  avia-builder-el-15  el_after_av_heading  avia-builder-el-last '  itemscope=\"itemscope\" itemtype=\"https:\/\/schema.org\/Table\" ><tbody><tr class='avia-heading-row'><th class=''>R\u00c9F<\/th><th class=''>D\u00c9SIGNATION<\/th><\/tr><tr class=''><td class=''>AOS\/402-TL<\/td><td class=''>OptiSprayer\u2122 chargement haut avec lance inox avec buse r\u00e9glable plastique<\/td><\/tr><tr class=''><td class=''>AOS\/402E-TL<\/td><td class=''>OptiSprayer\u2122 chargement haut avec lance inox longue avec buse r\u00e9glable plastique<\/td><\/tr><tr class=''><td class=''>AOS\/502-TL<\/td><td class=''>OptiSprayer\u2122 chargement haut avec lance plastique longue avec buse \u00e0 c\u00f4ne plein<\/td><\/tr><tr class=''><td class=''>AOS\/602-TL<\/td><td class=''>OptiSprayer\u2122 chargement haut avec lance inox avec buse r\u00e9glable inox<\/td><\/tr><tr class=''><td class=''>AOS\/602E-TL<\/td><td class=''>OptiSprayer\u2122 chargement haut avec lance inox longue avec buse r\u00e9glable inox<\/td><\/tr><tr class=''><td class=''>AOS\/414-TL<\/td><td class=''>Kit d\u2019extension OptiSprayer\u2122 chargement haut avec lance inox avec buse r\u00e9glable plastique<\/td><\/tr><tr class=''><td class=''>AOS\/414E-TL<\/td><td class=''>Kit d\u2019extension OptiSprayer\u2122 chargement haut avec lance inox longue avec buse r\u00e9glable plastique<\/td><\/tr><tr class=''><td class=''>AOS\/514-TL<\/td><td class=''>Kit d\u2019extension OptiSprayer\u2122 chargement haut avec lance plastique avec buse \u00e0 c\u00f4ne plein<\/td><\/tr><tr class=''><td class=''>AOS\/614-TL<\/td><td class=''>Kit d\u2019extension OptiSprayer\u2122 chargement haut avec lance inox avec buse r\u00e9glable inox<\/td><\/tr><tr class=''><td class=''>AOS\/614E-TL<\/td><td class=''>Kit d\u2019extension OptiSprayer\u2122 chargement haut avec lance inox longue avec buse r\u00e9glable inox<\/td><\/tr><\/tbody><\/table><\/div><style type='text\/css'>.avia-table-1 td:nth-of-type(1):before { content: 'R\u00c9F'; } .avia-table-1 td:nth-of-type(2):before { content: 'D\u00c9SIGNATION'; } <\/style>\n<\/div><\/div><\/div><!-- close content main div --><\/div><\/div><div id='after_section_3'  class='main_color av_default_container_wrap container_wrap sidebar_right'  ><div class='container av-section-cont-open' ><div class='template-page content  av-content-small alpha units'><div class='post-entry post-entry-type-page post-entry-8142'><div class='entry-content-wrapper clearfix'><\/p>\n","protected":false},"excerpt":{"rendered":"","protected":false},"author":3,"featured_media":0,"parent":0,"menu_order":0,"comment_status":"closed","ping_status":"closed","template":"","meta":{"_acf_changed":false,"footnotes":""},"class_list":["post-8142","page","type-page","status-publish","hentry"],"acf":[],"yoast_head":"<!-- This site is optimized with the Yoast SEO plugin v27.4 - https:\/\/yoast.com\/product\/yoast-seo-wordpress\/ -->\n<title>OptiSprayer - Top Load | AMBIC Equipment Ltd UK<\/title>\n<meta name=\"robots\" content=\"index, follow, max-snippet:-1, max-image-preview:large, max-video-preview:-1\" \/>\n<link rel=\"canonical\" href=\"https:\/\/ambic.co.uk\/fr\/optisprayer-top-load\/\" \/>\n<meta property=\"og:locale\" content=\"fr_FR\" \/>\n<meta property=\"og:type\" content=\"article\" \/>\n<meta property=\"og:title\" content=\"OptiSprayer - Top Load | AMBIC Equipment Ltd UK\" \/>\n<meta property=\"og:url\" content=\"https:\/\/ambic.co.uk\/fr\/optisprayer-top-load\/\" \/>\n<meta property=\"og:site_name\" content=\"AMBIC Equipment Ltd UK\" \/>\n<meta property=\"article:modified_time\" content=\"2022-05-30T11:15:46+00:00\" \/>\n<meta name=\"twitter:card\" content=\"summary_large_image\" \/>\n<meta name=\"twitter:site\" content=\"@ambicequipment\" \/>\n<meta name=\"twitter:label1\" content=\"Dur\u00e9e de lecture estim\u00e9e\" \/>\n\t<meta name=\"twitter:data1\" content=\"8 minutes\" \/>\n<script type=\"application\/ld+json\" class=\"yoast-schema-graph\">{\"@context\":\"https:\\\/\\\/schema.org\",\"@graph\":[{\"@type\":\"WebPage\",\"@id\":\"https:\\\/\\\/ambic.co.uk\\\/fr\\\/optisprayer-top-load\\\/\",\"url\":\"https:\\\/\\\/ambic.co.uk\\\/fr\\\/optisprayer-top-load\\\/\",\"name\":\"OptiSprayer - Top Load | AMBIC Equipment Ltd UK\",\"isPartOf\":{\"@id\":\"https:\\\/\\\/ambic.co.uk\\\/#website\"},\"datePublished\":\"2018-08-23T12:04:55+00:00\",\"dateModified\":\"2022-05-30T11:15:46+00:00\",\"breadcrumb\":{\"@id\":\"https:\\\/\\\/ambic.co.uk\\\/fr\\\/optisprayer-top-load\\\/#breadcrumb\"},\"inLanguage\":\"fr-FR\",\"potentialAction\":[{\"@type\":\"ReadAction\",\"target\":[\"https:\\\/\\\/ambic.co.uk\\\/fr\\\/optisprayer-top-load\\\/\"]}]},{\"@type\":\"BreadcrumbList\",\"@id\":\"https:\\\/\\\/ambic.co.uk\\\/fr\\\/optisprayer-top-load\\\/#breadcrumb\",\"itemListElement\":[{\"@type\":\"ListItem\",\"position\":1,\"name\":\"Home\",\"item\":\"https:\\\/\\\/ambic.co.uk\\\/fr\\\/home\\\/\"},{\"@type\":\"ListItem\",\"position\":2,\"name\":\"OptiSprayer &#8211; Top Load\"}]},{\"@type\":\"WebSite\",\"@id\":\"https:\\\/\\\/ambic.co.uk\\\/#website\",\"url\":\"https:\\\/\\\/ambic.co.uk\\\/\",\"name\":\"AMBIC Equipment Ltd UK\",\"description\":\"AMBIC Equipment Ltd UK\",\"publisher\":{\"@id\":\"https:\\\/\\\/ambic.co.uk\\\/#organization\"},\"potentialAction\":[{\"@type\":\"SearchAction\",\"target\":{\"@type\":\"EntryPoint\",\"urlTemplate\":\"https:\\\/\\\/ambic.co.uk\\\/?s={search_term_string}\"},\"query-input\":{\"@type\":\"PropertyValueSpecification\",\"valueRequired\":true,\"valueName\":\"search_term_string\"}}],\"inLanguage\":\"fr-FR\"},{\"@type\":\"Organization\",\"@id\":\"https:\\\/\\\/ambic.co.uk\\\/#organization\",\"name\":\"Ambic Equipment\",\"url\":\"https:\\\/\\\/ambic.co.uk\\\/\",\"logo\":{\"@type\":\"ImageObject\",\"inLanguage\":\"fr-FR\",\"@id\":\"https:\\\/\\\/ambic.co.uk\\\/#\\\/schema\\\/logo\\\/image\\\/\",\"url\":\"https:\\\/\\\/ambic.co.uk\\\/wp-content\\\/uploads\\\/2016\\\/07\\\/ambic-logo-blue.png\",\"contentUrl\":\"https:\\\/\\\/ambic.co.uk\\\/wp-content\\\/uploads\\\/2016\\\/07\\\/ambic-logo-blue.png\",\"width\":803,\"height\":120,\"caption\":\"Ambic Equipment\"},\"image\":{\"@id\":\"https:\\\/\\\/ambic.co.uk\\\/#\\\/schema\\\/logo\\\/image\\\/\"},\"sameAs\":[\"https:\\\/\\\/x.com\\\/ambicequipment\",\"http:\\\/\\\/ambicequipment\"]}]}<\/script>\n<!-- \/ Yoast SEO plugin. -->","yoast_head_json":{"title":"OptiSprayer - Top Load | AMBIC Equipment Ltd UK","robots":{"index":"index","follow":"follow","max-snippet":"max-snippet:-1","max-image-preview":"max-image-preview:large","max-video-preview":"max-video-preview:-1"},"canonical":"https:\/\/ambic.co.uk\/fr\/optisprayer-top-load\/","og_locale":"fr_FR","og_type":"article","og_title":"OptiSprayer - Top Load | AMBIC Equipment Ltd UK","og_url":"https:\/\/ambic.co.uk\/fr\/optisprayer-top-load\/","og_site_name":"AMBIC Equipment Ltd UK","article_modified_time":"2022-05-30T11:15:46+00:00","twitter_card":"summary_large_image","twitter_site":"@ambicequipment","twitter_misc":{"Dur\u00e9e de lecture estim\u00e9e":"8 minutes"},"schema":{"@context":"https:\/\/schema.org","@graph":[{"@type":"WebPage","@id":"https:\/\/ambic.co.uk\/fr\/optisprayer-top-load\/","url":"https:\/\/ambic.co.uk\/fr\/optisprayer-top-load\/","name":"OptiSprayer - Top Load | AMBIC Equipment Ltd UK","isPartOf":{"@id":"https:\/\/ambic.co.uk\/#website"},"datePublished":"2018-08-23T12:04:55+00:00","dateModified":"2022-05-30T11:15:46+00:00","breadcrumb":{"@id":"https:\/\/ambic.co.uk\/fr\/optisprayer-top-load\/#breadcrumb"},"inLanguage":"fr-FR","potentialAction":[{"@type":"ReadAction","target":["https:\/\/ambic.co.uk\/fr\/optisprayer-top-load\/"]}]},{"@type":"BreadcrumbList","@id":"https:\/\/ambic.co.uk\/fr\/optisprayer-top-load\/#breadcrumb","itemListElement":[{"@type":"ListItem","position":1,"name":"Home","item":"https:\/\/ambic.co.uk\/fr\/home\/"},{"@type":"ListItem","position":2,"name":"OptiSprayer &#8211; Top Load"}]},{"@type":"WebSite","@id":"https:\/\/ambic.co.uk\/#website","url":"https:\/\/ambic.co.uk\/","name":"AMBIC Equipment Ltd UK","description":"AMBIC Equipment Ltd UK","publisher":{"@id":"https:\/\/ambic.co.uk\/#organization"},"potentialAction":[{"@type":"SearchAction","target":{"@type":"EntryPoint","urlTemplate":"https:\/\/ambic.co.uk\/?s={search_term_string}"},"query-input":{"@type":"PropertyValueSpecification","valueRequired":true,"valueName":"search_term_string"}}],"inLanguage":"fr-FR"},{"@type":"Organization","@id":"https:\/\/ambic.co.uk\/#organization","name":"Ambic Equipment","url":"https:\/\/ambic.co.uk\/","logo":{"@type":"ImageObject","inLanguage":"fr-FR","@id":"https:\/\/ambic.co.uk\/#\/schema\/logo\/image\/","url":"https:\/\/ambic.co.uk\/wp-content\/uploads\/2016\/07\/ambic-logo-blue.png","contentUrl":"https:\/\/ambic.co.uk\/wp-content\/uploads\/2016\/07\/ambic-logo-blue.png","width":803,"height":120,"caption":"Ambic Equipment"},"image":{"@id":"https:\/\/ambic.co.uk\/#\/schema\/logo\/image\/"},"sameAs":["https:\/\/x.com\/ambicequipment","http:\/\/ambicequipment"]}]}},"_links":{"self":[{"href":"https:\/\/ambic.co.uk\/fr\/wp-json\/wp\/v2\/pages\/8142","targetHints":{"allow":["GET"]}}],"collection":[{"href":"https:\/\/ambic.co.uk\/fr\/wp-json\/wp\/v2\/pages"}],"about":[{"href":"https:\/\/ambic.co.uk\/fr\/wp-json\/wp\/v2\/types\/page"}],"author":[{"embeddable":true,"href":"https:\/\/ambic.co.uk\/fr\/wp-json\/wp\/v2\/users\/3"}],"replies":[{"embeddable":true,"href":"https:\/\/ambic.co.uk\/fr\/wp-json\/wp\/v2\/comments?post=8142"}],"version-history":[{"count":0,"href":"https:\/\/ambic.co.uk\/fr\/wp-json\/wp\/v2\/pages\/8142\/revisions"}],"wp:attachment":[{"href":"https:\/\/ambic.co.uk\/fr\/wp-json\/wp\/v2\/media?parent=8142"}],"curies":[{"name":"wp","href":"https:\/\/api.w.org\/{rel}","templated":true}]}}